{"id":3641,"date":"2021-07-28T11:04:51","date_gmt":"2021-07-28T09:04:51","guid":{"rendered":"https:\/\/fvcomponentes.com\/producto\/bateria-de-litio-victron-superpack-12-8v-60ah-m6-bat512060705\/"},"modified":"2026-01-15T10:09:34","modified_gmt":"2026-01-15T09:09:34","slug":"victron-superpack-12-8v-60ah-m6-lithium-battery-bat512060705","status":"publish","type":"product","link":"https:\/\/fvcomponentes.com\/fr\/producto\/bateria-de-litio-victron-superpack-12-8v-60ah-m6-bat512060705\/","title":{"rendered":"Victron SuperPack Batterie Lithium 12.8V-60Ah (M6) - BAT512060705"},"content":{"rendered":"<h2>Victron SuperPack Batterie au lithium 12.8V-60Ah (M6)<\/h2>\n<h2>BMS et interrupteur de s\u00e9curit\u00e9 int\u00e9gr\u00e9s<\/h2>\n<p>Les batteries de la s\u00e9rie SuperPack, comme la batterie au lithium SuperPack 12,8V-60Ah de Victron, sont tr\u00e8s faciles \u00e0 installer et ne n\u00e9cessitent aucun composant suppl\u00e9mentaire.<br \/>\nL'interrupteur interne d\u00e9connecte la batterie en cas de d\u00e9charge excessive, de surcharge, de temp\u00e9rature trop basse ou trop \u00e9lev\u00e9e.<\/p>\n<h3>\u00c0 l'\u00e9preuve des abus<\/h3>\n<p>Une batterie au plomb tombera pr\u00e9matur\u00e9ment en panne \u00e0 cause de la sulfatation :<br \/>\n- s'il fonctionne en mode d\u00e9ficit pendant de longues p\u00e9riodes (c'est-\u00e0-dire si la batterie est rarement ou jamais compl\u00e8tement charg\u00e9e).<br \/>\n- s'il est partiellement d\u00e9charg\u00e9 ou, pire encore, compl\u00e8tement d\u00e9charg\u00e9.<\/p>\n<p>Une batterie lithium-ion n'a pas besoin d'\u00eatre compl\u00e8tement charg\u00e9e. Sa dur\u00e9e de vie sera m\u00eame am\u00e9lior\u00e9e si elle est partiellement charg\u00e9e plut\u00f4t que compl\u00e8tement. Il s'agit l\u00e0 d'un avantage d\u00e9cisif des batteries lithium-ion par rapport aux batteries plomb-acide.<\/p>\n<p>Batteries SuperPack de <a href=\"https:\/\/www.victronenergy.com.es\/\" target=\"_blank\" rel=\"noopener\">Victron<\/a> coupe le courant de charge ou de d\u00e9charge lorsque la capacit\u00e9 nominale maximale est d\u00e9pass\u00e9e.<\/p>\n<h3>Efficace<\/h3>\n<p>Dans certaines applications (en particulier les applications hors r\u00e9seau), l'efficacit\u00e9 \u00e9nerg\u00e9tique peut rev\u00eatir une importance cruciale.<br \/>\nL'efficacit\u00e9 \u00e9nerg\u00e9tique d'un cycle complet (d\u00e9charge de 100 % \u00e0 0 % et recharge \u00e0 100 %) d'une batterie plomb-acide typique est de 80 %.<br \/>\nL'efficacit\u00e9 d'une batterie lithium-ion en cycle complet est de 92 %.<\/p>\n<p>Le processus de charge des batteries plomb-acide devient particuli\u00e8rement inefficace lorsque l'\u00e9tat de charge de 80 % est atteint, ce qui se traduit par des rendements de 50 % ou m\u00eame inf\u00e9rieurs dans les syst\u00e8mes solaires o\u00f9 plusieurs jours de r\u00e9serves d'\u00e9nergie sont n\u00e9cessaires (batteries fonctionnant entre 70 % et 100 % de charge).<\/p>\n<p>En revanche, une batterie lithium-ion atteindra encore un rendement de 90 % dans des conditions de d\u00e9charge l\u00e9g\u00e8res.<\/p>\n<h3>Peut \u00eatre connect\u00e9 en parall\u00e8le<\/h3>\n<p>Les batteries peuvent \u00eatre connect\u00e9es en parall\u00e8le. La connexion en s\u00e9rie n'est pas possible.<br \/>\nA utiliser uniquement en position verticale.<\/p>\n<h2>Fiche technique Batterie au lithium Victron SuperPack 12,8V-60Ah (M6) - BAT512060705<\/h2>\n<p><a href=\"https:\/\/fvcomponentes.com\/wp-content\/uploads\/2021\/07\/Datasheet-128V-256-Lithium-SuperPack-ES-1.pdf\" target=\"_blank\" rel=\"noopener\">Voir la fiche technique de la batterie au lithium Victron SuperPack 12,8V-60Ah (M6) - BAT512060705<\/a><\/p>","protected":false},"excerpt":{"rendered":"<ul>\n<li><strong>Tension nominale :<\/strong> 12.8 V<\/li>\n<li><strong>Capacit\u00e9 nominale \u00e0 25\u00ba :<\/strong> 60 Ah<\/li>\n<li><strong>Nombre de cycles jusqu'\u00e0 80% : <\/strong>2500<\/li>\n<li><strong>Courant de charge maximal :<\/strong> 30 A<\/li>\n<\/ul>\n<p>&nbsp;<\/p>\n<p>&nbsp;<\/p>","protected":false},"featured_media":3642,"comment_status":"open","ping_status":"closed","template":"","meta":{"site-sidebar-layout":"default","site-content-layout":"default","ast-site-content-layout":"default","site-content-style":"default","site-sidebar-style":"default","ast-global-header-display":"","ast-banner-title-visibility":"","ast-main-header-display":"","ast-hfb-above-header-display":"","ast-hfb-below-header-display":"","ast-hfb-mobile-header-display":"","site-post-title":"","ast-breadcrumbs-content":"","ast-featured-img":"","footer-sml-layout":"","ast-disable-related-posts":"","theme-transparent-header-meta":"default","adv-header-id-meta":"","stick-header-meta":"","header-above-stick-meta":"","header-main-stick-meta":"","header-below-stick-meta":"","astra-migrate-meta-layouts":"set","ast-page-background-enabled":"default","ast-page-background-meta":{"desktop":{"background-color":"var(--ast-global-color-4)","background-image":"","background-repeat":"repeat","background-position":"center center","background-size":"auto","background-attachment":"scroll","background-type":"","background-media":"","overlay-type":"","overlay-color":"","overlay-opacity":"","overlay-gradient":""},"tablet":{"background-color":"","background-image":"","background-repeat":"repeat","background-position":"center center","background-size":"auto","background-attachment":"scroll","background-type":"","background-media":"","overlay-type":"","overlay-color":"","overlay-opacity":"","overlay-gradient":""},"mobile":{"background-color":"","background-image":"","background-repeat":"repeat","background-position":"center center","background-size":"auto","background-attachment":"scroll","background-type":"","background-media":"","overlay-type":"","overlay-color":"","overlay-opacity":"","overlay-gradient":""}},"ast-content-background-meta":{"desktop":{"background-color":"var(--ast-global-color-5)","background-image":"","background-repeat":"repeat","background-position":"center center","background-size":"auto","background-attachment":"scroll","background-type":"","background-media":"","overlay-type":"","overlay-color":"","overlay-opacity":"","overlay-gradient":""},"tablet":{"background-color":"var(--ast-global-color-5)","background-image":"","background-repeat":"repeat","background-position":"center center","background-size":"auto","background-attachment":"scroll","background-type":"","background-media":"","overlay-type":"","overlay-color":"","overlay-opacity":"","overlay-gradient":""},"mobile":{"background-color":"var(--ast-global-color-5)","background-image":"","background-repeat":"repeat","background-position":"center center","background-size":"auto","background-attachment":"scroll","background-type":"","background-media":"","overlay-type":"","overlay-color":"","overlay-opacity":"","overlay-gradient":""}}},"pwb-brand":[332],"product_brand":[],"product_cat":[431,340],"product_tag":[],"class_list":{"0":"post-3641","1":"product","2":"type-product","3":"status-publish","4":"has-post-thumbnail","6":"pwb-brand-victron","7":"product_cat-baterias-litio-12v","8":"product_cat-baterias","9":"product_shipping_class-baterias","10":"desktop-align-left","11":"tablet-align-left","12":"mobile-align-left","13":"ast-product-gallery-layout-horizontal-slider","14":"ast-product-tabs-layout-horizontal","16":"first","17":"instock","18":"taxable","19":"shipping-taxable","20":"purchasable","21":"product-type-simple"},"wcpa_form_fields":null,"brands":[{"id":332,"name":"Victron Energy","slug":"victron"}],"_links":{"self":[{"href":"https:\/\/fvcomponentes.com\/fr\/wp-json\/wp\/v2\/product\/3641","targetHints":{"allow":["GET"]}}],"collection":[{"href":"https:\/\/fvcomponentes.com\/fr\/wp-json\/wp\/v2\/product"}],"about":[{"href":"https:\/\/fvcomponentes.com\/fr\/wp-json\/wp\/v2\/types\/product"}],"replies":[{"embeddable":true,"href":"https:\/\/fvcomponentes.com\/fr\/wp-json\/wp\/v2\/comments?post=3641"}],"wp:featuredmedia":[{"embeddable":true,"href":"https:\/\/fvcomponentes.com\/fr\/wp-json\/wp\/v2\/media\/3642"}],"wp:attachment":[{"href":"https:\/\/fvcomponentes.com\/fr\/wp-json\/wp\/v2\/media?parent=3641"}],"wp:term":[{"taxonomy":"pwb-brand","embeddable":true,"href":"https:\/\/fvcomponentes.com\/fr\/wp-json\/wp\/v2\/pwb-brand?post=3641"},{"taxonomy":"product_brand","embeddable":true,"href":"https:\/\/fvcomponentes.com\/fr\/wp-json\/wp\/v2\/product_brand?post=3641"},{"taxonomy":"product_cat","embeddable":true,"href":"https:\/\/fvcomponentes.com\/fr\/wp-json\/wp\/v2\/product_cat?post=3641"},{"taxonomy":"product_tag","embeddable":true,"href":"https:\/\/fvcomponentes.com\/fr\/wp-json\/wp\/v2\/product_tag?post=3641"}],"curies":[{"name":"wp","href":"https:\/\/api.w.org\/{rel}","templated":true}]}}