{"id":36312,"date":"2026-01-29T20:22:09","date_gmt":"2026-01-29T19:22:09","guid":{"rendered":"https:\/\/fvcomponentes.com\/?post_type=product&#038;p=36312"},"modified":"2026-01-30T12:28:44","modified_gmt":"2026-01-30T11:28:44","slug":"pytes-pi-lv1-512v-1024kwh-lifepo4-batterie-au-lithium-pytes-pi-lv1-512v-1024kwh-lifepo4","status":"publish","type":"product","link":"https:\/\/fvcomponentes.com\/fr\/producto\/bateria-de-litio-pytes-pi-lv1-512v-1024kwh-lifepo4\/","title":{"rendered":"51.2V\/10.24kWh LiFePO4 Pytes Pi LV1 batterie au lithium"},"content":{"rendered":"<h2>51.2V\/10.24kWh LiFePO4 Pytes Pi LV1 batterie au lithium<\/h2>\n<p>La batterie Pi LV1 est une solution de stockage d'\u00e9nergie compacte, robuste et \u00e9volutive. Elle allie haute s\u00e9curit\u00e9, facilit\u00e9 d'installation et \u00e9volutivit\u00e9.<br \/>\nIl est destin\u00e9 aux installations r\u00e9sidentielles et commerciales.<\/p>\n<p>Il est id\u00e9al pour maximiser l'autoconsommation solaire, garantir une \u00e9nergie de secours fiable ou concevoir des syst\u00e8mes modulaires de plus grande capacit\u00e9.<\/p>\n<p>Sa technologie LiFePO\u2084 (phosphate de fer lithi\u00e9) offre une grande s\u00e9curit\u00e9, une longue dur\u00e9e de vie et une stabilit\u00e9 thermique, m\u00eame dans des environnements difficiles.<br \/>\nSa conception pr\u00eate \u00e0 l'emploi et sa compatibilit\u00e9 avec les syst\u00e8mes hybrides modernes la rendent attrayante.<br \/>\nIl est parfait pour ceux qui recherchent un stockage efficace, fiable et \u00e9volutif.<\/p>\n<p>Le Pytes Pi LV1 10,24 kWh a une tension nominale de 51,2 V et une capacit\u00e9 de 200 Ah. Il permet un stockage fiable et efficace de l'\u00e9nergie.<br \/>\nLe module est \u00e9volutif, ce qui permet de connecter plusieurs unit\u00e9s en parall\u00e8le. Cela permet d'augmenter la capacit\u00e9 de stockage.<\/p>\n<p>Son syst\u00e8me de gestion avanc\u00e9 (BMS) garantit un fonctionnement s\u00fbr. Il surveille l'\u00e9quilibre des cellules, la tension et la temp\u00e9rature.<br \/>\nEn outre, il offre une protection contre les surcharges, les d\u00e9charges excessives et les courts-circuits.<\/p>\n<h2>Caract\u00e9ristiques de la batterie Pytes Pi LV1<\/h2>\n<h3>Conception modulaire et empilable<\/h3>\n<p>La batterie Pi LV1 est con\u00e7ue pour \u00eatre modulaire et empilable.<\/p>\n<p>Plus pr\u00e9cis\u00e9ment, cette configuration de module de batterie Pytes Pi LV1 a une capacit\u00e9 de 10,24 kWh, offrant une solution de stockage d'\u00e9nergie polyvalente et \u00e9volutive.<\/p>\n<p>En outre, sa conception r\u00e9pond non seulement aux besoins des syst\u00e8mes solaires domestiques, mais permet \u00e9galement d'obtenir une puissance continue plus \u00e9lev\u00e9e et des pointes efficaces lorsque plusieurs modules sont combin\u00e9s.<\/p>\n<h3>Technologie avanc\u00e9e et s\u00e9curit\u00e9<\/h3>\n<p>La batterie Pytes Pi LV1 utilise des cellules LFP (LiFePO\u2084), connues pour leur stabilit\u00e9 thermique, leur faible risque de surchauffe et leur durabilit\u00e9 sup\u00e9rieure \u00e0 celle des autres chimies du lithium.<\/p>\n<p>Il poss\u00e8de une structure interne robuste avec un BMS int\u00e9gr\u00e9 (test\u00e9 sur le terrain sur le module individuel).<br \/>\nProt\u00e8ge contre les surcharges, les surintensit\u00e9s et le d\u00e9s\u00e9quilibre des cellules, assurant un fonctionnement fiable et s\u00fbr.<\/p>\n<p>En outre, un interrupteur et des fusibles sont int\u00e9gr\u00e9s, ce qui simplifie la protection et la maintenance du syst\u00e8me.<\/p>\n<p>Le Pi LV1 est certifi\u00e9 UL9540A \u00e0 grande \u00e9chelle. Cela garantit un niveau plus \u00e9lev\u00e9 de s\u00e9curit\u00e9 et de protection.<br \/>\nIl rationalise \u00e9galement le processus d'autorisation aupr\u00e8s des autorit\u00e9s comp\u00e9tentes locales (AHJ) pour des approbations plus rapides et plus faciles.<\/p>\n<h3>\u00c9volutivit\u00e9 et configuration<\/h3>\n<p>La batterie Pi LV1 peut \u00eatre \u00e9tendue avec des modules suppl\u00e9mentaires en parall\u00e8le, notamment la batterie de 10,24 kWh avec deux modules de 5,12 kWh.<\/p>\n<p>En augmentant le nombre d'unit\u00e9s, la capacit\u00e9 de d\u00e9charge maximale et la puissance utilisable du syst\u00e8me complet augmentent \u00e9galement. Il s'adapte ainsi \u00e0 des charges plus \u00e9lev\u00e9es<\/p>\n<h3>Dur\u00e9e et efficacit\u00e9<\/h3>\n<p>Cette batterie a une dur\u00e9e de vie de \u22656000 cycles \u00e0 90 % de profondeur de d\u00e9charge (DOD), ce qui se traduit par de nombreuses ann\u00e9es de fonctionnement quotidien avec tr\u00e8s peu de d\u00e9gradation.<\/p>\n<p>Son efficacit\u00e9 de cycle est sup\u00e9rieure \u00e0 celle du 95%, ce qui signifie que la quasi-totalit\u00e9 de l'\u00e9nergie entrante peut \u00eatre r\u00e9cup\u00e9r\u00e9e lors de la d\u00e9charge.<\/p>\n<p>Le Pi LV1 fonctionne dans des environnements mod\u00e9r\u00e9ment froids \u00e0 chauds, avec des sp\u00e9cifications typiques \u00e9tendues par la conception thermique de la batterie.<\/p>\n<p>En outre, il b\u00e9n\u00e9ficie d'une garantie de 10 ans avec l'assistance du fabricant.<\/p>\n<h3>Convient \u00e0 une utilisation en ext\u00e9rieur<\/h3>\n<p>La batterie Pytes Pi LV1 est dot\u00e9e d'un niveau de protection IP55, ce qui signifie qu'elle est \u00e9tanche \u00e0 l'eau et \u00e0 la poussi\u00e8re.<br \/>\nIl peut \u00eatre utilis\u00e9 \u00e0 l'int\u00e9rieur comme \u00e0 l'ext\u00e9rieur et s'adapte \u00e0 diff\u00e9rents sc\u00e9narios d'application.<\/p>\n<h3>Moniteur intelligent<\/h3>\n<p>Le moniteur intelligent sp\u00e9cialis\u00e9 de Pytes permet de surveiller l'op\u00e9ration en temps r\u00e9el.<br \/>\nIl facilite les mises \u00e0 jour \u00e0 distance, minimisant ainsi les probl\u00e8mes d'apr\u00e8s-vente.<\/p>\n<h3>Installation<\/h3>\n<p>La batterie Pi LV1 est facile \u00e0 installer car elle est dot\u00e9e d'un connecteur rapide et d'une conception Plug and Play.<br \/>\nCela simplifie le processus d'installation en \u00e9liminant le besoin de c\u00e2blage manuel.<\/p>\n<p>Sa taille compacte et son poids l\u00e9ger permettent de l'installer en 15 minutes seulement.<\/p>\n<h3>Connectivit\u00e9<\/h3>\n<p>Le Pytes Pi LV1 est dot\u00e9 des protocoles de communication CAN et RS485.<br \/>\nCela facilite l'int\u00e9gration avec des syst\u00e8mes intelligents de gestion de l'\u00e9nergie.<\/p>\n<p>Il permet \u00e9galement \u00e0 la batterie de transmettre des donn\u00e9es sur l'\u00e9tat de charge, la temp\u00e9rature et les alarmes \u00e0 l'onduleur ou \u00e0 la plate-forme de surveillance.<\/p>\n<h2>Compatibilit\u00e9 avec la pile au lithium Pytes Pi LV1<\/h2>\n<p>La batterie Pi LV1 est compatible avec une large gamme d'onduleurs, y compris Victron Energy, GROWATT, solis, APsystems, EG4, phocos, Deye, ALTENERGY POWER, Solar, hoymiles, Solarplanet, SRNE, Sol-Ark, LUX POWERTEK, MEGAREVO, STUDER et Voltronic Power.<\/p>\n<h2>51.2V\/10.24kWh LiFePO4 Pytes Pi LV1 Lithium Battery Technical Specifications<\/h2>\n<table>\n<thead>\n<tr>\n<th><strong>Fonctionnalit\u00e9<\/strong><\/th>\n<th><strong>Valeur<\/strong><\/th>\n<\/tr>\n<\/thead>\n<tbody>\n<tr>\n<td><strong>Mod\u00e8le<\/strong><\/td>\n<td>Pi LV1 (configuration \u00e0 2 modules)<\/td>\n<\/tr>\n<tr>\n<td><strong>Type de batterie \/ chimie<\/strong><\/td>\n<td>LiFePO4 (LFP)<\/td>\n<\/tr>\n<tr>\n<td><strong>Tension nominale<\/strong><\/td>\n<td>51,2 V<\/td>\n<\/tr>\n<tr>\n<td><strong>Plage de tension de fonctionnement<\/strong><\/td>\n<td>47,5 - 56,8 V<\/td>\n<\/tr>\n<tr>\n<td><strong>Capacit\u00e9 nominale<\/strong><\/td>\n<td>200 Ah<\/td>\n<\/tr>\n<tr>\n<td><strong>\u00c9nergie nominale<\/strong><\/td>\n<td>10,24 kWh<\/td>\n<\/tr>\n<tr>\n<td><strong>Courant de charge et de d\u00e9charge continu recommand\u00e9<\/strong><\/td>\n<td>100 A<\/td>\n<\/tr>\n<tr>\n<td><strong>Puissance recommand\u00e9e<\/strong><\/td>\n<td>5,12 kW<\/td>\n<\/tr>\n<tr>\n<td><strong>Efficacit\u00e9 du syst\u00e8me<\/strong><\/td>\n<td>95 %<\/td>\n<\/tr>\n<tr>\n<td><strong>Cycles de vie estim\u00e9s<\/strong><\/td>\n<td>\u00a06000 cycles (\u00e0 25 \u00b0C, ~90 % DoD)<\/td>\n<\/tr>\n<tr>\n<td><strong>Niveau de protection<\/strong><\/td>\n<td>IP55 (protection contre la poussi\u00e8re et l'eau)<\/td>\n<\/tr>\n<tr>\n<td><strong>Communication externe<\/strong><\/td>\n<td>CAN, RS485, Wi-Fi, contact sec<\/td>\n<\/tr>\n<tr>\n<td><strong>Communication interne<\/strong><\/td>\n<td>RS232<\/td>\n<\/tr>\n<tr>\n<td><strong>Dimensions\u00a0<\/strong><\/td>\n<td>681 \u00d7 242 \u00d7 800 mm<\/td>\n<\/tr>\n<tr>\n<td><strong>Poids approximatif<\/strong><\/td>\n<td>125 kg<\/td>\n<\/tr>\n<tr>\n<td><strong>Temp\u00e9rature de fonctionnement<\/strong><\/td>\n<td>Chargement : 0 \u00b0C - 45 \u00b0C \/ D\u00e9charge : -10 \u00b0C - 50 \u00b0C<\/td>\n<\/tr>\n<tr>\n<td><strong>Certifications<\/strong><\/td>\n<td>CE, IEC 62619, UL 1973, UN38.3, UL 9540, UL 9540A<\/td>\n<\/tr>\n<\/tbody>\n<\/table>\n<p><a href=\"https:\/\/fvcomponentes.com\/wp-content\/uploads\/2026\/01\/26fe7be1ec8f4f9ee993a6cc940cea60e67f1001179bf3852cc77102c8e8f161.pdf\" target=\"_blank\" rel=\"noopener\">Pi LV1 Sp\u00e9cifications<\/a><\/p>\n<h2>51.2V\/10.24kWh LiFePO4 Pytes Pi LV1 information technique de la batterie au lithium<\/h2>\n<p><a href=\"https:\/\/fvcomponentes.com\/wp-content\/uploads\/2026\/01\/952a251cc1bc9b66ca75a9aa756e058b-1.pdf\" target=\"_blank\" rel=\"noopener\">Fiche technique de la batterie Pytes Pi LV1<\/a><\/p>\n<p><a href=\"https:\/\/fvcomponentes.com\/wp-content\/uploads\/2026\/01\/c16d1033018bbe1740d1e462aa387b95-1.pdf\" target=\"_blank\" rel=\"noopener\">Pytes Pi LV1 Pi Battery Manual<\/a><\/p>","protected":false},"excerpt":{"rendered":"<ul>\n<li>\u00c9nergie nominale : 10,24 kWh<\/li>\n<li>Nombre de modules : 2<\/li>\n<li>Tension nominale : 51,2 V<\/li>\n<li>Plage de tension de fonctionnement : 47,5 - 56,8 V<\/li>\n<li>Capacit\u00e9 nominale : 200Ah<\/li>\n<\/ul>","protected":false},"featured_media":36328,"comment_status":"closed","ping_status":"closed","template":"","meta":{"site-sidebar-layout":"default","site-content-layout":"","ast-site-content-layout":"default","site-content-style":"default","site-sidebar-style":"default","ast-global-header-display":"","ast-banner-title-visibility":"","ast-main-header-display":"","ast-hfb-above-header-display":"","ast-hfb-below-header-display":"","ast-hfb-mobile-header-display":"","site-post-title":"","ast-breadcrumbs-content":"","ast-featured-img":"","footer-sml-layout":"","ast-disable-related-posts":"","theme-transparent-header-meta":"default","adv-header-id-meta":"","stick-header-meta":"","header-above-stick-meta":"","header-main-stick-meta":"","header-below-stick-meta":"","astra-migrate-meta-layouts":"set","ast-page-background-enabled":"default","ast-page-background-meta":{"desktop":{"background-color":"var(--ast-global-color-4)","background-image":"","background-repeat":"repeat","background-position":"center center","background-size":"auto","background-attachment":"scroll","background-type":"","background-media":"","overlay-type":"","overlay-color":"","overlay-opacity":"","overlay-gradient":""},"tablet":{"background-color":"","background-image":"","background-repeat":"repeat","background-position":"center center","background-size":"auto","background-attachment":"scroll","background-type":"","background-media":"","overlay-type":"","overlay-color":"","overlay-opacity":"","overlay-gradient":""},"mobile":{"background-color":"","background-image":"","background-repeat":"repeat","background-position":"center center","background-size":"auto","background-attachment":"scroll","background-type":"","background-media":"","overlay-type":"","overlay-color":"","overlay-opacity":"","overlay-gradient":""}},"ast-content-background-meta":{"desktop":{"background-color":"var(--ast-global-color-5)","background-image":"","background-repeat":"repeat","background-position":"center center","background-size":"auto","background-attachment":"scroll","background-type":"","background-media":"","overlay-type":"","overlay-color":"","overlay-opacity":"","overlay-gradient":""},"tablet":{"background-color":"var(--ast-global-color-5)","background-image":"","background-repeat":"repeat","background-position":"center center","background-size":"auto","background-attachment":"scroll","background-type":"","background-media":"","overlay-type":"","overlay-color":"","overlay-opacity":"","overlay-gradient":""},"mobile":{"background-color":"var(--ast-global-color-5)","background-image":"","background-repeat":"repeat","background-position":"center center","background-size":"auto","background-attachment":"scroll","background-type":"","background-media":"","overlay-type":"","overlay-color":"","overlay-opacity":"","overlay-gradient":""}}},"pwb-brand":[1007],"product_brand":[],"product_cat":[340,341],"product_tag":[],"class_list":{"0":"post-36312","1":"product","2":"type-product","3":"status-publish","4":"has-post-thumbnail","6":"pwb-brand-baterias-pytes","7":"product_cat-baterias","8":"product_cat-baterias-litio-48v","9":"product_shipping_class-baterias","10":"desktop-align-left","11":"tablet-align-left","12":"mobile-align-left","13":"ast-product-gallery-layout-horizontal-slider","14":"ast-product-tabs-layout-horizontal","16":"first","17":"instock","18":"taxable","19":"shipping-taxable","20":"purchasable","21":"product-type-yith_bundle"},"wcpa_form_fields":null,"brands":[{"id":1007,"name":"Piles Pytes","slug":"piles-a-pytes"}],"_links":{"self":[{"href":"https:\/\/fvcomponentes.com\/fr\/wp-json\/wp\/v2\/product\/36312","targetHints":{"allow":["GET"]}}],"collection":[{"href":"https:\/\/fvcomponentes.com\/fr\/wp-json\/wp\/v2\/product"}],"about":[{"href":"https:\/\/fvcomponentes.com\/fr\/wp-json\/wp\/v2\/types\/product"}],"replies":[{"embeddable":true,"href":"https:\/\/fvcomponentes.com\/fr\/wp-json\/wp\/v2\/comments?post=36312"}],"wp:featuredmedia":[{"embeddable":true,"href":"https:\/\/fvcomponentes.com\/fr\/wp-json\/wp\/v2\/media\/36328"}],"wp:attachment":[{"href":"https:\/\/fvcomponentes.com\/fr\/wp-json\/wp\/v2\/media?parent=36312"}],"wp:term":[{"taxonomy":"pwb-brand","embeddable":true,"href":"https:\/\/fvcomponentes.com\/fr\/wp-json\/wp\/v2\/pwb-brand?post=36312"},{"taxonomy":"product_brand","embeddable":true,"href":"https:\/\/fvcomponentes.com\/fr\/wp-json\/wp\/v2\/product_brand?post=36312"},{"taxonomy":"product_cat","embeddable":true,"href":"https:\/\/fvcomponentes.com\/fr\/wp-json\/wp\/v2\/product_cat?post=36312"},{"taxonomy":"product_tag","embeddable":true,"href":"https:\/\/fvcomponentes.com\/fr\/wp-json\/wp\/v2\/product_tag?post=36312"}],"curies":[{"name":"wp","href":"https:\/\/api.w.org\/{rel}","templated":true}]}}