{"id":36305,"date":"2026-01-29T20:25:54","date_gmt":"2026-01-29T19:25:54","guid":{"rendered":"https:\/\/fvcomponentes.com\/?post_type=product&#038;p=36305"},"modified":"2026-01-29T20:25:56","modified_gmt":"2026-01-29T19:25:56","slug":"kit-solaire-camping-victron-12v-185w","status":"publish","type":"product","link":"https:\/\/fvcomponentes.com\/fr\/producto\/kit-solar-camper-victron-12v-185w\/","title":{"rendered":"Kit solaire pour camping-car Victron 12V 185W"},"content":{"rendered":"<h2>Kit solaire pour camping-car Victron 12V 185W<\/h2>\n<p>Le kit solaire 12V 185W pour camping-car de Victron est une solution compl\u00e8te et efficace pour ceux qui recherchent l'autonomie \u00e9nerg\u00e9tique de leur camping-car, caravane ou motorhome.<\/p>\n<p>Con\u00e7u avec des composants authentiques de Victron Energy, ce kit offre performance, durabilit\u00e9 et s\u00e9curit\u00e9, vous permettant de profiter d'une \u00e9nergie solaire propre et constante lors de vos d\u00e9placements.<\/p>\n<p>Gr\u00e2ce \u00e0 sa configuration optimis\u00e9e pour les syst\u00e8mes 12V, ce kit est id\u00e9al pour couvrir la consommation quotidienne des r\u00e9frig\u00e9rateurs, de l'\u00e9clairage, des pompes \u00e0 eau et des petits appareils \u00e9lectriques, m\u00eame lors de s\u00e9jours prolong\u00e9s hors r\u00e9seau.<\/p>\n<p>En bref, il s'agit d'une solution solaire compl\u00e8te, con\u00e7ue pour fournir une \u00e9nergie propre, s\u00fbre et constante.<br \/>\nEn outre, il b\u00e9n\u00e9ficie de la qualit\u00e9 et de la garantie de Victron Energy.<\/p>\n<h3>Panneau solaire Victron BlueSolar 185W<\/h3>\n<p>Le panneau solaire Victron BlueSolar 185W 12V monocristallin de la s\u00e9rie 4a garantit une excellente production d'\u00e9nergie, m\u00eame dans des conditions de faible rayonnement solaire.<\/p>\n<p>Fabriqu\u00e9e avec des cellules monocristallines de haute qualit\u00e9, elle offre un rendement et une fiabilit\u00e9 \u00e9lev\u00e9s, ce qui la rend parfaite pour une installation sur le toit des camping-cars et des caravanes.<\/p>\n<p>Sa conception robuste lui permet de r\u00e9sister aux vibrations, aux changements de temp\u00e9rature et aux conditions m\u00e9t\u00e9orologiques d\u00e9favorables, ce qui garantit un fonctionnement stable et une longue dur\u00e9e de vie.<\/p>\n<h3>Contr\u00f4leur SmartSolar MPPT 75\/15 de Victron<\/h3>\n<p>Le Victron SmartSolar MPPT 75\/15 optimise au maximum l'\u00e9nergie g\u00e9n\u00e9r\u00e9e par le panneau solaire gr\u00e2ce \u00e0 sa technologie MPPT, s'adaptant en temps r\u00e9el aux conditions d'irradiation pour obtenir la production la plus \u00e9lev\u00e9e possible.<\/p>\n<p>De plus, il int\u00e8gre le Bluetooth, ce qui permet de surveiller et de configurer facilement le syst\u00e8me \u00e0 partir d'un t\u00e9l\u00e9phone portable via l'application VictronConnect, en fournissant des informations d\u00e9taill\u00e9es sur la tension, le courant, l'\u00e9tat de charge et l'historique de la production solaire.<\/p>\n<h3>Accessoires inclus<\/h3>\n<p>Ce kit comprend tous les \u00e9l\u00e9ments n\u00e9cessaires \u00e0 une installation s\u00fbre, propre et durable :<\/p>\n<ul>\n<li style=\"text-align: left;\"><strong>Connecteurs MC4 (positif et n\u00e9gatif)<\/strong> pour une connexion rapide et s\u00fbre du panneau solaire.<\/li>\n<li><strong>Entr\u00e9e de c\u00e2ble Solara blanc DD2\/W<\/strong>, avec double entr\u00e9e PG13.5, qui assure un passage de c\u00e2ble totalement \u00e9tanche et prot\u00e9g\u00e9 \u00e0 travers le plafond.<\/li>\n<li><strong>Supports en aluminium HSP (4 pi\u00e8ces)<\/strong>, con\u00e7u pour fixer le panneau solaire de mani\u00e8re ferme et r\u00e9sistante, en absorbant les vibrations et en favorisant la ventilation du panneau.<\/li>\n<\/ul>","protected":false},"excerpt":{"rendered":"<p>Le kit comprend<\/p>\n<p>1 x <a href=\"https:\/\/fvcomponentes.com\/fr\/produit\/panneau-solaire-victron-bluesolar-185w-12v-monocrystalline-series-4a-spm041851200\/\" target=\"_blank\" rel=\"noopener\">Victron BlueSolar 185W-12V panneau solaire monocristallin s\u00e9rie 4a - SPM041851200<\/a><\/p>\n<p>1 x <a href=\"https:\/\/fvcomponentes.com\/fr\/produit\/victron-smartsolar-mppt-75-15-regulator\/\" target=\"_blank\" rel=\"noopener\">Victron SmartSolar MPPT 75\/15 Controller - SCC075015060R<\/a><\/p>\n<p>1 x <a href=\"https:\/\/fvcomponentes.com\/fr\/produit\/connecteurs-mc4-panneaux-solaires-positifs-negatifs\/\" target=\"_blank\" rel=\"noopener\">Connecteurs MC4 pour panneaux solaires (1 positif + 1 n\u00e9gatif)- Koban<\/a><\/p>\n<p>1 x Solara Presse-\u00e9toupe blanc - DD2\/W - 2 x PG13.5<\/p>\n<p>1 x HSP - Support en aluminium (4pcs) pour panneaux solaires<\/p>","protected":false},"featured_media":36306,"comment_status":"closed","ping_status":"closed","template":"","meta":{"site-sidebar-layout":"default","site-content-layout":"","ast-site-content-layout":"default","site-content-style":"default","site-sidebar-style":"default","ast-global-header-display":"","ast-banner-title-visibility":"","ast-main-header-display":"","ast-hfb-above-header-display":"","ast-hfb-below-header-display":"","ast-hfb-mobile-header-display":"","site-post-title":"","ast-breadcrumbs-content":"","ast-featured-img":"","footer-sml-layout":"","ast-disable-related-posts":"","theme-transparent-header-meta":"default","adv-header-id-meta":"","stick-header-meta":"","header-above-stick-meta":"","header-main-stick-meta":"","header-below-stick-meta":"","astra-migrate-meta-layouts":"set","ast-page-background-enabled":"default","ast-page-background-meta":{"desktop":{"background-color":"var(--ast-global-color-4)","background-image":"","background-repeat":"repeat","background-position":"center center","background-size":"auto","background-attachment":"scroll","background-type":"","background-media":"","overlay-type":"","overlay-color":"","overlay-opacity":"","overlay-gradient":""},"tablet":{"background-color":"","background-image":"","background-repeat":"repeat","background-position":"center center","background-size":"auto","background-attachment":"scroll","background-type":"","background-media":"","overlay-type":"","overlay-color":"","overlay-opacity":"","overlay-gradient":""},"mobile":{"background-color":"","background-image":"","background-repeat":"repeat","background-position":"center center","background-size":"auto","background-attachment":"scroll","background-type":"","background-media":"","overlay-type":"","overlay-color":"","overlay-opacity":"","overlay-gradient":""}},"ast-content-background-meta":{"desktop":{"background-color":"var(--ast-global-color-5)","background-image":"","background-repeat":"repeat","background-position":"center center","background-size":"auto","background-attachment":"scroll","background-type":"","background-media":"","overlay-type":"","overlay-color":"","overlay-opacity":"","overlay-gradient":""},"tablet":{"background-color":"var(--ast-global-color-5)","background-image":"","background-repeat":"repeat","background-position":"center center","background-size":"auto","background-attachment":"scroll","background-type":"","background-media":"","overlay-type":"","overlay-color":"","overlay-opacity":"","overlay-gradient":""},"mobile":{"background-color":"var(--ast-global-color-5)","background-image":"","background-repeat":"repeat","background-position":"center center","background-size":"auto","background-attachment":"scroll","background-type":"","background-media":"","overlay-type":"","overlay-color":"","overlay-opacity":"","overlay-gradient":""}}},"pwb-brand":[332],"product_brand":[],"product_cat":[464,910],"product_tag":[],"class_list":{"0":"post-36305","1":"product","2":"type-product","3":"status-publish","4":"has-post-thumbnail","6":"pwb-brand-victron","7":"product_cat-kits-solares","8":"product_cat-kit-solar-camper","9":"product_shipping_class-paneles","10":"desktop-align-left","11":"tablet-align-left","12":"mobile-align-left","13":"ast-product-gallery-layout-horizontal-slider","14":"ast-product-gallery-with-no-image","15":"ast-product-tabs-layout-horizontal","17":"first","18":"instock","19":"taxable","20":"shipping-taxable","21":"purchasable","22":"product-type-simple"},"wcpa_form_fields":null,"brands":[{"id":332,"name":"Victron Energy","slug":"victron"}],"_links":{"self":[{"href":"https:\/\/fvcomponentes.com\/fr\/wp-json\/wp\/v2\/product\/36305","targetHints":{"allow":["GET"]}}],"collection":[{"href":"https:\/\/fvcomponentes.com\/fr\/wp-json\/wp\/v2\/product"}],"about":[{"href":"https:\/\/fvcomponentes.com\/fr\/wp-json\/wp\/v2\/types\/product"}],"replies":[{"embeddable":true,"href":"https:\/\/fvcomponentes.com\/fr\/wp-json\/wp\/v2\/comments?post=36305"}],"wp:featuredmedia":[{"embeddable":true,"href":"https:\/\/fvcomponentes.com\/fr\/wp-json\/wp\/v2\/media\/36306"}],"wp:attachment":[{"href":"https:\/\/fvcomponentes.com\/fr\/wp-json\/wp\/v2\/media?parent=36305"}],"wp:term":[{"taxonomy":"pwb-brand","embeddable":true,"href":"https:\/\/fvcomponentes.com\/fr\/wp-json\/wp\/v2\/pwb-brand?post=36305"},{"taxonomy":"product_brand","embeddable":true,"href":"https:\/\/fvcomponentes.com\/fr\/wp-json\/wp\/v2\/product_brand?post=36305"},{"taxonomy":"product_cat","embeddable":true,"href":"https:\/\/fvcomponentes.com\/fr\/wp-json\/wp\/v2\/product_cat?post=36305"},{"taxonomy":"product_tag","embeddable":true,"href":"https:\/\/fvcomponentes.com\/fr\/wp-json\/wp\/v2\/product_tag?post=36305"}],"curies":[{"name":"wp","href":"https:\/\/api.w.org\/{rel}","templated":true}]}}