{"id":36290,"date":"2026-01-29T20:25:47","date_gmt":"2026-01-29T19:25:47","guid":{"rendered":"https:\/\/fvcomponentes.com\/?post_type=product&#038;p=36290"},"modified":"2026-01-29T20:25:48","modified_gmt":"2026-01-29T19:25:48","slug":"kit-solaire-camping-victron-24v-215w","status":"publish","type":"product","link":"https:\/\/fvcomponentes.com\/fr\/producto\/kit-solar-camper-victron-24v-215w\/","title":{"rendered":"Kit solaire pour camping-car Victron 24V 215W"},"content":{"rendered":"<h2>Kit solaire pour camping-car Victron 24V 215W<\/h2>\n<p>Le kit solaire pour camping-car Victron 24V 215W est une solution compl\u00e8te et fiable pour ceux qui recherchent une autonomie \u00e9nerg\u00e9tique dans leur camping-car, leur caravane ou leur camping-car.<\/p>\n<p>Con\u00e7u avec des composants d'origine Victron Energy, ce kit garantit une efficacit\u00e9, une durabilit\u00e9 et des performances maximales.<br \/>\nIl fonctionne aussi bien dans le parking que lors de s\u00e9jours prolong\u00e9s hors r\u00e9seau.<\/p>\n<p>Gr\u00e2ce \u00e0 une technologie solaire de pointe et \u00e0 une gestion intelligente de la charge, ce syst\u00e8me vous permet de tirer le meilleur parti de l'\u00e9nergie solaire, de maintenir vos batteries toujours charg\u00e9es et de faire fonctionner vos \u00e9quipements \u00e9lectriques en toute s\u00e9curit\u00e9.<\/p>\n<p>En bref, il s'agit d'une solution solaire compl\u00e8te, con\u00e7ue pour fournir une \u00e9nergie propre, s\u00fbre et constante lors de chaque trajet.<br \/>\nEn outre, il b\u00e9n\u00e9ficie de la qualit\u00e9 et de la garantie de Victron Energy.<\/p>\n<h3>Panneau solaire Victron BlueSolar 215W<\/h3>\n<p>Le panneau solaire BlueSolar 215W 24V monocristallin de la s\u00e9rie 4b de Victron offre d'excellentes performances m\u00eame dans des conditions de faible rayonnement solaire.<br \/>\nCompos\u00e9 de cellules monocristallines de haute qualit\u00e9, il garantit une production d'\u00e9nergie stable et efficace, id\u00e9ale pour les installations dans les camping-cars et les motorhomes.<\/p>\n<p>Sa conception robuste est pr\u00e9par\u00e9e pour r\u00e9sister aux vibrations, aux conditions m\u00e9t\u00e9orologiques d\u00e9favorables et \u00e0 une utilisation intensive, garantissant ainsi une longue dur\u00e9e de vie pour tout type de voyage.<\/p>\n<h3>Contr\u00f4leur Victron SmartSolar MPPT 100\/20<\/h3>\n<p>Le r\u00e9gulateur SmartSolar 100\/20 maximise la production solaire gr\u00e2ce \u00e0 sa technologie MPPT (maximum power point tracking).<br \/>\nIl optimise ainsi la charge de la batterie, m\u00eame dans des conditions d'\u00e9clairage moins qu'id\u00e9ales.<\/p>\n<p>De plus, il int\u00e8gre le Bluetooth, ce qui vous permet de contr\u00f4ler et de configurer le syst\u00e8me depuis votre t\u00e9l\u00e9phone portable gr\u00e2ce \u00e0 l'application VictronConnect.<br \/>\nIl fournit ainsi des informations en temps r\u00e9el sur les tensions, le courant, la production solaire et l'historique de l'\u00e9nergie.<\/p>\n<h3>Accessoires inclus<\/h3>\n<p>Ce kit comprend tous les \u00e9l\u00e9ments n\u00e9cessaires \u00e0 une installation s\u00fbre, propre et durable :<\/p>\n<ul>\n<li style=\"text-align: left;\"><strong>Connecteurs MC4 (positif et n\u00e9gatif)<\/strong> pour une connexion rapide et s\u00fbre du panneau solaire.<\/li>\n<li><strong>Entr\u00e9e de c\u00e2ble Solara blanc DD2\/W<\/strong>, avec double entr\u00e9e PG13.5, qui garantit un passage de c\u00e2ble \u00e9tanche et prot\u00e9g\u00e9 \u00e0 travers le plafond.<\/li>\n<li><strong>Supports en aluminium HSP (4 pi\u00e8ces)<\/strong>, con\u00e7u pour fixer le panneau solaire de mani\u00e8re ferme et robuste, en absorbant les vibrations et en assurant une bonne ventilation.<\/li>\n<\/ul>","protected":false},"excerpt":{"rendered":"<p>Ce kit est compos\u00e9 de :<\/p>\n<p>1 x <a href=\"https:\/\/fvcomponentes.com\/fr\/produit\/panneau-solaire-victron-bluesolar-215w-24v-monocristalline-series-4b-spm042152402\/\" target=\"_blank\" rel=\"noopener\">Panneau solaire 24V Victron BlueSolar 215W-24V monocristallin s\u00e9rie 4b - SPM042152402<\/a><\/p>\n<p>1 x <a href=\"https:\/\/fvcomponentes.com\/fr\/produit\/victron-smartsolar-mppt-100-20-regulator\/\" target=\"_blank\" rel=\"noopener\">Contr\u00f4leur Victron SmartSolar MPPT 100\/20 - SCC110020160R<\/a><\/p>\n<p>1 x <a href=\"https:\/\/fvcomponentes.com\/fr\/produit\/connecteurs-mc4-panneaux-solaires-positifs-negatifs\/\" target=\"_blank\" rel=\"noopener\">Connecteurs MC4 pour panneaux solaires (1 positif + 1 n\u00e9gatif)- Koban<\/a><\/p>\n<p>1 x Solara Presse-\u00e9toupe blanc - DD2\/W - 2 x PG13.5<\/p>\n<p>1 x HSP - Support en aluminium (4pcs) pour panneaux solaires<\/p>","protected":false},"featured_media":36302,"comment_status":"closed","ping_status":"closed","template":"","meta":{"site-sidebar-layout":"default","site-content-layout":"","ast-site-content-layout":"default","site-content-style":"default","site-sidebar-style":"default","ast-global-header-display":"","ast-banner-title-visibility":"","ast-main-header-display":"","ast-hfb-above-header-display":"","ast-hfb-below-header-display":"","ast-hfb-mobile-header-display":"","site-post-title":"","ast-breadcrumbs-content":"","ast-featured-img":"","footer-sml-layout":"","ast-disable-related-posts":"","theme-transparent-header-meta":"default","adv-header-id-meta":"","stick-header-meta":"","header-above-stick-meta":"","header-main-stick-meta":"","header-below-stick-meta":"","astra-migrate-meta-layouts":"set","ast-page-background-enabled":"default","ast-page-background-meta":{"desktop":{"background-color":"var(--ast-global-color-4)","background-image":"","background-repeat":"repeat","background-position":"center center","background-size":"auto","background-attachment":"scroll","background-type":"","background-media":"","overlay-type":"","overlay-color":"","overlay-opacity":"","overlay-gradient":""},"tablet":{"background-color":"","background-image":"","background-repeat":"repeat","background-position":"center center","background-size":"auto","background-attachment":"scroll","background-type":"","background-media":"","overlay-type":"","overlay-color":"","overlay-opacity":"","overlay-gradient":""},"mobile":{"background-color":"","background-image":"","background-repeat":"repeat","background-position":"center center","background-size":"auto","background-attachment":"scroll","background-type":"","background-media":"","overlay-type":"","overlay-color":"","overlay-opacity":"","overlay-gradient":""}},"ast-content-background-meta":{"desktop":{"background-color":"var(--ast-global-color-5)","background-image":"","background-repeat":"repeat","background-position":"center center","background-size":"auto","background-attachment":"scroll","background-type":"","background-media":"","overlay-type":"","overlay-color":"","overlay-opacity":"","overlay-gradient":""},"tablet":{"background-color":"var(--ast-global-color-5)","background-image":"","background-repeat":"repeat","background-position":"center center","background-size":"auto","background-attachment":"scroll","background-type":"","background-media":"","overlay-type":"","overlay-color":"","overlay-opacity":"","overlay-gradient":""},"mobile":{"background-color":"var(--ast-global-color-5)","background-image":"","background-repeat":"repeat","background-position":"center center","background-size":"auto","background-attachment":"scroll","background-type":"","background-media":"","overlay-type":"","overlay-color":"","overlay-opacity":"","overlay-gradient":""}}},"pwb-brand":[332],"product_brand":[],"product_cat":[464,910],"product_tag":[],"class_list":{"0":"post-36290","1":"product","2":"type-product","3":"status-publish","4":"has-post-thumbnail","6":"pwb-brand-victron","7":"product_cat-kits-solares","8":"product_cat-kit-solar-camper","9":"product_shipping_class-paneles","10":"desktop-align-left","11":"tablet-align-left","12":"mobile-align-left","13":"ast-product-gallery-layout-horizontal-slider","14":"ast-product-gallery-with-no-image","15":"ast-product-tabs-layout-horizontal","17":"first","18":"instock","19":"taxable","20":"shipping-taxable","21":"purchasable","22":"product-type-simple"},"wcpa_form_fields":null,"brands":[{"id":332,"name":"Victron Energy","slug":"victron"}],"_links":{"self":[{"href":"https:\/\/fvcomponentes.com\/fr\/wp-json\/wp\/v2\/product\/36290","targetHints":{"allow":["GET"]}}],"collection":[{"href":"https:\/\/fvcomponentes.com\/fr\/wp-json\/wp\/v2\/product"}],"about":[{"href":"https:\/\/fvcomponentes.com\/fr\/wp-json\/wp\/v2\/types\/product"}],"replies":[{"embeddable":true,"href":"https:\/\/fvcomponentes.com\/fr\/wp-json\/wp\/v2\/comments?post=36290"}],"wp:featuredmedia":[{"embeddable":true,"href":"https:\/\/fvcomponentes.com\/fr\/wp-json\/wp\/v2\/media\/36302"}],"wp:attachment":[{"href":"https:\/\/fvcomponentes.com\/fr\/wp-json\/wp\/v2\/media?parent=36290"}],"wp:term":[{"taxonomy":"pwb-brand","embeddable":true,"href":"https:\/\/fvcomponentes.com\/fr\/wp-json\/wp\/v2\/pwb-brand?post=36290"},{"taxonomy":"product_brand","embeddable":true,"href":"https:\/\/fvcomponentes.com\/fr\/wp-json\/wp\/v2\/product_brand?post=36290"},{"taxonomy":"product_cat","embeddable":true,"href":"https:\/\/fvcomponentes.com\/fr\/wp-json\/wp\/v2\/product_cat?post=36290"},{"taxonomy":"product_tag","embeddable":true,"href":"https:\/\/fvcomponentes.com\/fr\/wp-json\/wp\/v2\/product_tag?post=36290"}],"curies":[{"name":"wp","href":"https:\/\/api.w.org\/{rel}","templated":true}]}}