{"id":36277,"date":"2026-01-29T20:25:35","date_gmt":"2026-01-29T19:25:35","guid":{"rendered":"https:\/\/fvcomponentes.com\/?post_type=product&#038;p=36277"},"modified":"2026-04-09T19:19:48","modified_gmt":"2026-04-09T17:19:48","slug":"kit-solaire-campeur-lithium-200ah","status":"publish","type":"product","link":"https:\/\/fvcomponentes.com\/fr\/producto\/kit-solar-camper-litio-200ah\/","title":{"rendered":"Kit solaire pour camping-car Lithium 200Ah"},"content":{"rendered":"<div style=\"position: relative; padding-bottom: 56.25%; height: 0; margin-bottom: 24px;\"><iframe style=\"position: absolute; top: 0; left: 0; width: 100%; height: 100%; border: 0;\" src=\"https:\/\/www.youtube-nocookie.com\/embed\/6EXFWD8E_d4?rel=0&amp;modestbranding=1\" allowfullscreen=\"allowfullscreen\"><br \/>\n<\/iframe><\/div>\n<p><script type=\"application\/ld+json\">{\n    \"@context\": \"https:\\\/\\\/schema.org\",\n    \"@type\": \"VideoObject\",\n    \"name\": \"CONFIGURACI\\u00d3N de tu VICTRON SMARTSHUNT 500A como un PRO\",\n    \"description\": \"Aprende a configurar de forma eficiente un Victron SmartShunt 500A utilizando la app Victron Connect en iOS y Android para monitorizar tu bater\\u00eda con precisi\\u00f3n y sacar el m\\u00e1ximo rendimiento a tu sistema.\",\n    \"thumbnailUrl\": \"https:\\\/\\\/i.ytimg.com\\\/vi\\\/6EXFWD8E_d4\\\/maxresdefault.jpg\",\n    \"uploadDate\": \"2026-04-09T00:00:00+02:00\",\n    \"contentUrl\": \"https:\\\/\\\/www.youtube.com\\\/watch?v=6EXFWD8E_d4\",\n    \"embedUrl\": \"https:\\\/\\\/www.youtube-nocookie.com\\\/embed\\\/6EXFWD8E_d4\",\n    \"publisher\": {\n        \"@type\": \"Organization\",\n        \"name\": \"FV Componentes\"\n    }\n}<\/script><\/p>\n<h2>Kit solaire pour camping-car Lithium 200Ah<\/h2>\n<p>Le Solar Camper Kit Lithium 200Ah est con\u00e7u pour ceux qui recherchent un maximum d'autonomie \u00e9nerg\u00e9tique, de fiabilit\u00e9, de s\u00e9curit\u00e9 et d'efficacit\u00e9 pour leur camping-car, leur caravane ou leur motorhome. Ce syst\u00e8me combine une technologie de pointe et des composants haut de gamme de grandes marques telles que Victron Energy et Upower.<br \/>\nIl offre ainsi des performances fiables sur route et hors route, m\u00eame dans les conditions les plus exigeantes.<\/p>\n<p>Gr\u00e2ce \u00e0 la technologie lithium-ion et \u00e0 la gestion intelligente de la charge et de la consommation, ce kit permet de tirer le meilleur parti de l'\u00e9nergie de l'alternateur.<br class=\"yoast-text-mark\" \/>Il facilite \u00e9galement le suivi de la consommation d'\u00e9lectricit\u00e9 en temps r\u00e9el.<br \/>\nCela vous permet de profiter d'une exp\u00e9rience de tourisme sans les limites des batteries AGM ou GEL traditionnelles.<\/p>\n<p>En r\u00e9sum\u00e9, le Solar Camper Kit Lithium 200Ah est une solution compl\u00e8te et performante, con\u00e7ue pour ceux qui souhaitent b\u00e9n\u00e9ficier d'une \u00e9nergie fiable, d'un contr\u00f4le total et d'une tranquillit\u00e9 d'esprit maximale, en voyageant sans se soucier de l'\u00e9lectricit\u00e9.<\/p>\n<h3>Upower Batterie au lithium 12,8V \/ 200Ah<\/h3>\n<p>La batterie au lithium Upower est le c\u0153ur de ce kit.<br \/>\nElle offre une grande capacit\u00e9 de stockage, un faible poids et une dur\u00e9e de vie beaucoup plus longue que les batteries conventionnelles.<\/p>\n<p>Gr\u00e2ce \u00e0 la technologie LiFePO\u2084, la batterie Upower offre jusqu'\u00e0 deux fois plus d'\u00e9nergie utile qu'une batterie AGM de m\u00eame capacit\u00e9.<br \/>\nIl permet \u00e9galement des d\u00e9charges profondes sans d\u00e9gradation ni perte de performance, ainsi qu'une charge beaucoup plus rapide.<\/p>\n<p>Il est donc id\u00e9al pour alimenter les refroidisseurs \u00e0 compresseur, les onduleurs haute puissance, l'\u00e9clairage, les pompes \u00e0 eau, les syst\u00e8mes multim\u00e9dias et d'autres \u00e9quipements essentiels.<br \/>\nM\u00eame pendant de longues p\u00e9riodes sans alimentation \u00e9lectrique.<\/p>\n<p>En outre, un syst\u00e8me interne de gestion de la batterie (BMS) prot\u00e8ge la batterie contre les surcharges, les d\u00e9charges excessives, les courts-circuits, les surintensit\u00e9s et les temp\u00e9ratures extr\u00eames. Cela garantit un fonctionnement s\u00fbr et une longue dur\u00e9e de vie.<\/p>\n<h3>Convertisseur DC-DC Victron Orion XS 12\/12-50A<\/h3>\n<p>Le convertisseur Orion XS 12\/12-50A permet une charge rapide, stable et totalement s\u00fbre de la batterie au lithium \u00e0 partir de l'alternateur du v\u00e9hicule.<br \/>\nCela vaut \u00e9galement pour les v\u00e9hicules modernes \u00e9quip\u00e9s d'alternateurs intelligents.<\/p>\n<p>Gr\u00e2ce \u00e0 sa capacit\u00e9 de charge \u00e9lev\u00e9e (jusqu'\u00e0 50 A), il est possible de recharger rapidement la batterie de 200 Ah pendant la conduite.<br \/>\nCela permet d'optimiser le temps pass\u00e9 sur la route et d'am\u00e9liorer l'autonomie \u00e9nerg\u00e9tique.<\/p>\n<p>Sa conception isol\u00e9e prot\u00e8ge l'installation \u00e9lectrique du v\u00e9hicule et emp\u00eache les retours de courant ind\u00e9sirables.<\/p>\n<p>De plus, la connectivit\u00e9 Bluetooth int\u00e9gr\u00e9e permet au syst\u00e8me d'\u00eatre facilement configur\u00e9 et surveill\u00e9 \u00e0 partir de l'application VictronConnect.<br \/>\nIl est ainsi facile d'ajuster les courbes de charge, les limites et les param\u00e8tres en fonction des besoins sp\u00e9cifiques de l'installation.<\/p>\n<h3>Victron SmartShunt 300A\/50mV<\/h3>\n<p>Pour un contr\u00f4le total du syst\u00e8me, le kit comprend le Victron 300A SmartShunt, un moniteur de batterie tr\u00e8s pr\u00e9cis qui mesure en temps r\u00e9el toute l'\u00e9nergie entrant et sortant de la batterie.<\/p>\n<p>Gr\u00e2ce \u00e0 l'application VictronConnect, vous aurez acc\u00e8s en temps r\u00e9el \u00e0 des informations cl\u00e9s telles que l'\u00e9tat de charge (%), la consommation instantan\u00e9e, la tension de la batterie, l'historique \u00e9nerg\u00e9tique, les alarmes et les donn\u00e9es avanc\u00e9es.<\/p>\n<p>Tout cela sans avoir besoin d'\u00e9crans suppl\u00e9mentaires, ce qui permet une installation propre, moderne et efficace.<br \/>\nVous saurez ainsi \u00e0 tout moment de quelle quantit\u00e9 d'\u00e9nergie vous disposez et comment optimiser son utilisation.<\/p>","protected":false},"excerpt":{"rendered":"<p>Ce kit est compos\u00e9 de :<\/p>\n<ul>\n<li>1 x <a href=\"https:\/\/fvcomponentes.com\/fr\/produit\/victron-orion-xs-12-12-50a-ori121217050-victron-orion-xs-12-12-50a-booster-converter\/\" target=\"_blank\" rel=\"noopener\">Victron Orion XS 12\/12-50A- ORI121217050 Booster Converter<\/a><\/li>\n<li>1 x <a href=\"https:\/\/fvcomponentes.com\/fr\/produit\/smartshunt-victron-300a-50mv-shu050130050\/\" target=\"_blank\" rel=\"noopener\">SmartShunt Victron 300A\/50mV - SHU050130050<\/a><\/li>\n<li>1 x <a href=\"https:\/\/fvcomponentes.com\/fr\/produit\/upower-batterie-lithium-12v-200ah-ue-12li200\/\" target=\"_blank\" rel=\"noopener\">Upower Batterie Lithium 12.8V\/200Ah - UE-12LI200<\/a><\/li>\n<\/ul>","protected":false},"featured_media":36294,"comment_status":"closed","ping_status":"closed","template":"","meta":{"site-sidebar-layout":"default","site-content-layout":"","ast-site-content-layout":"default","site-content-style":"default","site-sidebar-style":"default","ast-global-header-display":"","ast-banner-title-visibility":"","ast-main-header-display":"","ast-hfb-above-header-display":"","ast-hfb-below-header-display":"","ast-hfb-mobile-header-display":"","site-post-title":"","ast-breadcrumbs-content":"","ast-featured-img":"","footer-sml-layout":"","ast-disable-related-posts":"","theme-transparent-header-meta":"default","adv-header-id-meta":"","stick-header-meta":"","header-above-stick-meta":"","header-main-stick-meta":"","header-below-stick-meta":"","astra-migrate-meta-layouts":"set","ast-page-background-enabled":"default","ast-page-background-meta":{"desktop":{"background-color":"var(--ast-global-color-4)","background-image":"","background-repeat":"repeat","background-position":"center center","background-size":"auto","background-attachment":"scroll","background-type":"","background-media":"","overlay-type":"","overlay-color":"","overlay-opacity":"","overlay-gradient":""},"tablet":{"background-color":"","background-image":"","background-repeat":"repeat","background-position":"center center","background-size":"auto","background-attachment":"scroll","background-type":"","background-media":"","overlay-type":"","overlay-color":"","overlay-opacity":"","overlay-gradient":""},"mobile":{"background-color":"","background-image":"","background-repeat":"repeat","background-position":"center center","background-size":"auto","background-attachment":"scroll","background-type":"","background-media":"","overlay-type":"","overlay-color":"","overlay-opacity":"","overlay-gradient":""}},"ast-content-background-meta":{"desktop":{"background-color":"var(--ast-global-color-5)","background-image":"","background-repeat":"repeat","background-position":"center center","background-size":"auto","background-attachment":"scroll","background-type":"","background-media":"","overlay-type":"","overlay-color":"","overlay-opacity":"","overlay-gradient":""},"tablet":{"background-color":"var(--ast-global-color-5)","background-image":"","background-repeat":"repeat","background-position":"center center","background-size":"auto","background-attachment":"scroll","background-type":"","background-media":"","overlay-type":"","overlay-color":"","overlay-opacity":"","overlay-gradient":""},"mobile":{"background-color":"var(--ast-global-color-5)","background-image":"","background-repeat":"repeat","background-position":"center center","background-size":"auto","background-attachment":"scroll","background-type":"","background-media":"","overlay-type":"","overlay-color":"","overlay-opacity":"","overlay-gradient":""}}},"pwb-brand":[332,1020],"product_brand":[],"product_cat":[464,910],"product_tag":[],"class_list":{"0":"post-36277","1":"product","2":"type-product","3":"status-publish","4":"has-post-thumbnail","6":"pwb-brand-victron","7":"pwb-brand-upower","8":"product_cat-kits-solares","9":"product_cat-kit-solar-camper","10":"product_shipping_class-baterias","11":"desktop-align-left","12":"tablet-align-left","13":"mobile-align-left","14":"ast-product-gallery-layout-horizontal-slider","15":"ast-product-gallery-with-no-image","16":"ast-product-tabs-layout-horizontal","18":"first","19":"instock","20":"taxable","21":"shipping-taxable","22":"purchasable","23":"product-type-simple"},"wcpa_form_fields":null,"brands":[{"id":1020,"name":"Batteries Upower","slug":"faucheur"},{"id":332,"name":"Victron Energy","slug":"victron"}],"_links":{"self":[{"href":"https:\/\/fvcomponentes.com\/fr\/wp-json\/wp\/v2\/product\/36277","targetHints":{"allow":["GET"]}}],"collection":[{"href":"https:\/\/fvcomponentes.com\/fr\/wp-json\/wp\/v2\/product"}],"about":[{"href":"https:\/\/fvcomponentes.com\/fr\/wp-json\/wp\/v2\/types\/product"}],"replies":[{"embeddable":true,"href":"https:\/\/fvcomponentes.com\/fr\/wp-json\/wp\/v2\/comments?post=36277"}],"wp:featuredmedia":[{"embeddable":true,"href":"https:\/\/fvcomponentes.com\/fr\/wp-json\/wp\/v2\/media\/36294"}],"wp:attachment":[{"href":"https:\/\/fvcomponentes.com\/fr\/wp-json\/wp\/v2\/media?parent=36277"}],"wp:term":[{"taxonomy":"pwb-brand","embeddable":true,"href":"https:\/\/fvcomponentes.com\/fr\/wp-json\/wp\/v2\/pwb-brand?post=36277"},{"taxonomy":"product_brand","embeddable":true,"href":"https:\/\/fvcomponentes.com\/fr\/wp-json\/wp\/v2\/product_brand?post=36277"},{"taxonomy":"product_cat","embeddable":true,"href":"https:\/\/fvcomponentes.com\/fr\/wp-json\/wp\/v2\/product_cat?post=36277"},{"taxonomy":"product_tag","embeddable":true,"href":"https:\/\/fvcomponentes.com\/fr\/wp-json\/wp\/v2\/product_tag?post=36277"}],"curies":[{"name":"wp","href":"https:\/\/api.w.org\/{rel}","templated":true}]}}