{"id":36271,"date":"2026-01-29T20:25:06","date_gmt":"2026-01-29T19:25:06","guid":{"rendered":"https:\/\/fvcomponentes.com\/?post_type=product&#038;p=36271"},"modified":"2026-04-09T19:19:58","modified_gmt":"2026-04-09T17:19:58","slug":"kit-solaire-campeur-lithium-100ah","status":"publish","type":"product","link":"https:\/\/fvcomponentes.com\/fr\/producto\/kit-solar-camper-litio-100ah\/","title":{"rendered":"Kit solaire pour camping-car Lithium 100Ah"},"content":{"rendered":"<div style=\"position: relative; padding-bottom: 56.25%; height: 0; margin-bottom: 24px;\"><iframe style=\"position: absolute; top: 0; left: 0; width: 100%; height: 100%; border: 0;\" src=\"https:\/\/www.youtube-nocookie.com\/embed\/6EXFWD8E_d4?rel=0&amp;modestbranding=1\" allowfullscreen=\"allowfullscreen\"><br \/>\n<\/iframe><\/div>\n<p><script type=\"application\/ld+json\">{\n    \"@context\": \"https:\\\/\\\/schema.org\",\n    \"@type\": \"VideoObject\",\n    \"name\": \"CONFIGURACI\\u00d3N de tu VICTRON SMARTSHUNT 500A como un PRO\",\n    \"description\": \"Aprende a configurar de forma eficiente un Victron SmartShunt 500A utilizando la app Victron Connect en iOS y Android para monitorizar tu bater\\u00eda con precisi\\u00f3n y sacar el m\\u00e1ximo rendimiento a tu sistema.\",\n    \"thumbnailUrl\": \"https:\\\/\\\/i.ytimg.com\\\/vi\\\/6EXFWD8E_d4\\\/maxresdefault.jpg\",\n    \"uploadDate\": \"2026-04-09T00:00:00+02:00\",\n    \"contentUrl\": \"https:\\\/\\\/www.youtube.com\\\/watch?v=6EXFWD8E_d4\",\n    \"embedUrl\": \"https:\\\/\\\/www.youtube-nocookie.com\\\/embed\\\/6EXFWD8E_d4\",\n    \"publisher\": {\n        \"@type\": \"Organization\",\n        \"name\": \"FV Componentes\"\n    }\n}<\/script><\/p>\n<h2>Kit solaire pour camping-car Lithium 100Ah<\/h2>\n<p>Ce kit solaire pour campeurs est destin\u00e9 \u00e0 ceux qui recherchent l'autonomie \u00e9nerg\u00e9tique, la s\u00e9curit\u00e9 et la ma\u00eetrise totale de la consommation d'\u00e9lectricit\u00e9 lors de leurs d\u00e9placements.<br \/>\nEn outre, il comprend des composants de haute qualit\u00e9 provenant de grandes marques, ce qui garantit des performances efficaces, fiables et durables, tant en mouvement qu'\u00e0 l'arr\u00eat.<\/p>\n<p>Oubliez les limites des batteries AGM ou GEL et faites le grand saut vers le lithium. Gr\u00e2ce \u00e0 cette mise \u00e0 niveau compl\u00e8te, vous pourrez profiter de toute la puissance de vos appareils.<\/p>\n<p>Ce kit est id\u00e9al pour les campeurs, les camping-cars et les autocaravanes qui recherchent l'ind\u00e9pendance \u00e9nerg\u00e9tique, la fiabilit\u00e9 et une technologie avanc\u00e9e pour voyager en toute tranquillit\u00e9.<\/p>\n<h3>Batterie lithium U-Power 12.8V \/ 100Ah<\/h3>\n<p>Le c\u0153ur du syst\u00e8me est la batterie au lithium U-Power, avec laquelle vous obtenez jusqu'\u00e0 deux fois plus d'\u00e9nergie utilisable qu'avec une batterie AGM de m\u00eame capacit\u00e9. Vous pouvez donc oublier les d\u00e9charges profondes qui endommagent les batteries traditionnelles.<br \/>\nIl est donc id\u00e9al pour alimenter les r\u00e9frig\u00e9rateurs, l'\u00e9clairage, les onduleurs et d'autres \u00e9quipements essentiels dans les camping-cars et les caravanes.<br \/>\nIl int\u00e8gre \u00e9galement un BMS interne qui prot\u00e8ge la batterie contre les surcharges, les d\u00e9charges excessives, les courts-circuits et les temp\u00e9ratures extr\u00eames, offrant ainsi une s\u00e9curit\u00e9 et une tranquillit\u00e9 d'esprit accrues.<\/p>\n<h3>Victron SmartShunt 300A\/50mV<\/h3>\n<p>Le cerveau de ce kit, le SmartShunt 300 A, est un contr\u00f4leur de batterie tr\u00e8s pr\u00e9cis qui surveille chaque amp\u00e8re que vous consommez et produisez.<br \/>\nIl fournit des informations en temps r\u00e9el sur le niveau de charge, la consommation, la tension et l'historique \u00e9nerg\u00e9tique, le tout accessible depuis l'appli VictronConnect, sans avoir besoin d'\u00e9crans suppl\u00e9mentaires.<br \/>\nAinsi, vous ma\u00eetriserez parfaitement votre \u00e9nergie \u00e0 tout moment.<\/p>\n<h3>Convertisseur DC-DC Victron Orion-Tr Smart 12\/12-18A<\/h3>\n<p>Le syst\u00e8me int\u00e8gre l'Orion-Tr Smart 12\/12-18A, qui permet une charge optimale et s\u00fbre de la batterie auxiliaire \u00e0 partir de l'alternateur du v\u00e9hicule, m\u00eame dans les v\u00e9hicules modernes dot\u00e9s d'alternateurs intelligents.<br \/>\nGr\u00e2ce \u00e0 sa conception isol\u00e9e, il prot\u00e8ge l'installation \u00e9lectrique et, en outre, sa connectivit\u00e9 Bluetooth permet une configuration et une surveillance rapides et faciles \u00e0 partir d'un t\u00e9l\u00e9phone portable.<\/p>","protected":false},"excerpt":{"rendered":"<p>Ce kit est compos\u00e9 de :<\/p>\n<ul>\n<li>1 x <a href=\"https:\/\/fvcomponentes.com\/fr\/produit\/victron-orion-tr-smart-12-12-18a-dc-convertisseur-isole-ori121222120\/\" target=\"_blank\" rel=\"noopener\">Victron Orion-Tr Smart 12\/12-18A DC-DC Isolated Booster Converter - ORI121222120<\/a><\/li>\n<li>1 x <a href=\"https:\/\/fvcomponentes.com\/fr\/produit\/smartshunt-victron-300a-50mv-shu050130050\/\" target=\"_blank\" rel=\"noopener\">SmartShunt Victron 300A\/50mV - SHU050130050<\/a><\/li>\n<li>1 x <a href=\"https:\/\/fvcomponentes.com\/fr\/produit\/upower-batterie-lithium-12v-100ah-ue-12li100\/\" target=\"_blank\" rel=\"noopener\">Upower Batterie Lithium 12,8V\/100Ah - UE-12Li100<\/a><\/li>\n<\/ul>","protected":false},"featured_media":36293,"comment_status":"closed","ping_status":"closed","template":"","meta":{"site-sidebar-layout":"default","site-content-layout":"","ast-site-content-layout":"default","site-content-style":"default","site-sidebar-style":"default","ast-global-header-display":"","ast-banner-title-visibility":"","ast-main-header-display":"","ast-hfb-above-header-display":"","ast-hfb-below-header-display":"","ast-hfb-mobile-header-display":"","site-post-title":"","ast-breadcrumbs-content":"","ast-featured-img":"","footer-sml-layout":"","ast-disable-related-posts":"","theme-transparent-header-meta":"default","adv-header-id-meta":"","stick-header-meta":"","header-above-stick-meta":"","header-main-stick-meta":"","header-below-stick-meta":"","astra-migrate-meta-layouts":"set","ast-page-background-enabled":"default","ast-page-background-meta":{"desktop":{"background-color":"var(--ast-global-color-4)","background-image":"","background-repeat":"repeat","background-position":"center center","background-size":"auto","background-attachment":"scroll","background-type":"","background-media":"","overlay-type":"","overlay-color":"","overlay-opacity":"","overlay-gradient":""},"tablet":{"background-color":"","background-image":"","background-repeat":"repeat","background-position":"center center","background-size":"auto","background-attachment":"scroll","background-type":"","background-media":"","overlay-type":"","overlay-color":"","overlay-opacity":"","overlay-gradient":""},"mobile":{"background-color":"","background-image":"","background-repeat":"repeat","background-position":"center center","background-size":"auto","background-attachment":"scroll","background-type":"","background-media":"","overlay-type":"","overlay-color":"","overlay-opacity":"","overlay-gradient":""}},"ast-content-background-meta":{"desktop":{"background-color":"var(--ast-global-color-5)","background-image":"","background-repeat":"repeat","background-position":"center center","background-size":"auto","background-attachment":"scroll","background-type":"","background-media":"","overlay-type":"","overlay-color":"","overlay-opacity":"","overlay-gradient":""},"tablet":{"background-color":"var(--ast-global-color-5)","background-image":"","background-repeat":"repeat","background-position":"center center","background-size":"auto","background-attachment":"scroll","background-type":"","background-media":"","overlay-type":"","overlay-color":"","overlay-opacity":"","overlay-gradient":""},"mobile":{"background-color":"var(--ast-global-color-5)","background-image":"","background-repeat":"repeat","background-position":"center center","background-size":"auto","background-attachment":"scroll","background-type":"","background-media":"","overlay-type":"","overlay-color":"","overlay-opacity":"","overlay-gradient":""}}},"pwb-brand":[332,1020],"product_brand":[],"product_cat":[910,928,464],"product_tag":[],"class_list":{"0":"post-36271","1":"product","2":"type-product","3":"status-publish","4":"has-post-thumbnail","6":"pwb-brand-victron","7":"pwb-brand-upower","8":"product_cat-kit-solar-camper","9":"product_cat-kit-solar-velero","10":"product_cat-kits-solares","11":"product_shipping_class-baterias","12":"desktop-align-left","13":"tablet-align-left","14":"mobile-align-left","15":"ast-product-gallery-layout-horizontal-slider","16":"ast-product-tabs-layout-horizontal","18":"first","19":"instock","20":"taxable","21":"shipping-taxable","22":"purchasable","23":"product-type-simple"},"wcpa_form_fields":null,"brands":[{"id":1020,"name":"Batteries Upower","slug":"faucheur"},{"id":332,"name":"Victron Energy","slug":"victron"}],"_links":{"self":[{"href":"https:\/\/fvcomponentes.com\/fr\/wp-json\/wp\/v2\/product\/36271","targetHints":{"allow":["GET"]}}],"collection":[{"href":"https:\/\/fvcomponentes.com\/fr\/wp-json\/wp\/v2\/product"}],"about":[{"href":"https:\/\/fvcomponentes.com\/fr\/wp-json\/wp\/v2\/types\/product"}],"replies":[{"embeddable":true,"href":"https:\/\/fvcomponentes.com\/fr\/wp-json\/wp\/v2\/comments?post=36271"}],"wp:featuredmedia":[{"embeddable":true,"href":"https:\/\/fvcomponentes.com\/fr\/wp-json\/wp\/v2\/media\/36293"}],"wp:attachment":[{"href":"https:\/\/fvcomponentes.com\/fr\/wp-json\/wp\/v2\/media?parent=36271"}],"wp:term":[{"taxonomy":"pwb-brand","embeddable":true,"href":"https:\/\/fvcomponentes.com\/fr\/wp-json\/wp\/v2\/pwb-brand?post=36271"},{"taxonomy":"product_brand","embeddable":true,"href":"https:\/\/fvcomponentes.com\/fr\/wp-json\/wp\/v2\/product_brand?post=36271"},{"taxonomy":"product_cat","embeddable":true,"href":"https:\/\/fvcomponentes.com\/fr\/wp-json\/wp\/v2\/product_cat?post=36271"},{"taxonomy":"product_tag","embeddable":true,"href":"https:\/\/fvcomponentes.com\/fr\/wp-json\/wp\/v2\/product_tag?post=36271"}],"curies":[{"name":"wp","href":"https:\/\/api.w.org\/{rel}","templated":true}]}}