{"id":36177,"date":"2026-02-20T07:55:18","date_gmt":"2026-02-20T06:55:18","guid":{"rendered":"https:\/\/fvcomponentes.com\/?post_type=product&#038;p=36177"},"modified":"2026-03-26T15:38:31","modified_gmt":"2026-03-26T14:38:31","slug":"busbar-victron-lynx-distributor-lyn060102000","status":"publish","type":"product","link":"https:\/\/fvcomponentes.com\/fr\/producto\/barra-colectora-victron-lynx-distributor-lyn060102000\/","title":{"rendered":"Victron Lynx Barre de distribution - LYN060102000"},"content":{"rendered":"<h2>Victron Lynx Barre de distribution - LYN060102000<\/h2>\n<p>Le distributeur Victron Lynx est un jeu de barres modulaire \u00e0 courant continu con\u00e7u pour assurer une distribution s\u00fbre, organis\u00e9e et efficace de l'\u00e9nergie dans les syst\u00e8mes \u00e9lectriques \u00e0 haute performance.<br \/>\nIl fait partie du syst\u00e8me modulaire Lynx de Victron Energy, qui permet une gestion professionnelle de l'\u00e9nergie dans les installations hors r\u00e9seau, les syst\u00e8mes solaires, les bateaux, les caravanes, les v\u00e9hicules de loisirs et les applications industrielles.<\/p>\n<h2>Caract\u00e9ristiques du distributeur Lynx<\/h2>\n<h3>Distribution modulaire<\/h3>\n<p>Le distributeur Lynx int\u00e8gre les bus positif (+) et n\u00e9gatif (-) dans une seule unit\u00e9 compacte.<\/p>\n<p>Il est con\u00e7u pour accueillir jusqu'\u00e0 quatre fusibles CC individuels, avec des connexions qui permettent de distribuer la puissance de mani\u00e8re ordonn\u00e9e \u00e0 diff\u00e9rentes charges ou composants du syst\u00e8me.<br \/>\nIl fournit \u00e9galement une protection individuelle pour chacune des sorties connect\u00e9es.<\/p>\n<p>Cette caract\u00e9ristique en fait une solution id\u00e9ale pour centraliser la distribution d'\u00e9nergie et prot\u00e9ger les circuits critiques au sein des syst\u00e8mes de batteries 12V, 24V ou 48V.<\/p>\n<h3>Surveillance et diagnostic int\u00e9gr\u00e9s<\/h3>\n<p>Ce Lynx est dot\u00e9 d'un syst\u00e8me de contr\u00f4le de l'\u00e9tat des fusibles, car il int\u00e8gre des indicateurs LED en fa\u00e7ade qui indiquent visuellement si un fusible est en bon \u00e9tat ou s'il est d\u00e9fectueux.<\/p>\n<p>Cette surveillance am\u00e9liore consid\u00e9rablement la s\u00e9curit\u00e9 et la maintenance du syst\u00e8me, car elle permet de d\u00e9tecter rapidement les d\u00e9fauts sans qu'il soit n\u00e9cessaire de le d\u00e9monter ou d'effectuer des mesures manuelles.<\/p>\n<p>Lorsque l'appareil est connect\u00e9 \u00e0 un BMS Lynx Smart, il peut transmettre des informations sur l'\u00e9tat du fusible pour affichage sur les syst\u00e8mes de surveillance Victron, tels que VictronConnect, les appareils GX ou le portail VRM.<\/p>\n<h3>Construction et conception<\/h3>\n<p>Le distributeur Lynx est fabriqu\u00e9 avec un bo\u00eetier ABS robuste, con\u00e7u pour r\u00e9sister aux environnements exigeants.<\/p>\n<p>\u00c0 l'int\u00e9rieur, les barres sont en cuivre \u00e9tam\u00e9, un mat\u00e9riau qui garantit une excellente conductivit\u00e9 \u00e9lectrique et une grande r\u00e9sistance \u00e0 la corrosion.<\/p>\n<p>Ses dimensions approximatives sont de 290 \u00d7 170 \u00d7 80 mm, pour un poids d'environ 2,2 kg, ce qui lui conf\u00e8re une structure robuste et solide, adapt\u00e9e aux installations professionnelles.<\/p>\n<p>En outre, il b\u00e9n\u00e9ficie d'un indice de protection IP22, ce qui le rend r\u00e9sistant \u00e0 la poussi\u00e8re l\u00e9g\u00e8re et aux \u00e9claboussures d'eau. Il convient donc aux installations int\u00e9rieures.<\/p>\n<h2>Le syst\u00e8me de distribution Lynx<\/h2>\n<p>Ce syst\u00e8me de distribution se compose des \u00e9l\u00e9ments suivants :<\/p>\n<ul>\n<li><a href=\"https:\/\/fvcomponentes.com\/fr\/produit\/lynx-power-in-victron-m10-lyn020102010\/\" target=\"_blank\" rel=\"noopener\"><strong>Lynx Power In<\/strong><\/a>\u00a0- Un jeu de barres positif et un jeu de barres n\u00e9gatif avec quatre connexions pour les batteries ou les \u00e9quipements \u00e0 courant continu.<\/li>\n<li><a href=\"https:\/\/fvcomponentes.com\/fr\/produit\/busbar-lynx-distributor-lyn060102000\/\" target=\"_blank\" rel=\"noopener\"><strong>Distributeur Lynx<\/strong><\/a>\u00a0- Un jeu de barres positif et un jeu de barres n\u00e9gatif avec quatre connexions \u00e0 fusibles pour les batteries ou les \u00e9quipements \u00e0 courant continu, ainsi qu'un contr\u00f4le des fusibles.<\/li>\n<li><a href=\"https:\/\/fvcomponentes.com\/fr\/?post_type=product&amp;p=6161&amp;preview=true\" target=\"_blank\" rel=\"noopener\"><strong>Shunt Lynx VE.Can<\/strong><\/a>\u00a0- Un jeu de barres positif avec un espace pour un fusible du syst\u00e8me principal et un jeu de barres n\u00e9gatif avec un shunt pour la surveillance de la batterie. Communication VE.Can pour la surveillance et la configuration avec un dispositif GX.<\/li>\n<li><a href=\"https:\/\/fvcomponentes.com\/fr\/produit\/lynx-victron-smart-bms-500-m10-lyn034160210\/\" target=\"_blank\" rel=\"noopener\"><strong>Lynx Smart BMS<\/strong><\/a>\u00a0- A utiliser avec les piles au lithium Victron Energy Smart.<br \/>\nIl contient une barre de bus positive avec un contacteur pilot\u00e9 par un syst\u00e8me de gestion de la batterie (BMS) et une barre de bus n\u00e9gative avec un shunt pour la surveillance de la batterie. Il dispose d'une communication Bluetooth pour la surveillance et la configuration via l'application.\u00a0<a href=\"https:\/\/www.victronenergy.com.es\/panel-systems-remote-monitoring\/victronconnect\" target=\"_blank\" rel=\"noopener\">VictronConnect<\/a>\u00a0et VE.Can pour la surveillance avec un dispositif GX et le portail VRM.<\/li>\n<\/ul>\n<h2>Applications typiques du distributeur Lynx<\/h2>\n<p>Le Distributeur Lynx est id\u00e9al pour :<\/p>\n<ul>\n<li>Syst\u00e8mes d'\u00e9nergie solaire photovolta\u00efque \u00e0 charges multiples en courant continu.<\/li>\n<li>V\u00e9hicules de loisirs et camping-cars avec batterie et accessoires \u00e9lectriques.<\/li>\n<li>Les navires ont une consommation distribu\u00e9e de courant continu.<\/li>\n<li>Installations autonomes sans connexion au r\u00e9seau ou micro-g\u00e9n\u00e9ration.<\/li>\n<li>Applications industrielles n\u00e9cessitant une distribution d'\u00e9nergie propre et s\u00fbre.<\/li>\n<\/ul>\n<h2>Victron Lynx Busbar Sp\u00e9cifications \u00e9lectriques - LYN060102000<\/h2>\n<p>Ce Lynx est con\u00e7u pour les syst\u00e8mes \u00e0 courant continu (DC) avec une gamme de tension large et robuste :<\/p>\n<ul>\n<li><strong>Plage de tension de travail :<\/strong> 9 - 60 V DC (compatible avec les syst\u00e8mes 12 V, 24 V et 48 V).<\/li>\n<li><strong>Courant continu maximal :<\/strong> jusqu'\u00e0 1000 A \u00e0 travers les barres (barres positives et n\u00e9gatives).<\/li>\n<li><strong>Connexions de fusibles :<\/strong> bo\u00eetier pour 4 fusibles de type MEGA\/AMG.<\/li>\n<li><strong>C\u00e2ble de connexion inclus :<\/strong> C\u00e2ble RJ10 de 40 cm pour l'alimentation \u00e9lectrique et la transmission de donn\u00e9es avec Lynx Shunt ou Smart BMS.<\/li>\n<li><strong>Mat\u00e9riau et construction :<\/strong> Bo\u00eetier ABS rigide et barre de cuivre \u00e9tam\u00e9 \u00e0 haute conductivit\u00e9.<\/li>\n<li><strong>Dimensions approximatives :<\/strong> 170 x 290 \u00d7 80 mm.<\/li>\n<li><strong>Poids :<\/strong> 2,2 kg.<\/li>\n<li><strong>Temp\u00e9rature de fonctionnement :<\/strong> De -40 \u00b0C \u00e0 +60 \u00b0C.<\/li>\n<li><strong>Classe de protection :<\/strong> IP22 (r\u00e9sistant aux poussi\u00e8res l\u00e9g\u00e8res et aux \u00e9claboussures, adapt\u00e9 aux installations int\u00e9rieures).<\/li>\n<\/ul>\n<h2>Manuel sur les barres de distribution Lynx - LYN060102000<\/h2>\n<p><a href=\"https:\/\/fvcomponentes.com\/wp-content\/uploads\/2024\/01\/24531-Lynx_Distributor_Manual-pdf-es.pdf\" target=\"_blank\" rel=\"noopener\">Voir le manuel du jeu de barres de distribution Lynx - LYN0600102000<\/a><\/p>","protected":false},"excerpt":{"rendered":"<p><strong>Plage de tension de travail :<\/strong> 9 - 60 V<\/p>\n<p><strong>Courant continu maximal :<\/strong> 1.000 A<\/p>\n<p><strong>Fusibles : <\/strong>4 fusibles de type MEGA\/AMG.<\/p>\n<p><strong>C\u00e2ble de connexion inclus :<\/strong> C\u00e2ble RJ10 de 40 cm<\/p>\n<p><strong>Temp\u00e9rature de fonctionnement :<\/strong> De -40 \u00b0C \u00e0 +60 \u00b0C.<\/p>\n<p><strong>Classe de protection :<\/strong> IP22<\/p>","protected":false},"featured_media":36179,"comment_status":"closed","ping_status":"closed","template":"","meta":{"site-sidebar-layout":"default","site-content-layout":"","ast-site-content-layout":"default","site-content-style":"default","site-sidebar-style":"default","ast-global-header-display":"","ast-banner-title-visibility":"","ast-main-header-display":"","ast-hfb-above-header-display":"","ast-hfb-below-header-display":"","ast-hfb-mobile-header-display":"","site-post-title":"","ast-breadcrumbs-content":"","ast-featured-img":"","footer-sml-layout":"","ast-disable-related-posts":"","theme-transparent-header-meta":"default","adv-header-id-meta":"","stick-header-meta":"","header-above-stick-meta":"","header-main-stick-meta":"","header-below-stick-meta":"","astra-migrate-meta-layouts":"set","ast-page-background-enabled":"default","ast-page-background-meta":{"desktop":{"background-color":"var(--ast-global-color-4)","background-image":"","background-repeat":"repeat","background-position":"center center","background-size":"auto","background-attachment":"scroll","background-type":"","background-media":"","overlay-type":"","overlay-color":"","overlay-opacity":"","overlay-gradient":""},"tablet":{"background-color":"","background-image":"","background-repeat":"repeat","background-position":"center center","background-size":"auto","background-attachment":"scroll","background-type":"","background-media":"","overlay-type":"","overlay-color":"","overlay-opacity":"","overlay-gradient":""},"mobile":{"background-color":"","background-image":"","background-repeat":"repeat","background-position":"center center","background-size":"auto","background-attachment":"scroll","background-type":"","background-media":"","overlay-type":"","overlay-color":"","overlay-opacity":"","overlay-gradient":""}},"ast-content-background-meta":{"desktop":{"background-color":"var(--ast-global-color-5)","background-image":"","background-repeat":"repeat","background-position":"center center","background-size":"auto","background-attachment":"scroll","background-type":"","background-media":"","overlay-type":"","overlay-color":"","overlay-opacity":"","overlay-gradient":""},"tablet":{"background-color":"var(--ast-global-color-5)","background-image":"","background-repeat":"repeat","background-position":"center center","background-size":"auto","background-attachment":"scroll","background-type":"","background-media":"","overlay-type":"","overlay-color":"","overlay-opacity":"","overlay-gradient":""},"mobile":{"background-color":"var(--ast-global-color-5)","background-image":"","background-repeat":"repeat","background-position":"center center","background-size":"auto","background-attachment":"scroll","background-type":"","background-media":"","overlay-type":"","overlay-color":"","overlay-opacity":"","overlay-gradient":""}}},"pwb-brand":[332],"product_brand":[],"product_cat":[991,410],"product_tag":[],"class_list":{"0":"post-36177","1":"product","2":"type-product","3":"status-publish","4":"has-post-thumbnail","6":"pwb-brand-victron","7":"product_cat-busbar","8":"product_cat-material-electrico","9":"desktop-align-left","10":"tablet-align-left","11":"mobile-align-left","12":"ast-product-gallery-layout-horizontal-slider","13":"ast-product-tabs-layout-horizontal","15":"first","16":"outofstock","17":"taxable","18":"shipping-taxable","19":"purchasable","20":"product-type-simple"},"wcpa_form_fields":null,"brands":[{"id":332,"name":"Victron Energy","slug":"victron"}],"_links":{"self":[{"href":"https:\/\/fvcomponentes.com\/fr\/wp-json\/wp\/v2\/product\/36177","targetHints":{"allow":["GET"]}}],"collection":[{"href":"https:\/\/fvcomponentes.com\/fr\/wp-json\/wp\/v2\/product"}],"about":[{"href":"https:\/\/fvcomponentes.com\/fr\/wp-json\/wp\/v2\/types\/product"}],"replies":[{"embeddable":true,"href":"https:\/\/fvcomponentes.com\/fr\/wp-json\/wp\/v2\/comments?post=36177"}],"wp:featuredmedia":[{"embeddable":true,"href":"https:\/\/fvcomponentes.com\/fr\/wp-json\/wp\/v2\/media\/36179"}],"wp:attachment":[{"href":"https:\/\/fvcomponentes.com\/fr\/wp-json\/wp\/v2\/media?parent=36177"}],"wp:term":[{"taxonomy":"pwb-brand","embeddable":true,"href":"https:\/\/fvcomponentes.com\/fr\/wp-json\/wp\/v2\/pwb-brand?post=36177"},{"taxonomy":"product_brand","embeddable":true,"href":"https:\/\/fvcomponentes.com\/fr\/wp-json\/wp\/v2\/product_brand?post=36177"},{"taxonomy":"product_cat","embeddable":true,"href":"https:\/\/fvcomponentes.com\/fr\/wp-json\/wp\/v2\/product_cat?post=36177"},{"taxonomy":"product_tag","embeddable":true,"href":"https:\/\/fvcomponentes.com\/fr\/wp-json\/wp\/v2\/product_tag?post=36177"}],"curies":[{"name":"wp","href":"https:\/\/api.w.org\/{rel}","templated":true}]}}