{"id":36146,"date":"2026-01-24T10:20:15","date_gmt":"2026-01-24T09:20:15","guid":{"rendered":"https:\/\/fvcomponentes.com\/?post_type=product&#038;p=36146"},"modified":"2026-02-11T12:33:28","modified_gmt":"2026-02-11T11:33:28","slug":"differentiel-maxge-alpha-2p-40a-30ma-classe-a-superimmunise-6ka-epre2a040030","status":"publish","type":"product","link":"https:\/\/fvcomponentes.com\/fr\/producto\/diferencial-maxge-alpha-2p-40a-30ma-clase-a-superinmunizado-6ka-epre2a040030\/","title":{"rendered":"Maxge Alpha+ 2P diff\u00e9rentiel, 40A, 30mA. Classe A superimmunis\u00e9e. 6kA - EPRE2A040030"},"content":{"rendered":"<h2>Maxge Alpha+ 2P diff\u00e9rentiel, 40A, 30mA. Classe A superimmunis\u00e9e. 6kA - EPRE2A040030<\/h2>\n<p>Le Maxge Alpha+ 2P, 40A, 30mA est un disjoncteur diff\u00e9rentiel con\u00e7u pour fournir une protection avanc\u00e9e contre les courants de fuite \u00e0 la terre (shunts) dans les installations \u00e9lectriques monophas\u00e9es.<\/p>\n<p>Ce dispositif de protection agit en coupant automatiquement l'alimentation \u00e9lectrique lorsqu'il d\u00e9tecte une fuite de courant vers la terre, \u00e9vitant ainsi le risque d'\u00e9lectrocution et r\u00e9duisant la possibilit\u00e9 d'incendie due \u00e0 des d\u00e9fauts d'isolation.<\/p>\n<p>Il garantit \u00e9galement la s\u00e9curit\u00e9 des personnes et des installations \u00e9lectriques en combinant une grande sensibilit\u00e9, une forte immunit\u00e9 aux perturbations et une grande r\u00e9silience.<\/p>\n<p>Gr\u00e2ce \u00e0 sa configuration bipolaire (2 p\u00f4les), son courant nominal de 40 A, sa sensibilit\u00e9 de 30 mA, sa classe A et sa version super-immunis\u00e9e, il est particuli\u00e8rement adapt\u00e9 aux installations monophas\u00e9es avec des \u00e9quipements \u00e9lectroniques modernes et des charges sensibles ou non lin\u00e9aires.<\/p>\n<p>Faisant partie de la gamme Alpha+ de Maxge, il est destin\u00e9 \u00e0 offrir une plus grande fiabilit\u00e9 et stabilit\u00e9 dans les installations modernes.<\/p>\n<h2>Maxge Alpha+ 2P, 40A, 30mA Caract\u00e9ristiques diff\u00e9rentielles<\/h2>\n<h3>Configuration et capacit\u00e9 \u00e9lectrique<\/h3>\n<p>Ce diff\u00e9rentiel a une <strong>Configuration \u00e0 2 p\u00f4les (2P)<\/strong>, con\u00e7u pour couper simultan\u00e9ment la phase et le neutre lorsqu'il d\u00e9tecte une fuite de courant susceptible de pr\u00e9senter un risque pour les personnes ou un risque d'incendie, et garantissant l'isolement complet du circuit lorsqu'il agit.<\/p>\n<p>Le diff\u00e9rentiel fonctionne avec un <strong>Courant nominal de 40 amp\u00e8res<\/strong>, Il est donc adapt\u00e9 aux lignes et circuits \u00e0 consommation moyenne-\u00e9lev\u00e9e, tels que les tableaux r\u00e9sidentiels \u00e0 forte \u00e9lectrification, les petites installations tertiaires, les bureaux, les magasins, les tableaux secondaires, les circuits qui alimentent plusieurs disjoncteurs, la climatisation et les lignes d\u00e9di\u00e9es \u00e0 des \u00e9quipements d'une certaine puissance.<br \/>\nIl doit toujours \u00eatre associ\u00e9 \u00e0 des disjoncteurs appropri\u00e9s pour assurer la protection contre les surcharges et les courts-circuits.<br \/>\nCe courant nominal d\u00e9termine le maximum que le disjoncteur peut supporter en continu sans se d\u00e9clencher pour cause de surcharge, \u00e0 condition qu'il n'y ait pas de fuite \u00e0 la terre.<\/p>\n<p>Votre <strong>sensibilit\u00e9 de 30 milliamp\u00e8res (mA)<\/strong> est la valeur de protection standard recommand\u00e9e pour la protection des personnes contre les contacts indirects et les d\u00e9fauts d'isolation.<br \/>\nSi un d\u00e9faut \u00e0 la terre ou une fuite de courant de 30 mA ou plus est d\u00e9tect\u00e9, le disjoncteur diff\u00e9rentiel interrompt imm\u00e9diatement l'alimentation \u00e9lectrique afin de r\u00e9duire le risque de choc.  Cela permet d'\u00e9viter des blessures graves.<br \/>\nC'est la valeur standard requise dans les maisons, les bureaux, les petits magasins, les circuits de prises de courant et les zones humides (salles de bains, cuisines).<br \/>\nAvec 30 mA, on obtient un \u00e9quilibre parfait entre la s\u00e9curit\u00e9 et la continuit\u00e9 du service.<\/p>\n<h3>Protection de l'\u00e9lectronique moderne<\/h3>\n<p>Comme il s'agit d'un <strong>Diff\u00e9rentiel de classe A<\/strong>, est capable de d\u00e9tecter \u00e0 la fois les fuites de courant alternatif (CA) et les fuites de courant continu puls\u00e9 (CC puls\u00e9), qui se produisent fr\u00e9quemment dans les \u00e9quipements \u00e9lectroniques modernes et les sources de redressement.<\/p>\n<p>Un diff\u00e9rentiel de classe A peut identifier des fuites plus complexes qu'un diff\u00e9rentiel de base de classe AC, offrant ainsi une plus grande compatibilit\u00e9 avec les installations existantes.<br \/>\nCela renforce donc la s\u00e9curit\u00e9 et garantit une protection plus compl\u00e8te et plus efficace.<\/p>\n<p>En outre, il est particuli\u00e8rement recommand\u00e9 pour les installations comprenant des \u00e9quipements avec de l'\u00e9lectronique int\u00e9gr\u00e9e ou des charges non lin\u00e9aires, comme les appareils m\u00e9nagers modernes (lave-linge, lave-vaisselle, plaques \u00e0 induction), les ordinateurs, les t\u00e9l\u00e9viseurs, les \u00e9clairages LED avec pilotes, les chargeurs, les syst\u00e8mes de climatisation, les petits onduleurs, les convertisseurs de fr\u00e9quence simples et les \u00e9quipements informatiques ou contr\u00f4l\u00e9s par l'\u00e9lectronique.<\/p>\n<h3>Moins de tirs<\/h3>\n<p>Les <strong>technologie super-immunis\u00e9e<\/strong> incorpor\u00e9 dans ce diff\u00e9rentiel permet une plus grande r\u00e9sistance au bruit \u00e9lectrique ou aux perturbations \u00e9lectriques transitoires (pics de tension, harmoniques, petites interf\u00e9rences) dans le r\u00e9seau.<\/p>\n<p>Cela permet de r\u00e9duire les d\u00e9clenchements intempestifs et d'assurer une plus grande stabilit\u00e9 de l'alimentation sans compromettre la s\u00e9curit\u00e9.<br \/>\nIl est particuli\u00e8rement utile dans les maisons contenant beaucoup d'\u00e9lectronique, les bureaux, les magasins, les tableaux \u00e0 circuits multiples et les environnements o\u00f9 la stabilit\u00e9 de l'alimentation est importante.<\/p>\n<p>Le diff\u00e9rentiel super-immunis\u00e9 est une option hautement recommand\u00e9e lorsque la fiabilit\u00e9 et la continuit\u00e9 du service sont requises.<\/p>\n<h3>Robustesse dans des conditions exigeantes<\/h3>\n<p>Votre <strong>Pouvoir de coupure de 6 kA <\/strong>signifie que ce diff\u00e9rentiel est capable de r\u00e9sister et de fonctionner correctement dans des installations pr\u00e9sentant des niveaux de court-circuit courants dans les environnements r\u00e9sidentiels et commerciaux.<\/p>\n<p>Bien que le diff\u00e9rentiel ne remplace pas le disjoncteur pour la protection contre les courts-circuits, ce niveau de pouvoir de coupure garantit que l'\u00e9quipement est pr\u00eat \u00e0 fonctionner dans les tableaux de distribution d'une capacit\u00e9 standard de 6 000 amp\u00e8res.<\/p>\n<h3>Installation facile et conception pratique<\/h3>\n<p>Ce diff\u00e9rentiel est con\u00e7u pour <strong>Montage sur rail DIN<\/strong>, Il est facile et rapide \u00e0 installer dans n'importe quel panneau \u00e9lectrique standard ou modulaire.<\/p>\n<p>Votre <strong>conception compacte et robuste d'une largeur de 36 mm<\/strong> (18 mm par poteau) optimise l'espace disponible. <strong>BOUTON DE TEST<\/strong> pour v\u00e9rifier son bon fonctionnement et<strong> une signalisation visuelle de l'\u00e9tat (marche\/arr\u00eat)<\/strong>, Le circuit qu'il prot\u00e8ge peut \u00eatre facilement identifi\u00e9.<\/p>\n<p>En outre, il dispose d'une <strong>terminaux<\/strong> qui sont pr\u00e9par\u00e9s pour des c\u00e2bles de cette intensit\u00e9 (<strong>25mm\u00b2 en c\u00e2ble flexible et 35mm\u00b2 en c\u00e2ble rigide<\/strong>).<br \/>\nCela garantit des connexions solides, s\u00fbres et durables.<\/p>\n<p>Ces caract\u00e9ristiques facilitent l'installation et la maintenance.<\/p>\n<h2>Maxge Alpha+ 2P, 40A, 30mA fonctionnement diff\u00e9rentiel<\/h2>\n<p>Ce diff\u00e9rentiel a le fonctionnement interne suivant :<\/p>\n<ul>\n<li><strong>Contr\u00f4le permanent :<\/strong> Le diff\u00e9rentiel compare en temps r\u00e9el la somme des courants entrant par les phases et sortant par le neutre.<\/li>\n<li><strong>D\u00e9tection des fuites :<\/strong> Si la diff\u00e9rence est sup\u00e9rieure \u00e0 30 mA (indication d'une fuite \u00e0 la terre), le diff\u00e9rentiel interpr\u00e8te qu'une partie du courant passe par un chemin non d\u00e9sir\u00e9.<\/li>\n<li><strong>Mise \u00e0 feu imm\u00e9diate :<\/strong> Le diff\u00e9rentiel d\u00e9connecte le circuit en quelques millisecondes pour \u00e9viter tout contact dangereux ou d\u00e9part de feu.<\/li>\n<\/ul>\n<p>C'est le choix id\u00e9al pour les environnements o\u00f9 la s\u00e9curit\u00e9 et la continuit\u00e9 du service sont une priorit\u00e9, tels que les habitations fortement \u00e9lectrifi\u00e9es, les locaux commerciaux, les bureaux et les petites installations industrielles.<\/p>\n<p>Il est important de garder \u00e0 l'esprit que ce diff\u00e9rentiel doit \u00eatre install\u00e9 avec des disjoncteurs appropri\u00e9s.<\/p>\n<h2>Principaux avantages du Maxge Alpha+ 2P Diff\u00e9rentiel, 40A, 30mA<\/h2>\n<p>Les avantages de ce diff\u00e9rentiel sont les suivants :<\/p>\n<ul>\n<li><strong>Protection des personnes :<\/strong> sensibilit\u00e9 30 mA.<\/li>\n<li><strong>Classe A :<\/strong> c<span style=\"font-size: 16px\">Compatibilit\u00e9 sup\u00e9rieure avec les charges \u00e9lectroniques et convient aux \u00e9quipements \u00e9lectroniques modernes.<\/span><\/li>\n<li><strong>Superimmunis\u00e9 :<\/strong> moins de tirs inutiles, et de<span style=\"font-size: 16px\">immunit\u00e9 \u00e9lev\u00e9e aux transitoires et aux harmoniques<\/span><\/li>\n<li><strong>Courant nominal 40 A :<\/strong> convient pour les lignes g\u00e9n\u00e9rales.<\/li>\n<li><strong>Capacit\u00e9 de 6 kA :<\/strong> compatible avec les installations standard et les tableaux de distribution actuels.<\/li>\n<li><strong>Coupure simultan\u00e9e de la phase et du neutre<\/strong>.<\/li>\n<li><strong>Installation simple<\/strong> sur rail DIN.<\/li>\n<li><strong>Respect de la r\u00e9glementation<\/strong> et les normes de s\u00e9curit\u00e9 internationales.<\/li>\n<\/ul>\n<h2>Informations techniques du Maxge Alpha+ 2P, 40A, 30mA diff\u00e9rentiel. Classe A superimmunis\u00e9e. 6kA - EPRE2A040030<\/h2>\n<p><a href=\"https:\/\/fvcomponentes.com\/wp-content\/uploads\/2026\/02\/es_fichas-tecnicas_EPRE2A-20251104.pdf\" target=\"_blank\" rel=\"noopener\">Fiche technique Maxge Alpha+ 2P, 40A, 30mA diff\u00e9rentiel<\/a><\/p>","protected":false},"excerpt":{"rendered":"<ul>\n<li>Nombre de p\u00f4les : 2 p\u00f4les<\/li>\n<li>Courant nominal (In) : 40 amp\u00e8res<\/li>\n<li>Sensibilit\u00e9 : 30 mA<\/li>\n<li>Tension de fonctionnement : 240V AC<\/li>\n<li>Signalisation de l'\u00e9tat local<\/li>\n<li>Fen\u00eatre pour marqueur de circuit<\/li>\n<li>Connexion terminale pour les c\u00e2bles en cuivre : 25 mm\u00b2 (flexible) \/ 35 mm\u00b2 (rigide)<\/li>\n<li>Classe A : d\u00e9tecte les courants de fuite alternatifs et continus. Hautement immunis\u00e9.<\/li>\n<li>Courant de fuite hors fonctionnement : 0,5xIDn<\/li>\n<li>Dimensions : 36 mm de largeur (18 mm par p\u00f4le)<\/li>\n<li>Permet la fixation d'accessoires et d'appareils de contr\u00f4le<\/li>\n<li>Tension d'isolement (Ui) : 500VA<\/li>\n<li>Degr\u00e9 de pollution 3<\/li>\n<li>Tension d'impulsion (Uimp) : 4kV<\/li>\n<li>Double isolation classe 2<\/li>\n<li>Temp\u00e9rature de fonctionnement : -5 \u00b0C \u00e0 +40 \u00b0C<\/li>\n<li>Norme internationale : EN\/IEC60898-1<\/li>\n<\/ul>","protected":false},"featured_media":36695,"comment_status":"closed","ping_status":"closed","template":"","meta":{"site-sidebar-layout":"default","site-content-layout":"","ast-site-content-layout":"default","site-content-style":"default","site-sidebar-style":"default","ast-global-header-display":"","ast-banner-title-visibility":"","ast-main-header-display":"","ast-hfb-above-header-display":"","ast-hfb-below-header-display":"","ast-hfb-mobile-header-display":"","site-post-title":"","ast-breadcrumbs-content":"","ast-featured-img":"","footer-sml-layout":"","ast-disable-related-posts":"","theme-transparent-header-meta":"default","adv-header-id-meta":"","stick-header-meta":"","header-above-stick-meta":"","header-main-stick-meta":"","header-below-stick-meta":"","astra-migrate-meta-layouts":"set","ast-page-background-enabled":"default","ast-page-background-meta":{"desktop":{"background-color":"var(--ast-global-color-4)","background-image":"","background-repeat":"repeat","background-position":"center center","background-size":"auto","background-attachment":"scroll","background-type":"","background-media":"","overlay-type":"","overlay-color":"","overlay-opacity":"","overlay-gradient":""},"tablet":{"background-color":"","background-image":"","background-repeat":"repeat","background-position":"center center","background-size":"auto","background-attachment":"scroll","background-type":"","background-media":"","overlay-type":"","overlay-color":"","overlay-opacity":"","overlay-gradient":""},"mobile":{"background-color":"","background-image":"","background-repeat":"repeat","background-position":"center center","background-size":"auto","background-attachment":"scroll","background-type":"","background-media":"","overlay-type":"","overlay-color":"","overlay-opacity":"","overlay-gradient":""}},"ast-content-background-meta":{"desktop":{"background-color":"var(--ast-global-color-5)","background-image":"","background-repeat":"repeat","background-position":"center center","background-size":"auto","background-attachment":"scroll","background-type":"","background-media":"","overlay-type":"","overlay-color":"","overlay-opacity":"","overlay-gradient":""},"tablet":{"background-color":"var(--ast-global-color-5)","background-image":"","background-repeat":"repeat","background-position":"center center","background-size":"auto","background-attachment":"scroll","background-type":"","background-media":"","overlay-type":"","overlay-color":"","overlay-opacity":"","overlay-gradient":""},"mobile":{"background-color":"var(--ast-global-color-5)","background-image":"","background-repeat":"repeat","background-position":"center center","background-size":"auto","background-attachment":"scroll","background-type":"","background-media":"","overlay-type":"","overlay-color":"","overlay-opacity":"","overlay-gradient":""}}},"pwb-brand":[1018],"product_brand":[],"product_cat":[989,410],"product_tag":[],"class_list":{"0":"post-36146","1":"product","2":"type-product","3":"status-publish","4":"has-post-thumbnail","6":"pwb-brand-maxge","7":"product_cat-interruptores-diferenciales","8":"product_cat-material-electrico","9":"desktop-align-left","10":"tablet-align-left","11":"mobile-align-left","12":"ast-product-gallery-layout-horizontal-slider","13":"ast-product-gallery-with-no-image","14":"ast-product-tabs-layout-horizontal","16":"first","17":"instock","18":"taxable","19":"shipping-taxable","20":"purchasable","21":"product-type-simple"},"wcpa_form_fields":null,"brands":[{"id":1018,"name":"Protections \u00e9lectriques Maxge","slug":"maxge"}],"_links":{"self":[{"href":"https:\/\/fvcomponentes.com\/fr\/wp-json\/wp\/v2\/product\/36146","targetHints":{"allow":["GET"]}}],"collection":[{"href":"https:\/\/fvcomponentes.com\/fr\/wp-json\/wp\/v2\/product"}],"about":[{"href":"https:\/\/fvcomponentes.com\/fr\/wp-json\/wp\/v2\/types\/product"}],"replies":[{"embeddable":true,"href":"https:\/\/fvcomponentes.com\/fr\/wp-json\/wp\/v2\/comments?post=36146"}],"wp:featuredmedia":[{"embeddable":true,"href":"https:\/\/fvcomponentes.com\/fr\/wp-json\/wp\/v2\/media\/36695"}],"wp:attachment":[{"href":"https:\/\/fvcomponentes.com\/fr\/wp-json\/wp\/v2\/media?parent=36146"}],"wp:term":[{"taxonomy":"pwb-brand","embeddable":true,"href":"https:\/\/fvcomponentes.com\/fr\/wp-json\/wp\/v2\/pwb-brand?post=36146"},{"taxonomy":"product_brand","embeddable":true,"href":"https:\/\/fvcomponentes.com\/fr\/wp-json\/wp\/v2\/product_brand?post=36146"},{"taxonomy":"product_cat","embeddable":true,"href":"https:\/\/fvcomponentes.com\/fr\/wp-json\/wp\/v2\/product_cat?post=36146"},{"taxonomy":"product_tag","embeddable":true,"href":"https:\/\/fvcomponentes.com\/fr\/wp-json\/wp\/v2\/product_tag?post=36146"}],"curies":[{"name":"wp","href":"https:\/\/api.w.org\/{rel}","templated":true}]}}