{"id":36145,"date":"2026-01-24T10:18:19","date_gmt":"2026-01-24T09:18:19","guid":{"rendered":"https:\/\/fvcomponentes.com\/?post_type=product&#038;p=36145"},"modified":"2026-02-10T16:00:23","modified_gmt":"2026-02-10T15:00:23","slug":"magnetotermico-maxge-alpha-2p-40a-curva-c-6ka-epb63me2c40","status":"publish","type":"product","link":"https:\/\/fvcomponentes.com\/fr\/producto\/magnetotermico-maxge-alpha-2p-40a-curva-c-6ka-epb63me2c40\/","title":{"rendered":"Maxge Alpha+ 2P, 40A, courbe en C, 6kA - EPB63ME2C40"},"content":{"rendered":"<h2>Maxge Alpha+ 2P, 40A, courbe en C, 6kA - EPB63ME2C40<\/h2>\n<p>Le disjoncteur Maxge Alpha+ 2P, 40A est un disjoncteur magn\u00e9to-thermique con\u00e7u pour prot\u00e9ger les installations \u00e9lectriques monophas\u00e9es \u00e0 forte consommation contre les surcharges et les courts-circuits, en \u00e9tant une solution robuste et fiable.<\/p>\n<p>Ce disjoncteur est g\u00e9n\u00e9ralement utilis\u00e9 lorsqu'une protection s\u00fbre est requise sur des lignes principales monophas\u00e9es, des circuits d\u00e9di\u00e9s ou des \u00e9quipements de grande puissance, tant dans des locaux r\u00e9sidentiels que commerciaux. Il peut m\u00eame \u00eatre utilis\u00e9 dans des environnements industriels l\u00e9gers.<\/p>\n<p>En outre, il int\u00e8gre la protection thermique et magn\u00e9tique dans un seul dispositif, coupant le courant rapidement et pr\u00e9cis\u00e9ment lorsqu'il d\u00e9tecte une anomalie \u00e9lectrique et \u00e9vitant ainsi d'endommager le c\u00e2blage et l'\u00e9quipement connect\u00e9. Il r\u00e9duit \u00e9galement le risque d'incidents graves.<\/p>\n<h2>Caract\u00e9ristiques principales du disjoncteur Maxge Alpha+ 2P, 40A<\/h2>\n<h3>Protection compl\u00e8te des phases et du neutre<\/h3>\n<p>\u00catre un <strong>MCB \u00e0 2 p\u00f4les (2P)<\/strong>, Cet interrupteur d\u00e9connecte la phase et le neutre en m\u00eame temps, ce qui garantit une isolation totale du circuit lorsqu'il est d\u00e9clench\u00e9 manuellement ou mis hors tension.<br \/>\nCela offre beaucoup plus de s\u00e9curit\u00e9, en particulier lors des travaux de maintenance ou d'entretien au niveau du panneau de commande.<\/p>\n<p>Il s'agit d'une configuration largement utilis\u00e9e dans les lignes principales monophas\u00e9es, les circuits sp\u00e9cialis\u00e9s \u00e0 forte consommation d'\u00e9nergie, les \u00e9quipements \u00e9lectriques exigeants tels que les climatiseurs ou les machines l\u00e9g\u00e8res, et les installations o\u00f9 une coupure compl\u00e8te de l'alimentation est n\u00e9cessaire.<\/p>\n<h3>Charges \u00e0 forte demande<\/h3>\n<p>Avec un <strong>Courant nominal de 40 amp\u00e8res<\/strong>, Ce disjoncteur est con\u00e7u pour les circuits monophas\u00e9s \u00e0 forte charge ou \u00e0 forte consommation d'\u00e9nergie.<\/p>\n<p>Ce courant nominal est g\u00e9n\u00e9ralement utilis\u00e9 pour prot\u00e9ger les lignes principales monophas\u00e9es, les prises de courant \u00e0 usage intensif, les \u00e9quipements de climatisation, les appareils \u00e9lectriques de grande puissance et les machines.<\/p>\n<p>Pour autant que le c\u00e2blage soit correctement dimensionn\u00e9 et qu'une protection suppl\u00e9mentaire appropri\u00e9e soit utilis\u00e9e, le disjoncteur fonctionne de mani\u00e8re stable, fiable et sans probl\u00e8me.<\/p>\n<h3>Protection \u00e9quilibr\u00e9e et stable<\/h3>\n<p>Les <strong>courbe de cuisson C<\/strong> permet au disjoncteur de supporter des pointes de courant normales et mod\u00e9r\u00e9es, telles que celles qui se produisent lors du d\u00e9marrage des moteurs, des compresseurs ou de la mise en marche de certains \u00e9quipements \u00e9lectriques, ce qui l'emp\u00eache de se d\u00e9clencher inutilement.<\/p>\n<p>Cela se traduit par une plus grande continuit\u00e9 de l'approvisionnement, moins de pannes impr\u00e9vues, un plus grand confort d'utilisation et une protection efficace contre les surcharges r\u00e9elles et les courts-circuits.<br \/>\nEn d'autres termes, il s'agit d'une bonne protection pour les cas o\u00f9 elle est vraiment n\u00e9cessaire.<\/p>\n<p>Par cons\u00e9quent, la courbe C est l'une des courbes les plus couramment utilis\u00e9es dans les installations \u00e9lectriques g\u00e9n\u00e9rales.<\/p>\n<h3>R\u00e9sistance \u00e9lev\u00e9e aux courts-circuits<\/h3>\n<p>Les <strong>Pouvoir de coupure de 6 kA<\/strong> signifie que le disjoncteur peut interrompre en toute s\u00e9curit\u00e9 des courants de court-circuit importants, jusqu'\u00e0 6 000 amp\u00e8res, sans \u00eatre endommag\u00e9 ou perdre sa capacit\u00e9 de protection.<\/p>\n<p>Cette valeur convient aux habitations, aux locaux commerciaux, aux tableaux secondaires, aux installations \u00e9lectriques standard et aux circuits \u00e9loign\u00e9s du point de transformation.<\/p>\n<p>Il offre un niveau de protection quotidien et fiable pour la plupart des installations basse tension standard.<\/p>\n<h3>Installation facile et conception pratique<\/h3>\n<p>Le Maxge Alpha+ 2P, 40A est con\u00e7u pour <strong>Montage sur rail DIN<\/strong>, Il est facile et rapide \u00e0 installer dans n'importe quel panneau \u00e9lectrique standard ou modulaire.<\/p>\n<p>Votre <strong>conception compacte et robuste d'une largeur de 36 mm<\/strong> (18 mm par poteau) permet d'optimiser l'espace disponible. <strong>fen\u00eatre pour le marquage des circuits et la signalisation visuelle de l'\u00e9tat (marche\/arr\u00eat)<\/strong>, Le circuit qu'il prot\u00e8ge peut \u00eatre facilement identifi\u00e9.<\/p>\n<p>En outre, il dispose d'une <strong>terminaux<\/strong> qui sont pr\u00e9par\u00e9s pour des c\u00e2bles de cette intensit\u00e9 (<strong>25mm\u00b2 en c\u00e2ble flexible et 35mm\u00b2 en c\u00e2ble rigide<\/strong>).<br \/>\nCela garantit des connexions solides, s\u00fbres et durables.<\/p>\n<p>Ces caract\u00e9ristiques facilitent l'installation et la maintenance.<\/p>\n<h2>Maxge Alpha+ 2P, 40A, courbe en C, 6kA - EPB63ME2C40 - Fonctionnement et applications<\/h2>\n<p>Ce disjoncteur prot\u00e8ge l'installation au moyen de deux syst\u00e8mes compl\u00e9mentaires :<\/p>\n<ul>\n<li><strong>Protection thermique (surcharge) :<\/strong> agit en coupant le courant en cas de surcharge prolong\u00e9e, \u00e9vitant ainsi la surchauffe des c\u00e2bles et d'\u00e9ventuels dommages \u00e0 l'installation.<\/li>\n<li><strong>Protection magn\u00e9tique (court-circuit) :<\/strong> agit presque instantan\u00e9ment <span style=\"font-size: 16px\">en cas de fort court-circuit, coupant l'alimentation et prot\u00e9geant l'installation et l'\u00e9quipement connect\u00e9.<\/span><\/li>\n<\/ul>\n<p>C'est un interrupteur id\u00e9al pour les tableaux r\u00e9sidentiels \u00e0 forte demande, les locaux commerciaux, les lignes principales monophas\u00e9es et les circuits d\u00e9di\u00e9s aux \u00e9quipements \u00e0 forte consommation.<\/p>\n<h2>Principaux avantages de Maxge Alpha+ 2P, 40A<\/h2>\n<p>Les avantages de ce disjoncteur sont les suivants :<\/p>\n<ul>\n<li>Protection compl\u00e8te et coupure simultan\u00e9e de la phase et du neutre.<\/li>\n<li>Il a un courant nominal de 40 A, id\u00e9al pour les circuits monophas\u00e9s exigeants ou \u00e0 forte consommation.<\/li>\n<li>Courbe C \u00e9quilibr\u00e9e et polyvalente, sans d\u00e9clenchements inutiles et g\u00eanants.<\/li>\n<li>Pouvoir de coupure de 6 kA, adapt\u00e9 \u00e0 un usage domestique et commercial.<\/li>\n<li>Installation facile sur rail DIN et maintenance ais\u00e9e.<\/li>\n<li>Conception compacte, robuste et fiable.<\/li>\n<li>Respect des normes de qualit\u00e9 internationales.<\/li>\n<\/ul>\n<h2>Informations techniques concernant Maxge Alpha+ 2P, 40A, courbe en C, 6kA - EPB63ME2C40<\/h2>\n<p><a href=\"https:\/\/fvcomponentes.com\/wp-content\/uploads\/2026\/02\/es_fichas-tecnicas_EPB63Me-20251104.pdf\" target=\"_blank\" rel=\"noopener\">Maxge Alpha+ 2P, 40A, fiche technique Maxge Alpha+ 2P, 40A<\/a><\/p>","protected":false},"excerpt":{"rendered":"<ul>\n<li>Configuration : 2 p\u00f4les<\/li>\n<li>Tension de fonctionnement : 415V AC<\/li>\n<li>Courant nominal : 40 amp\u00e8res<\/li>\n<li>Pouvoir de coupure : 6kA<\/li>\n<li>Norme internationale EN\/IEC60898-1<\/li>\n<li>Signalisation de l'\u00e9tat local<\/li>\n<li>Fen\u00eatre pour marqueur de circuit<\/li>\n<li>Dimensions : 36 mm (18 mm par p\u00f4le)<\/li>\n<li>Connexion terminale pour les c\u00e2bles en cuivre : 25mm\u00b2 pour les c\u00e2bles flexibles et 35mm\u00b2 pour les c\u00e2bles rigides<\/li>\n<li>Tension d'isolation (Ui) 500VA<\/li>\n<li>Degr\u00e9 de pollution 3<\/li>\n<li>Tension d'impulsion (Uimp) 4kV<\/li>\n<li>Double isolation classe 2<\/li>\n<li>Convient pour le sectionnement<\/li>\n<li>Temp\u00e9rature de travail : de -5\u00baC \u00e0 + 40\u00baC.<\/li>\n<li>Non-accessible (sauf cadenassable)<\/li>\n<\/ul>","protected":false},"featured_media":36670,"comment_status":"closed","ping_status":"closed","template":"","meta":{"site-sidebar-layout":"default","site-content-layout":"","ast-site-content-layout":"default","site-content-style":"default","site-sidebar-style":"default","ast-global-header-display":"","ast-banner-title-visibility":"","ast-main-header-display":"","ast-hfb-above-header-display":"","ast-hfb-below-header-display":"","ast-hfb-mobile-header-display":"","site-post-title":"","ast-breadcrumbs-content":"","ast-featured-img":"","footer-sml-layout":"","ast-disable-related-posts":"","theme-transparent-header-meta":"default","adv-header-id-meta":"","stick-header-meta":"","header-above-stick-meta":"","header-main-stick-meta":"","header-below-stick-meta":"","astra-migrate-meta-layouts":"set","ast-page-background-enabled":"default","ast-page-background-meta":{"desktop":{"background-color":"var(--ast-global-color-4)","background-image":"","background-repeat":"repeat","background-position":"center center","background-size":"auto","background-attachment":"scroll","background-type":"","background-media":"","overlay-type":"","overlay-color":"","overlay-opacity":"","overlay-gradient":""},"tablet":{"background-color":"","background-image":"","background-repeat":"repeat","background-position":"center center","background-size":"auto","background-attachment":"scroll","background-type":"","background-media":"","overlay-type":"","overlay-color":"","overlay-opacity":"","overlay-gradient":""},"mobile":{"background-color":"","background-image":"","background-repeat":"repeat","background-position":"center center","background-size":"auto","background-attachment":"scroll","background-type":"","background-media":"","overlay-type":"","overlay-color":"","overlay-opacity":"","overlay-gradient":""}},"ast-content-background-meta":{"desktop":{"background-color":"var(--ast-global-color-5)","background-image":"","background-repeat":"repeat","background-position":"center center","background-size":"auto","background-attachment":"scroll","background-type":"","background-media":"","overlay-type":"","overlay-color":"","overlay-opacity":"","overlay-gradient":""},"tablet":{"background-color":"var(--ast-global-color-5)","background-image":"","background-repeat":"repeat","background-position":"center center","background-size":"auto","background-attachment":"scroll","background-type":"","background-media":"","overlay-type":"","overlay-color":"","overlay-opacity":"","overlay-gradient":""},"mobile":{"background-color":"var(--ast-global-color-5)","background-image":"","background-repeat":"repeat","background-position":"center center","background-size":"auto","background-attachment":"scroll","background-type":"","background-media":"","overlay-type":"","overlay-color":"","overlay-opacity":"","overlay-gradient":""}}},"pwb-brand":[1018],"product_brand":[],"product_cat":[990,410],"product_tag":[],"class_list":{"0":"post-36145","1":"product","2":"type-product","3":"status-publish","4":"has-post-thumbnail","6":"pwb-brand-maxge","7":"product_cat-magnetotermicos","8":"product_cat-material-electrico","9":"desktop-align-left","10":"tablet-align-left","11":"mobile-align-left","12":"ast-product-gallery-layout-horizontal-slider","13":"ast-product-gallery-with-no-image","14":"ast-product-tabs-layout-horizontal","16":"first","17":"instock","18":"taxable","19":"shipping-taxable","20":"purchasable","21":"product-type-simple"},"wcpa_form_fields":null,"brands":[{"id":1018,"name":"Protections \u00e9lectriques Maxge","slug":"maxge"}],"_links":{"self":[{"href":"https:\/\/fvcomponentes.com\/fr\/wp-json\/wp\/v2\/product\/36145","targetHints":{"allow":["GET"]}}],"collection":[{"href":"https:\/\/fvcomponentes.com\/fr\/wp-json\/wp\/v2\/product"}],"about":[{"href":"https:\/\/fvcomponentes.com\/fr\/wp-json\/wp\/v2\/types\/product"}],"replies":[{"embeddable":true,"href":"https:\/\/fvcomponentes.com\/fr\/wp-json\/wp\/v2\/comments?post=36145"}],"wp:featuredmedia":[{"embeddable":true,"href":"https:\/\/fvcomponentes.com\/fr\/wp-json\/wp\/v2\/media\/36670"}],"wp:attachment":[{"href":"https:\/\/fvcomponentes.com\/fr\/wp-json\/wp\/v2\/media?parent=36145"}],"wp:term":[{"taxonomy":"pwb-brand","embeddable":true,"href":"https:\/\/fvcomponentes.com\/fr\/wp-json\/wp\/v2\/pwb-brand?post=36145"},{"taxonomy":"product_brand","embeddable":true,"href":"https:\/\/fvcomponentes.com\/fr\/wp-json\/wp\/v2\/product_brand?post=36145"},{"taxonomy":"product_cat","embeddable":true,"href":"https:\/\/fvcomponentes.com\/fr\/wp-json\/wp\/v2\/product_cat?post=36145"},{"taxonomy":"product_tag","embeddable":true,"href":"https:\/\/fvcomponentes.com\/fr\/wp-json\/wp\/v2\/product_tag?post=36145"}],"curies":[{"name":"wp","href":"https:\/\/api.w.org\/{rel}","templated":true}]}}