{"id":36143,"date":"2026-01-24T10:16:57","date_gmt":"2026-01-24T09:16:57","guid":{"rendered":"https:\/\/fvcomponentes.com\/?post_type=product&#038;p=36143"},"modified":"2026-02-10T14:55:07","modified_gmt":"2026-02-10T13:55:07","slug":"magnetotermico-maxge-alpha-2p-25a-curva-c-6ka-epb63me2c25","status":"publish","type":"product","link":"https:\/\/fvcomponentes.com\/fr\/producto\/magnetotermico-maxge-alpha-2p-25a-curva-c-6ka-epb63me2c25\/","title":{"rendered":"Maxge Alpha+ 2P, 25A, courbe en C, 6kA - EPB63ME2C25"},"content":{"rendered":"<h2>Maxge Alpha+ 2P, 25A, courbe en C, 6kA - EPB63ME2C25<\/h2>\n<p>Le disjoncteur Maxge Alpha+ 2P, 25A est un disjoncteur magn\u00e9to-thermique con\u00e7u pour prot\u00e9ger les circuits monophas\u00e9s contre les surcharges et les courts-circuits.<br \/>\nIl offre une solution s\u00fbre et fiable pour les installations \u00e9lectriques o\u00f9 des charges moyennes et \u00e9lev\u00e9es sont manipul\u00e9es.<\/p>\n<p>Gr\u00e2ce \u00e0 sa configuration bipolaire (2P), son courant nominal de 25 A, sa courbe de d\u00e9clenchement C et son pouvoir de coupure de 6 kA, c'est un appareil tr\u00e8s utilis\u00e9 dans les habitations.<br \/>\nIl est \u00e9galement utilis\u00e9 dans les locaux commerciaux et les applications tertiaires n\u00e9cessitant une protection robuste.<\/p>\n<p>Ce disjoncteur int\u00e8gre la protection thermique et la protection magn\u00e9tique dans une seule unit\u00e9, agissant automatiquement lorsqu'une anomalie \u00e9lectrique se produit.<br \/>\nCela \u00e9vite d'endommager le c\u00e2blage et les \u00e9quipements connect\u00e9s, et r\u00e9duit le risque de pannes ou d'incendies.<\/p>\n<h2>Caract\u00e9ristiques principales du disjoncteur Maxge Alpha+ 2P, 25A<\/h2>\n<h3>Protection compl\u00e8te des phases et du neutre<\/h3>\n<p>\u00catre originaire de<strong> 2 p\u00f4les (2P)<\/strong>, Ce disjoncteur prot\u00e8ge et d\u00e9connecte la phase et le neutre en m\u00eame temps. Cela garantit que le circuit est compl\u00e8tement isol\u00e9 lorsque le disjoncteur est d\u00e9clench\u00e9 manuellement ou mis hors tension.<br \/>\nIl augmente donc la s\u00e9curit\u00e9 lors des travaux d'entretien ou de r\u00e9vision du panneau de contr\u00f4le.<\/p>\n<p>Ce type de protection est particuli\u00e8rement recommand\u00e9 dans les installations monophas\u00e9es, les circuits d'\u00e9clairage, les prises sp\u00e9cifiques et les lignes de prises \u00e0 consommation mod\u00e9r\u00e9e. Egalement dans les circuits auxiliaires et de contr\u00f4le, et dans les installations o\u00f9 une coupure totale du circuit est n\u00e9cessaire.<\/p>\n<h3>Circuits exigeants<\/h3>\n<p>Avec un <strong>Courant nominal de 25 amp\u00e8res<\/strong>, Ce disjoncteur est con\u00e7u pour les lignes ayant une consommation plus \u00e9lev\u00e9e que les circuits standard de 16 A ou 20 A.<\/p>\n<p>Il prot\u00e8ge g\u00e9n\u00e9ralement les prises de courant et les lignes destin\u00e9es aux appareils puissants.<br \/>\nEn outre, il est utilis\u00e9 dans les petites unit\u00e9s de climatisation et les circuits avec plusieurs r\u00e9cepteurs fonctionnant simultan\u00e9ment.<\/p>\n<p>A condition que l'installation soit correctement dimensionn\u00e9e (section de c\u00e2ble ad\u00e9quate et protections suppl\u00e9mentaires).<span style=\"font-size: 16px\">, Le disjoncteur assure un fonctionnement stable et s\u00fbr, sans coupures inutiles.<\/span><\/p>\n<h3>Stabilit\u00e9 sans d\u00e9clenchement intempestif<\/h3>\n<p>Les <strong>courbe de cuisson C<\/strong> permet au disjoncteur de supporter des pointes de courant mod\u00e9r\u00e9es, telles que celles qui se produisent lors de la mise en marche de certains appareils \u00e9lectriques, sans provoquer de d\u00e9clenchement inutile.<\/p>\n<p>Cela signifie moins de pannes impr\u00e9vues, une plus grande facilit\u00e9 d'utilisation et une bonne protection contre les surcharges r\u00e9elles et les courts-circuits.<\/p>\n<p>C'est pourquoi la courbe en C est l'une des courbes les plus couramment utilis\u00e9es dans les installations g\u00e9n\u00e9rales.<\/p>\n<h3>Haute r\u00e9sistance<\/h3>\n<p>Votre <strong>Pouvoir de coupure de 6 kA<\/strong> signifie que ce disjoncteur est capable d'interrompre en toute s\u00e9curit\u00e9 des courants de court-circuit allant jusqu'\u00e0 6 000 amp\u00e8res sans dommage ni perte des propri\u00e9t\u00e9s de protection.<\/p>\n<p>Ce niveau de pouvoir de coupure est plus que suffisant pour les habitations, les locaux commerciaux, les tableaux secondaires et les circuits \u00e9loign\u00e9s du point de transformation.<\/p>\n<p>En d'autres termes, ce disjoncteur offre un niveau de protection fiable pour une utilisation quotidienne.<\/p>\n<h3>Installation rapide et conception pratique<\/h3>\n<p>Le Maxge Alpha+ 2P, 25A est destin\u00e9 \u00e0 <strong>Montage sur rail DIN<\/strong>. Il est donc facile et rapide \u00e0 installer dans n'importe quel panneau \u00e9lectrique standard.<\/p>\n<p>Votre <strong>conception compacte de 36 mm de large<\/strong> (18 mm par poteau), permet d'optimiser l'espace disponible dans le cadre et pr\u00e9sente les caract\u00e9ristiques suivantes <strong>fen\u00eatre pour marqueur de circuit<\/strong> y <strong>une signalisation visuelle de l'\u00e9tat (marche\/arr\u00eat)<\/strong>, Le circuit qu'il prot\u00e8ge peut \u00eatre facilement identifi\u00e9.<\/p>\n<p>En outre, il dispose d'une <strong>terminaux<\/strong> qui sont pr\u00e9par\u00e9s pour les c\u00e2bles adapt\u00e9s \u00e0 ce courant (<strong>16mm\u00b2 en c\u00e2ble flexible et 25mm\u00b2 en c\u00e2ble rigide<\/strong>).<br \/>\nCela garantit des connexions solides et s\u00fbres.<\/p>\n<h2>Maxge Alpha+ 2P, 25A, courbe en C, 6kA - EPB63ME2C25 - Fonctionnement et applications<\/h2>\n<p>Ce disjoncteur prot\u00e8ge le circuit au moyen de deux syst\u00e8mes compl\u00e9mentaires :<\/p>\n<ul>\n<li><strong>Protection thermique (surcharge) :<\/strong> agit lorsque le courant d\u00e9passe les valeurs de s\u00e9curit\u00e9 pendant une p\u00e9riode prolong\u00e9e, \u00e9vitant ainsi un \u00e9chauffement excessif des conducteurs et d'\u00e9ventuels dommages \u00e0 l'\u00e9quipement ou un risque d'incendie.<\/li>\n<li><strong>Protection magn\u00e9tique (court-circuit) :<\/strong> r\u00e9pond presque instantan\u00e9ment \u00e0 des courants tr\u00e8s \u00e9lev\u00e9s, coupant l'alimentation et prot\u00e9geant l'installation contre des d\u00e9fauts graves.<\/li>\n<\/ul>\n<p>Il est id\u00e9al pour les tableaux de distribution r\u00e9sidentiels, les petits magasins et les bureaux, les circuits de prise de courant \u00e0 haute consommation et la protection sp\u00e9cifique des lignes monophas\u00e9es exigeantes.<\/p>\n<h2>Principaux avantages du disjoncteur Maxge Alpha+ 2P, 25A<\/h2>\n<p>Ce disjoncteur pr\u00e9sente les avantages suivants :<\/p>\n<ul>\n<li>Protection compl\u00e8te des phases et du neutre.<\/li>\n<li>Il dispose de 25 A, id\u00e9al pour les circuits monophas\u00e9s \u00e0 forte demande.<\/li>\n<li>Courbe C \u00e9quilibr\u00e9e et polyvalente.<\/li>\n<li>Pouvoir de coupure de 6 kA, adapt\u00e9 \u00e0 un usage domestique et commercial.<\/li>\n<li>Installation facile sur rail DIN et maintenance ais\u00e9e.<\/li>\n<li>Conception compacte, robuste et fiable.<\/li>\n<li>Respect des normes de qualit\u00e9 internationales.<\/li>\n<\/ul>\n<h2>Informations techniques concernant Maxge Alpha+ 2P, 25A, courbe C 6kA - EPB63ME2C25<\/h2>\n<p><a href=\"https:\/\/fvcomponentes.com\/wp-content\/uploads\/2026\/02\/es_fichas-tecnicas_EPB63Me-20251104.pdf\" target=\"_blank\" rel=\"noopener\">Fiche technique Maxge Alpha+ 2P, 25A, Magnetotermico Maxge Alpha+ 2P, 25A<\/a><\/p>","protected":false},"excerpt":{"rendered":"<ul>\n<li>Configuration : 2 p\u00f4les<\/li>\n<li>Tension de fonctionnement : 415V AC<\/li>\n<li>Courant nominal : 25 amp\u00e8res<\/li>\n<li>Pouvoir de coupure : 6kA<\/li>\n<li>Norme internationale EN\/IEC60898-1<\/li>\n<li>Signalisation de l'\u00e9tat local<\/li>\n<li>Fen\u00eatre pour marqueur de circuit<\/li>\n<li>Dimensions : 36 mm (18 mm par p\u00f4le)<\/li>\n<li>Connexion terminale pour les c\u00e2bles en cuivre : 16mm\u00b2 pour les c\u00e2bles flexibles et 25mm\u00b2 pour les c\u00e2bles rigides<\/li>\n<li>Tension d'isolation (Ui) 500VA<\/li>\n<li>Degr\u00e9 de pollution 3<\/li>\n<li>Tension d'impulsion (Uimp) 4kV<\/li>\n<li>Double isolation classe 2<\/li>\n<li>Convient pour le sectionnement<\/li>\n<li>Temp\u00e9rature de travail : de -5\u00baC \u00e0 + 40\u00baC.<\/li>\n<li>Non-accessible (sauf cadenassable)<\/li>\n<\/ul>","protected":false},"featured_media":36667,"comment_status":"closed","ping_status":"closed","template":"","meta":{"site-sidebar-layout":"default","site-content-layout":"","ast-site-content-layout":"default","site-content-style":"default","site-sidebar-style":"default","ast-global-header-display":"","ast-banner-title-visibility":"","ast-main-header-display":"","ast-hfb-above-header-display":"","ast-hfb-below-header-display":"","ast-hfb-mobile-header-display":"","site-post-title":"","ast-breadcrumbs-content":"","ast-featured-img":"","footer-sml-layout":"","ast-disable-related-posts":"","theme-transparent-header-meta":"default","adv-header-id-meta":"","stick-header-meta":"","header-above-stick-meta":"","header-main-stick-meta":"","header-below-stick-meta":"","astra-migrate-meta-layouts":"set","ast-page-background-enabled":"default","ast-page-background-meta":{"desktop":{"background-color":"var(--ast-global-color-4)","background-image":"","background-repeat":"repeat","background-position":"center center","background-size":"auto","background-attachment":"scroll","background-type":"","background-media":"","overlay-type":"","overlay-color":"","overlay-opacity":"","overlay-gradient":""},"tablet":{"background-color":"","background-image":"","background-repeat":"repeat","background-position":"center center","background-size":"auto","background-attachment":"scroll","background-type":"","background-media":"","overlay-type":"","overlay-color":"","overlay-opacity":"","overlay-gradient":""},"mobile":{"background-color":"","background-image":"","background-repeat":"repeat","background-position":"center center","background-size":"auto","background-attachment":"scroll","background-type":"","background-media":"","overlay-type":"","overlay-color":"","overlay-opacity":"","overlay-gradient":""}},"ast-content-background-meta":{"desktop":{"background-color":"var(--ast-global-color-5)","background-image":"","background-repeat":"repeat","background-position":"center center","background-size":"auto","background-attachment":"scroll","background-type":"","background-media":"","overlay-type":"","overlay-color":"","overlay-opacity":"","overlay-gradient":""},"tablet":{"background-color":"var(--ast-global-color-5)","background-image":"","background-repeat":"repeat","background-position":"center center","background-size":"auto","background-attachment":"scroll","background-type":"","background-media":"","overlay-type":"","overlay-color":"","overlay-opacity":"","overlay-gradient":""},"mobile":{"background-color":"var(--ast-global-color-5)","background-image":"","background-repeat":"repeat","background-position":"center center","background-size":"auto","background-attachment":"scroll","background-type":"","background-media":"","overlay-type":"","overlay-color":"","overlay-opacity":"","overlay-gradient":""}}},"pwb-brand":[1018],"product_brand":[],"product_cat":[990,410],"product_tag":[],"class_list":{"0":"post-36143","1":"product","2":"type-product","3":"status-publish","4":"has-post-thumbnail","6":"pwb-brand-maxge","7":"product_cat-magnetotermicos","8":"product_cat-material-electrico","9":"desktop-align-left","10":"tablet-align-left","11":"mobile-align-left","12":"ast-product-gallery-layout-horizontal-slider","13":"ast-product-gallery-with-no-image","14":"ast-product-tabs-layout-horizontal","16":"first","17":"instock","18":"taxable","19":"shipping-taxable","20":"purchasable","21":"product-type-simple"},"wcpa_form_fields":null,"brands":[{"id":1018,"name":"Protections \u00e9lectriques Maxge","slug":"maxge"}],"_links":{"self":[{"href":"https:\/\/fvcomponentes.com\/fr\/wp-json\/wp\/v2\/product\/36143","targetHints":{"allow":["GET"]}}],"collection":[{"href":"https:\/\/fvcomponentes.com\/fr\/wp-json\/wp\/v2\/product"}],"about":[{"href":"https:\/\/fvcomponentes.com\/fr\/wp-json\/wp\/v2\/types\/product"}],"replies":[{"embeddable":true,"href":"https:\/\/fvcomponentes.com\/fr\/wp-json\/wp\/v2\/comments?post=36143"}],"wp:featuredmedia":[{"embeddable":true,"href":"https:\/\/fvcomponentes.com\/fr\/wp-json\/wp\/v2\/media\/36667"}],"wp:attachment":[{"href":"https:\/\/fvcomponentes.com\/fr\/wp-json\/wp\/v2\/media?parent=36143"}],"wp:term":[{"taxonomy":"pwb-brand","embeddable":true,"href":"https:\/\/fvcomponentes.com\/fr\/wp-json\/wp\/v2\/pwb-brand?post=36143"},{"taxonomy":"product_brand","embeddable":true,"href":"https:\/\/fvcomponentes.com\/fr\/wp-json\/wp\/v2\/product_brand?post=36143"},{"taxonomy":"product_cat","embeddable":true,"href":"https:\/\/fvcomponentes.com\/fr\/wp-json\/wp\/v2\/product_cat?post=36143"},{"taxonomy":"product_tag","embeddable":true,"href":"https:\/\/fvcomponentes.com\/fr\/wp-json\/wp\/v2\/product_tag?post=36143"}],"curies":[{"name":"wp","href":"https:\/\/api.w.org\/{rel}","templated":true}]}}