{"id":36142,"date":"2026-01-24T10:15:56","date_gmt":"2026-01-24T09:15:56","guid":{"rendered":"https:\/\/fvcomponentes.com\/?post_type=product&#038;p=36142"},"modified":"2026-02-10T14:53:55","modified_gmt":"2026-02-10T13:53:55","slug":"magnetotermico-maxge-alpha-2p-20a-curva-c-6ka-epb63me2c20","status":"publish","type":"product","link":"https:\/\/fvcomponentes.com\/fr\/producto\/magnetotermico-maxge-alpha-2p-20a-curva-c-6ka-epb63me2c20\/","title":{"rendered":"Maxge Alpha+ 2P, 20A, courbe en C, 6kA - EPB63ME2C20"},"content":{"rendered":"<h2>Maxge Alpha+ 2P, 20A, courbe en C, 6kA - EPB63ME2C20<\/h2>\n<p>Le disjoncteur Maxge Alpha+ 2P, 20A est un disjoncteur con\u00e7u pour prot\u00e9ger facilement et efficacement les circuits monophas\u00e9s contre les surcharges et les courts-circuits, offrant une solution s\u00fbre, fiable et facile \u00e0 int\u00e9grer dans tous les types de panneaux \u00e9lectriques.<\/p>\n<p>Gr\u00e2ce \u00e0 sa configuration bipolaire (2P), son courant nominal de 20 A, sa courbe de d\u00e9clenchement C et son pouvoir de coupure de 6 kA, c'est un disjoncteur largement utilis\u00e9 dans les installations domestiques, commerciales et tertiaires, id\u00e9al pour les lignes \u00e0 consommation moyenne-\u00e9lev\u00e9e, o\u00f9 une protection stable et continue est n\u00e9cessaire.<\/p>\n<p>Ce disjoncteur combine la protection thermique et la protection magn\u00e9tique en un seul dispositif, ce qui permet de couper l'alimentation \u00e9lectrique lorsqu'une anomalie de courant est d\u00e9tect\u00e9e, \u00e9vitant ainsi d'endommager le c\u00e2blage, les \u00e9quipements connect\u00e9s et r\u00e9duisant le risque de pannes ou d'accidents \u00e9lectriques.<\/p>\n<h2>Principales caract\u00e9ristiques du disjoncteur miniature Maxge Alpha+ 2P, 20A<\/h2>\n<h3>Protection totale contre les effets de la bipolarit\u00e9<\/h3>\n<p>\u00catre un <strong>MCB \u00e0 2 p\u00f4les (2P)<\/strong>, La phase et le neutre sont prot\u00e9g\u00e9s en m\u00eame temps.<br \/>\nCela permet d'isoler totalement le circuit lorsque le disjoncteur est d\u00e9clench\u00e9 ou d\u00e9connect\u00e9 manuellement, ce qui accro\u00eet la s\u00e9curit\u00e9 pendant les travaux d'entretien et r\u00e9duit les risques \u00e9lectriques.<\/p>\n<p>Cette configuration est particuli\u00e8rement adapt\u00e9e aux circuits monophas\u00e9s sensibles, aux lignes de contr\u00f4le et de commande, aux circuits auxiliaires, aux automatismes, aux \u00e9clairages ponctuels ou techniques, aux petits \u00e9quipements \u00e9lectroniques et aux installations o\u00f9 le neutre doit \u00eatre coup\u00e9 en m\u00eame temps que la phase.<\/p>\n<h3>Charges plus exigeantes<\/h3>\n<p>Avec un <strong>Courant nominal de 20 amp\u00e8res<\/strong>, Ce disjoncteur est con\u00e7u pour les circuits qui supportent des charges sup\u00e9rieures aux 16 A habituels, tels que les lignes sp\u00e9cialis\u00e9es ou les prises sp\u00e9cifiques.<\/p>\n<p>Il est tr\u00e8s courant de le voir prot\u00e9ger des prises tr\u00e8s utilis\u00e9es, des lignes d\u00e9di\u00e9es \u00e0 certains appareils m\u00e9nagers, des petits \u00e9quipements de climatisation, des circuits avec plusieurs r\u00e9cepteurs fonctionnant simultan\u00e9ment.<\/p>\n<p>A condition que les c\u00e2bles soient correctement dimensionn\u00e9s, ce disjoncteur garantit un fonctionnement s\u00fbr, stable et continu du circuit.<\/p>\n<h3>\u00c9quilibre entre protection et stabilit\u00e9<\/h3>\n<p>Le disjoncteur Maxge Alpha+ 2P, 20A incorpore un dispositif de protection contre l'incendie. <strong>courbe de cuisson C<\/strong>. Il est con\u00e7u pour tol\u00e9rer des pointes de courant mod\u00e9r\u00e9es sans provoquer de d\u00e9clenchement intempestif.<\/p>\n<p>La courbe C offre un \u00e9quilibre optimal entre sensibilit\u00e9 et stabilit\u00e9, assurant une protection efficace contre les surintensit\u00e9s dangereuses sans affecter le fonctionnement normal de l'installation.<\/p>\n<p>Cela permet de r\u00e9duire les tirs parasites.<br \/>\nEn outre, l'installation est plus stable et une bonne protection contre les surcharges r\u00e9elles et les courts-circuits est maintenue.<\/p>\n<p>Il convient donc aux circuits \u00e0 charges g\u00e9n\u00e9rales et mixtes, aux moteurs de petite et moyenne taille, aux d\u00e9marreurs, aux transformateurs, \u00e0 la ventilation, aux pompes, \u00e0 la climatisation, aux \u00e9quipements \u00e9lectroniques et aux alimentations, \u00e0 l'\u00e9clairage et aux prises triphas\u00e9es, ainsi qu'aux \u00e9quipements qui peuvent pr\u00e9senter des pics de d\u00e9marrage (sans \u00eatre extr\u00eames).<\/p>\n<h3>R\u00e9sistance \u00e9lev\u00e9e aux courts-circuits<\/h3>\n<p>Votre <strong>Pouvoir de coupure de 6 kA<\/strong> signifie qu'il peut interrompre en toute s\u00e9curit\u00e9 des courts-circuits importants allant jusqu'\u00e0 6 000 amp\u00e8res sans dommage ni perte de propri\u00e9t\u00e9s.<\/p>\n<p>C'est plus que suffisant pour les maisons, les locaux commerciaux, les tableaux secondaires et les circuits \u00e9loign\u00e9s du transformateur.<\/p>\n<p>Il offre un bon niveau de s\u00e9curit\u00e9 et de protection pour la plupart des installations basse tension courantes.<\/p>\n<h3>Installation facile et conception compacte<\/h3>\n<p>Le Maxge Alpha+ 2P, 20A est con\u00e7u pour <strong>Montage sur rail DIN<\/strong>, Cela permet une installation rapide et ordonn\u00e9e sur n'importe quel cadre standard.<\/p>\n<p>Votre <strong>terminaux<\/strong> sont pr\u00eats \u00e0 accepter des c\u00e2bles dont la section est adapt\u00e9e \u00e0 ce courant nominal (<strong>16mm\u00b2 en c\u00e2ble flexible et 25mm\u00b2 en c\u00e2ble rigide<\/strong>). Cela garantit des connexions solides et s\u00fbres, sans surchauffe ni faux contacts.<\/p>\n<p>En outre, il dispose d'une <strong>conception compacte de 36 mm de large<\/strong> (18 mm par poteau), et il pr\u00e9sente les caract\u00e9ristiques suivantes <strong>fen\u00eatre pour marqueur de circuit<\/strong> y <strong>une signalisation visuelle de l'\u00e9tat (marche\/arr\u00eat)<\/strong>, Le circuit qu'il prot\u00e8ge peut \u00eatre facilement identifi\u00e9.<br \/>\nIl permet donc un diagnostic rapide et est tr\u00e8s facile \u00e0 entretenir.<\/p>\n<h2>Maxge Alpha+ 2P, 20A, courbe en C, 6kA - EPB63ME2C20 - Fonctionnement et applications<\/h2>\n<p>Ce disjoncteur prot\u00e8ge le circuit de deux mani\u00e8res :<\/p>\n<ul>\n<li><strong>Protection thermique (surcharge) :<\/strong> coupe le courant en cas de surcharge prolong\u00e9e, \u00e9vitant ainsi la surchauffe des c\u00e2bles et l'endommagement \u00e9ventuel de l'installation.<\/li>\n<li><strong>Protection magn\u00e9tique (court-circuit) :<\/strong> agit presque instantan\u00e9ment en cas de court-circuit important. Dans ce cas, le disjoncteur coupe l'alimentation \u00e9lectrique et prot\u00e8ge \u00e0 la fois l'installation et l'\u00e9quipement connect\u00e9.<\/li>\n<\/ul>\n<p>Il s'agit d'une solution id\u00e9ale pour les tableaux de distribution dans les maisons, les petits magasins et les bureaux, les circuits de prise de courant \u00e0 forte demande et la protection sp\u00e9cifique des lignes monophas\u00e9es.<\/p>\n<h2>Principaux avantages de Maxge Alpha+ 2P, 20A<\/h2>\n<p>Les avantages de ce disjoncteur sont les suivants :<\/p>\n<ul>\n<li>Coupure simultan\u00e9e de la phase et du neutre.<\/li>\n<li>Courant nominal de 20 A, id\u00e9al pour les circuits monophas\u00e9s \u00e0 forte consommation.<\/li>\n<li>Courbe C \u00e9quilibr\u00e9e, pas de d\u00e9clenchement inutile.<\/li>\n<li>Pouvoir de coupure de 6 kA, suffisant pour une utilisation domestique et commerciale.<\/li>\n<li>Facile \u00e0 installer et \u00e0 entretenir.<\/li>\n<li>Conception compacte et robuste.<\/li>\n<li>Respect des normes de qualit\u00e9 internationales.<\/li>\n<\/ul>\n<h2>Maxge Alpha+ 2P, 20A, courbe en C, 6kA - EPB63ME2C20 Informations techniques<\/h2>\n<p><a href=\"https:\/\/fvcomponentes.com\/wp-content\/uploads\/2026\/02\/es_fichas-tecnicas_EPB63Me-20251104.pdf\" target=\"_blank\" rel=\"noopener\">Fiche technique Maxge Alpha+ 2P, 20A, Magnetotermico Maxge Alpha+ 2P, 20A<\/a><\/p>","protected":false},"excerpt":{"rendered":"<ul>\n<li>P\u00f4les : 2<\/li>\n<li>Tension de fonctionnement : 415V AC<\/li>\n<li>Courant nominal : 20 amp\u00e8res<\/li>\n<li>Pouvoir de coupure : 6kA<\/li>\n<li>Norme internationale EN\/IEC60898-1<\/li>\n<li>Signalisation de l'\u00e9tat local<\/li>\n<li>Fen\u00eatre pour marqueur de circuit<\/li>\n<li>Dimensions : 36 mm (18 mm par p\u00f4le)<\/li>\n<li>Connexion terminale pour les c\u00e2bles en cuivre : 16mm\u00b2 pour les c\u00e2bles flexibles et 25mm\u00b2 pour les c\u00e2bles rigides<\/li>\n<li>Tension d'isolation (Ui) 500VA<\/li>\n<li>Degr\u00e9 de pollution 3<\/li>\n<li>Tension d'impulsion (Uimp) 4kV<\/li>\n<li>Double isolation classe 2<\/li>\n<li>Convient pour le sectionnement<\/li>\n<li>Temp\u00e9rature de travail : de -5\u00baC \u00e0 + 40\u00baC.<\/li>\n<li>Non-accessible (sauf cadenassable)<\/li>\n<\/ul>","protected":false},"featured_media":36659,"comment_status":"closed","ping_status":"closed","template":"","meta":{"site-sidebar-layout":"default","site-content-layout":"","ast-site-content-layout":"default","site-content-style":"default","site-sidebar-style":"default","ast-global-header-display":"","ast-banner-title-visibility":"","ast-main-header-display":"","ast-hfb-above-header-display":"","ast-hfb-below-header-display":"","ast-hfb-mobile-header-display":"","site-post-title":"","ast-breadcrumbs-content":"","ast-featured-img":"","footer-sml-layout":"","ast-disable-related-posts":"","theme-transparent-header-meta":"default","adv-header-id-meta":"","stick-header-meta":"","header-above-stick-meta":"","header-main-stick-meta":"","header-below-stick-meta":"","astra-migrate-meta-layouts":"set","ast-page-background-enabled":"default","ast-page-background-meta":{"desktop":{"background-color":"var(--ast-global-color-4)","background-image":"","background-repeat":"repeat","background-position":"center center","background-size":"auto","background-attachment":"scroll","background-type":"","background-media":"","overlay-type":"","overlay-color":"","overlay-opacity":"","overlay-gradient":""},"tablet":{"background-color":"","background-image":"","background-repeat":"repeat","background-position":"center center","background-size":"auto","background-attachment":"scroll","background-type":"","background-media":"","overlay-type":"","overlay-color":"","overlay-opacity":"","overlay-gradient":""},"mobile":{"background-color":"","background-image":"","background-repeat":"repeat","background-position":"center center","background-size":"auto","background-attachment":"scroll","background-type":"","background-media":"","overlay-type":"","overlay-color":"","overlay-opacity":"","overlay-gradient":""}},"ast-content-background-meta":{"desktop":{"background-color":"var(--ast-global-color-5)","background-image":"","background-repeat":"repeat","background-position":"center center","background-size":"auto","background-attachment":"scroll","background-type":"","background-media":"","overlay-type":"","overlay-color":"","overlay-opacity":"","overlay-gradient":""},"tablet":{"background-color":"var(--ast-global-color-5)","background-image":"","background-repeat":"repeat","background-position":"center center","background-size":"auto","background-attachment":"scroll","background-type":"","background-media":"","overlay-type":"","overlay-color":"","overlay-opacity":"","overlay-gradient":""},"mobile":{"background-color":"var(--ast-global-color-5)","background-image":"","background-repeat":"repeat","background-position":"center center","background-size":"auto","background-attachment":"scroll","background-type":"","background-media":"","overlay-type":"","overlay-color":"","overlay-opacity":"","overlay-gradient":""}}},"pwb-brand":[1018],"product_brand":[],"product_cat":[990,410],"product_tag":[],"class_list":{"0":"post-36142","1":"product","2":"type-product","3":"status-publish","4":"has-post-thumbnail","6":"pwb-brand-maxge","7":"product_cat-magnetotermicos","8":"product_cat-material-electrico","9":"desktop-align-left","10":"tablet-align-left","11":"mobile-align-left","12":"ast-product-gallery-layout-horizontal-slider","13":"ast-product-gallery-with-no-image","14":"ast-product-tabs-layout-horizontal","16":"first","17":"instock","18":"taxable","19":"shipping-taxable","20":"purchasable","21":"product-type-simple"},"wcpa_form_fields":null,"brands":[{"id":1018,"name":"Protections \u00e9lectriques Maxge","slug":"maxge"}],"_links":{"self":[{"href":"https:\/\/fvcomponentes.com\/fr\/wp-json\/wp\/v2\/product\/36142","targetHints":{"allow":["GET"]}}],"collection":[{"href":"https:\/\/fvcomponentes.com\/fr\/wp-json\/wp\/v2\/product"}],"about":[{"href":"https:\/\/fvcomponentes.com\/fr\/wp-json\/wp\/v2\/types\/product"}],"replies":[{"embeddable":true,"href":"https:\/\/fvcomponentes.com\/fr\/wp-json\/wp\/v2\/comments?post=36142"}],"wp:featuredmedia":[{"embeddable":true,"href":"https:\/\/fvcomponentes.com\/fr\/wp-json\/wp\/v2\/media\/36659"}],"wp:attachment":[{"href":"https:\/\/fvcomponentes.com\/fr\/wp-json\/wp\/v2\/media?parent=36142"}],"wp:term":[{"taxonomy":"pwb-brand","embeddable":true,"href":"https:\/\/fvcomponentes.com\/fr\/wp-json\/wp\/v2\/pwb-brand?post=36142"},{"taxonomy":"product_brand","embeddable":true,"href":"https:\/\/fvcomponentes.com\/fr\/wp-json\/wp\/v2\/product_brand?post=36142"},{"taxonomy":"product_cat","embeddable":true,"href":"https:\/\/fvcomponentes.com\/fr\/wp-json\/wp\/v2\/product_cat?post=36142"},{"taxonomy":"product_tag","embeddable":true,"href":"https:\/\/fvcomponentes.com\/fr\/wp-json\/wp\/v2\/product_tag?post=36142"}],"curies":[{"name":"wp","href":"https:\/\/api.w.org\/{rel}","templated":true}]}}