{"id":36135,"date":"2026-01-24T09:33:48","date_gmt":"2026-01-24T08:33:48","guid":{"rendered":"https:\/\/fvcomponentes.com\/?post_type=product&#038;p=36135"},"modified":"2026-02-06T15:58:44","modified_gmt":"2026-02-06T14:58:44","slug":"maxge-alpha-combination-surge-protector-pt-2p-40a-type-2-class-c-15ka-imax-en50550","status":"publish","type":"product","link":"https:\/\/fvcomponentes.com\/fr\/producto\/protector-combinado-maxge-alpha-sobretensiones-pt-2p-40a-tipo-2-clase-c-15ka-imax-en50550\/","title":{"rendered":"Maxge Alpha+ 2P P+T Parafoudre, 40A, Type 2\/Classe C, 15kA Max, - EPBOV2SC40"},"content":{"rendered":"<h2>Maxge Alpha+ 2P P+T Parafoudre, 40A, Type 2\/Classe C, 15kA Max, - EPBOV2SC40<\/h2>\n<p>Le parasurtenseur Maxge Alpha+ 2P, 40A P+T est un dispositif de protection qui limite et redirige les surtensions transitoires. Ces surtensions peuvent p\u00e9n\u00e9trer dans une installation \u00e9lectrique par le r\u00e9seau d'alimentation et endommager les \u00e9quipements sensibles, r\u00e9duisant ainsi la dur\u00e9e de vie des appareils \u00e9lectroniques.<br \/>\nEn outre, dans des cas extr\u00eames, ils peuvent provoquer des d\u00e9faillances catastrophiques ou des incendies.<\/p>\n<p>Le protecteur agit automatiquement et tr\u00e8s rapidement, en d\u00e9tournant les pics de tension vers la terre afin de maintenir la stabilit\u00e9 et la s\u00e9curit\u00e9 du syst\u00e8me.<\/p>\n<p>Ce mod\u00e8le de la gamme Alpha+ de Maxge combine une capacit\u00e9 d'absorption \u00e9lev\u00e9e, une r\u00e9ponse rapide et une grande robustesse.<br \/>\nIl s'agit donc d'une solution id\u00e9ale pour prot\u00e9ger les installations r\u00e9sidentielles et commerciales. Il est \u00e9galement utile dans les installations tertiaires et industrielles l\u00e9g\u00e8res.<\/p>\n<h2>Caract\u00e9ristiques principales du parasurtenseur P+T Maxge Alpha+ 2P, 40A P+T Maxge Alpha+ 2P, 40A<\/h2>\n<h3>Configuration et capacit\u00e9 \u00e9lectrique<\/h3>\n<p>Ce protecteur est <strong>configur\u00e9 avec 2 p\u00f4les (P + T)<\/strong>, Cela signifie qu'il prot\u00e8ge le conducteur de phase (P) et le conducteur de terre (T) contre les surtensions.<br \/>\nCette configuration est <strong>id\u00e9al pour les installations monophas\u00e9es<\/strong> lorsque l'objectif est de prot\u00e9ger de mani\u00e8re ad\u00e9quate le mat\u00e9riel \u00e9lectrique.<\/p>\n<p>Il dispose \u00e9galement d'un <strong>Courant nominal de 40 A<\/strong>, Il convient donc \u00e0 l'int\u00e9gration dans des circuits dont la protection globale est dimensionn\u00e9e autour de cette valeur.<br \/>\nC'est pourquoi il est compatible avec les lignes de distribution principales des tableaux domestiques ou commerciaux de taille moyenne.<\/p>\n<h3>Protection efficace contre les surtensions transitoires<\/h3>\n<p>Le parafoudre P+T Maxge Alpha+ 2P, 40A est class\u00e9 comme suit <strong>Type 2 \/ Classe C<\/strong>.<br \/>\nCette d\u00e9signation indique leur capacit\u00e9 \u00e0 g\u00e9rer les surtensions transitoires g\u00e9n\u00e9r\u00e9es \u00e0 l'int\u00e9rieur de l'installation ou induites par des coups de foudre indirects.<\/p>\n<p>Les protecteurs de type 2 sont g\u00e9n\u00e9ralement install\u00e9s sur le tableau de distribution principal.<\/p>\n<p>La classe C des parafoudres fait r\u00e9f\u00e9rence \u00e0 la forme et \u00e0 l'efficacit\u00e9 de la r\u00e9ponse \u00e0 la surtension.<br \/>\nCette classe prot\u00e8ge contre les variations de tension mod\u00e9r\u00e9es \u00e0 \u00e9lev\u00e9es sans d\u00e9clenchement intempestif.<\/p>\n<h3>R\u00e9sistance aux pics \u00e9lev\u00e9s<\/h3>\n<p>Le protecteur offre une <strong>capacit\u00e9 d'impulsion maximale<\/strong> (I max) de <strong>15<\/strong> <strong>kA<\/strong>, Cela signifie qu'il peut absorber et d\u00e9vier sans dommage des pointes de tension allant jusqu'\u00e0 15 000 amp\u00e8res.<br \/>\nCette capacit\u00e9 d'absorption est cruciale pour prot\u00e9ger ad\u00e9quatement les syst\u00e8mes \u00e9lectriques contre les pics g\u00e9n\u00e9r\u00e9s par les ph\u00e9nom\u00e8nes transitoires.<br \/>\nIl est donc particuli\u00e8rement utile dans les zones o\u00f9 la foudre s\u00e9vit ou o\u00f9 les perturbations du r\u00e9seau sont fr\u00e9quentes.<\/p>\n<h3>M\u00e9canisme de fonctionnement rapide<\/h3>\n<p>Ce protecteur est con\u00e7u pour <strong>agir presque instantan\u00e9ment<\/strong>, d\u00e9tecter les pics de tension et d\u00e9vier l'\u00e9nergie exc\u00e9dentaire vers la terre avant qu'elle n'atteigne l'\u00e9quipement connect\u00e9.<br \/>\nCette r\u00e9action rapide minimise ainsi le risque de dommages co\u00fbteux.<br \/>\nIl prolonge \u00e9galement la dur\u00e9e de vie des \u00e9quipements \u00e9lectriques et \u00e9lectroniques.<\/p>\n<h3>Une installation s\u00fbre et ordonn\u00e9e<\/h3>\n<p>Le parafoudre est con\u00e7u pour <strong>Montage sur rail DIN<\/strong>.<br \/>\nCela permet une int\u00e9gration propre et professionnelle dans les tableaux de distribution modulaires avec d'autres \u00e9l\u00e9ments de protection tels que les disjoncteurs, les interrupteurs diff\u00e9rentiels ou les contacteurs.<br \/>\nCe format facilite la maintenance et les extensions futures, sans compromettre l'organisation du tableau \u00e9lectrique.<\/p>\n<h2>Fonctionnement du parafoudre P+T Maxge Alpha+ 2P, 40A P+T Maxge Alpha+ 2P, 40A<\/h2>\n<p>Ce protecteur comporte les \u00e9l\u00e9ments suivants :<\/p>\n<ul>\n<li><strong>D\u00e9tecte une surtension :<\/strong> Le protecteur surveille en permanence la tension de phase.<\/li>\n<li><strong>Donne la r\u00e9ponse \u00e0 la tension de cr\u00eate : <\/strong>Lorsqu'il d\u00e9tecte une surtension transitoire d\u00e9passant un seuil de s\u00e9curit\u00e9, le protecteur active son circuit de d\u00e9rivation interne.<\/li>\n<li><strong>D\u00e9vie la surtension vers la terre :<\/strong> L'\u00e9nergie exc\u00e9dentaire est d\u00e9vi\u00e9e vers le conducteur de terre, ce qui emp\u00eache la tension de pointe d'atteindre l'\u00e9quipement.<\/li>\n<li><strong>Retour \u00e0 l'\u00e9tat normal :<\/strong> Une fois que la surtension a disparu, le dispositif retourne \u00e0 son \u00e9tat de veille pour se prot\u00e9ger contre le prochain pic de tension.<\/li>\n<\/ul>\n<h2>Donn\u00e9es techniques du Parafoudre P+T Maxge Alpha+ 2P, 40A, Type 2\/Classe C, 15kA Max, - EPBOV2SC40<\/h2>\n<p><a href=\"https:\/\/fvcomponentes.com\/wp-content\/uploads\/2026\/02\/es_fichas-tecnicas_EPBOVS-20251107.pdf\" target=\"_blank\" rel=\"noopener\">P+T Maxge Alpha+ 2P, 40A Protecteur de surtension P+T Maxge Alpha+ 2P, 40A datasheet<\/a><\/p>\n<p><a href=\"https:\/\/fvcomponentes.com\/wp-content\/uploads\/2026\/02\/es_manuales_Manual_ficha_EPBOVS.pdf\" target=\"_blank\" rel=\"noopener\">P+T Maxge Alpha+ 2P, 40A Surge Protector P+T Maxge Alpha+ 2P, 40A Manual<\/a><\/p>","protected":false},"excerpt":{"rendered":"<ul>\n<li>Configuration : 2 p\u00f4les<\/li>\n<li>Courant nominal : 40 A<\/li>\n<li>Impulsion maximale (I max) : 15 kA<\/li>\n<li>Type 2 \/ Classe C<\/li>\n<li>Seuil de d\u00e9clenchement de la surtension continue : 280V<\/li>\n<li>Pouvoir de coupure IGA : 10KA<\/li>\n<li>Pr\u00e9-c\u00e2bl\u00e9, pr\u00eat \u00e0 \u00eatre install\u00e9.<\/li>\n<li>Ne pas installer sur des lignes sans neutre<\/li>\n<li>Fen\u00eatre pour marqueur de circuit.<\/li>\n<li>Dimensions (L x L x H) : 66,6m x 54mm x 81,5 mm<\/li>\n<li>Normes : EN50550 \/ IEC61643-1 \/ IEC60898-1<\/li>\n<\/ul>","protected":false},"featured_media":36582,"comment_status":"closed","ping_status":"closed","template":"","meta":{"site-sidebar-layout":"default","site-content-layout":"","ast-site-content-layout":"default","site-content-style":"default","site-sidebar-style":"default","ast-global-header-display":"","ast-banner-title-visibility":"","ast-main-header-display":"","ast-hfb-above-header-display":"","ast-hfb-below-header-display":"","ast-hfb-mobile-header-display":"","site-post-title":"","ast-breadcrumbs-content":"","ast-featured-img":"","footer-sml-layout":"","ast-disable-related-posts":"","theme-transparent-header-meta":"default","adv-header-id-meta":"","stick-header-meta":"","header-above-stick-meta":"","header-main-stick-meta":"","header-below-stick-meta":"","astra-migrate-meta-layouts":"set","ast-page-background-enabled":"default","ast-page-background-meta":{"desktop":{"background-color":"var(--ast-global-color-4)","background-image":"","background-repeat":"repeat","background-position":"center center","background-size":"auto","background-attachment":"scroll","background-type":"","background-media":"","overlay-type":"","overlay-color":"","overlay-opacity":"","overlay-gradient":""},"tablet":{"background-color":"","background-image":"","background-repeat":"repeat","background-position":"center center","background-size":"auto","background-attachment":"scroll","background-type":"","background-media":"","overlay-type":"","overlay-color":"","overlay-opacity":"","overlay-gradient":""},"mobile":{"background-color":"","background-image":"","background-repeat":"repeat","background-position":"center center","background-size":"auto","background-attachment":"scroll","background-type":"","background-media":"","overlay-type":"","overlay-color":"","overlay-opacity":"","overlay-gradient":""}},"ast-content-background-meta":{"desktop":{"background-color":"var(--ast-global-color-5)","background-image":"","background-repeat":"repeat","background-position":"center center","background-size":"auto","background-attachment":"scroll","background-type":"","background-media":"","overlay-type":"","overlay-color":"","overlay-opacity":"","overlay-gradient":""},"tablet":{"background-color":"var(--ast-global-color-5)","background-image":"","background-repeat":"repeat","background-position":"center center","background-size":"auto","background-attachment":"scroll","background-type":"","background-media":"","overlay-type":"","overlay-color":"","overlay-opacity":"","overlay-gradient":""},"mobile":{"background-color":"var(--ast-global-color-5)","background-image":"","background-repeat":"repeat","background-position":"center center","background-size":"auto","background-attachment":"scroll","background-type":"","background-media":"","overlay-type":"","overlay-color":"","overlay-opacity":"","overlay-gradient":""}}},"pwb-brand":[1018],"product_brand":[],"product_cat":[1017,410],"product_tag":[],"class_list":{"0":"post-36135","1":"product","2":"type-product","3":"status-publish","4":"has-post-thumbnail","6":"pwb-brand-maxge","7":"product_cat-protecciones-contra-sobretensiones","8":"product_cat-material-electrico","9":"desktop-align-left","10":"tablet-align-left","11":"mobile-align-left","12":"ast-product-gallery-layout-horizontal-slider","13":"ast-product-gallery-with-no-image","14":"ast-product-tabs-layout-horizontal","16":"first","17":"instock","18":"taxable","19":"shipping-taxable","20":"purchasable","21":"product-type-simple"},"wcpa_form_fields":null,"brands":[{"id":1018,"name":"Protections \u00e9lectriques Maxge","slug":"maxge"}],"_links":{"self":[{"href":"https:\/\/fvcomponentes.com\/fr\/wp-json\/wp\/v2\/product\/36135","targetHints":{"allow":["GET"]}}],"collection":[{"href":"https:\/\/fvcomponentes.com\/fr\/wp-json\/wp\/v2\/product"}],"about":[{"href":"https:\/\/fvcomponentes.com\/fr\/wp-json\/wp\/v2\/types\/product"}],"replies":[{"embeddable":true,"href":"https:\/\/fvcomponentes.com\/fr\/wp-json\/wp\/v2\/comments?post=36135"}],"wp:featuredmedia":[{"embeddable":true,"href":"https:\/\/fvcomponentes.com\/fr\/wp-json\/wp\/v2\/media\/36582"}],"wp:attachment":[{"href":"https:\/\/fvcomponentes.com\/fr\/wp-json\/wp\/v2\/media?parent=36135"}],"wp:term":[{"taxonomy":"pwb-brand","embeddable":true,"href":"https:\/\/fvcomponentes.com\/fr\/wp-json\/wp\/v2\/pwb-brand?post=36135"},{"taxonomy":"product_brand","embeddable":true,"href":"https:\/\/fvcomponentes.com\/fr\/wp-json\/wp\/v2\/product_brand?post=36135"},{"taxonomy":"product_cat","embeddable":true,"href":"https:\/\/fvcomponentes.com\/fr\/wp-json\/wp\/v2\/product_cat?post=36135"},{"taxonomy":"product_tag","embeddable":true,"href":"https:\/\/fvcomponentes.com\/fr\/wp-json\/wp\/v2\/product_tag?post=36135"}],"curies":[{"name":"wp","href":"https:\/\/api.w.org\/{rel}","templated":true}]}}