{"id":36134,"date":"2026-01-24T09:32:50","date_gmt":"2026-01-24T08:32:50","guid":{"rendered":"https:\/\/fvcomponentes.com\/?post_type=product&#038;p=36134"},"modified":"2026-02-06T15:41:24","modified_gmt":"2026-02-06T14:41:24","slug":"differentiel-maxge-alpha-industriel-et-tertiaire-4p-63a-300ma-classe-a-superimmunise-10ka","status":"publish","type":"product","link":"https:\/\/fvcomponentes.com\/fr\/producto\/diferencial-maxge-alpha-industrial-y-terciario-4p-63a-300ma-clase-a-superinmunizado-10ka\/","title":{"rendered":"Maxge Alpha+ 4P diff\u00e9rentiel, 63A, 300mA. Classe A superimmunis\u00e9. 10kA - EPR4A063300"},"content":{"rendered":"<h2>Maxge Alpha+ 4P diff\u00e9rentiel, 63A, 300mA. Classe A superimmunis\u00e9. 10kA - EPR4A063300<\/h2>\n<p>Le Maxge Alpha+ 4P, 63A, 300mA est un disjoncteur diff\u00e9rentiel \u00e0 haute capacit\u00e9 qui d\u00e9connecte automatiquement le circuit s'il y a une diff\u00e9rence significative entre les courants entrant et sortant des conducteurs actifs (phases et neutre).<\/p>\n<p>Le diff\u00e9rentiel est con\u00e7u pour fournir une protection avanc\u00e9e aux installations \u00e9lectriques triphas\u00e9es avec neutre.<br \/>\nIl prot\u00e8ge notamment contre les courants de fuite \u00e0 la terre qui peuvent causer des dommages ou des situations dangereuses telles que des chocs \u00e9lectriques ou des incendies.<\/p>\n<p>Cet interrupteur diff\u00e9rentiel combine des sensibilit\u00e9s sp\u00e9cifiques, une immunisation contre les perturbations et une robustesse m\u00e9canique et \u00e9lectrique.<br \/>\nIl convient donc aux applications r\u00e9sidentielles, commerciales, tertiaires et \u00e0 l'industrie l\u00e9g\u00e8re et moyenne o\u00f9 un niveau \u00e9lev\u00e9 de s\u00e9curit\u00e9 et de fiabilit\u00e9 est requis.<\/p>\n<h2>Maxge Alpha+ 4P, 63A, 300mA Caract\u00e9ristiques diff\u00e9rentielles<\/h2>\n<h3>Configuration et capacit\u00e9 \u00e9lectrique<\/h3>\n<p>Ce diff\u00e9rentiel est con\u00e7u avec un\u00a0<strong>Configuration \u00e0 4 p\u00f4les, <\/strong>qui permet la protection simultan\u00e9e des trois phases et du neutre dans les installations triphas\u00e9es.<br \/>\nCeci est essentiel pour s'assurer que toute fuite de courant dans un conducteur est d\u00e9tect\u00e9e et trait\u00e9e imm\u00e9diatement, fournissant ainsi une surveillance compl\u00e8te du circuit.<\/p>\n<p>Avec un <strong>courant nominal 63 amp\u00e8res<\/strong>, Ce diff\u00e9rentiel est adapt\u00e9 aux lignes \u00e9lectriques principales ou aux sous-panneaux \u00e0 forte charge.<br \/>\nCette capacit\u00e9 permet de soutenir des installations avec des \u00e9quipements de puissance moyenne \u00e0 \u00e9lev\u00e9e. En outre, elle est utile dans les branches principales vers des zones de consommation importantes et dans les syst\u00e8mes o\u00f9 sont concentr\u00e9s plusieurs circuits d'utilisation intensive.<\/p>\n<p>Votre <strong>sensibilit\u00e9 de 300 milliamp\u00e8res (mA)<\/strong> vise \u00e0 d\u00e9tecter et \u00e0 d\u00e9connecter les fuites de courant d'une ampleur consid\u00e9rable<br \/>\nIls ne pr\u00e9sentent pas de risque imm\u00e9diat pour les personnes (comme un diff\u00e9rentiel de 30 mA).  Cependant, ils peuvent provoquer des situations dangereuses au niveau de l'installation, telles qu'un incendie ou des dommages dus \u00e0 une surchauffe.<\/p>\n<p>Les disjoncteurs diff\u00e9rentiels de 300 mA sont souvent utilis\u00e9s comme protection g\u00e9n\u00e9rale du tableau principal, en compl\u00e9ment des disjoncteurs de 30 mA qui prot\u00e8gent directement les personnes.<\/p>\n<h3>Protection et technologie<\/h3>\n<p>Le Maxge Alpha+ 4P, 63A, 300mA diff\u00e9rentiel provient de<strong> Classe A<\/strong>, Le diff\u00e9rentiel de classe A est capable de d\u00e9tecter \u00e0 la fois le courant alternatif r\u00e9siduel (AC) et le courant puls\u00e9 avec une composante de courant continu (DC puls\u00e9). Un diff\u00e9rentiel de classe A est plus efficace pour d\u00e9tecter ces fuites complexes qu'un diff\u00e9rentiel standard de classe AC.<br \/>\nCela am\u00e9liore donc la s\u00e9curit\u00e9 et garantit une protection efficace dans les installations existantes.<\/p>\n<p>Il est \u00e9galement utile dans le cas d'\u00e9quipements int\u00e9grant de l'\u00e9lectronique ou des charges non lin\u00e9aires. Il s'agit notamment des appareils m\u00e9nagers modernes, des ordinateurs, des \u00e9clairages LED, des chargeurs, des syst\u00e8mes de climatisation, des entra\u00eenements \u00e0 fr\u00e9quence variable et des alimentations \u00e0 d\u00e9coupage.<\/p>\n<p>Les <strong>technologie super-immunis\u00e9e<\/strong> La gamme Alpha+ am\u00e9liore la stabilit\u00e9 de l'appareil contre les perturbations transitoires, les pics de tension ou les interf\u00e9rences \u00e9lectriques dans le r\u00e9seau.<br \/>\nCela r\u00e9duit les d\u00e9clenchements involontaires ou non d\u00e9sir\u00e9s. Il est donc particuli\u00e8rement utile dans les installations comportant des \u00e9quipements sensibles, des charges inductives ou des environnements \u00e9lectriques bruyants. Il offre une stabilit\u00e9 et une fiabilit\u00e9 accrues et \u00e9vite les interruptions inutiles.<\/p>\n<h3>R\u00e9sistance aux courts-circuits<\/h3>\n<p>Avec un <strong>Pouvoir de coupure de 10 kA<\/strong>, Le disjoncteur diff\u00e9rentiel peut interrompre en toute s\u00e9curit\u00e9 des courants de court-circuit allant jusqu'\u00e0 10 000 amp\u00e8res sans endommager ou compromettre la s\u00e9curit\u00e9 de l'installation. Cette caract\u00e9ristique est cruciale pour les appareillages de commutation bien aliment\u00e9s ou pour ceux qui pr\u00e9sentent une disponibilit\u00e9 \u00e9lev\u00e9e en mati\u00e8re de court-circuit.<br \/>\nIl offre ainsi un niveau suppl\u00e9mentaire de robustesse, de s\u00e9curit\u00e9 et de fiabilit\u00e9 et une protection contre les d\u00e9faillances majeures.<br \/>\nEn outre, il assure une coordination correcte avec les protections des disjoncteurs du tableau \u00e9lectrique.<\/p>\n<h3>Installation<\/h3>\n<p>Ce diff\u00e9rentiel est con\u00e7u pour <strong>montage standard sur rail DIN,<\/strong> Il est donc facile \u00e0 installer dans des tableaux \u00e9lectriques modulaires avec d'autres dispositifs de protection tels que des disjoncteurs, des fusibles ou des contacteurs.<br \/>\nCe format permet une conception ordonn\u00e9e, s\u00fbre et facilement extensible du tableau de distribution.<\/p>\n<h2>Maxge Alpha+ 4P, 63A, 300mA Maxge Alpha+ 4P, 63A, 300mA fonctionnement diff\u00e9rentiel<\/h2>\n<p>Ce diff\u00e9rentiel a le fonctionnement interne suivant :<\/p>\n<ul>\n<li><strong>Contr\u00f4le permanent :<\/strong> Le diff\u00e9rentiel compare en temps r\u00e9el la somme des courants entrant par les phases et sortant par le neutre.<\/li>\n<li><strong>D\u00e9tection des d\u00e9s\u00e9quilibres :<\/strong> S'il y a une diff\u00e9rence de plus de 300 mA, le diff\u00e9rentiel interpr\u00e8te qu'il y a une fuite de courant importante.<\/li>\n<li><strong>Arr\u00eat automatique :<\/strong> Le diff\u00e9rentiel d\u00e9connecte le circuit en quelques millisecondes afin d'\u00e9viter tout risque de dommage ou d'incendie.<\/li>\n<\/ul>\n<p>C'est un choix id\u00e9al pour les environnements o\u00f9 la s\u00e9curit\u00e9 et la continuit\u00e9 du service sont une priorit\u00e9. Par exemple, il est recommand\u00e9 pour les habitations fortement \u00e9lectrifi\u00e9es, les locaux commerciaux, les bureaux et les petites installations industrielles.<\/p>\n<h2>Informations techniques pour Maxge Alpha+ 4P, 63A, 300mA diff\u00e9rentiel. Classe A superimmunis\u00e9e. 10kA - EPR4A063300<\/h2>\n<p><a href=\"https:\/\/fvcomponentes.com\/wp-content\/uploads\/2026\/02\/es_fichas-tecnicas_EPR_A-20251104.pdf\" target=\"_blank\" rel=\"noopener\">Fiche technique pour Maxge Alpha+ 4P, 63A, 300mA diff\u00e9rentiel<\/a><\/p>\n<p><a href=\"https:\/\/fvcomponentes.com\/wp-content\/uploads\/2026\/02\/es_fichas-tecnicas_Ficha_tecnica_EPR.pdf\" target=\"_blank\" rel=\"noopener\">Maxge Alpha+ 4P, 63A, 300mA Diff\u00e9rentiel Donn\u00e9es techniques<\/a><\/p>","protected":false},"excerpt":{"rendered":"<ul>\n<li>Nombre de p\u00f4les : 4 p\u00f4les (3 phases + neutre)<\/li>\n<li>Courant nominal (In) : 63 amp\u00e8res<\/li>\n<li>Sensibilit\u00e9 : 300 mA<\/li>\n<li>Tension de fonctionnement : 415V AC (entre phases)<\/li>\n<li>Signalisation de l'\u00e9tat local<\/li>\n<li>Fen\u00eatre pour marqueur de circuit<\/li>\n<li>Connexion terminale pour les c\u00e2bles en cuivre : 25 mm\u00b2 (flexible) \/ 35 mm\u00b2 (rigide)<\/li>\n<li>Classe A : d\u00e9tecte les courants de fuite alternatifs et continus.<\/li>\n<li>S\u00e9lectif : incorpore un d\u00e9lai de d\u00e9clenchement.<\/li>\n<li>Courant de fuite hors fonctionnement : 0,5xIDn<\/li>\n<li>Dimensions : 72 mm de large (18 mm par p\u00f4le)<\/li>\n<li>Permet la fixation d'accessoires et d'appareils de contr\u00f4le<\/li>\n<li>Tension d'isolement (Ui) : 500VA<\/li>\n<li>Degr\u00e9 de pollution 3<\/li>\n<li>Tension d'impulsion (Uimp) : 4kV<\/li>\n<li>Double isolation classe 2<\/li>\n<li>Temp\u00e9rature de fonctionnement : -5 \u00b0C \u00e0 +40 \u00b0C<\/li>\n<li>Norme internationale : EN\/IEC60898-1<\/li>\n<\/ul>","protected":false},"featured_media":36579,"comment_status":"closed","ping_status":"closed","template":"","meta":{"site-sidebar-layout":"default","site-content-layout":"","ast-site-content-layout":"default","site-content-style":"default","site-sidebar-style":"default","ast-global-header-display":"","ast-banner-title-visibility":"","ast-main-header-display":"","ast-hfb-above-header-display":"","ast-hfb-below-header-display":"","ast-hfb-mobile-header-display":"","site-post-title":"","ast-breadcrumbs-content":"","ast-featured-img":"","footer-sml-layout":"","ast-disable-related-posts":"","theme-transparent-header-meta":"default","adv-header-id-meta":"","stick-header-meta":"","header-above-stick-meta":"","header-main-stick-meta":"","header-below-stick-meta":"","astra-migrate-meta-layouts":"set","ast-page-background-enabled":"default","ast-page-background-meta":{"desktop":{"background-color":"var(--ast-global-color-4)","background-image":"","background-repeat":"repeat","background-position":"center center","background-size":"auto","background-attachment":"scroll","background-type":"","background-media":"","overlay-type":"","overlay-color":"","overlay-opacity":"","overlay-gradient":""},"tablet":{"background-color":"","background-image":"","background-repeat":"repeat","background-position":"center center","background-size":"auto","background-attachment":"scroll","background-type":"","background-media":"","overlay-type":"","overlay-color":"","overlay-opacity":"","overlay-gradient":""},"mobile":{"background-color":"","background-image":"","background-repeat":"repeat","background-position":"center center","background-size":"auto","background-attachment":"scroll","background-type":"","background-media":"","overlay-type":"","overlay-color":"","overlay-opacity":"","overlay-gradient":""}},"ast-content-background-meta":{"desktop":{"background-color":"var(--ast-global-color-5)","background-image":"","background-repeat":"repeat","background-position":"center center","background-size":"auto","background-attachment":"scroll","background-type":"","background-media":"","overlay-type":"","overlay-color":"","overlay-opacity":"","overlay-gradient":""},"tablet":{"background-color":"var(--ast-global-color-5)","background-image":"","background-repeat":"repeat","background-position":"center center","background-size":"auto","background-attachment":"scroll","background-type":"","background-media":"","overlay-type":"","overlay-color":"","overlay-opacity":"","overlay-gradient":""},"mobile":{"background-color":"var(--ast-global-color-5)","background-image":"","background-repeat":"repeat","background-position":"center center","background-size":"auto","background-attachment":"scroll","background-type":"","background-media":"","overlay-type":"","overlay-color":"","overlay-opacity":"","overlay-gradient":""}}},"pwb-brand":[1018],"product_brand":[],"product_cat":[989,410],"product_tag":[],"class_list":{"0":"post-36134","1":"product","2":"type-product","3":"status-publish","4":"has-post-thumbnail","6":"pwb-brand-maxge","7":"product_cat-interruptores-diferenciales","8":"product_cat-material-electrico","9":"desktop-align-left","10":"tablet-align-left","11":"mobile-align-left","12":"ast-product-gallery-layout-horizontal-slider","13":"ast-product-gallery-with-no-image","14":"ast-product-tabs-layout-horizontal","16":"first","17":"instock","18":"taxable","19":"shipping-taxable","20":"purchasable","21":"product-type-simple"},"wcpa_form_fields":null,"brands":[{"id":1018,"name":"Protections \u00e9lectriques Maxge","slug":"maxge"}],"_links":{"self":[{"href":"https:\/\/fvcomponentes.com\/fr\/wp-json\/wp\/v2\/product\/36134","targetHints":{"allow":["GET"]}}],"collection":[{"href":"https:\/\/fvcomponentes.com\/fr\/wp-json\/wp\/v2\/product"}],"about":[{"href":"https:\/\/fvcomponentes.com\/fr\/wp-json\/wp\/v2\/types\/product"}],"replies":[{"embeddable":true,"href":"https:\/\/fvcomponentes.com\/fr\/wp-json\/wp\/v2\/comments?post=36134"}],"wp:featuredmedia":[{"embeddable":true,"href":"https:\/\/fvcomponentes.com\/fr\/wp-json\/wp\/v2\/media\/36579"}],"wp:attachment":[{"href":"https:\/\/fvcomponentes.com\/fr\/wp-json\/wp\/v2\/media?parent=36134"}],"wp:term":[{"taxonomy":"pwb-brand","embeddable":true,"href":"https:\/\/fvcomponentes.com\/fr\/wp-json\/wp\/v2\/pwb-brand?post=36134"},{"taxonomy":"product_brand","embeddable":true,"href":"https:\/\/fvcomponentes.com\/fr\/wp-json\/wp\/v2\/product_brand?post=36134"},{"taxonomy":"product_cat","embeddable":true,"href":"https:\/\/fvcomponentes.com\/fr\/wp-json\/wp\/v2\/product_cat?post=36134"},{"taxonomy":"product_tag","embeddable":true,"href":"https:\/\/fvcomponentes.com\/fr\/wp-json\/wp\/v2\/product_tag?post=36134"}],"curies":[{"name":"wp","href":"https:\/\/api.w.org\/{rel}","templated":true}]}}