{"id":36133,"date":"2026-01-24T09:32:13","date_gmt":"2026-01-24T08:32:13","guid":{"rendered":"https:\/\/fvcomponentes.com\/?post_type=product&#038;p=36133"},"modified":"2026-02-06T10:57:02","modified_gmt":"2026-02-06T09:57:02","slug":"maxge-alpha-differentiel-industriel-et-tertiaire-4p-40a-300ma-classe-a-super-immunise-10ka","status":"publish","type":"product","link":"https:\/\/fvcomponentes.com\/fr\/producto\/diferencial-maxge-alpha-industrial-y-terciario-4p-40a-300ma-clase-a-superinmunizado-10ka\/","title":{"rendered":"Maxge Alpha+ 4P diff\u00e9rentiel, 40A, 300mA. Classe A superimmunis\u00e9. 10kA - EPR4A040300"},"content":{"rendered":"<h2>Maxge Alpha+ 4P diff\u00e9rentiel, 40A, 300mA. Classe A superimmunis\u00e9. 10kA - EPR4A040300<\/h2>\n<p>Le Maxge Alpha+ 4P, 40A, 300mA est un disjoncteur diff\u00e9rentiel fiable et de grande capacit\u00e9, con\u00e7u pour d\u00e9connecter automatiquement l'installation lorsqu'il d\u00e9tecte des courants de fuite \u00e0 la terre (shunts) susceptibles de provoquer des risques d'incendie ou d'endommager l'\u00e9quipement \u00e9lectrique.<\/p>\n<p>Il s'agit d'un diff\u00e9rentiel \u00e0 4 p\u00f4les (4P), donc con\u00e7u pour les r\u00e9seaux triphas\u00e9s avec neutre (3 phases + N).<br \/>\nIl permet ainsi une surveillance compl\u00e8te de tous les conducteurs actifs.<\/p>\n<p>Faisant partie de la gamme Alpha+ de Maxge, il est destin\u00e9 \u00e0 offrir une plus grande fiabilit\u00e9 et stabilit\u00e9 dans les installations modernes.<br \/>\nIl est id\u00e9al pour les applications dans les installations r\u00e9sidentielles, commerciales, tertiaires et industrielles o\u00f9 une protection renforc\u00e9e de l'ensemble du syst\u00e8me \u00e9lectrique est n\u00e9cessaire.<\/p>\n<h2>Maxge Alpha+ 4P, 40A, 300mA Caract\u00e9ristiques diff\u00e9rentielles<\/h2>\n<h3>Configuration et capacit\u00e9 \u00e9lectrique<\/h3>\n<p>Ce diff\u00e9rentiel est con\u00e7u avec un\u00a0<strong>Configuration \u00e0 4 p\u00f4les, <\/strong>qui permet de surveiller simultan\u00e9ment toutes les lignes actives et le neutre.<br \/>\nCela garantit une d\u00e9tection compl\u00e8te de tout courant de fuite \u00e0 la terre susceptible de se produire dans l'installation.<\/p>\n<p>Le diff\u00e9rentiel fonctionne avec un <strong>Courant nominal de 40 amp\u00e8res<\/strong>, Il convient donc aux lignes \u00e9lectriques principales ou aux sous-panneaux o\u00f9 se concentre une charge \u00e9lectrique importante.<br \/>\nCe courant nominal d\u00e9termine le maximum que le disjoncteur peut supporter en continu sans se d\u00e9clencher pour cause de surcharge, \u00e0 condition qu'il n'y ait pas de fuite \u00e0 la terre.<\/p>\n<p>Votre <strong>sensibilit\u00e9 de 300 milliamp\u00e8res (mA)<\/strong> est con\u00e7u pour prot\u00e9ger l'installation contre des fuites de courant plus importantes.<br \/>\nIls ne pr\u00e9sentent pas de risque imm\u00e9diat pour les personnes (comme le fait un diff\u00e9rentiel de 30 mA).  Cependant, ils repr\u00e9sentent un risque important pour l'ensemble de l'installation \u00e9lectrique, notamment en termes d'incendies.<\/p>\n<p>Les disjoncteurs diff\u00e9rentiels de 300 mA sont souvent utilis\u00e9s comme protection g\u00e9n\u00e9rale du tableau de distribution. En outre, ils compl\u00e8tent les diff\u00e9rentiels de 30 mA qui prot\u00e8gent directement les personnes.<\/p>\n<h3>Protection et technologie<\/h3>\n<p>Le Maxge Alpha+ 4P, 40A, 300mA diff\u00e9rentiel provient de<strong> Classe A<\/strong>, Le diff\u00e9rentiel de classe A est capable de d\u00e9tecter \u00e0 la fois le courant alternatif r\u00e9siduel (AC) et le courant puls\u00e9 avec une composante de courant continu (DC puls\u00e9). Un dispositif \u00e0 courant r\u00e9siduel de classe A peut identifier des fuites plus complexes qu'un dispositif \u00e0 courant r\u00e9siduel de base de classe AC.<br \/>\nCela am\u00e9liore donc la s\u00e9curit\u00e9 et garantit une protection efficace dans les installations existantes.<\/p>\n<p>Il est \u00e9galement utile dans le cas d'\u00e9quipements int\u00e9grant de l'\u00e9lectronique ou des charges non lin\u00e9aires. Il s'agit notamment des appareils m\u00e9nagers modernes, des ordinateurs, des \u00e9clairages LED, des chargeurs, des syst\u00e8mes de climatisation, des entra\u00eenements \u00e0 fr\u00e9quence variable et des alimentations \u00e0 d\u00e9coupage.<\/p>\n<p>Les <strong>technologie super-immunis\u00e9e<\/strong> incorpor\u00e9 dans la gamme Alpha+ rend ce diff\u00e9rentiel moins sensible aux d\u00e9clenchements intempestifs caus\u00e9s par des perturbations transitoires du r\u00e9seau, telles que des pics de tension, des bruits \u00e9lectriques ou des interf\u00e9rences momentan\u00e9es.<br \/>\nCela se traduit par une stabilit\u00e9 et une fiabilit\u00e9 accrues pour les installations comportant des \u00e9quipements sensibles ou dans lesquelles les perturbations \u00e9lectriques sont fr\u00e9quentes, \u00e9vitant ainsi les interruptions inutiles.<\/p>\n<h3>R\u00e9sistance aux courts-circuits<\/h3>\n<p>Avec un <strong>Pouvoir de coupure de 10 kA<\/strong>, Le disjoncteur diff\u00e9rentiel peut interrompre des courants de d\u00e9faut allant jusqu'\u00e0 10 000 amp\u00e8res sans dommage ni perte de capacit\u00e9 de protection. Cette caract\u00e9ristique est cruciale dans les installations o\u00f9 la probabilit\u00e9 de court-circuit est \u00e9lev\u00e9e.<br \/>\nIl offre ainsi une plus grande robustesse, s\u00e9curit\u00e9 et fiabilit\u00e9 et assure une coordination correcte avec les protections magn\u00e9to-thermiques du tableau \u00e9lectrique.<\/p>\n<h3>Installation<\/h3>\n<p>Ce diff\u00e9rentiel est con\u00e7u pour <strong>montage standard sur rail DIN,<\/strong> Cela permet de les int\u00e9grer facilement et en toute s\u00e9curit\u00e9 dans les tableaux \u00e9lectriques modulaires avec d'autres \u00e9l\u00e9ments de protection (disjoncteurs, fusibles, contacteurs, etc.), tout en conservant un design propre et professionnel.<\/p>\n<h2>Maxge Alpha+ 4P, 40A, 300mA Maxge Alpha+ 4P, 40A, 300mA fonctionnement diff\u00e9rentiel<\/h2>\n<p>Ce diff\u00e9rentiel a le fonctionnement interne suivant :<\/p>\n<ul>\n<li><strong>Contr\u00f4le permanent :<\/strong> Le diff\u00e9rentiel compare en temps r\u00e9el la somme des courants entrant par les phases et sortant par le neutre.<\/li>\n<li><strong>D\u00e9tection des d\u00e9s\u00e9quilibres :<\/strong> S'il y a une diff\u00e9rence de plus de 300 mA, le diff\u00e9rentiel interpr\u00e8te qu'il y a une fuite de courant importante.<\/li>\n<li><strong>Arr\u00eat automatique :<\/strong> Le diff\u00e9rentiel d\u00e9connecte le circuit en quelques millisecondes afin d'\u00e9viter tout risque de dommage ou d'incendie.<\/li>\n<\/ul>\n<p>C'est un choix id\u00e9al pour les environnements o\u00f9 la s\u00e9curit\u00e9 et la continuit\u00e9 du service sont une priorit\u00e9. Par exemple, il est recommand\u00e9 pour les habitations fortement \u00e9lectrifi\u00e9es, les locaux commerciaux, les bureaux et les petites installations industrielles.<\/p>\n<h2>Informations techniques pour Maxge Alpha+ 4P, 40A, 300mA diff\u00e9rentiel. Classe A superimmunis\u00e9e. 10kA - EPR4A040300<\/h2>\n<p><a href=\"https:\/\/fvcomponentes.com\/wp-content\/uploads\/2026\/02\/es_fichas-tecnicas_EPR_A-20251104.pdf\" target=\"_blank\" rel=\"noopener\">Fiche technique Maxge Alpha+ 4P, 40A, 300mA Diff\u00e9rentiel<\/a><\/p>\n<p><a href=\"https:\/\/fvcomponentes.com\/wp-content\/uploads\/2026\/02\/es_fichas-tecnicas_Ficha_tecnica_EPR.pdf\" target=\"_blank\" rel=\"noopener\">Maxge Alpha+ 4P, 40A, 300mA Diff\u00e9rentiel Donn\u00e9es techniques<\/a><\/p>","protected":false},"excerpt":{"rendered":"<ul>\n<li>Nombre de p\u00f4les : 4 p\u00f4les (3 phases + neutre)<\/li>\n<li>Courant nominal (In) : 40 amp\u00e8res<\/li>\n<li>Sensibilit\u00e9 : 300 mA<\/li>\n<li>Tension de fonctionnement : 415V AC (entre phases)<\/li>\n<li>Signalisation de l'\u00e9tat local<\/li>\n<li>Fen\u00eatre pour marqueur de circuit<\/li>\n<li>Connexion terminale pour les c\u00e2bles en cuivre : 25 mm\u00b2 (flexible) \/ 35 mm\u00b2 (rigide)<\/li>\n<li>Classe A : d\u00e9tecte les courants de fuite alternatifs et continus.<\/li>\n<li>S\u00e9lectif : incorpore un d\u00e9lai de d\u00e9clenchement.<\/li>\n<li>Courant de fuite hors fonctionnement : 0,5xIDn<\/li>\n<li>Dimensions : 72 mm de large (18 mm par p\u00f4le)<\/li>\n<li>Permet la fixation d'accessoires et d'appareils de contr\u00f4le<\/li>\n<li>Tension d'isolement (Ui) : 500VA<\/li>\n<li>Degr\u00e9 de pollution 3<\/li>\n<li>Tension d'impulsion (Uimp) : 4kV<\/li>\n<li>Double isolation classe 2<\/li>\n<li>Temp\u00e9rature de fonctionnement : -5 \u00b0C \u00e0 +40 \u00b0C<\/li>\n<li>Norme internationale : EN\/IEC60898-1<\/li>\n<\/ul>","protected":false},"featured_media":36576,"comment_status":"closed","ping_status":"closed","template":"","meta":{"site-sidebar-layout":"default","site-content-layout":"","ast-site-content-layout":"default","site-content-style":"default","site-sidebar-style":"default","ast-global-header-display":"","ast-banner-title-visibility":"","ast-main-header-display":"","ast-hfb-above-header-display":"","ast-hfb-below-header-display":"","ast-hfb-mobile-header-display":"","site-post-title":"","ast-breadcrumbs-content":"","ast-featured-img":"","footer-sml-layout":"","ast-disable-related-posts":"","theme-transparent-header-meta":"default","adv-header-id-meta":"","stick-header-meta":"","header-above-stick-meta":"","header-main-stick-meta":"","header-below-stick-meta":"","astra-migrate-meta-layouts":"set","ast-page-background-enabled":"default","ast-page-background-meta":{"desktop":{"background-color":"var(--ast-global-color-4)","background-image":"","background-repeat":"repeat","background-position":"center center","background-size":"auto","background-attachment":"scroll","background-type":"","background-media":"","overlay-type":"","overlay-color":"","overlay-opacity":"","overlay-gradient":""},"tablet":{"background-color":"","background-image":"","background-repeat":"repeat","background-position":"center center","background-size":"auto","background-attachment":"scroll","background-type":"","background-media":"","overlay-type":"","overlay-color":"","overlay-opacity":"","overlay-gradient":""},"mobile":{"background-color":"","background-image":"","background-repeat":"repeat","background-position":"center center","background-size":"auto","background-attachment":"scroll","background-type":"","background-media":"","overlay-type":"","overlay-color":"","overlay-opacity":"","overlay-gradient":""}},"ast-content-background-meta":{"desktop":{"background-color":"var(--ast-global-color-5)","background-image":"","background-repeat":"repeat","background-position":"center center","background-size":"auto","background-attachment":"scroll","background-type":"","background-media":"","overlay-type":"","overlay-color":"","overlay-opacity":"","overlay-gradient":""},"tablet":{"background-color":"var(--ast-global-color-5)","background-image":"","background-repeat":"repeat","background-position":"center center","background-size":"auto","background-attachment":"scroll","background-type":"","background-media":"","overlay-type":"","overlay-color":"","overlay-opacity":"","overlay-gradient":""},"mobile":{"background-color":"var(--ast-global-color-5)","background-image":"","background-repeat":"repeat","background-position":"center center","background-size":"auto","background-attachment":"scroll","background-type":"","background-media":"","overlay-type":"","overlay-color":"","overlay-opacity":"","overlay-gradient":""}}},"pwb-brand":[1018],"product_brand":[],"product_cat":[989,410],"product_tag":[],"class_list":{"0":"post-36133","1":"product","2":"type-product","3":"status-publish","4":"has-post-thumbnail","6":"pwb-brand-maxge","7":"product_cat-interruptores-diferenciales","8":"product_cat-material-electrico","9":"desktop-align-left","10":"tablet-align-left","11":"mobile-align-left","12":"ast-product-gallery-layout-horizontal-slider","13":"ast-product-gallery-with-no-image","14":"ast-product-tabs-layout-horizontal","16":"first","17":"instock","18":"taxable","19":"shipping-taxable","20":"purchasable","21":"product-type-simple"},"wcpa_form_fields":null,"brands":[{"id":1018,"name":"Protections \u00e9lectriques Maxge","slug":"maxge"}],"_links":{"self":[{"href":"https:\/\/fvcomponentes.com\/fr\/wp-json\/wp\/v2\/product\/36133","targetHints":{"allow":["GET"]}}],"collection":[{"href":"https:\/\/fvcomponentes.com\/fr\/wp-json\/wp\/v2\/product"}],"about":[{"href":"https:\/\/fvcomponentes.com\/fr\/wp-json\/wp\/v2\/types\/product"}],"replies":[{"embeddable":true,"href":"https:\/\/fvcomponentes.com\/fr\/wp-json\/wp\/v2\/comments?post=36133"}],"wp:featuredmedia":[{"embeddable":true,"href":"https:\/\/fvcomponentes.com\/fr\/wp-json\/wp\/v2\/media\/36576"}],"wp:attachment":[{"href":"https:\/\/fvcomponentes.com\/fr\/wp-json\/wp\/v2\/media?parent=36133"}],"wp:term":[{"taxonomy":"pwb-brand","embeddable":true,"href":"https:\/\/fvcomponentes.com\/fr\/wp-json\/wp\/v2\/pwb-brand?post=36133"},{"taxonomy":"product_brand","embeddable":true,"href":"https:\/\/fvcomponentes.com\/fr\/wp-json\/wp\/v2\/product_brand?post=36133"},{"taxonomy":"product_cat","embeddable":true,"href":"https:\/\/fvcomponentes.com\/fr\/wp-json\/wp\/v2\/product_cat?post=36133"},{"taxonomy":"product_tag","embeddable":true,"href":"https:\/\/fvcomponentes.com\/fr\/wp-json\/wp\/v2\/product_tag?post=36133"}],"curies":[{"name":"wp","href":"https:\/\/api.w.org\/{rel}","templated":true}]}}