{"id":36132,"date":"2026-01-24T09:31:02","date_gmt":"2026-01-24T08:31:02","guid":{"rendered":"https:\/\/fvcomponentes.com\/?post_type=product&#038;p=36132"},"modified":"2026-02-06T10:53:16","modified_gmt":"2026-02-06T09:53:16","slug":"maxge-alpha-differentiel-industriel-et-tertiaire-4p-40a-30ma-classe-a-super-immunise-10ka","status":"publish","type":"product","link":"https:\/\/fvcomponentes.com\/fr\/producto\/diferencial-maxge-alpha-industrial-y-terciario-4p-40a-30ma-clase-a-superinmunizado-10ka\/","title":{"rendered":"Maxge Alpha+ 4P diff\u00e9rentiel, 40A, 30mA. Classe A superimmunis\u00e9. 10kA - EPR4A040030"},"content":{"rendered":"<h2>Maxge Alpha+ 4P diff\u00e9rentiel, 40A, 30mA. Classe A superimmunis\u00e9. 10kA - EPR4A040030<\/h2>\n<p>Le disjoncteur diff\u00e9rentiel Maxge Alpha+ 4P, 30mA est un dispositif de protection con\u00e7u pour d\u00e9connecter automatiquement l'installation lorsqu'il d\u00e9tecte des courants de fuite \u00e0 la terre (shunts). Ces shunts peuvent entra\u00eener un risque d'\u00e9lectrocution ou d'incendie d\u00fb \u00e0 des d\u00e9fauts d'isolation.<br \/>\nIl est \u00e9galement con\u00e7u pour assurer la s\u00e9curit\u00e9 des personnes.<\/p>\n<p>Il s'agit d'un diff\u00e9rentiel \u00e0 4 p\u00f4les (4P), con\u00e7u pour les syst\u00e8mes triphas\u00e9s avec neutre (3 phases + N).<br \/>\nIl permet ainsi une surveillance compl\u00e8te de tous les conducteurs actifs.<\/p>\n<p>Faisant partie de la gamme Alpha+ de Maxge, il est destin\u00e9 \u00e0 fournir une plus grande fiabilit\u00e9 et stabilit\u00e9 dans les installations modernes. Ceci est particuli\u00e8rement utile dans les endroits o\u00f9 il y a une forte pr\u00e9sence de charges \u00e9lectroniques.<\/p>\n<h2>Maxge Alpha+ 4P, 40A, 30mA Caract\u00e9ristiques diff\u00e9rentielles<\/h2>\n<h3>Configuration et capacit\u00e9 \u00e9lectrique<\/h3>\n<p>Ce diff\u00e9rentiel est con\u00e7u avec un\u00a0<strong>Configuration \u00e0 4 p\u00f4les, <\/strong>qui permet de surveiller simultan\u00e9ment toutes les lignes actives et le neutre.<br \/>\nCela garantit une d\u00e9tection compl\u00e8te de tout courant de fuite \u00e0 la terre susceptible de se produire dans l'installation.<\/p>\n<p>Le diff\u00e9rentiel fonctionne avec un <strong>Courant nominal de 40 amp\u00e8res<\/strong>, Il convient donc aux lignes principales ou aux sous-ordinateurs ayant une consommation d'\u00e9nergie moyenne \u00e0 \u00e9lev\u00e9e.<br \/>\nCe courant nominal d\u00e9termine le maximum que le disjoncteur peut supporter en continu sans se d\u00e9clencher pour cause de surcharge, \u00e0 condition qu'il n'y ait pas de fuite \u00e0 la terre.<\/p>\n<p>Votre <strong>sensibilit\u00e9 de 30 milliamp\u00e8res (mA)<\/strong> est la valeur de protection standard recommand\u00e9e pour la protection individuelle.<br \/>\nSi une fuite de courant de 30 mA ou plus est d\u00e9tect\u00e9e, l'appareil coupe imm\u00e9diatement le circuit. Cela permet d'\u00e9viter des blessures graves.<\/p>\n<h3>Protection et technologie<\/h3>\n<p>Comme il s'agit d'un <strong>Diff\u00e9rentiel de classe A<\/strong>, est capable de d\u00e9tecter \u00e0 la fois les courants alternatifs r\u00e9siduels (AC) et les courants puls\u00e9s avec une composante de courant continu (DC puls\u00e9).<br \/>\nUn diff\u00e9rentiel de classe A peut identifier des fuites plus complexes qu'un diff\u00e9rentiel de base de classe AC. Cela am\u00e9liore donc la s\u00e9curit\u00e9 et assure une protection efficace des installations existantes.<br \/>\nIl est \u00e9galement utile dans le cas d'\u00e9quipements int\u00e9grant de l'\u00e9lectronique ou des charges non lin\u00e9aires, tels que les appareils m\u00e9nagers modernes, les ordinateurs, les \u00e9clairages LED, les chargeurs, les syst\u00e8mes de climatisation, les entra\u00eenements \u00e0 fr\u00e9quence variable et les alimentations \u00e0 d\u00e9coupage.<\/p>\n<p>Les <strong>technologie super-immunis\u00e9e<\/strong> L'int\u00e9gration d'une nouvelle technologie dans la gamme Alpha+ permet une plus grande stabilit\u00e9 contre le bruit \u00e9lectrique, les pics de tension ou les perturbations \u00e9lectriques transitoires dans le r\u00e9seau. Cela r\u00e9duit les d\u00e9clenchements intempestifs et assure une meilleure continuit\u00e9 de l'alimentation sans compromettre la s\u00e9curit\u00e9.<\/p>\n<h3>R\u00e9sistance aux courts-circuits<\/h3>\n<p>Avec un <strong>Pouvoir de coupure de 10 kA<\/strong>, Le disjoncteur diff\u00e9rentiel peut interrompre des courants de d\u00e9faut allant jusqu'\u00e0 10 000 amp\u00e8res sans dommage ni perte de capacit\u00e9 de protection. Cette caract\u00e9ristique est cruciale dans les installations o\u00f9 la probabilit\u00e9 de court-circuit est \u00e9lev\u00e9e.<br \/>\nIl offre ainsi une plus grande robustesse, s\u00e9curit\u00e9 et fiabilit\u00e9 et assure une coordination correcte avec les protections magn\u00e9to-thermiques du tableau \u00e9lectrique.<\/p>\n<h3>Installation<\/h3>\n<p>Ce diff\u00e9rentiel est con\u00e7u pour <strong>montage standard sur rail DIN,<\/strong> Cela permet de les int\u00e9grer facilement dans des tableaux de distribution modulaires avec d'autres dispositifs tels que des disjoncteurs, des fusibles ou des contacteurs.<\/p>\n<h2>Maxge Alpha+ 4P, 40A, 30mA fonctionnement diff\u00e9rentiel<\/h2>\n<p>Ce diff\u00e9rentiel a le fonctionnement interne suivant :<\/p>\n<ul>\n<li><strong>Contr\u00f4le permanent :<\/strong> Le diff\u00e9rentiel compare en temps r\u00e9el la somme des courants entrant par les phases et sortant par le neutre.<\/li>\n<li><strong>D\u00e9tection des fuites :<\/strong> Si la diff\u00e9rence est sup\u00e9rieure \u00e0 30 mA (indication d'une fuite \u00e0 la terre), le diff\u00e9rentiel interpr\u00e8te qu'une partie du courant passe par un chemin non d\u00e9sir\u00e9.<\/li>\n<li><strong>Mise \u00e0 feu imm\u00e9diate :<\/strong> Le diff\u00e9rentiel d\u00e9connecte le circuit en quelques millisecondes pour \u00e9viter tout contact dangereux ou d\u00e9part de feu.<\/li>\n<\/ul>\n<p>C'est le choix id\u00e9al pour les environnements o\u00f9 la s\u00e9curit\u00e9 et la continuit\u00e9 du service sont une priorit\u00e9, tels que les habitations fortement \u00e9lectrifi\u00e9es, les locaux commerciaux, les bureaux et les petites installations industrielles.<\/p>\n<h2>Informations techniques pour Maxge Alpha+ 4P, 40A, 30mA diff\u00e9rentiel. Classe A superimmunis\u00e9e. 10kA - EPR4A040030<\/h2>\n<p><a href=\"https:\/\/fvcomponentes.com\/wp-content\/uploads\/2026\/02\/es_fichas-tecnicas_EPR_A-20251104.pdf\" target=\"_blank\" rel=\"noopener\">Fiche technique Maxge Alpha+ 4P, 40A, 30mA Diff\u00e9rentiel<\/a><\/p>\n<p><a href=\"https:\/\/fvcomponentes.com\/wp-content\/uploads\/2026\/02\/es_fichas-tecnicas_Ficha_tecnica_EPR.pdf\" target=\"_blank\" rel=\"noopener\">Maxge Alpha+ 4P, 40A, 30mA Diff\u00e9rentiel Donn\u00e9es techniques<\/a><\/p>","protected":false},"excerpt":{"rendered":"<ul>\n<li>Nombre de p\u00f4les : 4 p\u00f4les (3 phases + neutre)<\/li>\n<li>Courant nominal (In) : 40 amp\u00e8res<\/li>\n<li>Sensibilit\u00e9 : 30 mA<\/li>\n<li>Tension de fonctionnement : 415V AC (entre phases)<\/li>\n<li>Signalisation de l'\u00e9tat local<\/li>\n<li>Fen\u00eatre pour marqueur de circuit<\/li>\n<li>Connexion terminale pour les c\u00e2bles en cuivre : 25 mm\u00b2 (flexible) \/ 35 mm\u00b2 (rigide)<\/li>\n<li>Classe A : d\u00e9tecte les courants de fuite alternatifs et continus.<\/li>\n<li>S\u00e9lectif : incorpore un d\u00e9lai de d\u00e9clenchement.<\/li>\n<li>Courant de fuite hors fonctionnement : 0,5xIDn<\/li>\n<li>Dimensions : 72 mm de large (18 mm par p\u00f4le)<\/li>\n<li>Permet la fixation d'accessoires et d'appareils de contr\u00f4le<\/li>\n<li>Tension d'isolement (Ui) : 500VA<\/li>\n<li>Degr\u00e9 de pollution 3<\/li>\n<li>Tension d'impulsion (Uimp) : 4kV<\/li>\n<li>Double isolation classe 2<\/li>\n<li>Temp\u00e9rature de fonctionnement : -5 \u00b0C \u00e0 +40 \u00b0C<\/li>\n<li>Norme internationale : EN\/IEC60898-1<\/li>\n<\/ul>","protected":false},"featured_media":36564,"comment_status":"closed","ping_status":"closed","template":"","meta":{"site-sidebar-layout":"default","site-content-layout":"","ast-site-content-layout":"default","site-content-style":"default","site-sidebar-style":"default","ast-global-header-display":"","ast-banner-title-visibility":"","ast-main-header-display":"","ast-hfb-above-header-display":"","ast-hfb-below-header-display":"","ast-hfb-mobile-header-display":"","site-post-title":"","ast-breadcrumbs-content":"","ast-featured-img":"","footer-sml-layout":"","ast-disable-related-posts":"","theme-transparent-header-meta":"default","adv-header-id-meta":"","stick-header-meta":"","header-above-stick-meta":"","header-main-stick-meta":"","header-below-stick-meta":"","astra-migrate-meta-layouts":"set","ast-page-background-enabled":"default","ast-page-background-meta":{"desktop":{"background-color":"var(--ast-global-color-4)","background-image":"","background-repeat":"repeat","background-position":"center center","background-size":"auto","background-attachment":"scroll","background-type":"","background-media":"","overlay-type":"","overlay-color":"","overlay-opacity":"","overlay-gradient":""},"tablet":{"background-color":"","background-image":"","background-repeat":"repeat","background-position":"center center","background-size":"auto","background-attachment":"scroll","background-type":"","background-media":"","overlay-type":"","overlay-color":"","overlay-opacity":"","overlay-gradient":""},"mobile":{"background-color":"","background-image":"","background-repeat":"repeat","background-position":"center center","background-size":"auto","background-attachment":"scroll","background-type":"","background-media":"","overlay-type":"","overlay-color":"","overlay-opacity":"","overlay-gradient":""}},"ast-content-background-meta":{"desktop":{"background-color":"var(--ast-global-color-5)","background-image":"","background-repeat":"repeat","background-position":"center center","background-size":"auto","background-attachment":"scroll","background-type":"","background-media":"","overlay-type":"","overlay-color":"","overlay-opacity":"","overlay-gradient":""},"tablet":{"background-color":"var(--ast-global-color-5)","background-image":"","background-repeat":"repeat","background-position":"center center","background-size":"auto","background-attachment":"scroll","background-type":"","background-media":"","overlay-type":"","overlay-color":"","overlay-opacity":"","overlay-gradient":""},"mobile":{"background-color":"var(--ast-global-color-5)","background-image":"","background-repeat":"repeat","background-position":"center center","background-size":"auto","background-attachment":"scroll","background-type":"","background-media":"","overlay-type":"","overlay-color":"","overlay-opacity":"","overlay-gradient":""}}},"pwb-brand":[1018],"product_brand":[],"product_cat":[989,410],"product_tag":[],"class_list":{"0":"post-36132","1":"product","2":"type-product","3":"status-publish","4":"has-post-thumbnail","6":"pwb-brand-maxge","7":"product_cat-interruptores-diferenciales","8":"product_cat-material-electrico","9":"desktop-align-left","10":"tablet-align-left","11":"mobile-align-left","12":"ast-product-gallery-layout-horizontal-slider","13":"ast-product-gallery-with-no-image","14":"ast-product-tabs-layout-horizontal","16":"first","17":"instock","18":"taxable","19":"shipping-taxable","20":"purchasable","21":"product-type-simple"},"wcpa_form_fields":null,"brands":[{"id":1018,"name":"Protections \u00e9lectriques Maxge","slug":"maxge"}],"_links":{"self":[{"href":"https:\/\/fvcomponentes.com\/fr\/wp-json\/wp\/v2\/product\/36132","targetHints":{"allow":["GET"]}}],"collection":[{"href":"https:\/\/fvcomponentes.com\/fr\/wp-json\/wp\/v2\/product"}],"about":[{"href":"https:\/\/fvcomponentes.com\/fr\/wp-json\/wp\/v2\/types\/product"}],"replies":[{"embeddable":true,"href":"https:\/\/fvcomponentes.com\/fr\/wp-json\/wp\/v2\/comments?post=36132"}],"wp:featuredmedia":[{"embeddable":true,"href":"https:\/\/fvcomponentes.com\/fr\/wp-json\/wp\/v2\/media\/36564"}],"wp:attachment":[{"href":"https:\/\/fvcomponentes.com\/fr\/wp-json\/wp\/v2\/media?parent=36132"}],"wp:term":[{"taxonomy":"pwb-brand","embeddable":true,"href":"https:\/\/fvcomponentes.com\/fr\/wp-json\/wp\/v2\/pwb-brand?post=36132"},{"taxonomy":"product_brand","embeddable":true,"href":"https:\/\/fvcomponentes.com\/fr\/wp-json\/wp\/v2\/product_brand?post=36132"},{"taxonomy":"product_cat","embeddable":true,"href":"https:\/\/fvcomponentes.com\/fr\/wp-json\/wp\/v2\/product_cat?post=36132"},{"taxonomy":"product_tag","embeddable":true,"href":"https:\/\/fvcomponentes.com\/fr\/wp-json\/wp\/v2\/product_tag?post=36132"}],"curies":[{"name":"wp","href":"https:\/\/api.w.org\/{rel}","templated":true}]}}