{"id":36128,"date":"2026-01-24T09:27:03","date_gmt":"2026-01-24T08:27:03","guid":{"rendered":"https:\/\/fvcomponentes.com\/?post_type=product&#038;p=36128"},"modified":"2026-02-05T11:06:29","modified_gmt":"2026-02-05T10:06:29","slug":"interrupteur-magnetothermique-maxge-alpha-industrial-4p-20a-curve-c-10ka","status":"publish","type":"product","link":"https:\/\/fvcomponentes.com\/fr\/producto\/interruptor-magnetotermico-maxge-alpha-industrial-4p-20a-curva-c-10ka\/","title":{"rendered":"Maxge Alpha+ 4P, 20A, courbe en C, 10kA - EPB63H4C20"},"content":{"rendered":"<h2>Maxge Alpha+ 4P, 20A, courbe en C, 10kA - EPB63H4C20<\/h2>\n<p>Le disjoncteur Maxge Alpha+ 4P, 20A est un disjoncteur automatique con\u00e7u pour prot\u00e9ger les installations triphas\u00e9es avec neutre contre les surcharges et les courts-circuits.<\/p>\n<p>Il s'agit d'une option largement utilis\u00e9e dans les environnements industriels et commerciaux.<br \/>\nIl s'int\u00e8gre \u00e9galement parfaitement dans les tableaux de distribution plus complexes o\u00f9 la fiabilit\u00e9, la s\u00e9curit\u00e9 et la continuit\u00e9 du service sont requises.<\/p>\n<p>Ce disjoncteur combine une conception robuste avec des caract\u00e9ristiques techniques avanc\u00e9es.<br \/>\nIl s'agit donc d'une solution efficace et fiable pour la protection des circuits \u00e9lectriques dans des conditions de travail exigeantes.<br \/>\nCela permet d'\u00e9viter les pannes, les dommages aux \u00e9quipements et les risques \u00e9lectriques.<\/p>\n<h2>Caract\u00e9ristiques principales du disjoncteur Maxge Alpha+ 4P, 20A<\/h2>\n<h3>Configuration et capacit\u00e9 \u00e9lectrique<\/h3>\n<p>Le Maxge Alpha+ 4P, 20A magn\u00e9to-phonique a une <strong>Configuration quadripolaire (3 phases + neutre)<\/strong>, Cela permet une protection compl\u00e8te et simultan\u00e9e de tous les conducteurs d'une installation triphas\u00e9e.<\/p>\n<p>Ce disjoncteur est dot\u00e9 d'un <strong>courant nominal de 20 amp\u00e8res,<\/strong> pour laquelle son syst\u00e8me de d\u00e9clenchement thermique et magn\u00e9tique est con\u00e7u.<br \/>\nCela garantit une protection pr\u00e9cise et fiable.<\/p>\n<p>En outre, il dispose d'une <strong>tension de fonctionnement<\/strong>\u00a0de jusqu'\u00e0 <strong>415\/240 V AC<\/strong>, Il convient donc \u00e0 la plupart des installations triphas\u00e9es standard.<\/p>\n<h3>Courbe de tir et type de charge<\/h3>\n<p>Il incorpore un <strong>courbe de d\u00e9clenchement type C<\/strong>, Cela signifie qu'il peut supporter de petites pointes de courant au d\u00e9marrage (entre 5 et 10 fois le courant nominal) sans s'enflammer inutilement.<\/p>\n<p>Il est donc particuli\u00e8rement adapt\u00e9 aux circuits avec des charges inductives ou aux circuits qui g\u00e9n\u00e8rent des pics de courant mod\u00e9r\u00e9s au d\u00e9marrage.<br \/>\nIl est donc id\u00e9al pour les petits moteurs, les syst\u00e8mes d'\u00e9clairage \u00e0 ballast ou les machines l\u00e9g\u00e8res, car ces pics sont fr\u00e9quents dans ce type d'\u00e9quipement.<\/p>\n<h3>Capacit\u00e9 de protection<\/h3>\n<p>Le disjoncteur Maxge Alpha+ 4P, 20A offre une protection contre les surcharges. <strong>Pouvoir de coupure de 10 kA (10 000 A).<\/strong><br \/>\nCela vous permet d'interrompre en toute s\u00e9curit\u00e9 des courts-circuits \u00e0 haute intensit\u00e9 sans vous endommager ou endommager l'appareil ou l'installation.<\/p>\n<h3>Raccordement et installation<\/h3>\n<p>En termes d'installation, le disjoncteur Maxge Alpha+ est con\u00e7u pour <strong>Montage sur rail DIN.<\/strong><br \/>\nCela facilite leur int\u00e9gration dans les panneaux de contr\u00f4le standard et simplifie \u00e0 la fois l'installation et la maintenance.<\/p>\n<p>Votre <strong>bornes de connexion<\/strong> permettent l'utilisation de c\u00e2bles en cuivre assez courants (<strong>25 mm\u00b2 en c\u00e2ble flexible et 35 mm\u00b2 en c\u00e2ble rigide<\/strong>), ce qui garantit une connexion solide et fiable et facilite grandement l'assemblage.<\/p>\n<h3>Dimensions et conception<\/h3>\n<p>Ce disjoncteur est dot\u00e9 d'un <strong>conception compacte<\/strong>, occupant quelques <strong>72 mm de large (18 mm par p\u00f4le)<\/strong>, optimiser l'espace disponible dans le tableau \u00e9lectrique.<br \/>\nIl comprend \u00e9galement un <strong>la signalisation visuelle de l'\u00c9tat<\/strong> (marche\/arr\u00eat) et un <strong>fen\u00eatre pour marqueur de circuit<\/strong>, Cela facilite le diagnostic rapide, la maintenance et l'identification des circuits prot\u00e9g\u00e9s.<\/p>\n<h3>Conditions de performance<\/h3>\n<p>Le Maxge Alpha+ 4P, 20A est con\u00e7u pour fonctionner en monophas\u00e9, monophas\u00e9, monophas\u00e9, biphas\u00e9 ou biphas\u00e9. <strong>Plage de temp\u00e9rature de -5 \u00b0C \u00e0 +40 \u00b0C.<\/strong><br \/>\nIl convient donc \u00e0 la plupart des environnements int\u00e9rieurs industriels et commerciaux.<\/p>\n<h3>R\u00e9glementations et certifications<\/h3>\n<p>Ce disjoncteur est conforme \u00e0 la <strong>norme EN\/IEC 60898-1<\/strong>, pour les disjoncteurs basse tension.<\/p>\n<p>Il a \u00e9galement <strong>certifications telles que CE, RoHS, VDE et KEMA-KEUR<\/strong>.<br \/>\nCela garantit qu'il s'agit d'un disjoncteur de haute qualit\u00e9, s\u00fbr et fiable, fabriqu\u00e9 selon les normes internationales.<\/p>\n<h2>Maxge Alpha+ 4P, 20A, courbe en C, 10kA - EPB63H4C20 - Fonctionnement et applications<\/h2>\n<p>Ce disjoncteur combine deux syst\u00e8mes de protection compl\u00e9mentaires :<\/p>\n<ul>\n<li><strong>D\u00e9clenchement thermique<\/strong>, Le nouveau syst\u00e8me de protection des c\u00e2bles, qui prot\u00e8ge contre les surcharges prolong\u00e9es et emp\u00eache la surchauffe des c\u00e2bles, est \u00e9galement disponible en option.<\/li>\n<li><strong>D\u00e9clenchement magn\u00e9tique<\/strong>, Le nouveau syst\u00e8me, qui r\u00e9agit imm\u00e9diatement aux courts-circuits ou aux pannes graves, coupe le courant rapidement et en toute s\u00e9curit\u00e9.<\/li>\n<\/ul>\n<p>Gr\u00e2ce \u00e0 ces caract\u00e9ristiques, le Maxge Alpha+ 4P, 16A, courbe C. 10kA - EPB63H4C16 est id\u00e9al pour la protection des circuits triphas\u00e9s dans les ateliers, les b\u00e2timents industriels, les magasins ou les installations de service. Il est utilis\u00e9 lorsqu'un bon \u00e9quilibre entre d\u00e9clenchement rapide, tol\u00e9rance au courant de cr\u00eate et pouvoir de coupure \u00e9lev\u00e9 est requis.<\/p>\n<h2>Principaux avantages de Maxge Alpha+ 4P, 20A<\/h2>\n<p>Les avantages de ce disjoncteur sont les suivants :<\/p>\n<ul>\n<li><strong>Prot\u00e9ger<\/strong> efficacement contre <strong>surcharges et courts-circuits<\/strong> dans les r\u00e9seaux triphas\u00e9s avec neutre.<\/li>\n<li>Il offre une <strong>pouvoir de coupure \u00e9lev\u00e9 de 10 kA<\/strong>, convient aux environnements exigeants.<\/li>\n<li>Il incorpore un <strong>courbe de cuisson C<\/strong> \u00e9quilibr\u00e9, id\u00e9al pour de multiples applications industrielles.<\/li>\n<li>Il pr\u00e9sente une <strong>assemblage modulaire<\/strong> et permet \u00e0 un <strong>identification ais\u00e9e des circuits.<\/strong><\/li>\n<li>Il est compatible avec <strong>c\u00e2bles \u00e0 large section<\/strong> et avec des accessoires suppl\u00e9mentaires.<\/li>\n<li>Il est fabriqu\u00e9 conform\u00e9ment \u00e0 la norme <strong>les r\u00e9glementations internationales<\/strong>, et a \u00e9galement <strong>des certifications de qualit\u00e9 reconnues<\/strong>.<\/li>\n<\/ul>\n<h2>Informations techniques concernant le Maxge Alpha+ 4P, 20A, courbe C 10kA - EPB63H4C20<\/h2>\n<p><a href=\"https:\/\/fvcomponentes.com\/wp-content\/uploads\/2026\/02\/es_fichas-tecnicas_EPB63H-20251104.pdf\" target=\"_blank\" rel=\"noopener\">Fiche technique du disjoncteur Maxge Alpha+ 4P, 20A<\/a><\/p>\n<p><a href=\"https:\/\/fvcomponentes.com\/wp-content\/uploads\/2026\/02\/es_fichas-tecnicas_Ficha_tecnica_EPB63H.pdf\" target=\"_blank\" rel=\"noopener\">Donn\u00e9es techniques du disjoncteur Maxge Alpha+ 4P, 20A<\/a><\/p>","protected":false},"excerpt":{"rendered":"<ul>\n<li>Nombre de p\u00f4les : 4 p\u00f4les (3 phases + neutre)<\/li>\n<li>Courant nominal (In) : 20 amp\u00e8res<\/li>\n<li>Tension de fonctionnement : 415\/240V AC<\/li>\n<li>Norme internationale EN\/IEC60898-1<\/li>\n<li>Signalisation de l'\u00e9tat local<\/li>\n<li>Fen\u00eatre pour marqueur de circuit<\/li>\n<li>Connexion terminale pour les c\u00e2bles en cuivre : 25 mm\u00b2 (flexible) \/ 35 mm\u00b2 (rigide)<\/li>\n<li>Dimensions : 72 mm de large (18 mm par p\u00f4le)<\/li>\n<li>Permet la fixation d'accessoires et d'appareils de contr\u00f4le<\/li>\n<li>Tension d'isolement (Ui) : 500VA<\/li>\n<li>Degr\u00e9 de pollution 3<\/li>\n<li>Tension d'impulsion (Uimp) : 4kV<\/li>\n<li>Double isolation classe 2<\/li>\n<li>Convient pour le sectionnement<\/li>\n<li>Temp\u00e9rature de fonctionnement : -5 \u00b0C \u00e0 +40 \u00b0C<\/li>\n<\/ul>","protected":false},"featured_media":36541,"comment_status":"closed","ping_status":"closed","template":"","meta":{"site-sidebar-layout":"default","site-content-layout":"","ast-site-content-layout":"default","site-content-style":"default","site-sidebar-style":"default","ast-global-header-display":"","ast-banner-title-visibility":"","ast-main-header-display":"","ast-hfb-above-header-display":"","ast-hfb-below-header-display":"","ast-hfb-mobile-header-display":"","site-post-title":"","ast-breadcrumbs-content":"","ast-featured-img":"","footer-sml-layout":"","ast-disable-related-posts":"","theme-transparent-header-meta":"default","adv-header-id-meta":"","stick-header-meta":"","header-above-stick-meta":"","header-main-stick-meta":"","header-below-stick-meta":"","astra-migrate-meta-layouts":"set","ast-page-background-enabled":"default","ast-page-background-meta":{"desktop":{"background-color":"var(--ast-global-color-4)","background-image":"","background-repeat":"repeat","background-position":"center center","background-size":"auto","background-attachment":"scroll","background-type":"","background-media":"","overlay-type":"","overlay-color":"","overlay-opacity":"","overlay-gradient":""},"tablet":{"background-color":"","background-image":"","background-repeat":"repeat","background-position":"center center","background-size":"auto","background-attachment":"scroll","background-type":"","background-media":"","overlay-type":"","overlay-color":"","overlay-opacity":"","overlay-gradient":""},"mobile":{"background-color":"","background-image":"","background-repeat":"repeat","background-position":"center center","background-size":"auto","background-attachment":"scroll","background-type":"","background-media":"","overlay-type":"","overlay-color":"","overlay-opacity":"","overlay-gradient":""}},"ast-content-background-meta":{"desktop":{"background-color":"var(--ast-global-color-5)","background-image":"","background-repeat":"repeat","background-position":"center center","background-size":"auto","background-attachment":"scroll","background-type":"","background-media":"","overlay-type":"","overlay-color":"","overlay-opacity":"","overlay-gradient":""},"tablet":{"background-color":"var(--ast-global-color-5)","background-image":"","background-repeat":"repeat","background-position":"center center","background-size":"auto","background-attachment":"scroll","background-type":"","background-media":"","overlay-type":"","overlay-color":"","overlay-opacity":"","overlay-gradient":""},"mobile":{"background-color":"var(--ast-global-color-5)","background-image":"","background-repeat":"repeat","background-position":"center center","background-size":"auto","background-attachment":"scroll","background-type":"","background-media":"","overlay-type":"","overlay-color":"","overlay-opacity":"","overlay-gradient":""}}},"pwb-brand":[1018],"product_brand":[],"product_cat":[990,410],"product_tag":[],"class_list":{"0":"post-36128","1":"product","2":"type-product","3":"status-publish","4":"has-post-thumbnail","6":"pwb-brand-maxge","7":"product_cat-magnetotermicos","8":"product_cat-material-electrico","9":"desktop-align-left","10":"tablet-align-left","11":"mobile-align-left","12":"ast-product-gallery-layout-horizontal-slider","13":"ast-product-tabs-layout-horizontal","15":"first","16":"instock","17":"taxable","18":"shipping-taxable","19":"purchasable","20":"product-type-simple"},"wcpa_form_fields":null,"brands":[{"id":1018,"name":"Protections \u00e9lectriques Maxge","slug":"maxge"}],"_links":{"self":[{"href":"https:\/\/fvcomponentes.com\/fr\/wp-json\/wp\/v2\/product\/36128","targetHints":{"allow":["GET"]}}],"collection":[{"href":"https:\/\/fvcomponentes.com\/fr\/wp-json\/wp\/v2\/product"}],"about":[{"href":"https:\/\/fvcomponentes.com\/fr\/wp-json\/wp\/v2\/types\/product"}],"replies":[{"embeddable":true,"href":"https:\/\/fvcomponentes.com\/fr\/wp-json\/wp\/v2\/comments?post=36128"}],"wp:featuredmedia":[{"embeddable":true,"href":"https:\/\/fvcomponentes.com\/fr\/wp-json\/wp\/v2\/media\/36541"}],"wp:attachment":[{"href":"https:\/\/fvcomponentes.com\/fr\/wp-json\/wp\/v2\/media?parent=36128"}],"wp:term":[{"taxonomy":"pwb-brand","embeddable":true,"href":"https:\/\/fvcomponentes.com\/fr\/wp-json\/wp\/v2\/pwb-brand?post=36128"},{"taxonomy":"product_brand","embeddable":true,"href":"https:\/\/fvcomponentes.com\/fr\/wp-json\/wp\/v2\/product_brand?post=36128"},{"taxonomy":"product_cat","embeddable":true,"href":"https:\/\/fvcomponentes.com\/fr\/wp-json\/wp\/v2\/product_cat?post=36128"},{"taxonomy":"product_tag","embeddable":true,"href":"https:\/\/fvcomponentes.com\/fr\/wp-json\/wp\/v2\/product_tag?post=36128"}],"curies":[{"name":"wp","href":"https:\/\/api.w.org\/{rel}","templated":true}]}}