{"id":36127,"date":"2026-01-24T09:26:18","date_gmt":"2026-01-24T08:26:18","guid":{"rendered":"https:\/\/fvcomponentes.com\/?post_type=product&#038;p=36127"},"modified":"2026-02-05T11:14:58","modified_gmt":"2026-02-05T10:14:58","slug":"interrupteur-magnetothermique-maxge-alpha-industrial-4-p-16a-curve-c-10ka","status":"publish","type":"product","link":"https:\/\/fvcomponentes.com\/fr\/producto\/interruptor-magnetotermico-maxge-alpha-industrial-4-p-16a-curva-c-10ka\/","title":{"rendered":"Maxge Alpha+ 4P, 16A, courbe C. 10kA - EPB63H4C16"},"content":{"rendered":"<h2>Maxge Alpha+ 4P, 16A, courbe C. 10kA - EPB63H4C16<\/h2>\n<p>Le disjoncteur Maxge Alpha+ 4P, 16A est un disjoncteur de protection \u00e9lectrique con\u00e7u pour prot\u00e9ger les installations triphas\u00e9es avec neutre contre les surcharges et les courts-circuits.<\/p>\n<p>Il s'agit d'une option largement utilis\u00e9e dans les environnements industriels et commerciaux.<br \/>\nIl s'int\u00e8gre \u00e9galement parfaitement dans les tableaux de distribution plus complexes o\u00f9 la fiabilit\u00e9, la s\u00e9curit\u00e9 et la continuit\u00e9 du service sont requises.<\/p>\n<p>Ce disjoncteur combine une conception robuste avec des caract\u00e9ristiques techniques avanc\u00e9es.<br \/>\nIl s'agit donc d'une solution efficace et fiable pour la protection des circuits \u00e9lectriques dans des conditions de travail exigeantes.<br \/>\nCela permet d'\u00e9viter les pannes, les dommages aux \u00e9quipements et les risques \u00e9lectriques.<\/p>\n<h2>Caract\u00e9ristiques principales du disjoncteur Maxge Alpha+ 4P, 16A<\/h2>\n<p>Tout d'abord, il dispose d'une <strong>Configuration quadripolaire (3 phases + neutre)<\/strong>, Cela permet une protection compl\u00e8te et simultan\u00e9e de tous les conducteurs d'une installation triphas\u00e9e.<\/p>\n<p>Ce disjoncteur est dot\u00e9 d'un <strong>courant nominal 16 amp\u00e8res<\/strong>.<br \/>\nC'est pour cette valeur que son syst\u00e8me de d\u00e9clenchement thermique et magn\u00e9tique a \u00e9t\u00e9 con\u00e7u, garantissant une protection pr\u00e9cise et fiable.<\/p>\n<p>Votre <strong>tension de fonctionnement<\/strong> est jusqu'\u00e0 <strong>415\/240 V AC<\/strong>, Il convient donc \u00e0 la plupart des installations triphas\u00e9es standard.<\/p>\n<p>D'autre part, il incorpore un <strong>courbe de d\u00e9clenchement type C<\/strong>, Cela signifie qu'il peut supporter de petites pointes de courant au d\u00e9marrage (entre 5 et 10 fois le courant nominal) sans s'enflammer inutilement.<br \/>\nC'est pourquoi il est id\u00e9al pour les petits moteurs, les syst\u00e8mes d'\u00e9clairage \u00e0 ballast ou les machines l\u00e9g\u00e8res. Dans ces \u00e9quipements, les pics sont fr\u00e9quents.<\/p>\n<p>Il offre \u00e9galement une <strong>Pouvoir de coupure de 10 kA (10 000 A)<\/strong>.<br \/>\nCela vous permet d'interrompre en toute s\u00e9curit\u00e9 des courts-circuits \u00e0 haute intensit\u00e9 sans endommager ou mettre en danger l'appareil et l'installation.<\/p>\n<p>Le Maxge Alpha+ 4P, 16A est con\u00e7u pour fonctionner dans une installation monophas\u00e9e, 4P, 16A, 16A, 16A, 16A, 16A, 16A, 16A, 16A, 16A, 16A. <strong>Plage de temp\u00e9rature de -5 \u00b0C \u00e0 +40 \u00b0C.<\/strong><br \/>\nIl convient donc \u00e0 la plupart des environnements int\u00e9rieurs industriels et commerciaux.<\/p>\n<p>Enfin, il est conforme \u00e0 la <strong>norme EN\/IEC 60898-1<\/strong>, pour les disjoncteurs basse tension.<br \/>\nIl a \u00e9galement <strong>certifications telles que CE, RoHS, VDE et KEMA-KEUR<\/strong>. Cela garantit qu'il s'agit d'un disjoncteur de haute qualit\u00e9, s\u00fbr et fiable, fabriqu\u00e9 selon les normes internationales.<\/p>\n<h2>Installation et conception de Maxge Alpha+ 4P, 16A, courbe C 10kA - EPB63H4C16<\/h2>\n<p>En termes d'installation, le disjoncteur Maxge Alpha+ est con\u00e7u pour <strong>Montage sur rail DIN<\/strong>.<br \/>\nCela facilite leur int\u00e9gration dans les panneaux de contr\u00f4le standard et simplifie \u00e0 la fois l'installation et la maintenance.<\/p>\n<p>Votre <strong>bornes de connexion<\/strong> permettent l'utilisation de c\u00e2bles en cuivre assez courants (<strong>25 mm\u00b2 en c\u00e2ble flexible et 35 mm\u00b2 en c\u00e2ble rigide<\/strong>), ce qui garantit une connexion solide et fiable et facilite grandement l'assemblage.<\/p>\n<p>En outre, il dispose d'une <strong>conception compacte<\/strong>, occupant quelques <strong>72 mm de large (18 mm par p\u00f4le)<\/strong>, optimiser l'espace disponible dans le tableau \u00e9lectrique.<br \/>\nIl comprend \u00e9galement un <strong>la signalisation visuelle de l'\u00c9tat<\/strong> (marche\/arr\u00eat) et un <strong>fen\u00eatre pour marqueur de circuit<\/strong>, Cela facilite l'identification des circuits prot\u00e9g\u00e9s.<\/p>\n<h2>Fonctionnement et application de Maxge Alpha+ 4P, 16A<\/h2>\n<p>Ce disjoncteur combine deux syst\u00e8mes de protection compl\u00e9mentaires :<\/p>\n<ul>\n<li><strong>D\u00e9clenchement thermique<\/strong>, Le nouveau syst\u00e8me de protection des c\u00e2bles, qui prot\u00e8ge contre les surcharges prolong\u00e9es et emp\u00eache la surchauffe des c\u00e2bles, est \u00e9galement disponible en option.<\/li>\n<li><strong>D\u00e9clenchement magn\u00e9tique<\/strong>, Le nouveau syst\u00e8me, qui r\u00e9agit imm\u00e9diatement aux courts-circuits ou aux pannes graves, coupe le courant rapidement et en toute s\u00e9curit\u00e9.<\/li>\n<\/ul>\n<p>Gr\u00e2ce \u00e0 ces caract\u00e9ristiques, le Maxge Alpha+ 4P, 16A, courbe C. 10kA - EPB63H4C16 est id\u00e9al pour la protection des circuits triphas\u00e9s dans les ateliers, les b\u00e2timents industriels, les magasins ou les installations de service. Il est utilis\u00e9 lorsqu'un bon \u00e9quilibre entre d\u00e9clenchement rapide, tol\u00e9rance au courant de cr\u00eate et pouvoir de coupure \u00e9lev\u00e9 est requis.<\/p>\n<h2>Principaux avantages du disjoncteur Maxge Alpha+ 4P, 16A<\/h2>\n<p>Les avantages de ce disjoncteur sont les suivants :<\/p>\n<ul>\n<li><strong>Prot\u00e9ger<\/strong> efficacement contre <strong>surcharges et courts-circuits<\/strong> dans les r\u00e9seaux triphas\u00e9s avec neutre.<\/li>\n<li>Il offre une <strong>pouvoir de coupure \u00e9lev\u00e9 de 10 kA<\/strong>, convient aux environnements exigeants.<\/li>\n<li>Il incorpore un <strong>courbe de cuisson C<\/strong> \u00e9quilibr\u00e9, id\u00e9al pour de multiples applications industrielles.<\/li>\n<li>Il pr\u00e9sente une <strong>assemblage modulaire<\/strong> et permet \u00e0 un <strong>identification ais\u00e9e des circuits.<\/strong><\/li>\n<li>Il est compatible avec <strong>c\u00e2bles \u00e0 large section<\/strong> et avec des accessoires suppl\u00e9mentaires.<\/li>\n<li>Il est fabriqu\u00e9 conform\u00e9ment \u00e0 la norme <strong>les r\u00e9glementations internationales<\/strong>, et a \u00e9galement <strong>des certifications de qualit\u00e9 reconnues<\/strong>.<\/li>\n<\/ul>\n<h2>Informations techniques concernant Maxge Alpha+ 4P, 16A, courbe C 10kA - EPB63H4C16<\/h2>\n<p><a href=\"https:\/\/fvcomponentes.com\/wp-content\/uploads\/2026\/02\/es_fichas-tecnicas_EPB63H-20251104.pdf\" target=\"_blank\" rel=\"noopener\">Fiche technique du disjoncteur Maxge Alpha+ 4P, 16A<\/a><\/p>\n<p><a href=\"https:\/\/fvcomponentes.com\/wp-content\/uploads\/2026\/02\/es_fichas-tecnicas_Ficha_tecnica_EPB63H.pdf\" target=\"_blank\" rel=\"noopener\">Donn\u00e9es techniques du disjoncteur Maxge Alpha+ 4P, 16A<\/a><\/p>","protected":false},"excerpt":{"rendered":"<ul>\n<li>Nombre de p\u00f4les : 4 p\u00f4les (3 phases + neutre)<\/li>\n<li>Courant nominal (In) : 16 amp\u00e8res<\/li>\n<li>Tension de fonctionnement : 415\/240V AC<\/li>\n<li>Norme internationale EN\/IEC60898-1<\/li>\n<li>Signalisation de l'\u00e9tat local<\/li>\n<li>Fen\u00eatre pour marqueur de circuit<\/li>\n<li>Connexion terminale pour les c\u00e2bles en cuivre : 25 mm\u00b2 (flexible) \/ 35 mm\u00b2 (rigide)<\/li>\n<li>Dimensions : 72 mm de large (18 mm par p\u00f4le)<\/li>\n<li>Permet la fixation d'accessoires et d'appareils de contr\u00f4le<\/li>\n<li>Tension d'isolement (Ui) : 500VA<\/li>\n<li>Degr\u00e9 de pollution 3<\/li>\n<li>Tension d'impulsion (Uimp) : 4kV<\/li>\n<li>Double isolation classe 2<\/li>\n<li>Convient pour le sectionnement<\/li>\n<li>Temp\u00e9rature de fonctionnement : -5 \u00b0C \u00e0 +40 \u00b0C<\/li>\n<\/ul>","protected":false},"featured_media":36518,"comment_status":"closed","ping_status":"closed","template":"","meta":{"site-sidebar-layout":"default","site-content-layout":"","ast-site-content-layout":"default","site-content-style":"default","site-sidebar-style":"default","ast-global-header-display":"","ast-banner-title-visibility":"","ast-main-header-display":"","ast-hfb-above-header-display":"","ast-hfb-below-header-display":"","ast-hfb-mobile-header-display":"","site-post-title":"","ast-breadcrumbs-content":"","ast-featured-img":"","footer-sml-layout":"","ast-disable-related-posts":"","theme-transparent-header-meta":"default","adv-header-id-meta":"","stick-header-meta":"","header-above-stick-meta":"","header-main-stick-meta":"","header-below-stick-meta":"","astra-migrate-meta-layouts":"set","ast-page-background-enabled":"default","ast-page-background-meta":{"desktop":{"background-color":"var(--ast-global-color-4)","background-image":"","background-repeat":"repeat","background-position":"center center","background-size":"auto","background-attachment":"scroll","background-type":"","background-media":"","overlay-type":"","overlay-color":"","overlay-opacity":"","overlay-gradient":""},"tablet":{"background-color":"","background-image":"","background-repeat":"repeat","background-position":"center center","background-size":"auto","background-attachment":"scroll","background-type":"","background-media":"","overlay-type":"","overlay-color":"","overlay-opacity":"","overlay-gradient":""},"mobile":{"background-color":"","background-image":"","background-repeat":"repeat","background-position":"center center","background-size":"auto","background-attachment":"scroll","background-type":"","background-media":"","overlay-type":"","overlay-color":"","overlay-opacity":"","overlay-gradient":""}},"ast-content-background-meta":{"desktop":{"background-color":"var(--ast-global-color-5)","background-image":"","background-repeat":"repeat","background-position":"center center","background-size":"auto","background-attachment":"scroll","background-type":"","background-media":"","overlay-type":"","overlay-color":"","overlay-opacity":"","overlay-gradient":""},"tablet":{"background-color":"var(--ast-global-color-5)","background-image":"","background-repeat":"repeat","background-position":"center center","background-size":"auto","background-attachment":"scroll","background-type":"","background-media":"","overlay-type":"","overlay-color":"","overlay-opacity":"","overlay-gradient":""},"mobile":{"background-color":"var(--ast-global-color-5)","background-image":"","background-repeat":"repeat","background-position":"center center","background-size":"auto","background-attachment":"scroll","background-type":"","background-media":"","overlay-type":"","overlay-color":"","overlay-opacity":"","overlay-gradient":""}}},"pwb-brand":[1018],"product_brand":[],"product_cat":[990,410],"product_tag":[],"class_list":{"0":"post-36127","1":"product","2":"type-product","3":"status-publish","4":"has-post-thumbnail","6":"pwb-brand-maxge","7":"product_cat-magnetotermicos","8":"product_cat-material-electrico","9":"desktop-align-left","10":"tablet-align-left","11":"mobile-align-left","12":"ast-product-gallery-layout-horizontal-slider","13":"ast-product-tabs-layout-horizontal","15":"first","16":"instock","17":"taxable","18":"shipping-taxable","19":"purchasable","20":"product-type-simple"},"wcpa_form_fields":null,"brands":[{"id":1018,"name":"Protections \u00e9lectriques Maxge","slug":"maxge"}],"_links":{"self":[{"href":"https:\/\/fvcomponentes.com\/fr\/wp-json\/wp\/v2\/product\/36127","targetHints":{"allow":["GET"]}}],"collection":[{"href":"https:\/\/fvcomponentes.com\/fr\/wp-json\/wp\/v2\/product"}],"about":[{"href":"https:\/\/fvcomponentes.com\/fr\/wp-json\/wp\/v2\/types\/product"}],"replies":[{"embeddable":true,"href":"https:\/\/fvcomponentes.com\/fr\/wp-json\/wp\/v2\/comments?post=36127"}],"wp:featuredmedia":[{"embeddable":true,"href":"https:\/\/fvcomponentes.com\/fr\/wp-json\/wp\/v2\/media\/36518"}],"wp:attachment":[{"href":"https:\/\/fvcomponentes.com\/fr\/wp-json\/wp\/v2\/media?parent=36127"}],"wp:term":[{"taxonomy":"pwb-brand","embeddable":true,"href":"https:\/\/fvcomponentes.com\/fr\/wp-json\/wp\/v2\/pwb-brand?post=36127"},{"taxonomy":"product_brand","embeddable":true,"href":"https:\/\/fvcomponentes.com\/fr\/wp-json\/wp\/v2\/product_brand?post=36127"},{"taxonomy":"product_cat","embeddable":true,"href":"https:\/\/fvcomponentes.com\/fr\/wp-json\/wp\/v2\/product_cat?post=36127"},{"taxonomy":"product_tag","embeddable":true,"href":"https:\/\/fvcomponentes.com\/fr\/wp-json\/wp\/v2\/product_tag?post=36127"}],"curies":[{"name":"wp","href":"https:\/\/api.w.org\/{rel}","templated":true}]}}