{"id":36126,"date":"2026-01-24T09:25:19","date_gmt":"2026-01-24T08:25:19","guid":{"rendered":"https:\/\/fvcomponentes.com\/?post_type=product&#038;p=36126"},"modified":"2026-02-05T10:47:46","modified_gmt":"2026-02-05T09:47:46","slug":"interrupteur-magnetothermique-maxge-alpha-industrial-4-p-10a-curve-c-10ka","status":"publish","type":"product","link":"https:\/\/fvcomponentes.com\/fr\/producto\/interruptor-magnetotermico-maxge-alpha-industrial-4-p-10a-curva-c-10ka\/","title":{"rendered":"Maxge Alpha+ 4P, 10A, courbe en C, 10kA - EPB63H4C10"},"content":{"rendered":"<h2>Maxge Alpha+ 4P, 10A, courbe en C, 10kA - EPB63H4C10<\/h2>\n<p>Le disjoncteur automatique Maxge Alpha+ 4P, 10A est un dispositif de protection \u00e9lectrique automatique con\u00e7u pour prot\u00e9ger les installations \u00e9lectriques triphas\u00e9es avec neutre contre les surcharges et les courts-circuits.<\/p>\n<p>Il est particuli\u00e8rement adapt\u00e9 \u00e0 un usage industriel et tertiaire, mais peut \u00e9galement \u00eatre utilis\u00e9 dans des tableaux complexes o\u00f9 un haut niveau de s\u00e9curit\u00e9 et de fiabilit\u00e9 est requis en cas de coupure de courant.<\/p>\n<h2>Caract\u00e9ristiques principales du disjoncteur Maxge Alpha+ 4P, 10A<\/h2>\n<h3>Configuration et capacit\u00e9 \u00e9lectrique<\/h3>\n<p>Tout d'abord, il se distingue par sa configuration en p\u00f4les, puisqu'il <strong>a 4 p\u00f4les (3 phases + neutre)<\/strong>, Cela signifie que des r\u00e9seaux triphas\u00e9s complets peuvent \u00eatre prot\u00e9g\u00e9s efficacement.<\/p>\n<p>Il dispose \u00e9galement d'un <strong>courant nominal (In) de 10 amp\u00e8res<\/strong>, qui correspond au courant continu maximal pour lequel le d\u00e9clencheur magn\u00e9tothermique est \u00e9talonn\u00e9.<\/p>\n<p>D'autre part, son <strong>tension de fonctionnement <\/strong>est jusqu'\u00e0 <strong>415\/240 V AC<\/strong>, Il convient donc \u00e0 la plupart des installations triphas\u00e9es standard.<\/p>\n<h3>Courbe de tir et type de charge<\/h3>\n<p>En ce qui concerne son comportement en cas de surintensit\u00e9, il incorpore un syst\u00e8me de protection contre les surintensit\u00e9s. <strong>courbe de d\u00e9clenchement type C<\/strong>, Cela permet de tol\u00e9rer des surintensit\u00e9s transitoires de 5 \u00e0 10 fois le courant nominal avant le d\u00e9clenchement.<br \/>\nIl est donc particuli\u00e8rement adapt\u00e9 aux circuits avec des charges inductives ou \u00e0 ceux qui g\u00e9n\u00e8rent des pics de courant mod\u00e9r\u00e9s au d\u00e9marrage, tels que les petits moteurs, les syst\u00e8mes d'\u00e9clairage avec ballasts ou les \u00e9quipements industriels l\u00e9gers, ce qui permet d'\u00e9viter les d\u00e9clenchements inutiles.<\/p>\n<h3>Capacit\u00e9 de protection<\/h3>\n<p>Ce disjoncteur est dot\u00e9 d'un <strong>Pouvoir de coupure de 10 kA (10 000 amp\u00e8res).<\/strong><br \/>\nGr\u00e2ce \u00e0 cette caract\u00e9ristique, l'appareil est en mesure d'interrompre en toute s\u00e9curit\u00e9 les courts-circuits \u00e0 haute intensit\u00e9 sans \u00eatre endommag\u00e9 ni permettre la formation d'arcs dangereux, ce qui accro\u00eet consid\u00e9rablement la s\u00e9curit\u00e9 de l'installation.<\/p>\n<h3>Raccordement et installation<\/h3>\n<p>Du c\u00f4t\u00e9 de l'installation, le <strong>terminaux et bornes<\/strong> sont con\u00e7us pour des conducteurs en cuivre d'une section allant jusqu'\u00e0 <strong>25 mm\u00b2 pour les c\u00e2bles flexibles et 35 mm\u00b2 pour les c\u00e2bles rigides.<\/strong><br \/>\nIl est donc facile \u00e0 connecter et compatible avec la plupart des c\u00e2bles utilis\u00e9s dans les tableaux de distribution.<\/p>\n<p>En outre, son <strong>Montage sur rail DIN<\/strong>, Gr\u00e2ce \u00e0 sa conception modulaire standard, il facilite \u00e0 la fois l'int\u00e9gration et la maintenance de l'appareil.<\/p>\n<h3>Dimensions et conception<\/h3>\n<p>En termes de conception, le disjoncteur a des dimensions compactes, avec un <strong>72 mm de large (18 mm par p\u00f4le)<\/strong>, L'espace sur le rail DIN est optimis\u00e9.<\/p>\n<p>Il incorpore \u00e9galement un <strong>la signalisation visuelle de l'\u00c9tat<\/strong> (marche\/arr\u00eat), ce qui facilite un diagnostic et une maintenance rapides.<\/p>\n<p>Enfin, il comprend un <strong>fen\u00eatre pour marqueur de circuit<\/strong>, Le circuit qu'il prot\u00e8ge peut \u00eatre clairement identifi\u00e9.<\/p>\n<h3>Conditions de performance<\/h3>\n<p>Le disjoncteur est con\u00e7u pour fonctionner dans une <strong>Plage de temp\u00e9rature de -5 \u00b0C \u00e0 +40 \u00b0C.<\/strong><br \/>\nIl convient donc \u00e0 la plupart des environnements int\u00e9rieurs industriels et commerciaux.<\/p>\n<h3>R\u00e9glementations et certifications<\/h3>\n<p>D'un point de vue r\u00e9glementaire, il est conforme \u00e0 la <strong>la norme EN\/IEC 60898-1,<\/strong> pour les disjoncteurs basse tension.<\/p>\n<p>Il a \u00e9galement <strong>certifications<\/strong> internationalement reconnu comme <strong>CE, RoHS, VDE et KEMA-KEUR<\/strong>, Cela garantit un niveau \u00e9lev\u00e9 de qualit\u00e9, de s\u00e9curit\u00e9 et de compatibilit\u00e9 internationale.<\/p>\n<h2>Maxge Alpha+ 4P, 10A, courbe en C, 10kA - EPB63H4C10 - Fonctionnement et applications<\/h2>\n<p>Ce disjoncteur combine deux m\u00e9canismes de protection :<\/p>\n<ul>\n<li><strong>Capteur thermique<\/strong>, pour prot\u00e9ger contre les surcharges prolong\u00e9es (courants l\u00e9g\u00e8rement sup\u00e9rieurs au courant nominal pendant un certain temps), qui pourraient endommager les c\u00e2bles ou l'\u00e9quipement.<\/li>\n<li><strong>Capteur magn\u00e9tique<\/strong>, qui agit imm\u00e9diatement en cas de court-circuit ou de d\u00e9faut grave, en d\u00e9connectant rapidement le circuit pour \u00e9viter des dommages importants, tels que des dommages aux c\u00e2bles, \u00e0 l'\u00e9quipement ou des risques d'incendie.<\/li>\n<\/ul>\n<p>Cet interrupteur est con\u00e7u pour prot\u00e9ger les circuits triphas\u00e9s dans les environnements industriels, commerciaux ou les environnements de commutation plus complexes o\u00f9 la r\u00e9silience et la fiabilit\u00e9 contre les d\u00e9fauts \u00e9lectriques sont n\u00e9cessaires.<br \/>\nSa courbe en C et son pouvoir de coupure \u00e9lev\u00e9 permettent d'\u00e9quilibrer la rapidit\u00e9 de r\u00e9ponse et la tol\u00e9rance aux pointes de courant transitoires au d\u00e9marrage, typiques des charges inductives mod\u00e9r\u00e9es, sans d\u00e9clencher pr\u00e9matur\u00e9ment.<\/p>\n<h2>Principaux avantages de Maxge Alpha+ 4P, 10A<\/h2>\n<p>Les avantages de ce disjoncteur sont les suivants :<\/p>\n<ul>\n<li><strong>Prot\u00e9ger<\/strong> efficacement contre <strong>surcharges et courts-circuits<\/strong> dans les r\u00e9seaux triphas\u00e9s avec neutre.<\/li>\n<li>Il offre une <strong>pouvoir de coupure \u00e9lev\u00e9 de 10 kA<\/strong>, convient aux environnements exigeants.<\/li>\n<li>Il incorpore un <strong>courbe de cuisson C<\/strong> \u00e9quilibr\u00e9, id\u00e9al pour de multiples applications industrielles.<\/li>\n<li>Il pr\u00e9sente une <strong>assemblage modulaire<\/strong> et permet \u00e0 un <strong>identification ais\u00e9e des circuits.<\/strong><\/li>\n<li>Il est compatible avec <strong>c\u00e2bles \u00e0 large section<\/strong> et avec des accessoires suppl\u00e9mentaires.<\/li>\n<li>Il est fabriqu\u00e9 conform\u00e9ment \u00e0 la norme <strong>les r\u00e9glementations internationales<\/strong>, et a \u00e9galement <strong>des certifications de qualit\u00e9 reconnues<\/strong>.<\/li>\n<\/ul>\n<h2>Informations techniques concernant Maxge Alpha+ 4P, 10A, courbe C 10kA - EPB63H4C10<\/h2>\n<p><a href=\"https:\/\/fvcomponentes.com\/wp-content\/uploads\/2026\/02\/es_fichas-tecnicas_EPB63H-20251104.pdf\" target=\"_blank\" rel=\"noopener\">Fiche technique du disjoncteur Maxge Alpha+ 4P, 10A<\/a><\/p>\n<p><a href=\"https:\/\/fvcomponentes.com\/wp-content\/uploads\/2026\/02\/es_fichas-tecnicas_Ficha_tecnica_EPB63H.pdf\" target=\"_blank\" rel=\"noopener\">Donn\u00e9es techniques du disjoncteur Maxge Alpha+ 4P, 10A<\/a><\/p>","protected":false},"excerpt":{"rendered":"<ul>\n<li>Nombre de p\u00f4les : 4 p\u00f4les (3 phases + neutre)<\/li>\n<li>Courant nominal (In) : 10 amp\u00e8res<\/li>\n<li>Tension de fonctionnement : 415\/240V AC<\/li>\n<li>Norme internationale EN\/IEC60898-1<\/li>\n<li>Signalisation de l'\u00e9tat local<\/li>\n<li>Fen\u00eatre pour marqueur de circuit<\/li>\n<li>Connexion terminale pour les c\u00e2bles en cuivre : 25 mm\u00b2 (flexible) \/ 35 mm\u00b2 (rigide)<\/li>\n<li>Dimensions : 72 mm de large (18 mm par p\u00f4le)<\/li>\n<li>Permet la fixation d'accessoires et d'appareils de contr\u00f4le<\/li>\n<li>Tension d'isolement (Ui) : 500VA<\/li>\n<li>Degr\u00e9 de pollution 3<\/li>\n<li>Tension d'impulsion (Uimp) : 4kV<\/li>\n<li>Double isolation classe 2<\/li>\n<li>Convient pour le sectionnement<\/li>\n<li>Temp\u00e9rature de fonctionnement : -5 \u00b0C \u00e0 +40 \u00b0C<\/li>\n<\/ul>","protected":false},"featured_media":36540,"comment_status":"closed","ping_status":"closed","template":"","meta":{"site-sidebar-layout":"default","site-content-layout":"","ast-site-content-layout":"default","site-content-style":"default","site-sidebar-style":"default","ast-global-header-display":"","ast-banner-title-visibility":"","ast-main-header-display":"","ast-hfb-above-header-display":"","ast-hfb-below-header-display":"","ast-hfb-mobile-header-display":"","site-post-title":"","ast-breadcrumbs-content":"","ast-featured-img":"","footer-sml-layout":"","ast-disable-related-posts":"","theme-transparent-header-meta":"default","adv-header-id-meta":"","stick-header-meta":"","header-above-stick-meta":"","header-main-stick-meta":"","header-below-stick-meta":"","astra-migrate-meta-layouts":"set","ast-page-background-enabled":"default","ast-page-background-meta":{"desktop":{"background-color":"var(--ast-global-color-4)","background-image":"","background-repeat":"repeat","background-position":"center center","background-size":"auto","background-attachment":"scroll","background-type":"","background-media":"","overlay-type":"","overlay-color":"","overlay-opacity":"","overlay-gradient":""},"tablet":{"background-color":"","background-image":"","background-repeat":"repeat","background-position":"center center","background-size":"auto","background-attachment":"scroll","background-type":"","background-media":"","overlay-type":"","overlay-color":"","overlay-opacity":"","overlay-gradient":""},"mobile":{"background-color":"","background-image":"","background-repeat":"repeat","background-position":"center center","background-size":"auto","background-attachment":"scroll","background-type":"","background-media":"","overlay-type":"","overlay-color":"","overlay-opacity":"","overlay-gradient":""}},"ast-content-background-meta":{"desktop":{"background-color":"var(--ast-global-color-5)","background-image":"","background-repeat":"repeat","background-position":"center center","background-size":"auto","background-attachment":"scroll","background-type":"","background-media":"","overlay-type":"","overlay-color":"","overlay-opacity":"","overlay-gradient":""},"tablet":{"background-color":"var(--ast-global-color-5)","background-image":"","background-repeat":"repeat","background-position":"center center","background-size":"auto","background-attachment":"scroll","background-type":"","background-media":"","overlay-type":"","overlay-color":"","overlay-opacity":"","overlay-gradient":""},"mobile":{"background-color":"var(--ast-global-color-5)","background-image":"","background-repeat":"repeat","background-position":"center center","background-size":"auto","background-attachment":"scroll","background-type":"","background-media":"","overlay-type":"","overlay-color":"","overlay-opacity":"","overlay-gradient":""}}},"pwb-brand":[1018],"product_brand":[],"product_cat":[990,410],"product_tag":[],"class_list":{"0":"post-36126","1":"product","2":"type-product","3":"status-publish","4":"has-post-thumbnail","6":"pwb-brand-maxge","7":"product_cat-magnetotermicos","8":"product_cat-material-electrico","9":"desktop-align-left","10":"tablet-align-left","11":"mobile-align-left","12":"ast-product-gallery-layout-horizontal-slider","13":"ast-product-tabs-layout-horizontal","15":"first","16":"instock","17":"taxable","18":"shipping-taxable","19":"purchasable","20":"product-type-simple"},"wcpa_form_fields":null,"brands":[{"id":1018,"name":"Protections \u00e9lectriques Maxge","slug":"maxge"}],"_links":{"self":[{"href":"https:\/\/fvcomponentes.com\/fr\/wp-json\/wp\/v2\/product\/36126","targetHints":{"allow":["GET"]}}],"collection":[{"href":"https:\/\/fvcomponentes.com\/fr\/wp-json\/wp\/v2\/product"}],"about":[{"href":"https:\/\/fvcomponentes.com\/fr\/wp-json\/wp\/v2\/types\/product"}],"replies":[{"embeddable":true,"href":"https:\/\/fvcomponentes.com\/fr\/wp-json\/wp\/v2\/comments?post=36126"}],"wp:featuredmedia":[{"embeddable":true,"href":"https:\/\/fvcomponentes.com\/fr\/wp-json\/wp\/v2\/media\/36540"}],"wp:attachment":[{"href":"https:\/\/fvcomponentes.com\/fr\/wp-json\/wp\/v2\/media?parent=36126"}],"wp:term":[{"taxonomy":"pwb-brand","embeddable":true,"href":"https:\/\/fvcomponentes.com\/fr\/wp-json\/wp\/v2\/pwb-brand?post=36126"},{"taxonomy":"product_brand","embeddable":true,"href":"https:\/\/fvcomponentes.com\/fr\/wp-json\/wp\/v2\/product_brand?post=36126"},{"taxonomy":"product_cat","embeddable":true,"href":"https:\/\/fvcomponentes.com\/fr\/wp-json\/wp\/v2\/product_cat?post=36126"},{"taxonomy":"product_tag","embeddable":true,"href":"https:\/\/fvcomponentes.com\/fr\/wp-json\/wp\/v2\/product_tag?post=36126"}],"curies":[{"name":"wp","href":"https:\/\/api.w.org\/{rel}","templated":true}]}}