{"id":36110,"date":"2026-01-29T20:44:23","date_gmt":"2026-01-29T19:44:23","guid":{"rendered":"https:\/\/fvcomponentes.com\/?post_type=product&#038;p=36110"},"modified":"2026-04-08T21:30:36","modified_gmt":"2026-04-08T19:30:36","slug":"victron-bluesolar-95w-12v-monocrystalline-4c-series-solar-panel-spm040953003","status":"publish","type":"product","link":"https:\/\/fvcomponentes.com\/fr\/producto\/placa-solar-victron-bluesolar-95w-12v-monocristalino-serie-4c-spm040953003\/","title":{"rendered":"Victron BlueSolar 95W-12V panneau solaire monocristallin s\u00e9rie 4c - SPM040953003"},"content":{"rendered":"<h2>Victron BlueSolar 95W-12V panneau solaire monocristallin s\u00e9rie 4c - SPM040953003<\/h2>\n<p>Ce panneau solaire monocristallin est un panneau compact de 95 W, sp\u00e9cialement con\u00e7u pour les syst\u00e8mes 12 V.<\/p>\n<p>Ce panneau est un BlueSolar et fait partie de la s\u00e9rie 4c de Victron Energy, une gamme de panneaux solaires r\u00e9put\u00e9s pour leur fiabilit\u00e9, leur efficacit\u00e9 dans diff\u00e9rentes conditions de luminosit\u00e9 et leur robustesse pour une utilisation en ext\u00e9rieur.<\/p>\n<p>Sa puissance de 95 W est id\u00e9ale pour charger plus rapidement des batteries de 12 V, alimenter des charges auxiliaires ou compl\u00e9ter des installations solaires.<\/p>\n<p>Le panneau solaire de 95 W est sp\u00e9cialement con\u00e7u pour les bateaux, les caravanes, les camping-cars et les syst\u00e8mes hors r\u00e9seau o\u00f9 l'espace est limit\u00e9 et o\u00f9 un \u00e9quilibre entre la puissance, l'efficacit\u00e9 et la durabilit\u00e9 est n\u00e9cessaire.<\/p>\n<h2>Caract\u00e9ristiques du panneau solaire 95W de la s\u00e9rie 4c<\/h2>\n<h3>Performance<\/h3>\n<p>Le panneau solaire de 95 W a une tension de fonctionnement de 17,6 V \u00e0 la puissance maximale, ce qui permet de charger efficacement la batterie.<\/p>\n<p>La tension en circuit ouvert est de 20,4 V, ce qui garantit que la carte fonctionne bien et g\u00e9n\u00e8re de l'\u00e9nergie m\u00eame dans des conditions de faible luminosit\u00e9 ou d'ensoleillement qui ne sont pas optimales.<\/p>\n<p>En outre, ses diodes de d\u00e9rivation \u00e0 haute performance contribuent \u00e0 r\u00e9duire les pertes g\u00e9n\u00e9r\u00e9es par l'ombrage partiel de la carte, am\u00e9liorant ainsi l'efficacit\u00e9 globale de la carte lorsque certaines cellules ne sont pas enti\u00e8rement \u00e9clair\u00e9es.<\/p>\n<h3>Construction et conception<\/h3>\n<p>Le panneau solaire BlueSolar 95W est fabriqu\u00e9 avec des mat\u00e9riaux et des proc\u00e9d\u00e9s qui garantissent sa robustesse, sa long\u00e9vit\u00e9 et sa r\u00e9sistance aux conditions environnementales exigeantes.<\/p>\n<p>Le panneau solaire utilise 30 cellules solaires monocristallines, qui garantissent une meilleure efficacit\u00e9 \u00e9nerg\u00e9tique et des rendements plus \u00e9lev\u00e9s.<br \/>\nCe type de cellule offre une meilleure r\u00e9ponse dans des conditions de luminosit\u00e9 limit\u00e9e, maximisant ainsi la r\u00e9colte d'\u00e9nergie.<\/p>\n<p>Cette plaque est dot\u00e9e d'un cadre robuste en aluminium anodis\u00e9, tr\u00e8s r\u00e9sistant \u00e0 la corrosion.<br \/>\nIl est donc id\u00e9al pour les installations ext\u00e9rieures et expos\u00e9es aux intemp\u00e9ries.<\/p>\n<p>Sa face avant est prot\u00e9g\u00e9e par un verre tremp\u00e9 \u00e0 haute transmission, qui prot\u00e8ge les cellules des chocs, de l'abrasion et des conditions m\u00e9t\u00e9orologiques d\u00e9favorables.<\/p>\n<p>En outre, cette carte est \u00e9quip\u00e9e d'une bo\u00eete de jonction scell\u00e9e, \u00e9tanche \u00e0 l'eau et \u00e0 la poussi\u00e8re, offrant des connexions s\u00fbres avec des connecteurs MC4 de 900 mm.<br \/>\nIl prot\u00e8ge vos connexions \u00e9lectriques de l'humidit\u00e9 et garantit une s\u00e9curit\u00e9 et une fiabilit\u00e9 \u00e0 long terme.<\/p>\n<h3>R\u00e9silience et \u00e9volutivit\u00e9<\/h3>\n<p>Ce panneau solaire fonctionne parfaitement dans une large gamme de temp\u00e9ratures, de -40\u00baC \u00e0 85\u00baC, ce qui le rend parfait pour les climats chauds et froids sans compromettre les performances ou la durabilit\u00e9.<\/p>\n<p>Il r\u00e9siste \u00e9galement \u00e0 des charges de surface \u00e9lev\u00e9es (par exemple la neige ou le vent) et aux impacts de gr\u00eale.<\/p>\n<p>En outre, la tension maximale du syst\u00e8me est de 1 000 volts, de sorte que plusieurs panneaux solaires peuvent \u00eatre connect\u00e9s en s\u00e9rie ou en parall\u00e8le \u00e0 tout moment si le syst\u00e8me doit \u00eatre \u00e9tendu.<\/p>\n<h2>Avantages du panneau solaire 95 W de la s\u00e9rie 4c<\/h2>\n<p>Le panneau solaire BlueSolar 95W, s\u00e9rie 4c, pr\u00e9sente les avantages suivants :<\/p>\n<ul>\n<li><strong>Efficacit\u00e9 \u00e9nerg\u00e9tique \u00e9lev\u00e9e, <\/strong>Gr\u00e2ce \u00e0 ses cellules solaires monocristallines, il offre des performances sup\u00e9rieures par unit\u00e9 de surface.<\/li>\n<li><strong>Excellentes performances, m\u00eame en cas de faible luminosit\u00e9, <\/strong>car il a une grande sensibilit\u00e9 \u00e0 la lumi\u00e8re et fonctionne bien dans des conditions de faible luminosit\u00e9.<\/li>\n<li><strong>Moins de pertes d'ombre, <\/strong>car ses diodes de d\u00e9rivation \u00e0 haute performance contribuent \u00e0 minimiser les pertes de puissance.<\/li>\n<li><strong>Large gamme de temp\u00e9ratures de fonctionnement,<\/strong>\u00a0car il peut \u00eatre utilis\u00e9 dans des climats extr\u00eames sans d\u00e9gradation de ses performances.<\/li>\n<li><strong>Construction robuste et durable<\/strong>, assurer la s\u00e9curit\u00e9 et la protection de l'ext\u00e9rieur, des bateaux ou des v\u00e9hicules.<\/li>\n<li><strong>Int\u00e9gration et \u00e9volutivit\u00e9, <\/strong>parce qu'il peut \u00eatre int\u00e9gr\u00e9 dans des installations plus importantes en le connectant en s\u00e9rie ou en parall\u00e8le avec d'autres panneaux solaires dans des syst\u00e8mes allant jusqu'\u00e0 1000V.<\/li>\n<li><strong>Installation polyvalente<\/strong>, Gr\u00e2ce \u00e0 sa conception avec l'option des connecteurs MC4, l'installation est facile.<\/li>\n<\/ul>\n<h2>Caract\u00e9ristiques techniques du panneau solaire Victron BlueSolar 95W-12V monocristallin s\u00e9rie 4c - SPM040953003<\/h2>\n<table>\n<thead>\n<tr>\n<th><strong>Fonctionnalit\u00e9<\/strong><\/th>\n<th><strong>Valeur<\/strong><\/th>\n<\/tr>\n<\/thead>\n<tbody>\n<tr>\n<td><b>Puissance<\/b><\/td>\n<td>95 W<\/td>\n<\/tr>\n<tr>\n<td><strong>Type de panneau<\/strong><\/td>\n<td>Monocristallin<\/td>\n<\/tr>\n<tr>\n<td><b>Nombre de cellules<\/b><\/td>\n<td>30<\/td>\n<\/tr>\n<tr>\n<td><strong>Tension d'alimentation maximale\u00a0<\/strong><\/td>\n<td>17,6 V<\/td>\n<\/tr>\n<tr>\n<td><strong>Courant d'alimentation maximal\u00a0<\/strong><\/td>\n<td>5,42 A<\/td>\n<\/tr>\n<tr>\n<td><strong>Tension en circuit ouvert\u00a0<\/strong><\/td>\n<td>20,4 V<\/td>\n<\/tr>\n<tr>\n<td><strong>Courant de court-circuit\u00a0<\/strong><\/td>\n<td>5,7 A<\/td>\n<\/tr>\n<tr>\n<td><strong>Tension maximale du syst\u00e8me<\/strong><\/td>\n<td>1.000 V<\/td>\n<\/tr>\n<tr>\n<td><strong>Plage de temp\u00e9rature<\/strong><\/td>\n<td>Entre -40\u00b0C et +85\u00b0C<\/td>\n<\/tr>\n<tr>\n<td><strong>Capacit\u00e9 de charge maximale de la surface<\/strong><\/td>\n<td>200 kg\/m\u00b2 (200 kg\/m\u00b2)<\/td>\n<\/tr>\n<tr>\n<td><strong>Garantie Victron<\/strong><\/td>\n<td>5 ans<\/td>\n<\/tr>\n<\/tbody>\n<\/table>\n<h2>Informations techniques sur le panneau solaire Victron BlueSolar 95W-12V monocristallin s\u00e9rie 4c - SPM040953003<\/h2>\n<p><a href=\"https:\/\/fvcomponentes.com\/wp-content\/uploads\/2026\/01\/Datasheet-BlueSolar-Monocrystalline-Panels-latest-models-ES.pdf\" target=\"_blank\" rel=\"noopener\">Fiche technique du panneau solaire 95W s\u00e9rie 4c<\/a><\/p>\n<p><a href=\"https:\/\/fvcomponentes.com\/wp-content\/uploads\/2026\/01\/Installation-Manual-BlueSolar-Panels-EN-NL-FR-DE-ES-SE-1.pdf\" target=\"_blank\" rel=\"noopener\">Panneau solaire 95W 4c series manual<\/a><\/p>","protected":false},"excerpt":{"rendered":"<p><strong><span style=\"color: #ff9900;\">Image d'orientation<\/span><\/strong><\/p>\n<p>Puissance : 95 W<br \/>\nTension maximale du syst\u00e8me : 1 000 V<br \/>\nCellules solaires (pcs\/plaque) : 30<br \/>\nTechnologie des panneaux : Monocristallin<br \/>\nBluetooth : Non<br \/>\nMarche\/Arr\u00eat \u00e0 distance : Non<br \/>\nC\u00e2bles et autres connexions : PV-LH0801<br \/>\nType de connecteur : 900 mm MC4<br \/>\nDimensions : 30 x 668 x 770 mm<br \/>\nPoids : 5,4 kg<\/p>","protected":false},"featured_media":36117,"comment_status":"closed","ping_status":"closed","template":"","meta":{"site-sidebar-layout":"default","site-content-layout":"","ast-site-content-layout":"default","site-content-style":"default","site-sidebar-style":"default","ast-global-header-display":"","ast-banner-title-visibility":"","ast-main-header-display":"","ast-hfb-above-header-display":"","ast-hfb-below-header-display":"","ast-hfb-mobile-header-display":"","site-post-title":"","ast-breadcrumbs-content":"","ast-featured-img":"","footer-sml-layout":"","ast-disable-related-posts":"","theme-transparent-header-meta":"default","adv-header-id-meta":"","stick-header-meta":"","header-above-stick-meta":"","header-main-stick-meta":"","header-below-stick-meta":"","astra-migrate-meta-layouts":"set","ast-page-background-enabled":"default","ast-page-background-meta":{"desktop":{"background-color":"var(--ast-global-color-4)","background-image":"","background-repeat":"repeat","background-position":"center center","background-size":"auto","background-attachment":"scroll","background-type":"","background-media":"","overlay-type":"","overlay-color":"","overlay-opacity":"","overlay-gradient":""},"tablet":{"background-color":"","background-image":"","background-repeat":"repeat","background-position":"center center","background-size":"auto","background-attachment":"scroll","background-type":"","background-media":"","overlay-type":"","overlay-color":"","overlay-opacity":"","overlay-gradient":""},"mobile":{"background-color":"","background-image":"","background-repeat":"repeat","background-position":"center center","background-size":"auto","background-attachment":"scroll","background-type":"","background-media":"","overlay-type":"","overlay-color":"","overlay-opacity":"","overlay-gradient":""}},"ast-content-background-meta":{"desktop":{"background-color":"var(--ast-global-color-5)","background-image":"","background-repeat":"repeat","background-position":"center center","background-size":"auto","background-attachment":"scroll","background-type":"","background-media":"","overlay-type":"","overlay-color":"","overlay-opacity":"","overlay-gradient":""},"tablet":{"background-color":"var(--ast-global-color-5)","background-image":"","background-repeat":"repeat","background-position":"center center","background-size":"auto","background-attachment":"scroll","background-type":"","background-media":"","overlay-type":"","overlay-color":"","overlay-opacity":"","overlay-gradient":""},"mobile":{"background-color":"var(--ast-global-color-5)","background-image":"","background-repeat":"repeat","background-position":"center center","background-size":"auto","background-attachment":"scroll","background-type":"","background-media":"","overlay-type":"","overlay-color":"","overlay-opacity":"","overlay-gradient":""}}},"pwb-brand":[332],"product_brand":[],"product_cat":[395,396],"product_tag":[],"class_list":{"0":"post-36110","1":"product","2":"type-product","3":"status-publish","4":"has-post-thumbnail","6":"pwb-brand-victron","7":"product_cat-placas-solares","8":"product_cat-placas-solares-12-v","9":"product_shipping_class-paneles","10":"desktop-align-left","11":"tablet-align-left","12":"mobile-align-left","13":"ast-product-gallery-layout-horizontal-slider","14":"ast-product-gallery-with-no-image","15":"ast-product-tabs-layout-horizontal","17":"first","18":"instock","19":"taxable","20":"shipping-taxable","21":"purchasable","22":"product-type-simple"},"wcpa_form_fields":null,"brands":[{"id":332,"name":"Victron Energy","slug":"victron"}],"_links":{"self":[{"href":"https:\/\/fvcomponentes.com\/fr\/wp-json\/wp\/v2\/product\/36110","targetHints":{"allow":["GET"]}}],"collection":[{"href":"https:\/\/fvcomponentes.com\/fr\/wp-json\/wp\/v2\/product"}],"about":[{"href":"https:\/\/fvcomponentes.com\/fr\/wp-json\/wp\/v2\/types\/product"}],"replies":[{"embeddable":true,"href":"https:\/\/fvcomponentes.com\/fr\/wp-json\/wp\/v2\/comments?post=36110"}],"wp:featuredmedia":[{"embeddable":true,"href":"https:\/\/fvcomponentes.com\/fr\/wp-json\/wp\/v2\/media\/36117"}],"wp:attachment":[{"href":"https:\/\/fvcomponentes.com\/fr\/wp-json\/wp\/v2\/media?parent=36110"}],"wp:term":[{"taxonomy":"pwb-brand","embeddable":true,"href":"https:\/\/fvcomponentes.com\/fr\/wp-json\/wp\/v2\/pwb-brand?post=36110"},{"taxonomy":"product_brand","embeddable":true,"href":"https:\/\/fvcomponentes.com\/fr\/wp-json\/wp\/v2\/product_brand?post=36110"},{"taxonomy":"product_cat","embeddable":true,"href":"https:\/\/fvcomponentes.com\/fr\/wp-json\/wp\/v2\/product_cat?post=36110"},{"taxonomy":"product_tag","embeddable":true,"href":"https:\/\/fvcomponentes.com\/fr\/wp-json\/wp\/v2\/product_tag?post=36110"}],"curies":[{"name":"wp","href":"https:\/\/api.w.org\/{rel}","templated":true}]}}