{"id":36087,"date":"2026-01-29T20:44:26","date_gmt":"2026-01-29T19:44:26","guid":{"rendered":"https:\/\/fvcomponentes.com\/?post_type=product&#038;p=36087"},"modified":"2026-04-08T21:29:46","modified_gmt":"2026-04-08T19:29:46","slug":"victron-bluesolar-50w-12v-monocrystalline-4c-series-solar-panel-spm040553603","status":"publish","type":"product","link":"https:\/\/fvcomponentes.com\/fr\/producto\/placa-solar-victron-bluesolar-50w-12v-monocristalino-series-4c-spm040553603\/","title":{"rendered":"Victron BlueSolar 55W-12V panneau solaire monocristallin s\u00e9rie 4c - SPM040553603"},"content":{"rendered":"<h2>Victron BlueSolar 55W-12V panneau solaire monocristallin s\u00e9rie 4c - SPM040553603<\/h2>\n<p>Le panneau solaire Victron BlueSolar 55W-12V monocristallin de la s\u00e9rie 4c est un module photovolta\u00efque compact et performant con\u00e7u pour les syst\u00e8mes 12V.<\/p>\n<p>Ce panneau fait partie de la s\u00e9rie BlueSolar et offre une solution \u00e9nerg\u00e9tique fiable.<\/p>\n<p>Le panneau solaire de 55 W est sp\u00e9cialement con\u00e7u pour les applications mobiles, marines et hors r\u00e9seau o\u00f9 l'espace est limit\u00e9 et o\u00f9 un \u00e9quilibre entre puissance, efficacit\u00e9 et durabilit\u00e9 est n\u00e9cessaire.<\/p>\n<h2>Caract\u00e9ristiques du panneau solaire 55W de la s\u00e9rie 4c<\/h2>\n<h3>Performance<\/h3>\n<p>Ce panneau solaire a une tension de fonctionnement \u00e0 puissance maximale de 21 V, ce qui le rend id\u00e9al pour un contr\u00f4le de charge efficace avec des r\u00e9gulateurs MPPT.<\/p>\n<p>La tension en circuit ouvert est de 24,8 V, ce qui garantit que la carte fonctionne bien et g\u00e9n\u00e8re de l'\u00e9nergie m\u00eame dans des conditions de faible luminosit\u00e9 ou d'ensoleillement qui ne sont pas optimales.<\/p>\n<p>En outre, il a un courant de puissance maximal de 2,63 A et un courant de court-circuit de 2,79 A, ce qui permet de maintenir une charge constante dans les petits syst\u00e8mes.<\/p>\n<h3>Construction et conception de haute qualit\u00e9<\/h3>\n<p>Le panneau solaire BlueSolar 55W est fabriqu\u00e9 avec des mat\u00e9riaux et des proc\u00e9d\u00e9s qui garantissent sa robustesse, sa long\u00e9vit\u00e9 et sa r\u00e9sistance, bien qu'il s'agisse d'un panneau l\u00e9ger et compact.<br \/>\nCette plaque a :<\/p>\n<ul>\n<li><strong>36 Cellules monocristallines \u00e0 haut rendement<\/strong>, Les nouvelles LED, qui offrent des performances et une efficacit\u00e9 accrues et une meilleure r\u00e9ponse dans des conditions de luminosit\u00e9 limit\u00e9es.<\/li>\n<li><strong>Verre tremp\u00e9 \u00e0 haute transmission<\/strong>, qui prot\u00e8ge les cellules et am\u00e9liore la durabilit\u00e9 contre les chocs, la gr\u00eale et les conditions m\u00e9t\u00e9orologiques d\u00e9favorables.<\/li>\n<li><strong>Cadre robuste et l\u00e9ger en aluminium anodis\u00e9<\/strong>, R\u00e9sistant \u00e0 la corrosion, il est facile \u00e0 installer sur les cadres, les plafonds ou les structures fixes.<\/li>\n<li><strong>Bo\u00eete de jonction scell\u00e9e et \u00e9tanche<\/strong>, pour prot\u00e9ger les connexions \u00e9lectriques et assurer la s\u00e9curit\u00e9 dans les environnements ext\u00e9rieurs.<\/li>\n<li><strong>Diodes de d\u00e9rivation int\u00e9gr\u00e9es<\/strong>, qui contribuent \u00e0 minimiser les pertes d'\u00e9nergie lorsque des parties du panneau sont ombrag\u00e9es.<\/li>\n<\/ul>\n<h3>R\u00e9silience et \u00e9volutivit\u00e9<\/h3>\n<p>Ce panneau solaire fonctionne parfaitement dans une large gamme de temp\u00e9ratures, de -40\u00baC \u00e0 85\u00baC, ce qui le rend parfait pour les climats chauds et froids sans compromettre les performances ou la durabilit\u00e9.<\/p>\n<p>En outre, la tension maximale du syst\u00e8me est de 1 000 volts, de sorte que plusieurs panneaux solaires peuvent \u00eatre connect\u00e9s en s\u00e9rie ou en parall\u00e8le \u00e0 tout moment si le syst\u00e8me doit \u00eatre \u00e9tendu.<\/p>\n<h2>Avantages du panneau solaire 55 W de la s\u00e9rie 4c<\/h2>\n<p>Le panneau solaire BlueSolar 55W, s\u00e9rie 4c, pr\u00e9sente les avantages suivants :<\/p>\n<ul>\n<li><strong>Efficacit\u00e9 \u00e9nerg\u00e9tique \u00e9lev\u00e9e, <\/strong>Gr\u00e2ce \u00e0 ses cellules solaires monocristallines, il offre des performances sup\u00e9rieures par unit\u00e9 de surface.<\/li>\n<li><strong>Bonnes performances m\u00eame en cas de faible luminosit\u00e9, <\/strong>car il a une grande sensibilit\u00e9 \u00e0 la lumi\u00e8re et fonctionne bien dans des conditions de faible luminosit\u00e9.<\/li>\n<li><strong>Moins de pertes d'ombre, <\/strong>car ses diodes de d\u00e9rivation \u00e0 haute performance contribuent \u00e0 minimiser les pertes de puissance.<\/li>\n<li><strong>Large gamme de temp\u00e9ratures de fonctionnement,<\/strong>\u00a0car il peut \u00eatre utilis\u00e9 dans des climats extr\u00eames sans d\u00e9gradation de ses performances.<\/li>\n<li><strong>Construction robuste et durable<\/strong>, assurer la s\u00e9curit\u00e9 et la protection de l'ext\u00e9rieur, des bateaux ou des v\u00e9hicules.<\/li>\n<li><strong>Int\u00e9gration et \u00e9volutivit\u00e9, <\/strong>parce qu'il peut \u00eatre int\u00e9gr\u00e9 dans des installations plus importantes en le connectant en s\u00e9rie ou en parall\u00e8le avec d'autres panneaux solaires dans des syst\u00e8mes allant jusqu'\u00e0 1000V.<\/li>\n<\/ul>\n<h2>Caract\u00e9ristiques techniques du panneau solaire monocristallin de la s\u00e9rie 4c de Victron BlueSolar 55W-12V - SPM040553603<\/h2>\n<table>\n<thead>\n<tr>\n<th><strong>Fonctionnalit\u00e9<\/strong><\/th>\n<th><strong>Valeur<\/strong><\/th>\n<\/tr>\n<\/thead>\n<tbody>\n<tr>\n<td><b>Puissance<\/b><\/td>\n<td>55W<\/td>\n<\/tr>\n<tr>\n<td><strong>Type de panneau<\/strong><\/td>\n<td>Monocristallin<\/td>\n<\/tr>\n<tr>\n<td><strong>Nombre de cellules<\/strong><\/td>\n<td>36<\/td>\n<\/tr>\n<tr>\n<td><strong>Tension d'alimentation maximale\u00a0<\/strong><\/td>\n<td>21 V<\/td>\n<\/tr>\n<tr>\n<td><strong>Courant d'alimentation maximal\u00a0<\/strong><\/td>\n<td>2,63 A<\/td>\n<\/tr>\n<tr>\n<td><strong>Tension en circuit ouvert\u00a0<\/strong><\/td>\n<td>24,8 V<\/td>\n<\/tr>\n<tr>\n<td><strong>Courant de court-circuit\u00a0<\/strong><\/td>\n<td>2,79 A<\/td>\n<\/tr>\n<tr>\n<td><strong>Tension maximale du syst\u00e8me<\/strong><\/td>\n<td>1.000 V<\/td>\n<\/tr>\n<tr>\n<td><strong>Plage de temp\u00e9rature<\/strong><\/td>\n<td>De -40\u00baC \u00e0 +85\u00baC<\/td>\n<\/tr>\n<tr>\n<td><strong>Capacit\u00e9 de charge maximale de la surface<\/strong><\/td>\n<td>200 kg\/m\u00b2 (200 kg\/m\u00b2)<\/td>\n<\/tr>\n<tr>\n<td><strong>Garantie Victron<\/strong><\/td>\n<td>5 ans<\/td>\n<\/tr>\n<\/tbody>\n<\/table>\n<h2>Informations techniques sur le panneau solaire monocristallin Victron BlueSolar 55W-12V s\u00e9rie 4c - SPM040553603<\/h2>\n<p><a href=\"https:\/\/fvcomponentes.com\/wp-content\/uploads\/2026\/01\/Datasheet-BlueSolar-Monocrystalline-Panels-latest-models-ES.pdf\" target=\"_blank\" rel=\"noopener\">55W Solar Panel 4c series technical data sheet<\/a><\/p>\n<p><a href=\"https:\/\/fvcomponentes.com\/wp-content\/uploads\/2026\/01\/Installation-Manual-BlueSolar-Panels-EN-NL-FR-DE-ES-SE-1.pdf\" target=\"_blank\" rel=\"noopener\">55W Solar Panel Manual 4c series<\/a><\/p>","protected":false},"excerpt":{"rendered":"<p><strong><span style=\"color: #ff9900;\">Image d'orientation<\/span><\/strong><\/p>\n<p>Puissance : 55 W<br \/>\nTension maximale du syst\u00e8me : 1 000 V<br \/>\nCellules solaires (pcs\/plaque) : 36<br \/>\nTechnologie des panneaux : Monocristallin<br \/>\nBluetooth : Non<br \/>\nMarche\/Arr\u00eat \u00e0 distance : Non<br \/>\nC\u00e2bles et autres connexions : PV-LH0801<br \/>\nDimensions : 25 x 445 x 715 mm<br \/>\nPoids : 3,4 kg<\/p>","protected":false},"featured_media":36109,"comment_status":"closed","ping_status":"closed","template":"","meta":{"site-sidebar-layout":"default","site-content-layout":"","ast-site-content-layout":"default","site-content-style":"default","site-sidebar-style":"default","ast-global-header-display":"","ast-banner-title-visibility":"","ast-main-header-display":"","ast-hfb-above-header-display":"","ast-hfb-below-header-display":"","ast-hfb-mobile-header-display":"","site-post-title":"","ast-breadcrumbs-content":"","ast-featured-img":"","footer-sml-layout":"","ast-disable-related-posts":"","theme-transparent-header-meta":"default","adv-header-id-meta":"","stick-header-meta":"","header-above-stick-meta":"","header-main-stick-meta":"","header-below-stick-meta":"","astra-migrate-meta-layouts":"set","ast-page-background-enabled":"default","ast-page-background-meta":{"desktop":{"background-color":"var(--ast-global-color-4)","background-image":"","background-repeat":"repeat","background-position":"center center","background-size":"auto","background-attachment":"scroll","background-type":"","background-media":"","overlay-type":"","overlay-color":"","overlay-opacity":"","overlay-gradient":""},"tablet":{"background-color":"","background-image":"","background-repeat":"repeat","background-position":"center center","background-size":"auto","background-attachment":"scroll","background-type":"","background-media":"","overlay-type":"","overlay-color":"","overlay-opacity":"","overlay-gradient":""},"mobile":{"background-color":"","background-image":"","background-repeat":"repeat","background-position":"center center","background-size":"auto","background-attachment":"scroll","background-type":"","background-media":"","overlay-type":"","overlay-color":"","overlay-opacity":"","overlay-gradient":""}},"ast-content-background-meta":{"desktop":{"background-color":"var(--ast-global-color-5)","background-image":"","background-repeat":"repeat","background-position":"center center","background-size":"auto","background-attachment":"scroll","background-type":"","background-media":"","overlay-type":"","overlay-color":"","overlay-opacity":"","overlay-gradient":""},"tablet":{"background-color":"var(--ast-global-color-5)","background-image":"","background-repeat":"repeat","background-position":"center center","background-size":"auto","background-attachment":"scroll","background-type":"","background-media":"","overlay-type":"","overlay-color":"","overlay-opacity":"","overlay-gradient":""},"mobile":{"background-color":"var(--ast-global-color-5)","background-image":"","background-repeat":"repeat","background-position":"center center","background-size":"auto","background-attachment":"scroll","background-type":"","background-media":"","overlay-type":"","overlay-color":"","overlay-opacity":"","overlay-gradient":""}}},"pwb-brand":[332],"product_brand":[],"product_cat":[395,396],"product_tag":[],"class_list":{"0":"post-36087","1":"product","2":"type-product","3":"status-publish","4":"has-post-thumbnail","6":"pwb-brand-victron","7":"product_cat-placas-solares","8":"product_cat-placas-solares-12-v","9":"product_shipping_class-paneles","10":"desktop-align-left","11":"tablet-align-left","12":"mobile-align-left","13":"ast-product-gallery-layout-horizontal-slider","14":"ast-product-gallery-with-no-image","15":"ast-product-tabs-layout-horizontal","17":"first","18":"instock","19":"taxable","20":"shipping-taxable","21":"purchasable","22":"product-type-simple"},"wcpa_form_fields":null,"brands":[{"id":332,"name":"Victron Energy","slug":"victron"}],"_links":{"self":[{"href":"https:\/\/fvcomponentes.com\/fr\/wp-json\/wp\/v2\/product\/36087","targetHints":{"allow":["GET"]}}],"collection":[{"href":"https:\/\/fvcomponentes.com\/fr\/wp-json\/wp\/v2\/product"}],"about":[{"href":"https:\/\/fvcomponentes.com\/fr\/wp-json\/wp\/v2\/types\/product"}],"replies":[{"embeddable":true,"href":"https:\/\/fvcomponentes.com\/fr\/wp-json\/wp\/v2\/comments?post=36087"}],"wp:featuredmedia":[{"embeddable":true,"href":"https:\/\/fvcomponentes.com\/fr\/wp-json\/wp\/v2\/media\/36109"}],"wp:attachment":[{"href":"https:\/\/fvcomponentes.com\/fr\/wp-json\/wp\/v2\/media?parent=36087"}],"wp:term":[{"taxonomy":"pwb-brand","embeddable":true,"href":"https:\/\/fvcomponentes.com\/fr\/wp-json\/wp\/v2\/pwb-brand?post=36087"},{"taxonomy":"product_brand","embeddable":true,"href":"https:\/\/fvcomponentes.com\/fr\/wp-json\/wp\/v2\/product_brand?post=36087"},{"taxonomy":"product_cat","embeddable":true,"href":"https:\/\/fvcomponentes.com\/fr\/wp-json\/wp\/v2\/product_cat?post=36087"},{"taxonomy":"product_tag","embeddable":true,"href":"https:\/\/fvcomponentes.com\/fr\/wp-json\/wp\/v2\/product_tag?post=36087"}],"curies":[{"name":"wp","href":"https:\/\/api.w.org\/{rel}","templated":true}]}}