{"id":36082,"date":"2026-01-29T20:44:31","date_gmt":"2026-01-29T19:44:31","guid":{"rendered":"https:\/\/fvcomponentes.com\/?post_type=product&#038;p=36082"},"modified":"2026-04-08T21:28:31","modified_gmt":"2026-04-08T19:28:31","slug":"victron-bluesolar-30w-12v-monocrystalline-4c-series-spm040303603-solar-panel","status":"publish","type":"product","link":"https:\/\/fvcomponentes.com\/fr\/producto\/placa-solar-victron-bluesolar-30w-12v-monocristalino-serie-4c-spm040303603\/","title":{"rendered":"Victron BlueSolar 30W-12V panneau solaire monocristallin s\u00e9rie 4c - SPM040303603"},"content":{"rendered":"<h2>Victron BlueSolar 30W-12V panneau solaire monocristallin s\u00e9rie 4c - SPM040303603<\/h2>\n<p>La s\u00e9rie BlueSolar 30W-12V monocristalline 4c de Victron est un panneau solaire photovolta\u00efque monocristallin compact, robuste et efficace d'une puissance nominale de 30W.<\/p>\n<p>Cette carte fait partie de la s\u00e9rie BlueSolar et est con\u00e7ue pour fournir une solution d'alimentation fiable pour les petits syst\u00e8mes solaires de 12 V.<\/p>\n<p>Sa construction robuste et ses bonnes performances, m\u00eame en cas de faible luminosit\u00e9, en font un excellent choix pour les installations hors r\u00e9seau.<br \/>\nIl se distingue \u00e9galement par sa facilit\u00e9 d'int\u00e9gration.<\/p>\n<p>Il est id\u00e9al pour les bateaux, les caravanes, les camping-cars et les syst\u00e8mes d'alimentation autonomes.<\/p>\n<h2>Caract\u00e9ristiques du panneau solaire 30W s\u00e9rie 4c<\/h2>\n<h3>Des performances optimis\u00e9es<\/h3>\n<p>Ce panneau solaire a une tension de fonctionnement de 21,2 V \u00e0 la puissance maximale.<br \/>\nCela facilite l'int\u00e9gration avec les contr\u00f4leurs MPPT.<\/p>\n<p>De plus, sa tension en circuit ouvert est de 24,7 V.<br \/>\nCela permet \u00e0 la plaque de produire de l'\u00e9nergie m\u00eame lorsque la lumi\u00e8re est faible ou que les conditions d'ensoleillement ne sont pas optimales.<\/p>\n<p>En outre, ses diodes de d\u00e9rivation \u00e0 haute performance contribuent \u00e0 r\u00e9duire les pertes g\u00e9n\u00e9r\u00e9es par l'ombrage partiel de la carte, am\u00e9liorant ainsi l'efficacit\u00e9 globale de la carte lorsque certaines cellules ne sont pas enti\u00e8rement \u00e9clair\u00e9es.<\/p>\n<h3>Appareils de commutation \u00e0 haut rendement<\/h3>\n<p>Le panneau solaire de 30 W utilise 36 cellules solaires monocristallines, qui garantissent une meilleure efficacit\u00e9 \u00e9nerg\u00e9tique.<\/p>\n<p>Ce type de cellule offre une r\u00e9ponse plus rapide et plus stable sur une plus grande plage d'irradiation.<\/p>\n<h3>Conception<\/h3>\n<p>Ce panneau solaire de 30 W est dot\u00e9 d'un cadre l\u00e9ger en aluminium anodis\u00e9 tr\u00e8s r\u00e9sistant \u00e0 la corrosion.<br \/>\nIl est donc id\u00e9al pour les installations ext\u00e9rieures et expos\u00e9es aux intemp\u00e9ries.<\/p>\n<p>Sa face avant est prot\u00e9g\u00e9e par un verre tremp\u00e9 \u00e0 haute transmission, ce qui am\u00e9liore sa r\u00e9sistance aux chocs, \u00e0 la gr\u00eale et aux conditions m\u00e9t\u00e9orologiques d\u00e9favorables.<\/p>\n<p>En outre, cette carte est \u00e9quip\u00e9e d'une bo\u00eete de jonction \u00e9tanche et scell\u00e9e.<br \/>\nIl prot\u00e8ge vos connexions \u00e9lectriques de l'humidit\u00e9 et garantit une s\u00e9curit\u00e9 et une fiabilit\u00e9 \u00e0 long terme.<\/p>\n<h3>Plage de temp\u00e9rature<\/h3>\n<p>Le panneau solaire de 30W fonctionne parfaitement dans une large gamme de temp\u00e9ratures, entre -40\u00baC et 85\u00baC.<br \/>\nIl est donc parfait pour les climats chauds et froids sans compromettre les performances ou la durabilit\u00e9.<\/p>\n<h3>Compatibilit\u00e9 et flexibilit\u00e9<\/h3>\n<p>Cette carte est compatible avec des syst\u00e8mes d'une tension allant jusqu'\u00e0 1 000 V, ce qui permet de l'int\u00e9grer dans des syst\u00e8mes plus importants en les connectant en s\u00e9rie ou en parall\u00e8le.<\/p>\n<h2>Avantages du panneau solaire 30W de la s\u00e9rie 4c<\/h2>\n<p>Le panneau solaire BlueSolar 30W-12V 4c series pr\u00e9sente les avantages suivants :<\/p>\n<ul>\n<li><strong>Efficacit\u00e9 \u00e9nerg\u00e9tique \u00e9lev\u00e9e<\/strong>, gr\u00e2ce \u00e0 ses cellules solaires monocristallines.<\/li>\n<li><strong>Bonne performance dans des conditions variables<\/strong>, Il est tr\u00e8s sensible \u00e0 la lumi\u00e8re et fonctionne bien dans des conditions de faible luminosit\u00e9.<\/li>\n<li><strong>Les rendements sont plus \u00e9lev\u00e9s \u00e0 l'ombre partielle,<\/strong> car ses diodes de d\u00e9rivation \u00e0 haute performance contribuent \u00e0 minimiser les pertes de puissance.<\/li>\n<li><strong>Large plage de fonctionnement climatique<\/strong>, Le nouveau syst\u00e8me est con\u00e7u pour \u00eatre utilis\u00e9 dans des climats extr\u00eames sans d\u00e9gradation de ses performances.<\/li>\n<li><strong>Construction robuste et durable<\/strong>, assurer la s\u00e9curit\u00e9 et la protection de l'ext\u00e9rieur, des bateaux ou des v\u00e9hicules.<\/li>\n<li><strong>Facilit\u00e9 d'int\u00e9gration, flexibilit\u00e9 et \u00e9volutivit\u00e9<\/strong>, Il peut \u00eatre int\u00e9gr\u00e9 dans des installations plus importantes en le connectant en s\u00e9rie ou en parall\u00e8le avec d'autres panneaux solaires dans des syst\u00e8mes allant jusqu'\u00e0 1000V.<\/li>\n<\/ul>\n<h2>Sp\u00e9cifications techniques du panneau solaire Victron BlueSolar 30W-12V monocristallin s\u00e9rie 4c - SPM04030303603<\/h2>\n<table>\n<thead>\n<tr>\n<th><strong>Sp\u00e9cifications techniques<\/strong><\/th>\n<th><strong>Valeur<\/strong><\/th>\n<\/tr>\n<\/thead>\n<tbody>\n<tr>\n<td><b>Puissance<\/b><\/td>\n<td>30 W<\/td>\n<\/tr>\n<tr>\n<td><strong>Type de panneau<\/strong><\/td>\n<td>Monocristallin<\/td>\n<\/tr>\n<tr>\n<td><b>Nombre de cellules<\/b><\/td>\n<td>36<\/td>\n<\/tr>\n<tr>\n<td><strong>Tension d'alimentation maximale\u00a0<\/strong><\/td>\n<td>21,2 V<\/td>\n<\/tr>\n<tr>\n<td><strong>Courant d'alimentation maximal\u00a0<\/strong><\/td>\n<td>1,42 A<\/td>\n<\/tr>\n<tr>\n<td><strong>Tension en circuit ouvert\u00a0<\/strong><\/td>\n<td>24,7 V<\/td>\n<\/tr>\n<tr>\n<td><strong>Courant de court-circuit\u00a0<\/strong><\/td>\n<td>1,49 A<\/td>\n<\/tr>\n<tr>\n<td><strong>Tension maximale du syst\u00e8me<\/strong><\/td>\n<td>1.000 V<\/td>\n<\/tr>\n<tr>\n<td><strong>Plage de temp\u00e9rature<\/strong><\/td>\n<td>Entre -40\u00b0C et +85\u00b0C<\/td>\n<\/tr>\n<tr>\n<td><strong>Capacit\u00e9 de charge maximale de la surface<\/strong><\/td>\n<td>200 kg\/m\u00b2 (200 kg\/m\u00b2)<\/td>\n<\/tr>\n<tr>\n<td><strong>Garantie Victron<\/strong><\/td>\n<td>5 ans<\/td>\n<\/tr>\n<\/tbody>\n<\/table>\n<h2>Informations techniques sur le panneau solaire Victron BlueSolar 30W-12V monocristallin s\u00e9rie 4c - SPM040303603<\/h2>\n<p><a href=\"https:\/\/fvcomponentes.com\/wp-content\/uploads\/2026\/01\/Datasheet-BlueSolar-Monocrystalline-Panels-latest-models-ES.pdf\" target=\"_blank\" rel=\"noopener\">Fiche technique Panneau solaire 30W s\u00e9rie 4c<\/a><\/p>\n<p><a href=\"https:\/\/fvcomponentes.com\/wp-content\/uploads\/2026\/01\/Installation-Manual-BlueSolar-Panels-EN-NL-FR-DE-ES-SE-1.pdf\" target=\"_blank\" rel=\"noopener\">Manuel du panneau solaire 30W s\u00e9rie 4c<\/a><\/p>","protected":false},"excerpt":{"rendered":"<p><strong><span style=\"color: #ff9900;\">Image d'orientation<\/span><\/strong><\/p>\n<p>Puissance : 30 W<br \/>\nTension maximale du syst\u00e8me : 1000 V<br \/>\nCellules solaires (pcs\/plaque) : 36<br \/>\nTechnologie des panneaux : Monocristallin<br \/>\nBluetooth : Non<br \/>\nMarche\/Arr\u00eat \u00e0 distance : Non<br \/>\nC\u00e2bles et autres connexions : PV-LH0806<br \/>\nDimensions : 25 x 450 x 380 mm<br \/>\nPoids : 1,8 kg<\/p>","protected":false},"featured_media":36086,"comment_status":"closed","ping_status":"closed","template":"","meta":{"site-sidebar-layout":"default","site-content-layout":"","ast-site-content-layout":"default","site-content-style":"default","site-sidebar-style":"default","ast-global-header-display":"","ast-banner-title-visibility":"","ast-main-header-display":"","ast-hfb-above-header-display":"","ast-hfb-below-header-display":"","ast-hfb-mobile-header-display":"","site-post-title":"","ast-breadcrumbs-content":"","ast-featured-img":"","footer-sml-layout":"","ast-disable-related-posts":"","theme-transparent-header-meta":"default","adv-header-id-meta":"","stick-header-meta":"","header-above-stick-meta":"","header-main-stick-meta":"","header-below-stick-meta":"","astra-migrate-meta-layouts":"set","ast-page-background-enabled":"default","ast-page-background-meta":{"desktop":{"background-color":"var(--ast-global-color-4)","background-image":"","background-repeat":"repeat","background-position":"center center","background-size":"auto","background-attachment":"scroll","background-type":"","background-media":"","overlay-type":"","overlay-color":"","overlay-opacity":"","overlay-gradient":""},"tablet":{"background-color":"","background-image":"","background-repeat":"repeat","background-position":"center center","background-size":"auto","background-attachment":"scroll","background-type":"","background-media":"","overlay-type":"","overlay-color":"","overlay-opacity":"","overlay-gradient":""},"mobile":{"background-color":"","background-image":"","background-repeat":"repeat","background-position":"center center","background-size":"auto","background-attachment":"scroll","background-type":"","background-media":"","overlay-type":"","overlay-color":"","overlay-opacity":"","overlay-gradient":""}},"ast-content-background-meta":{"desktop":{"background-color":"var(--ast-global-color-5)","background-image":"","background-repeat":"repeat","background-position":"center center","background-size":"auto","background-attachment":"scroll","background-type":"","background-media":"","overlay-type":"","overlay-color":"","overlay-opacity":"","overlay-gradient":""},"tablet":{"background-color":"var(--ast-global-color-5)","background-image":"","background-repeat":"repeat","background-position":"center center","background-size":"auto","background-attachment":"scroll","background-type":"","background-media":"","overlay-type":"","overlay-color":"","overlay-opacity":"","overlay-gradient":""},"mobile":{"background-color":"var(--ast-global-color-5)","background-image":"","background-repeat":"repeat","background-position":"center center","background-size":"auto","background-attachment":"scroll","background-type":"","background-media":"","overlay-type":"","overlay-color":"","overlay-opacity":"","overlay-gradient":""}}},"pwb-brand":[332],"product_brand":[],"product_cat":[395,396],"product_tag":[],"class_list":{"0":"post-36082","1":"product","2":"type-product","3":"status-publish","4":"has-post-thumbnail","6":"pwb-brand-victron","7":"product_cat-placas-solares","8":"product_cat-placas-solares-12-v","9":"product_shipping_class-paneles","10":"desktop-align-left","11":"tablet-align-left","12":"mobile-align-left","13":"ast-product-gallery-layout-horizontal-slider","14":"ast-product-gallery-with-no-image","15":"ast-product-tabs-layout-horizontal","17":"first","18":"instock","19":"taxable","20":"shipping-taxable","21":"purchasable","22":"product-type-simple"},"wcpa_form_fields":null,"brands":[{"id":332,"name":"Victron Energy","slug":"victron"}],"_links":{"self":[{"href":"https:\/\/fvcomponentes.com\/fr\/wp-json\/wp\/v2\/product\/36082","targetHints":{"allow":["GET"]}}],"collection":[{"href":"https:\/\/fvcomponentes.com\/fr\/wp-json\/wp\/v2\/product"}],"about":[{"href":"https:\/\/fvcomponentes.com\/fr\/wp-json\/wp\/v2\/types\/product"}],"replies":[{"embeddable":true,"href":"https:\/\/fvcomponentes.com\/fr\/wp-json\/wp\/v2\/comments?post=36082"}],"wp:featuredmedia":[{"embeddable":true,"href":"https:\/\/fvcomponentes.com\/fr\/wp-json\/wp\/v2\/media\/36086"}],"wp:attachment":[{"href":"https:\/\/fvcomponentes.com\/fr\/wp-json\/wp\/v2\/media?parent=36082"}],"wp:term":[{"taxonomy":"pwb-brand","embeddable":true,"href":"https:\/\/fvcomponentes.com\/fr\/wp-json\/wp\/v2\/pwb-brand?post=36082"},{"taxonomy":"product_brand","embeddable":true,"href":"https:\/\/fvcomponentes.com\/fr\/wp-json\/wp\/v2\/product_brand?post=36082"},{"taxonomy":"product_cat","embeddable":true,"href":"https:\/\/fvcomponentes.com\/fr\/wp-json\/wp\/v2\/product_cat?post=36082"},{"taxonomy":"product_tag","embeddable":true,"href":"https:\/\/fvcomponentes.com\/fr\/wp-json\/wp\/v2\/product_tag?post=36082"}],"curies":[{"name":"wp","href":"https:\/\/api.w.org\/{rel}","templated":true}]}}