{"id":36080,"date":"2026-01-29T20:30:05","date_gmt":"2026-01-29T19:30:05","guid":{"rendered":"https:\/\/fvcomponentes.com\/?post_type=product&#038;p=36080"},"modified":"2026-02-25T10:00:30","modified_gmt":"2026-02-25T09:00:30","slug":"convertisseur-de-haute-puissance-non-isole-orion-victron-48-12-60-ori481260020","status":"publish","type":"product","link":"https:\/\/fvcomponentes.com\/fr\/producto\/convertidor-orion-victron-no-aislado-de-alta-potencia-48-12-60-ori481260020\/","title":{"rendered":"Convertisseur haute puissance non isol\u00e9 Orion Victron 48\/12-60 - ORI481260020"},"content":{"rendered":"<h2>Convertisseur haute puissance non isol\u00e9 Orion Victron 48\/12-60 - ORI481260020<\/h2>\n<p data-start=\"274\" data-end=\"539\">Le Orion Victron 48\/12-60 est un convertisseur qui transforme le courant continu (DC) d'un syst\u00e8me 48V en 12V, en maintenant une tension de sortie stable et r\u00e9gul\u00e9e.<br \/>\nIl est destin\u00e9 aux grands syst\u00e8mes \u00e9lectriques qui ont besoin de puissance et de fiabilit\u00e9.<\/p>\n<p data-start=\"274\" data-end=\"539\">Ce convertisseur est non isol\u00e9, ce qui signifie que l'entr\u00e9e et la sortie partagent le m\u00eame n\u00e9gatif, ce qui le rend plus efficace et plus fiable.<\/p>\n<p>Le puissant Orion peut faire fonctionner plusieurs appareils en m\u00eame temps sans aucun probl\u00e8me.<\/p>\n<p>En outre, comme il s'agit d'un produit Victron, il est con\u00e7u pour r\u00e9sister \u00e0 une utilisation constante et pour prot\u00e9ger contre les surcharges ou les courts-circuits.<br \/>\nIl est donc id\u00e9al pour les bateaux, les camping-cars, les v\u00e9hicules \u00e9lectriques ou les installations solaires o\u00f9 la batterie principale est de 48V mais o\u00f9 certains \u00e9quipements ont encore besoin de 12V.<\/p>\n<h2>Caract\u00e9ristiques de l'Orion 48\/12-60<\/h2>\n<h3>Puissance et efficacit\u00e9<\/h3>\n<p>L'Orion 48\/12-60 fonctionne avec une entr\u00e9e de 48V et une sortie de 12V avec jusqu'\u00e0 60A de courant continu, ce qui lui permet d'alimenter plusieurs appareils 12V en m\u00eame temps sans surcharge ni coupure de courant.<\/p>\n<p>Gr\u00e2ce \u00e0 son rendement \u00e9lev\u00e9, le convertisseur minimise les pertes d'\u00e9nergie et r\u00e9duit l'\u00e9chauffement, assurant un fonctionnement fiable m\u00eame dans les syst\u00e8mes \u00e0 consommation \u00e9lectrique \u00e9lev\u00e9e ou prolong\u00e9e.<\/p>\n<h3>Configuration et contr\u00f4le<\/h3>\n<p>L'Orion 48\/12-60 permet d'ajuster la tension de sortie dans une plage utile, ce qui signifie qu'il peut \u00eatre utilis\u00e9 non seulement comme convertisseur DC-DC, mais aussi comme chargeur pour les batteries auxiliaires de 12 V.<\/p>\n<p>Il int\u00e8gre un connecteur ON\/OFF \u00e0 distance, qui facilite la mise en marche et l'arr\u00eat \u00e0 partir d'un panneau de commande, d'un relais ou d'un interrupteur \u00e0 faible courant, s'int\u00e9grant facilement dans les v\u00e9hicules, les bateaux ou les installations automatis\u00e9es.<\/p>\n<p>Bien que ce mod\u00e8le ne comprenne pas de fonctions avanc\u00e9es telles que la connectivit\u00e9 Bluetooth ou la surveillance par application, il offre n\u00e9anmoins un fonctionnement stable et fiable avec un courant de repos r\u00e9duit.<\/p>\n<h3>Compatibilit\u00e9 et fiabilit\u00e9<\/h3>\n<p>Le convertisseur Orion est compatible avec les batteries au plomb (AGM et GEL) et les batteries au lithium (LiFePO\u2084), offrant ainsi une grande polyvalence pour diff\u00e9rents types d'installations.<\/p>\n<p>En outre, il pr\u00e9sente une fiabilit\u00e9 et une durabilit\u00e9 tr\u00e8s \u00e9lev\u00e9es gr\u00e2ce \u00e0 sa construction en bleu Victron avec des composants de haute qualit\u00e9, ce qui lui permet d'offrir un fonctionnement continu dans des conditions exigeantes.<\/p>\n<h3>Protections<\/h3>\n<p>L'Orion 48\/12-60 int\u00e8gre une protection contre les surcharges, les surtensions, les sous-tensions et les courts-circuits, ainsi qu'une protection thermique.<\/p>\n<p>Si la temp\u00e9rature d\u00e9passe certaines limites ou si un court-circuit est d\u00e9tect\u00e9, cet Orion r\u00e9duit automatiquement la puissance ou s'arr\u00eate pour prot\u00e9ger l'\u00e9quipement et le reste du syst\u00e8me contre les dommages.<\/p>\n<p>En outre, il b\u00e9n\u00e9ficie d'une protection IP43, qui prot\u00e8ge le convertisseur de l'eau et de la poussi\u00e8re, ce qui le rend adapt\u00e9 aux environnements mobiles, marins ou industriels.<\/p>\n<h2>Avantages du convertisseur de haute puissance non isol\u00e9 Orion Victron 48\/12-60 - ORI481260020<\/h2>\n<p>Les convertisseurs non isol\u00e9s d'Orion offrent un certain nombre d'avantages tr\u00e8s utiles, notamment<\/p>\n<ul>\n<li>Il permet <strong>mise en marche et arr\u00eat \u00e0 distance<\/strong><\/li>\n<li><strong>Fiable et durable<\/strong><\/li>\n<li>Il fonctionne comme suit <strong>alimentation en courant continu stable pour les charges de 12 V<\/strong><\/li>\n<li>Il a <strong>protections int\u00e9gr\u00e9es<\/strong> qui \u00e9vitent d'endommager le convertisseur Orion et les batteries qui y sont connect\u00e9es.<\/li>\n<li>Il peut \u00eatre utilis\u00e9 comme <strong>chargeur de batterie auxiliaire<\/strong> 12 V.<\/li>\n<li><strong>\u00c9conomie d'\u00e9nergie<\/strong><\/li>\n<\/ul>\n<h2>Utilisation typique de l'Orion 48\/12-60<\/h2>\n<p>Le convertisseur Orion 24\/12-80 est typiquement utilis\u00e9 dans les installations de :<\/p>\n<ul>\n<li><strong>Camions, camping-cars et caravanes<\/strong>, lorsque la batterie est de 48 V mais que plusieurs appareils de 12 V sont n\u00e9cessaires.<\/li>\n<li><strong>Bateaux et yachts<\/strong>, o\u00f9 il y a un syst\u00e8me de 48 V et un r\u00e9seau de 12 V.<\/li>\n<li><strong>Grandes installations solaires<\/strong>, pour alimenter des charges de 12V \u00e0 partir de panneaux connect\u00e9s \u00e0 une ou plusieurs batteries de 48V.<\/li>\n<li><strong>V\u00e9hicules utilitaires et machines<\/strong>, o\u00f9 les syst\u00e8mes auxiliaires fonctionnent \u00e0 12 V tandis que le reste du syst\u00e8me \u00e9lectrique fonctionne \u00e0 24 V.<\/li>\n<li><strong>Tout syst\u00e8me mixte de 48V \u00e0 12V<\/strong><\/li>\n<\/ul>\n<h2>Caract\u00e9ristiques techniques Convertisseur haute puissance non isol\u00e9 Orion Victron 48\/12-60 - ORI481260020<\/h2>\n<table>\n<thead>\n<tr>\n<th><strong>Caract\u00e9ristiques<\/strong><\/th>\n<th><strong>Valeur<\/strong><\/th>\n<\/tr>\n<\/thead>\n<tbody>\n<tr>\n<td>Plage de tension d'entr\u00e9e<\/td>\n<td>32-70 V<\/td>\n<\/tr>\n<tr>\n<td>Sous-tension de d\u00e9connexion<\/td>\n<td>28 V<\/td>\n<\/tr>\n<tr>\n<td>Courant de sortie continu<\/td>\n<td>60 A<\/td>\n<\/tr>\n<tr>\n<td>Tension de sortie r\u00e9glable<\/td>\n<td>Oui<\/td>\n<\/tr>\n<tr>\n<td>Efficacit\u00e9 typique<\/td>\n<td>87-89%<\/td>\n<\/tr>\n<tr>\n<td>Consommation en mode arr\u00eat (off)<\/td>\n<td>&lt; 50 mA<\/td>\n<\/tr>\n<tr>\n<td>Poids<\/td>\n<td>0,9 kg<\/td>\n<\/tr>\n<tr>\n<td>Dimensions<\/td>\n<td>195 x 88 x 65 mm<\/td>\n<\/tr>\n<tr>\n<td>Commande \u00e0 distance ON\/OFF<\/td>\n<td>Oui<\/td>\n<\/tr>\n<\/tbody>\n<\/table>","protected":false},"excerpt":{"rendered":"<p><span style=\"color: #ff0000\"><strong>Disponible \u00e0 partir d'avril !<\/strong><\/span><\/p>\n<p><strong><span style=\"color: #ff9900\">Images d'orientation<\/span><\/strong><\/p>\n<p><strong>\u00c9quipement sans Bluetooth<\/strong><\/p>\n<p>Plage de tension d'entr\u00e9e : 32-70 V<br \/>\nSous-tension de d\u00e9connexion : 28 V<br \/>\nConsommation \u00e9lectrique \u00e0 l'arr\u00eat : &lt; 50mA<br \/>\nEfficacit\u00e9 : 87-89 %<br \/>\nPoids : 0,90 kg<br \/>\nDimensions : 195 x 88 x 65 mm<\/p>","protected":false},"featured_media":36081,"comment_status":"closed","ping_status":"closed","template":"","meta":{"site-sidebar-layout":"default","site-content-layout":"","ast-site-content-layout":"default","site-content-style":"default","site-sidebar-style":"default","ast-global-header-display":"","ast-banner-title-visibility":"","ast-main-header-display":"","ast-hfb-above-header-display":"","ast-hfb-below-header-display":"","ast-hfb-mobile-header-display":"","site-post-title":"","ast-breadcrumbs-content":"","ast-featured-img":"","footer-sml-layout":"","ast-disable-related-posts":"","theme-transparent-header-meta":"default","adv-header-id-meta":"","stick-header-meta":"","header-above-stick-meta":"","header-main-stick-meta":"","header-below-stick-meta":"","astra-migrate-meta-layouts":"set","ast-page-background-enabled":"default","ast-page-background-meta":{"desktop":{"background-color":"var(--ast-global-color-4)","background-image":"","background-repeat":"repeat","background-position":"center center","background-size":"auto","background-attachment":"scroll","background-type":"","background-media":"","overlay-type":"","overlay-color":"","overlay-opacity":"","overlay-gradient":""},"tablet":{"background-color":"","background-image":"","background-repeat":"repeat","background-position":"center center","background-size":"auto","background-attachment":"scroll","background-type":"","background-media":"","overlay-type":"","overlay-color":"","overlay-opacity":"","overlay-gradient":""},"mobile":{"background-color":"","background-image":"","background-repeat":"repeat","background-position":"center center","background-size":"auto","background-attachment":"scroll","background-type":"","background-media":"","overlay-type":"","overlay-color":"","overlay-opacity":"","overlay-gradient":""}},"ast-content-background-meta":{"desktop":{"background-color":"var(--ast-global-color-5)","background-image":"","background-repeat":"repeat","background-position":"center center","background-size":"auto","background-attachment":"scroll","background-type":"","background-media":"","overlay-type":"","overlay-color":"","overlay-opacity":"","overlay-gradient":""},"tablet":{"background-color":"var(--ast-global-color-5)","background-image":"","background-repeat":"repeat","background-position":"center center","background-size":"auto","background-attachment":"scroll","background-type":"","background-media":"","overlay-type":"","overlay-color":"","overlay-opacity":"","overlay-gradient":""},"mobile":{"background-color":"var(--ast-global-color-5)","background-image":"","background-repeat":"repeat","background-position":"center center","background-size":"auto","background-attachment":"scroll","background-type":"","background-media":"","overlay-type":"","overlay-color":"","overlay-opacity":"","overlay-gradient":""}}},"pwb-brand":[332],"product_brand":[],"product_cat":[419,963,865],"product_tag":[],"class_list":{"0":"post-36080","1":"product","2":"type-product","3":"status-publish","4":"has-post-thumbnail","6":"pwb-brand-victron","7":"product_cat-cargadores-de-baterias","8":"product_cat-48v-12v","9":"product_cat-convertidores","10":"desktop-align-left","11":"tablet-align-left","12":"mobile-align-left","13":"ast-product-gallery-layout-horizontal-slider","14":"ast-product-gallery-with-no-image","15":"ast-product-tabs-layout-horizontal","17":"first","18":"onbackorder","19":"taxable","20":"shipping-taxable","21":"purchasable","22":"product-type-simple"},"wcpa_form_fields":null,"brands":[{"id":332,"name":"Victron Energy","slug":"victron"}],"_links":{"self":[{"href":"https:\/\/fvcomponentes.com\/fr\/wp-json\/wp\/v2\/product\/36080","targetHints":{"allow":["GET"]}}],"collection":[{"href":"https:\/\/fvcomponentes.com\/fr\/wp-json\/wp\/v2\/product"}],"about":[{"href":"https:\/\/fvcomponentes.com\/fr\/wp-json\/wp\/v2\/types\/product"}],"replies":[{"embeddable":true,"href":"https:\/\/fvcomponentes.com\/fr\/wp-json\/wp\/v2\/comments?post=36080"}],"wp:featuredmedia":[{"embeddable":true,"href":"https:\/\/fvcomponentes.com\/fr\/wp-json\/wp\/v2\/media\/36081"}],"wp:attachment":[{"href":"https:\/\/fvcomponentes.com\/fr\/wp-json\/wp\/v2\/media?parent=36080"}],"wp:term":[{"taxonomy":"pwb-brand","embeddable":true,"href":"https:\/\/fvcomponentes.com\/fr\/wp-json\/wp\/v2\/pwb-brand?post=36080"},{"taxonomy":"product_brand","embeddable":true,"href":"https:\/\/fvcomponentes.com\/fr\/wp-json\/wp\/v2\/product_brand?post=36080"},{"taxonomy":"product_cat","embeddable":true,"href":"https:\/\/fvcomponentes.com\/fr\/wp-json\/wp\/v2\/product_cat?post=36080"},{"taxonomy":"product_tag","embeddable":true,"href":"https:\/\/fvcomponentes.com\/fr\/wp-json\/wp\/v2\/product_tag?post=36080"}],"curies":[{"name":"wp","href":"https:\/\/api.w.org\/{rel}","templated":true}]}}