{"id":36074,"date":"2026-01-29T20:38:26","date_gmt":"2026-01-29T19:38:26","guid":{"rendered":"https:\/\/fvcomponentes.com\/?post_type=product&#038;p=36074"},"modified":"2026-04-08T21:31:41","modified_gmt":"2026-04-08T19:31:41","slug":"victron-orion-24-12-80-convertisseur-non-isole-et-avec-bornes-de-connexion-ori241280030","status":"publish","type":"product","link":"https:\/\/fvcomponentes.com\/fr\/producto\/convertidor-victron-orion-24-12-80-no-aislado-y-con-terminales-de-conexion-ori241280030\/","title":{"rendered":"Victron Orion 24\/12-80 convertisseur non isol\u00e9 avec bornes de connexion - ORI241280030"},"content":{"rendered":"<h2>Victron Orion 24\/12-80 convertisseur non isol\u00e9 avec bornes de connexion - ORI241280030<\/h2>\n<p>Le convertisseur Orion 24\/12-80 avec bornes de connexion est un convertisseur DC-DC compact et de grande puissance.<br \/>\nIl est con\u00e7u pour transformer le courant continu (CC) d'un syst\u00e8me de 24 V en 12 V de mani\u00e8re stable, efficace et s\u00fbre.<br \/>\nEn outre, il offre un courant de sortie continu pouvant atteindre 80 amp\u00e8res.<\/p>\n<p>Ce convertisseur est con\u00e7u pour les installations o\u00f9 il y a deux banques de batteries avec des tensions diff\u00e9rentes.<br \/>\nIl est \u00e9galement utilis\u00e9 lorsque des appareils de 12 V doivent \u00eatre aliment\u00e9s par un r\u00e9seau de 24 V.<\/p>\n<p>Elle est particuli\u00e8rement utile lorsque le syst\u00e8me principal fonctionne \u00e0 une tension plus \u00e9lev\u00e9e (24 V) et qu'une tension plus basse est n\u00e9cessaire.<br \/>\nIl est \u00e9galement tr\u00e8s utile s'il y a suffisamment de courant continu disponible pour charger les r\u00e9frig\u00e9rateurs, les lampes, les appareils \u00e9lectroniques critiques, les pompes ou les onduleurs auxiliaires de 12 V.<\/p>\n<p>Par exemple, dans de nombreux v\u00e9hicules, bateaux ou installations solaires, la batterie principale est g\u00e9n\u00e9ralement r\u00e9gl\u00e9e sur 24 V.<br \/>\nElle est utilis\u00e9e pour alimenter les gros consommateurs, les onduleurs ou les moteurs \u00e9lectriques. En revanche, de nombreux accessoires \u00e9lectriques (\u00e9clairages, syst\u00e8mes de commande, r\u00e9frig\u00e9rateurs ou \u00e9quipements de navigation) fonctionnent en 12V.<\/p>\n<p>L'Orion prend le courant directement du syst\u00e8me 24 V et le convertit en 12 V de mani\u00e8re fiable et continue. Cela garantit une alimentation stable.<\/p>\n<p>Comme il s'agit d'un convertisseur non isol\u00e9, la connexion n\u00e9gative d'entr\u00e9e et la connexion n\u00e9gative de sortie sont connect\u00e9es l'une \u00e0 l'autre, il n'y a pas de s\u00e9paration, il n'y a donc pas d'isolation galvanique entre les deux circuits.<br \/>\nCette configuration permet une conception plus simple et plus efficace lorsque la s\u00e9paration des masses n'est pas n\u00e9cessaire dans l'installation.<\/p>\n<h2>Caract\u00e9ristiques de l'Orion 24\/12-80 non isol\u00e9 et avec bornes de connexion<\/h2>\n<h3>Puissance et efficacit\u00e9<\/h3>\n<p>Cet Orion fonctionne avec une entr\u00e9e nominale de 24 volts et d\u00e9livre une sortie de 12 volts avec jusqu'\u00e0 80 amp\u00e8res de courant continu.<br \/>\nIl s'agit donc d'une solution id\u00e9ale pour alimenter simultan\u00e9ment plusieurs charges de 12 V.<\/p>\n<p>En outre, l'Orion 24\/12-80 offre un rendement \u00e9lev\u00e9 (92%), de sorte que la quasi-totalit\u00e9 de l'\u00e9nergie entrant \u00e0 24 V est convertie en \u00e9nergie utile \u00e0 12 V.<br \/>\nCela permet de r\u00e9duire les pertes et l'\u00e9chauffement de l'\u00e9quipement, m\u00eame en cas de forte demande de puissance.<\/p>\n<h3>Bornes de raccordement<\/h3>\n<p>L'une des principales diff\u00e9rences de cet Orion est qu'il int\u00e8gre des bornes de connexion solides et robustes.<br \/>\nIls sont con\u00e7us pour que vous puissiez installer des c\u00e2bles plus \u00e9pais sans probl\u00e8me, ce qui est tr\u00e8s important lorsqu'il s'agit de courants \u00e9lev\u00e9s.<\/p>\n<p>Gr\u00e2ce \u00e0 ces bornes, la connexion est plus s\u00fbre et plus stable.<br \/>\nEn outre, la chute de tension est r\u00e9duite et le syst\u00e8me fonctionne de mani\u00e8re plus fiable, m\u00eame dans les v\u00e9hicules, les navires ou les machines industrielles soumis \u00e0 des vibrations et \u00e0 une forte consommation d'\u00e9nergie.<\/p>\n<h3>Configuration et contr\u00f4le<\/h3>\n<p>L'Orion 24\/12-80 permet de r\u00e9gler la tension de sortie dans une plage utile.<br \/>\nC'est pourquoi il peut \u00eatre utilis\u00e9 non seulement comme convertisseur DC-DC, mais aussi comme chargeur pour les batteries auxiliaires de 12 V.<\/p>\n<p>Il dispose \u00e9galement d'un connecteur ON\/OFF \u00e0 distance, qui permet d'allumer ou d'\u00e9teindre le convertisseur \u00e0 partir d'un interrupteur \u00e0 faible courant ou du syst\u00e8me lui-m\u00eame (avec un panneau de commande ou un relais), sans qu'il soit n\u00e9cessaire d'installer un interrupteur \u00e0 haute puissance dans le c\u00e2blage principal.<br \/>\nCe d\u00e9tail simplifie \u00e0 la fois l'utilisation et l'installation.<\/p>\n<p>Bien que ce mod\u00e8le ne comprenne pas de fonctions avanc\u00e9es telles que la connectivit\u00e9 Bluetooth ou la surveillance par application, il offre n\u00e9anmoins un fonctionnement stable et fiable avec un courant de repos r\u00e9duit.<\/p>\n<p>En outre, cet Orion peut \u00eatre connect\u00e9 en parall\u00e8le avec d'autres Orions similaires pour augmenter le courant total disponible lorsque l'installation a besoin de plus de puissance.<\/p>\n<h3>Compatibilit\u00e9 et fiabilit\u00e9<\/h3>\n<p>Le convertisseur Orion est compatible avec les batteries au plomb (AGM et GEL) et les batteries au lithium (LiFePO\u2084).<br \/>\nIl offre une grande polyvalence pour diff\u00e9rents types d'installations.<\/p>\n<p>En outre, il pr\u00e9sente une tr\u00e8s grande fiabilit\u00e9 gr\u00e2ce \u00e0 sa construction en bleu Victron avec des composants de haute qualit\u00e9.<br \/>\nCela lui permet d'assurer un fonctionnement continu dans des conditions exigeantes.<\/p>\n<h3>Protections<\/h3>\n<p>L'Orion 24\/12-80 est dot\u00e9 d'une protection contre les surcharges, les surtensions, les sous-tensions et les courts-circuits, ainsi que d'une protection thermique.<\/p>\n<p>Si la temp\u00e9rature d\u00e9passe certaines limites ou si un court-circuit est d\u00e9tect\u00e9, cet Orion r\u00e9duit automatiquement la puissance ou s'arr\u00eate pour prot\u00e9ger l'\u00e9quipement et le reste du syst\u00e8me contre les dommages.<\/p>\n<p>En outre, il b\u00e9n\u00e9ficie d'une protection IP43. Le convertisseur est ainsi prot\u00e9g\u00e9 contre l'eau et la poussi\u00e8re, ce qui permet de l'utiliser dans les v\u00e9hicules, les bateaux et les environnements techniques.<\/p>\n<h2>Avantages du convertisseur non isol\u00e9 Victron Orion 24\/12-80 avec bornes de connexion - ORI241280030<\/h2>\n<p>Les convertisseurs non isol\u00e9s d'Orion offrent un certain nombre d'avantages tr\u00e8s utiles, notamment<\/p>\n<ul>\n<li>Facilite la <strong>raccordement de c\u00e2bles de grande section<\/strong> gr\u00e2ce \u00e0 ses terminaux<\/li>\n<li>Il permet <strong>mise en marche et arr\u00eat \u00e0 distance<\/strong><\/li>\n<li>Vous pouvez <strong>connecter plusieurs unit\u00e9s en parall\u00e8le<\/strong> pour augmenter la puissance<\/li>\n<li>Il fonctionne comme suit <strong>alimentation en courant continu stable pour les charges de 12 V<\/strong><\/li>\n<li>Il a <strong>protections int\u00e9gr\u00e9es<\/strong> qui \u00e9vitent d'endommager le convertisseur Orion et les batteries qui y sont connect\u00e9es.<\/li>\n<li>Il peut \u00eatre utilis\u00e9 comme <strong>chargeur de batterie auxiliaire<\/strong> 12 V.<\/li>\n<\/ul>\n<h2>Utilisation typique de l'Orion 24\/12-80 avec des bornes de connexion<\/h2>\n<p>Le convertisseur Orion 24\/12-80 est typiquement utilis\u00e9 dans les installations de :<\/p>\n<ul>\n<li><strong>Camions, camping-cars et caravanes<\/strong>, lorsque la batterie est de 24 V mais que plusieurs appareils de 12 V sont n\u00e9cessaires.<\/li>\n<li><strong>Bateaux et yachts<\/strong>, o\u00f9 il y a un syst\u00e8me de 24 V et un r\u00e9seau de 12 V.<\/li>\n<li><strong>Installations solaires hybrides ou installations avec plusieurs bancs de batteries<\/strong>, pour alimenter des charges de 12 V \u00e0 partir de panneaux connect\u00e9s \u00e0 une ou plusieurs batteries de 24 V.<\/li>\n<li><strong>V\u00e9hicules utilitaires et machines<\/strong>, o\u00f9 les syst\u00e8mes auxiliaires fonctionnent \u00e0 12 V tandis que le reste du syst\u00e8me \u00e9lectrique fonctionne \u00e0 24 V.<\/li>\n<\/ul>\n<h2>Caract\u00e9ristiques techniques du convertisseur Victron Orion 24\/12-80 non isol\u00e9 avec bornes de connexion - ORI241280030<\/h2>\n<table>\n<thead>\n<tr>\n<th>Fonctionnalit\u00e9<\/th>\n<th><strong>Valeur<\/strong><\/th>\n<\/tr>\n<\/thead>\n<tbody>\n<tr>\n<td><strong>Plage de tension d'entr\u00e9e<\/strong><\/td>\n<td>18-35 V<\/td>\n<\/tr>\n<tr>\n<td><strong>Sous-tension de d\u00e9connexion<\/strong><\/td>\n<td>14 V<\/td>\n<\/tr>\n<tr>\n<td><strong>Courant de sortie continu<\/strong><\/td>\n<td>80 A<\/td>\n<\/tr>\n<tr>\n<td><strong>Tension de sortie r\u00e9glable<\/strong><\/td>\n<td>Oui (10 V \u00e0 15 V)<\/td>\n<\/tr>\n<tr>\n<td><strong>Efficacit\u00e9 maximale<\/strong><\/td>\n<td>92%<\/td>\n<\/tr>\n<tr>\n<td><strong>Consommation en mode arr\u00eat (off)<\/strong><\/td>\n<td>&lt; 20 mA<\/td>\n<\/tr>\n<tr>\n<td><strong>Poids<\/strong><\/td>\n<td>0,9 kg<\/td>\n<\/tr>\n<tr>\n<td><strong>Dimensions<\/strong><\/td>\n<td>195 x 88 x 65 mm<\/td>\n<\/tr>\n<tr>\n<td><strong>Commande \u00e0 distance ON\/OFF<\/strong><\/td>\n<td>Oui<\/td>\n<\/tr>\n<\/tbody>\n<\/table>\n<h2>Informations techniques Victron Orion 24\/12-80 convertisseur non isol\u00e9 avec bornes de connexion - ORI241280030<\/h2>\n<p><a href=\"https:\/\/fvcomponentes.com\/wp-content\/uploads\/2026\/01\/Datasheet-Orion-DC-DC-converters-high-power-non-isolated-ES.pdf\" target=\"_blank\" rel=\"noopener\">Fiche technique du convertisseur Orion 24\/12-80 non isol\u00e9 avec bornes de connexion<\/a><\/p>","protected":false},"excerpt":{"rendered":"<p><span style=\"color: #ff0000\"><strong>Disponible \u00e0 partir du 15 juin 2026 !<\/strong><\/span><\/p>\n<p><strong><span style=\"color: #ff9900\">Images d'orientation<\/span><\/strong><\/p>\n<p><strong>\u00c9quipement sans Bluetooth<\/strong><\/p>\n<p>Plage de tension d'entr\u00e9e : 18-35 V<br \/>\nSous-tension de d\u00e9connexion : 14 V<br \/>\nConsommation \u00e9lectrique \u00e0 l'arr\u00eat : &lt; 20mA<br \/>\nEfficacit\u00e9 : 92%<br \/>\nPoids : 0,90 kg<br \/>\nDimensions : 195 x 88 x 65 mm<\/p>","protected":false},"featured_media":36075,"comment_status":"closed","ping_status":"closed","template":"","meta":{"site-sidebar-layout":"default","site-content-layout":"","ast-site-content-layout":"default","site-content-style":"default","site-sidebar-style":"default","ast-global-header-display":"","ast-banner-title-visibility":"","ast-main-header-display":"","ast-hfb-above-header-display":"","ast-hfb-below-header-display":"","ast-hfb-mobile-header-display":"","site-post-title":"","ast-breadcrumbs-content":"","ast-featured-img":"","footer-sml-layout":"","ast-disable-related-posts":"","theme-transparent-header-meta":"default","adv-header-id-meta":"","stick-header-meta":"","header-above-stick-meta":"","header-main-stick-meta":"","header-below-stick-meta":"","astra-migrate-meta-layouts":"set","ast-page-background-enabled":"default","ast-page-background-meta":{"desktop":{"background-color":"var(--ast-global-color-4)","background-image":"","background-repeat":"repeat","background-position":"center center","background-size":"auto","background-attachment":"scroll","background-type":"","background-media":"","overlay-type":"","overlay-color":"","overlay-opacity":"","overlay-gradient":""},"tablet":{"background-color":"","background-image":"","background-repeat":"repeat","background-position":"center center","background-size":"auto","background-attachment":"scroll","background-type":"","background-media":"","overlay-type":"","overlay-color":"","overlay-opacity":"","overlay-gradient":""},"mobile":{"background-color":"","background-image":"","background-repeat":"repeat","background-position":"center center","background-size":"auto","background-attachment":"scroll","background-type":"","background-media":"","overlay-type":"","overlay-color":"","overlay-opacity":"","overlay-gradient":""}},"ast-content-background-meta":{"desktop":{"background-color":"var(--ast-global-color-5)","background-image":"","background-repeat":"repeat","background-position":"center center","background-size":"auto","background-attachment":"scroll","background-type":"","background-media":"","overlay-type":"","overlay-color":"","overlay-opacity":"","overlay-gradient":""},"tablet":{"background-color":"var(--ast-global-color-5)","background-image":"","background-repeat":"repeat","background-position":"center center","background-size":"auto","background-attachment":"scroll","background-type":"","background-media":"","overlay-type":"","overlay-color":"","overlay-opacity":"","overlay-gradient":""},"mobile":{"background-color":"var(--ast-global-color-5)","background-image":"","background-repeat":"repeat","background-position":"center center","background-size":"auto","background-attachment":"scroll","background-type":"","background-media":"","overlay-type":"","overlay-color":"","overlay-opacity":"","overlay-gradient":""}}},"pwb-brand":[332],"product_brand":[],"product_cat":[419,901,865],"product_tag":[],"class_list":{"0":"post-36074","1":"product","2":"type-product","3":"status-publish","4":"has-post-thumbnail","6":"pwb-brand-victron","7":"product_cat-cargadores-de-baterias","8":"product_cat-24v-12v","9":"product_cat-convertidores","10":"desktop-align-left","11":"tablet-align-left","12":"mobile-align-left","13":"ast-product-gallery-layout-horizontal-slider","14":"ast-product-gallery-with-no-image","15":"ast-product-tabs-layout-horizontal","17":"first","18":"onbackorder","19":"taxable","20":"shipping-taxable","21":"purchasable","22":"product-type-simple"},"wcpa_form_fields":null,"brands":[{"id":332,"name":"Victron Energy","slug":"victron"}],"_links":{"self":[{"href":"https:\/\/fvcomponentes.com\/fr\/wp-json\/wp\/v2\/product\/36074","targetHints":{"allow":["GET"]}}],"collection":[{"href":"https:\/\/fvcomponentes.com\/fr\/wp-json\/wp\/v2\/product"}],"about":[{"href":"https:\/\/fvcomponentes.com\/fr\/wp-json\/wp\/v2\/types\/product"}],"replies":[{"embeddable":true,"href":"https:\/\/fvcomponentes.com\/fr\/wp-json\/wp\/v2\/comments?post=36074"}],"wp:featuredmedia":[{"embeddable":true,"href":"https:\/\/fvcomponentes.com\/fr\/wp-json\/wp\/v2\/media\/36075"}],"wp:attachment":[{"href":"https:\/\/fvcomponentes.com\/fr\/wp-json\/wp\/v2\/media?parent=36074"}],"wp:term":[{"taxonomy":"pwb-brand","embeddable":true,"href":"https:\/\/fvcomponentes.com\/fr\/wp-json\/wp\/v2\/pwb-brand?post=36074"},{"taxonomy":"product_brand","embeddable":true,"href":"https:\/\/fvcomponentes.com\/fr\/wp-json\/wp\/v2\/product_brand?post=36074"},{"taxonomy":"product_cat","embeddable":true,"href":"https:\/\/fvcomponentes.com\/fr\/wp-json\/wp\/v2\/product_cat?post=36074"},{"taxonomy":"product_tag","embeddable":true,"href":"https:\/\/fvcomponentes.com\/fr\/wp-json\/wp\/v2\/product_tag?post=36074"}],"curies":[{"name":"wp","href":"https:\/\/api.w.org\/{rel}","templated":true}]}}