{"id":36033,"date":"2026-01-29T20:38:30","date_gmt":"2026-01-29T19:38:30","guid":{"rendered":"https:\/\/fvcomponentes.com\/?post_type=product&#038;p=36033"},"modified":"2026-04-08T21:30:48","modified_gmt":"2026-04-08T19:30:48","slug":"orion-victron-convertisseur-de-haute-puissance-non-isole-24-12-60-ori241260020","status":"publish","type":"product","link":"https:\/\/fvcomponentes.com\/fr\/producto\/convertidor-orion-victron-no-aislado-de-alta-potencia-24-12-60-ori241260020\/","title":{"rendered":"Convertisseur haute puissance non isol\u00e9 Orion Victron 24\/12-60 - ORI241260020"},"content":{"rendered":"<h2>Convertisseur haute puissance non isol\u00e9 Orion Victron 24\/12-60 - ORI241260020<\/h2>\n<p>L'Orion 24\/12-60 est un appareil compact et robuste avec une puissance de sortie \u00e9lev\u00e9e, con\u00e7u pour transformer le courant continu (DC) d'un syst\u00e8me 24 V en un syst\u00e8me 12 V de mani\u00e8re stable et efficace, avec un courant de sortie allant jusqu'\u00e0 60 A.<\/p>\n<p>Ce type d'Orion est utilis\u00e9 dans les syst\u00e8mes \u00e9lectriques o\u00f9 il y a deux banques de batteries avec des tensions diff\u00e9rentes ou lorsqu'il est n\u00e9cessaire d'alimenter des \u00e9quipements ou de charger des batteries auxiliaires de 12V \u00e0 partir d'une source de 24V.<\/p>\n<p>Il est particuli\u00e8rement utile lorsque le syst\u00e8me principal est \u00e0 haute tension (24 V) et qu'une tension plus basse est n\u00e9cessaire, mais avec un courant continu suffisant pour alimenter des \u00e9quipements exigeants tels que des r\u00e9frig\u00e9rateurs, des syst\u00e8mes d'\u00e9clairage, des appareils \u00e9lectroniques critiques, des pompes \u00e0 haut rendement ou des onduleurs auxiliaires de 12 V.<\/p>\n<p>Par exemple, dans de nombreux v\u00e9hicules, bateaux ou installations solaires, la batterie principale peut \u00eatre configur\u00e9e \u00e0 24 V (pour alimenter les onduleurs, les moteurs \u00e9lectriques ou les grosses charges), alors que de nombreux accessoires \u00e9lectriques (lumi\u00e8res, syst\u00e8mes de navigation, r\u00e9frig\u00e9rateurs ou \u00e9quipements de navigation) fonctionnent \u00e0 12 V.<\/p>\n<p>L'Orion prend une alimentation de 24 V et la convertit en 12 V de mani\u00e8re fiable et continue, sans avoir besoin d'une source d'alimentation suppl\u00e9mentaire.<\/p>\n<p>En tant que convertisseur non isol\u00e9, il n'int\u00e8gre pas d'isolation galvanique entre l'entr\u00e9e et la sortie.<br \/>\nCela signifie que le p\u00f4le n\u00e9gatif d'entr\u00e9e et le p\u00f4le n\u00e9gatif de sortie sont connect\u00e9s l'un \u00e0 l'autre, il n'y a pas de s\u00e9paration.<br \/>\nCette conception est plus simple, plus efficace et plus \u00e9conomique lorsqu'aucune s\u00e9paration de masse n'est n\u00e9cessaire dans l'installation.<\/p>\n<h2>Caract\u00e9ristiques de l'Orion 24\/12-60 non isol\u00e9<\/h2>\n<h3>Puissance et efficacit\u00e9<\/h3>\n<p>Cet Orion a une entr\u00e9e 24 volts, con\u00e7ue pour se connecter directement aux batteries ou aux syst\u00e8mes 24V, et une sortie 12 volts avec jusqu'\u00e0 60 amp\u00e8res DC, permettant de d\u00e9livrer une puissance \u00e9lev\u00e9e aux charges 12V.<\/p>\n<p>En outre, l'Orion 24\/12-60 est tr\u00e8s efficace (\u00e0 partir du 95%), de sorte que la majeure partie de la puissance absorb\u00e9e \u00e0 24 V est convertie en puissance utile \u00e0 12 V, ce qui minimise les pertes et le r\u00e9chauffement de l'\u00e9quipement, m\u00eame dans les applications \u00e0 forte demande.<\/p>\n<h3>Configuration et contr\u00f4le<\/h3>\n<p>L'Orion 24\/12-60 dispose d'un connecteur marche\/arr\u00eat \u00e0 distance, qui permet d'allumer ou d'\u00e9teindre le convertisseur \u00e0 partir d'un panneau de commande, d'un relais, d'un interrupteur \u00e0 faible courant ou du syst\u00e8me lui-m\u00eame, sans qu'il soit n\u00e9cessaire d'installer un interrupteur \u00e0 haute puissance dans le c\u00e2blage principal.<br \/>\nCe d\u00e9tail simplifie \u00e0 la fois l'utilisation et l'installation.<\/p>\n<p>Bien que ce mod\u00e8le ne comprenne pas de fonctions avanc\u00e9es telles que la connectivit\u00e9 Bluetooth ou la surveillance par application, il offre n\u00e9anmoins un fonctionnement stable et fiable avec un courant de repos r\u00e9duit.<\/p>\n<h3>Compatibilit\u00e9 et fiabilit\u00e9<\/h3>\n<p>Le convertisseur Orion est compatible avec les batteries au plomb (AGM\/GEL) et au lithium (LiFePO\u2084), offrant ainsi une grande polyvalence pour diff\u00e9rents types d'installations.<\/p>\n<p>En outre, il pr\u00e9sente une tr\u00e8s grande fiabilit\u00e9 gr\u00e2ce \u00e0 la construction renomm\u00e9e Victron Blue avec des composants de haute qualit\u00e9 con\u00e7us pour fournir un service continu m\u00eame dans des conditions exigeantes, \u00e0 la fois dans des environnements mobiles et industriels.<\/p>\n<h3>Protections<\/h3>\n<p>L'Orion 24\/12-60 int\u00e8gre une protection compl\u00e8te contre les surcharges, les surtensions, les sous-tensions et les courts-circuits, ainsi qu'une protection thermique. Si la temp\u00e9rature d\u00e9passe certaines limites ou si un court-circuit est d\u00e9tect\u00e9, l'Orion r\u00e9duit automatiquement la puissance ou s'arr\u00eate pour prot\u00e9ger l'\u00e9quipement et le reste du syst\u00e8me contre les dommages.<\/p>\n<p>En outre, il b\u00e9n\u00e9ficie d'une protection IP43, qui le prot\u00e8ge de l'eau et de la poussi\u00e8re, ce qui le rend adapt\u00e9 aux environnements mobiles ou techniques.<\/p>\n<h2>Avantages du convertisseur de haute puissance non isol\u00e9 Orion Victron 24\/12-60 - ORI241260020<\/h2>\n<p>Les convertisseurs non isol\u00e9s d'Orion pr\u00e9sentent de nombreux avantages, notamment<\/p>\n<ul>\n<li>Il permet <strong>l'\u00e9quipement est \u00e9teint et allum\u00e9 \u00e0 distance<\/strong><\/li>\n<li>Il fonctionne comme suit <strong>alimentation en courant continu stable pour les charges de 12 V<\/strong><\/li>\n<li>Il a <strong>protections int\u00e9gr\u00e9es<\/strong> qui \u00e9vitent d'endommager le convertisseur Orion et les batteries qui y sont connect\u00e9es.<\/li>\n<\/ul>\n<h2>Utilisation typique de l'Orion 24\/12-60<\/h2>\n<p>Le convertisseur Orion 24\/12-60 est couramment utilis\u00e9 dans des installations telles que<\/p>\n<ul>\n<li><strong>Camions, camping-cars et caravanes<\/strong>, lorsque la batterie est de 24 V mais que plusieurs appareils de 12 V sont n\u00e9cessaires.<\/li>\n<li><strong>Bateaux et yachts<\/strong>, o\u00f9 il y a un syst\u00e8me de 24 V et un r\u00e9seau de 12 V.<\/li>\n<li><strong>Installations solaires hybrides ou installations avec plusieurs bancs de batteries<\/strong>, pour alimenter des charges de 12 V \u00e0 partir de panneaux connect\u00e9s \u00e0 une ou plusieurs batteries de 24 V.<\/li>\n<li><strong>V\u00e9hicules utilitaires et machines<\/strong>, o\u00f9 les syst\u00e8mes auxiliaires fonctionnent \u00e0 12 V tandis que le reste du syst\u00e8me \u00e9lectrique fonctionne \u00e0 24 V.<\/li>\n<\/ul>\n<h2>Onduleur Orion Victron non isol\u00e9 \u00e0 haute puissance 24\/12-60 Caract\u00e9ristiques techniques - ORI241260020<\/h2>\n<table>\n<thead>\n<tr>\n<th>Fonctionnalit\u00e9<\/th>\n<th><strong>Valeur<\/strong><\/th>\n<\/tr>\n<\/thead>\n<tbody>\n<tr>\n<td>Plage de tension d'entr\u00e9e<\/td>\n<td>18-35 V<\/td>\n<\/tr>\n<tr>\n<td>Sous-tension de d\u00e9connexion<\/td>\n<td>14 V<\/td>\n<\/tr>\n<tr>\n<td>Courant de sortie continu<\/td>\n<td>60 A<\/td>\n<\/tr>\n<tr>\n<td>Tension de sortie (non r\u00e9glable)<\/td>\n<td>13,2 V<\/td>\n<\/tr>\n<tr>\n<td>Efficacit\u00e9 maximale<\/td>\n<td>95 %<\/td>\n<\/tr>\n<tr>\n<td>Consommation d\u00e9sactiv\u00e9e<\/td>\n<td>&lt; 20 mA<\/td>\n<\/tr>\n<tr>\n<td>Poids<\/td>\n<td>0,85 kg<\/td>\n<\/tr>\n<tr>\n<td>Dimensions<\/td>\n<td>185 \u00d7 88 \u00d7 66 mm<\/td>\n<\/tr>\n<tr>\n<td>Commande \u00e0 distance ON\/OFF<\/td>\n<td>Oui<\/td>\n<\/tr>\n<\/tbody>\n<\/table>\n<h2>Informations techniques pour le convertisseur de haute puissance non isol\u00e9 Orion Victron 24\/12-60 - ORI241260020<\/h2>\n<p><a href=\"https:\/\/fvcomponentes.com\/wp-content\/uploads\/2026\/01\/Datasheet-Orion-DC-DC-converters-high-power-non-isolated-ES.pdf\" target=\"_blank\" rel=\"noopener\">Fiche technique du convertisseur haute puissance Orion 24\/12-60<\/a><\/p>","protected":false},"excerpt":{"rendered":"<p><strong><span style=\"color: #ff9900\">Images d'orientation<\/span><\/strong><\/p>\n<p><strong>\u00c9quipement sans Bluetooth<br \/>\n<\/strong><\/p>\n<p>\u00c9quipement appropri\u00e9 pour charger les batteries :<strong> Non<\/strong><br \/>\nPlage de tension d'entr\u00e9e : 18-35 V<br \/>\nSous-tension de d\u00e9connexion : 14 V<br \/>\nTension de sortie : 13,2 V<br \/>\nConsommation \u00e9lectrique \u00e0 l'arr\u00eat : &lt; 20mA<br \/>\nEfficacit\u00e9 : 95%<br \/>\nPoids : 0,85 kg<br \/>\nDimensions : 185 x 88 x 65 mm<\/p>","protected":false},"featured_media":36037,"comment_status":"closed","ping_status":"closed","template":"","meta":{"site-sidebar-layout":"default","site-content-layout":"","ast-site-content-layout":"default","site-content-style":"default","site-sidebar-style":"default","ast-global-header-display":"","ast-banner-title-visibility":"","ast-main-header-display":"","ast-hfb-above-header-display":"","ast-hfb-below-header-display":"","ast-hfb-mobile-header-display":"","site-post-title":"","ast-breadcrumbs-content":"","ast-featured-img":"","footer-sml-layout":"","ast-disable-related-posts":"","theme-transparent-header-meta":"default","adv-header-id-meta":"","stick-header-meta":"","header-above-stick-meta":"","header-main-stick-meta":"","header-below-stick-meta":"","astra-migrate-meta-layouts":"set","ast-page-background-enabled":"default","ast-page-background-meta":{"desktop":{"background-color":"var(--ast-global-color-4)","background-image":"","background-repeat":"repeat","background-position":"center center","background-size":"auto","background-attachment":"scroll","background-type":"","background-media":"","overlay-type":"","overlay-color":"","overlay-opacity":"","overlay-gradient":""},"tablet":{"background-color":"","background-image":"","background-repeat":"repeat","background-position":"center center","background-size":"auto","background-attachment":"scroll","background-type":"","background-media":"","overlay-type":"","overlay-color":"","overlay-opacity":"","overlay-gradient":""},"mobile":{"background-color":"","background-image":"","background-repeat":"repeat","background-position":"center center","background-size":"auto","background-attachment":"scroll","background-type":"","background-media":"","overlay-type":"","overlay-color":"","overlay-opacity":"","overlay-gradient":""}},"ast-content-background-meta":{"desktop":{"background-color":"var(--ast-global-color-5)","background-image":"","background-repeat":"repeat","background-position":"center center","background-size":"auto","background-attachment":"scroll","background-type":"","background-media":"","overlay-type":"","overlay-color":"","overlay-opacity":"","overlay-gradient":""},"tablet":{"background-color":"var(--ast-global-color-5)","background-image":"","background-repeat":"repeat","background-position":"center center","background-size":"auto","background-attachment":"scroll","background-type":"","background-media":"","overlay-type":"","overlay-color":"","overlay-opacity":"","overlay-gradient":""},"mobile":{"background-color":"var(--ast-global-color-5)","background-image":"","background-repeat":"repeat","background-position":"center center","background-size":"auto","background-attachment":"scroll","background-type":"","background-media":"","overlay-type":"","overlay-color":"","overlay-opacity":"","overlay-gradient":""}}},"pwb-brand":[332],"product_brand":[],"product_cat":[419,901,865],"product_tag":[],"class_list":{"0":"post-36033","1":"product","2":"type-product","3":"status-publish","4":"has-post-thumbnail","6":"pwb-brand-victron","7":"product_cat-cargadores-de-baterias","8":"product_cat-24v-12v","9":"product_cat-convertidores","10":"desktop-align-left","11":"tablet-align-left","12":"mobile-align-left","13":"ast-product-gallery-layout-horizontal-slider","14":"ast-product-tabs-layout-horizontal","16":"first","17":"instock","18":"taxable","19":"shipping-taxable","20":"purchasable","21":"product-type-simple"},"wcpa_form_fields":null,"brands":[{"id":332,"name":"Victron Energy","slug":"victron"}],"_links":{"self":[{"href":"https:\/\/fvcomponentes.com\/fr\/wp-json\/wp\/v2\/product\/36033","targetHints":{"allow":["GET"]}}],"collection":[{"href":"https:\/\/fvcomponentes.com\/fr\/wp-json\/wp\/v2\/product"}],"about":[{"href":"https:\/\/fvcomponentes.com\/fr\/wp-json\/wp\/v2\/types\/product"}],"replies":[{"embeddable":true,"href":"https:\/\/fvcomponentes.com\/fr\/wp-json\/wp\/v2\/comments?post=36033"}],"wp:featuredmedia":[{"embeddable":true,"href":"https:\/\/fvcomponentes.com\/fr\/wp-json\/wp\/v2\/media\/36037"}],"wp:attachment":[{"href":"https:\/\/fvcomponentes.com\/fr\/wp-json\/wp\/v2\/media?parent=36033"}],"wp:term":[{"taxonomy":"pwb-brand","embeddable":true,"href":"https:\/\/fvcomponentes.com\/fr\/wp-json\/wp\/v2\/pwb-brand?post=36033"},{"taxonomy":"product_brand","embeddable":true,"href":"https:\/\/fvcomponentes.com\/fr\/wp-json\/wp\/v2\/product_brand?post=36033"},{"taxonomy":"product_cat","embeddable":true,"href":"https:\/\/fvcomponentes.com\/fr\/wp-json\/wp\/v2\/product_cat?post=36033"},{"taxonomy":"product_tag","embeddable":true,"href":"https:\/\/fvcomponentes.com\/fr\/wp-json\/wp\/v2\/product_tag?post=36033"}],"curies":[{"name":"wp","href":"https:\/\/api.w.org\/{rel}","templated":true}]}}