{"id":36023,"date":"2026-01-22T15:15:20","date_gmt":"2026-01-22T14:15:20","guid":{"rendered":"https:\/\/fvcomponentes.com\/?post_type=product&#038;p=36023"},"modified":"2026-03-24T10:10:10","modified_gmt":"2026-03-24T09:10:10","slug":"upower-batterie-lithium-12v-300ah-ue-12li300","status":"publish","type":"product","link":"https:\/\/fvcomponentes.com\/fr\/producto\/bateria-de-litio-upower-12v-300ah-ue-12li300\/","title":{"rendered":"Upower Batterie Lithium 12.8V\/300Ah - UE-12LI300"},"content":{"rendered":"<h2>Upower Batterie Lithium 12.8V\/300Ah - UE-12LI300<\/h2>\n<p>La batterie au lithium Upower 12,8V\/200Ah est une batterie puissante con\u00e7ue pour ceux qui ont besoin de beaucoup d'\u00e9nergie, d'une grande autonomie et d'une fiabilit\u00e9 maximale pendant de nombreuses ann\u00e9es et sans complications, parce que vous ne voulez pas avoir \u00e0 vous en soucier. Il suffit de l'installer, de la connecter et de l'oublier.<\/p>\n<p>Il s'agit d'une batterie tr\u00e8s efficace, offrant une plus grande capacit\u00e9 utile, de meilleures performances et une dur\u00e9e de vie beaucoup plus longue que les batteries conventionnelles.<br \/>\nContrairement aux batteries AGM ou GEL, cette batterie ne subit pas de chute de tension soudaine ni de perte de performance lorsqu'elle se d\u00e9charge.<\/p>\n<p>Gr\u00e2ce \u00e0 la technologie du phosphate de fer lithi\u00e9 (LiFePO\u2084), cette batterie est particuli\u00e8rement s\u00fbre, stable et durable.<br \/>\nIl ne n\u00e9cessite aucun entretien, ne requiert aucune ventilation, ne g\u00e9n\u00e8re aucune fum\u00e9e et conserve des performances constantes tout au long de sa dur\u00e9e de vie, ce qui en fait une option moderne et efficace pour les installations fixes et mobiles.<\/p>\n<p>La batterie Upower dispose d'un syst\u00e8me de gestion de la batterie int\u00e9gr\u00e9 (BMS), ce qui signifie qu'elle est prot\u00e9g\u00e9e contre des situations telles que la surcharge, la d\u00e9charge excessive, les pics de courant, les courts-circuits ou les temp\u00e9ratures extr\u00eames.<br \/>\nCela signifie qu'il veille \u00e0 sa propre sant\u00e9 et \u00e0 celle des \u00e9quipements connect\u00e9s, assurant un fonctionnement stable et s\u00fbr m\u00eame en cas d'utilisation exigeante.<\/p>\n<p>Il est couramment utilis\u00e9 dans les installations solaires, les caravanes, les camping-cars, les bateaux, les bus touristiques, les syst\u00e8mes d'alimentation de secours, les v\u00e9hicules \u00e9lectriques, les t\u00e9l\u00e9communications et les applications o\u00f9 l'alimentation ne peut pas \u00eatre interrompue.<\/p>\n<h2>Caract\u00e9ristiques de la batterie Upower 12,8V\/300Ah<\/h2>\n<h3>Performance<\/h3>\n<p>La batterie Upower a une capacit\u00e9 de 300 Ah et une tension nominale de 12,8 V, fournissant 3 840 Wh d'\u00e9nergie utilisable.<br \/>\nEn bref : il vous donne de l'\u00e9nergie pendant plus longtemps et vous l'utilisez presque enti\u00e8rement, sans devoir le recharger aussi souvent et sans vous soucier des chutes de tension.<\/p>\n<p>Il peut fournir des courants \u00e9lev\u00e9s de mani\u00e8re stable, m\u00eame lorsque vous connectez des \u00e9quipements gourmands en \u00e9nergie, sans chute de tension soudaine.<br \/>\nSa dur\u00e9e de vie est sup\u00e9rieure \u00e0 2 500 cycles \u00e0 une profondeur de d\u00e9charge de 100 %, ce qui signifie qu'elle peut durer jusqu'\u00e0 10 fois plus longtemps que de nombreuses batteries conventionnelles, et qu'elle a donc une tr\u00e8s longue dur\u00e9e de vie sans perte de performance.<\/p>\n<p>En outre, sa capacit\u00e9 de d\u00e9charge \u00e9lev\u00e9e lui permet de supporter les pics de consommation lors du branchement simultan\u00e9 d'appareils gourmands en \u00e9nergie, et la batterie maintient une tension tr\u00e8s stable pendant la d\u00e9charge, de sorte que les appareils fonctionnent sans chute soudaine.<br \/>\nAinsi, votre \u00e9quipement fonctionne tout aussi bien, est prot\u00e9g\u00e9 et ne s'\u00e9teint pas pr\u00e9matur\u00e9ment, m\u00eame si la batterie est d\u00e9j\u00e0 bien d\u00e9charg\u00e9e.<br \/>\nCeci est particuli\u00e8rement utile dans les syst\u00e8mes o\u00f9 une source stable de 12 V est n\u00e9cessaire pour les moteurs \u00e9lectriques, l'\u00e9clairage, les pompes, l'\u00e9lectronique ou les onduleurs solaires.<\/p>\n<h3>Conception<\/h3>\n<p>L'Upower 12,8V\/200Ah se pr\u00e9sente sous un format monobloc robuste, ce qui signifie que toutes les cellules sont int\u00e9gr\u00e9es dans une seule unit\u00e9 compacte, utilisant des cellules au phosphate de fer lithium (LiFePO\u2084).<br \/>\nCe type de lithium est beaucoup plus s\u00fbr que les autres technologies, car il ne s'\u00e9chauffe pas facilement et ne pr\u00e9sente pas de risques (incendie ou d\u00e9faillance pr\u00e9matur\u00e9e) comme les autres types de piles, ce qui en fait une option tr\u00e8s s\u00fbre.<\/p>\n<p>Bien que sa capacit\u00e9 soit \u00e9lev\u00e9e, elle p\u00e8se beaucoup moins qu'une batterie AGM ou GEL similaire, ce qui facilite son installation dans les caravanes, les camping-cars ou les bateaux.<\/p>\n<p>En outre, sa conception interne consiste en 4 cellules connect\u00e9es en s\u00e9rie et 4 en parall\u00e8le, ce qui garantit une distribution \u00e9quilibr\u00e9e de la puissance et un fonctionnement fiable pour les ann\u00e9es \u00e0 venir.<br \/>\nLa batterie Upower peut fonctionner en parall\u00e8le (jusqu'\u00e0 4 unit\u00e9s), ce qui permet d'augmenter la tension et la capacit\u00e9 totale de la batterie en fonction des besoins du syst\u00e8me.<\/p>\n<h3>Syst\u00e8me intelligent de gestion de la batterie (BMS)<\/h3>\n<p>La batterie Upower est dot\u00e9e d'un syst\u00e8me de gestion de la batterie interne intelligent (BMS) qui prend soin de la batterie \u00e0 tout moment en agissant comme un syst\u00e8me de protection.<\/p>\n<p>Le BMS surveille en permanence la fa\u00e7on dont chaque cellule de la batterie est charg\u00e9e et d\u00e9charg\u00e9e et pr\u00e9vient les probl\u00e8mes tels que la surcharge, la d\u00e9charge profonde, les courts-circuits ou les temp\u00e9ratures extr\u00eames, maintenant ainsi la batterie dans des param\u00e8tres s\u00fbrs \u00e0 tout moment.<\/p>\n<p>Gr\u00e2ce \u00e0 ce syst\u00e8me, la batterie se prot\u00e8ge elle-m\u00eame, ce qui prolonge sa dur\u00e9e de vie, \u00e9vite d'endommager la batterie et les \u00e9quipements connect\u00e9s et vous permet d'avoir l'esprit tranquille.<\/p>\n<h3>Temp\u00e9rature<\/h3>\n<p>La batterie Upower 12,8V\/200Ah peut fonctionner sans probl\u00e8me dans des conditions de temp\u00e9rature tr\u00e8s exigeantes, tant en charge qu'en d\u00e9charge :<\/p>\n<ul>\n<li>Temp\u00e9rature de <strong>cargaison<\/strong>entre 0\u00baC et 45\u00baC<\/li>\n<li>Temp\u00e9rature de <strong>t\u00e9l\u00e9charger<\/strong>entre -20 \u00baC et 60 \u00baC<\/li>\n<\/ul>\n<p>Il peut donc \u00eatre utilis\u00e9 aussi bien \u00e0 l'int\u00e9rieur qu'\u00e0 l'ext\u00e9rieur.<br \/>\nToutefois, il est recommand\u00e9 de le conserver entre -10\u00baC et 35\u00baC si vous n'avez pas l'intention de l'utiliser pendant une longue p\u00e9riode.<\/p>\n<h3>Protections<\/h3>\n<p>La batterie Upower, en plus du BMS, poss\u00e8de de nombreuses caract\u00e9ristiques de s\u00e9curit\u00e9 qui augmentent sa fiabilit\u00e9, elle est donc tr\u00e8s bien prot\u00e9g\u00e9e.<\/p>\n<p>Il est dot\u00e9 de syst\u00e8mes de d\u00e9fense contre les surcharges, les d\u00e9charges profondes, les surtensions, les courts-circuits et les temp\u00e9ratures extr\u00eames.<\/p>\n<p>Il comporte \u00e9galement des \u00e9l\u00e9ments de s\u00e9curit\u00e9 suppl\u00e9mentaires tels que des fusibles thermiques \u00e0 haute temp\u00e9rature, des additifs ignifuges et des soupapes de d\u00e9charge.<\/p>\n<p>De plus, son bo\u00eetier est prot\u00e9g\u00e9 par la norme IP65, ce qui lui permet de r\u00e9sister \u00e0 la poussi\u00e8re et aux \u00e9claboussures d'eau, ce qui est tr\u00e8s utile dans les bateaux, les camping-cars ou les installations ext\u00e9rieures.<\/p>\n<h3>Installation et entretien<\/h3>\n<p>Gr\u00e2ce \u00e0 son format monobloc, cette batterie est tr\u00e8s facile et rapide \u00e0 installer. Aucune configuration complexe ou connaissance technique avanc\u00e9e n'est requise.<\/p>\n<p>Il peut \u00eatre facilement int\u00e9gr\u00e9 dans des syst\u00e8mes 12V et permet \u00e9galement des connexions en s\u00e9rie et en parall\u00e8le pour cr\u00e9er des bancs de batteries plus importants si une tension ou une capacit\u00e9 plus \u00e9lev\u00e9e est n\u00e9cessaire.<\/p>\n<p>Il s'agit \u00e9galement d'une batterie sans entretien, car elle ne n\u00e9cessite pas de ventilation, ne g\u00e9n\u00e8re pas de gaz, n'a pas besoin d'\u00eatre recharg\u00e9e et n'a pas besoin d'\u00eatre v\u00e9rifi\u00e9e p\u00e9riodiquement, ce qui en fait une option tr\u00e8s pratique et s\u00fbre \u00e0 long terme, en particulier dans les environnements ferm\u00e9s ou mal ventil\u00e9s. Il est install\u00e9 et fonctionne, vous pouvez donc l'oublier.<\/p>\n<h2>Avantages de la batterie Upower 12,8V\/300Ah<\/h2>\n<p>Les avantages de cette batterie sont nombreux :<\/p>\n<ul>\n<li><strong>Une dur\u00e9e de vie beaucoup plus longue<\/strong> qu'une batterie traditionnelle, elle a une longue dur\u00e9e de vie.<\/li>\n<li><strong>Des milliers de cycles<\/strong> le chargement et le d\u00e9chargement.<\/li>\n<li><strong>Vous utilisez pr\u00e8s de 100 % d'\u00e9nergie<\/strong>, sans le g\u00e2cher.<\/li>\n<li><strong>Tension stable<\/strong>, id\u00e9al pour prot\u00e9ger les \u00e9quipements \u00e9lectroniques.<\/li>\n<li><strong>Beaucoup plus l\u00e9ger<\/strong> qu'une batterie AGM ou GEL similaire.<\/li>\n<li><strong>Chargement plus rapide et plus efficace<\/strong>.<\/li>\n<li><strong>Configuration modulaire<\/strong>.<\/li>\n<li><strong>Il ne g\u00e9n\u00e8re pas de gaz<\/strong> pas d'odeurs.<\/li>\n<li><strong>Non<\/strong> besoins <strong>entretien<\/strong>.<\/li>\n<li><strong>Large gamme thermique.<\/strong><\/li>\n<li><strong>S\u00e9curit\u00e9 accrue<\/strong> gr\u00e2ce \u00e0 sa chimie LiFePO\u2084 et \u00e0 son BMS int\u00e9gr\u00e9.<\/li>\n<\/ul>\n<h2>Utilisation typique d'une batterie Upower 12,8V\/300Ah<\/h2>\n<p>Cette batterie Upower est id\u00e9ale pour une grande vari\u00e9t\u00e9 d'applications, notamment :<\/p>\n<ul>\n<li><strong>Syst\u00e8mes solaires r\u00e9sidentiels et commerciaux<\/strong>, pour stocker de grandes quantit\u00e9s d'\u00e9nergie g\u00e9n\u00e9r\u00e9e par les panneaux solaires.<\/li>\n<li>S<strong>e stockage de l'\u00e9nergie et les syst\u00e8mes de secours<\/strong>, Le nouveau syst\u00e8me d'\u00e9conomie d'\u00e9nergie garantit que vous ne resterez pas sans \u00e9lectricit\u00e9 pendant les pannes de courant prolong\u00e9es.<\/li>\n<li><strong>Caravanes, camping-cars et motorhomes<\/strong>, pendant de longues p\u00e9riodes sans connexion au r\u00e9seau et qui n\u00e9cessitent une autonomie sans entretien.<\/li>\n<li><strong>Bateaux, yachts et v\u00e9hicules de loisirs<\/strong>, l'alimentation des syst\u00e8mes \u00e9lectriques et \u00e9lectroniques, tels que les lampes et les r\u00e9frig\u00e9rateurs.<\/li>\n<li><strong>Mobilit\u00e9 \u00e9lectrique l\u00e9g\u00e8re<\/strong>, tels que les scooters \u00e9lectriques, les bicyclettes ou les v\u00e9hicules l\u00e9gers \u00e0 usage personnel.<\/li>\n<li><span style=\"font-size: 16px;\"><strong>T\u00e9l\u00e9communications, r\u00e9seaux et \u00e9quipements critiques<\/strong>, o\u00f9 l'\u00e9nergie ne peut pas faire d\u00e9faut et doit \u00eatre constante, stable et fiable.\u00a0<\/span><\/li>\n<li><strong>\u00c9quipements portables et applications industrielles l\u00e9g\u00e8res<\/strong>, qui n\u00e9cessitent une source d'\u00e9nergie stable, fiable et durable.<\/li>\n<\/ul>\n<h2>Sp\u00e9cifications techniques de la batterie Upower Lithium 12.8V\/300Ah - UE-12LI300<\/h2>\n<table>\n<thead>\n<tr>\n<th><strong>Fonctionnalit\u00e9<\/strong><\/th>\n<th><strong>Valeur<\/strong><\/th>\n<\/tr>\n<\/thead>\n<tbody>\n<tr>\n<td>Technologie des batteries<\/td>\n<td>LiFePO\u2084 (ferrophosphate de lithium)<\/td>\n<\/tr>\n<tr>\n<td>Tension nominale<\/td>\n<td>12,8 V<\/td>\n<\/tr>\n<tr>\n<td>Capacit\u00e9 nominale<\/td>\n<td>300 Ah<\/td>\n<\/tr>\n<tr>\n<td>\u00c9nergie totale<\/td>\n<td>3840 Wh<\/td>\n<\/tr>\n<tr>\n<td>Courant de charge standard<\/td>\n<td>60 A<\/td>\n<\/tr>\n<tr>\n<td>Courant de charge maximal<\/td>\n<td>100 A<\/td>\n<\/tr>\n<tr>\n<td>Courant de d\u00e9charge standard<\/td>\n<td>60 A<\/td>\n<\/tr>\n<tr>\n<td>Courant de d\u00e9charge continu maximal<\/td>\n<td>200 A<\/td>\n<\/tr>\n<tr>\n<td>Tension de charge<\/td>\n<td>14,6 V<\/td>\n<\/tr>\n<tr>\n<td>Capacit\u00e9 minimale<\/td>\n<td>285 Ah<\/td>\n<\/tr>\n<tr>\n<td>Tension de coupure de la d\u00e9charge<\/td>\n<td>10 V<\/td>\n<\/tr>\n<tr>\n<td>R\u00e9sistance interne<\/td>\n<td>\u2264 10 m\u03a9<\/td>\n<\/tr>\n<tr>\n<td>Cycles de vie<\/td>\n<td>Plus de 2 500 cycles<\/td>\n<\/tr>\n<tr>\n<td>Dimensions (L \u00d7 L \u00d7 H)<\/td>\n<td>521 x 238 x 220 mm<\/td>\n<\/tr>\n<tr>\n<td>Poids<\/td>\n<td>28 kg<\/td>\n<\/tr>\n<tr>\n<td>Temp\u00e9rature de charge<\/td>\n<td>0 \u00b0C \u00e0 45 \u00b0C<\/td>\n<\/tr>\n<tr>\n<td>Temp\u00e9rature de refoulement<\/td>\n<td>-20 \u00b0C \u00e0 60 \u00b0C<\/td>\n<\/tr>\n<tr>\n<td>Temp\u00e9rature de stockage<\/td>\n<td>De -10 \u00b0C \u00e0 35 \u00b0C<\/td>\n<\/tr>\n<tr>\n<td>Protections (BMS)<\/td>\n<td>Surcharge, surd\u00e9charge, surintensit\u00e9, court-circuit et temp\u00e9rature<\/td>\n<\/tr>\n<tr>\n<td>Certifications<\/td>\n<td>UN 38.8, fiche de donn\u00e9es de s\u00e9curit\u00e9, certificat DG, CE<\/td>\n<\/tr>\n<\/tbody>\n<\/table>\n<h2>Upower Lithium Battery 12.8V\/300Ah - UE-12LI300 Informations techniques<\/h2>\n<p><a href=\"https:\/\/fvcomponentes.com\/wp-content\/uploads\/2026\/01\/ue-12li300-ficha-tecnica-hdi-battery.pdf\" target=\"_blank\" rel=\"noopener\">Fiche technique de la batterie Upower 12,8V\/300Ah<\/a><\/p>\n<p><a href=\"https:\/\/fvcomponentes.com\/wp-content\/uploads\/2026\/01\/manual-uso-litio-master-1.pdf\" target=\"_blank\" rel=\"noopener\">Manuel de la batterie Upower 12,8V\/300Ah<\/a><\/p>\n<p><a href=\"https:\/\/fvcomponentes.com\/wp-content\/uploads\/2026\/01\/UE-12LI300.pdf.pdf\" target=\"_blank\" rel=\"noopener\">Caract\u00e9ristiques techniques de la batterie Upower 12,8V\/300Ah<\/a><\/p>","protected":false},"excerpt":{"rendered":"<p>Tension nominale : 12,8 V<br \/>\nCapacit\u00e9 nominale : 300 Ah<br \/>\n\u00c9nergie totale : 3 840 Wh<br \/>\nNombre de cycles : 2500 cycles \u00e0 100%<\/p>","protected":false},"featured_media":36028,"comment_status":"closed","ping_status":"closed","template":"","meta":{"site-sidebar-layout":"default","site-content-layout":"","ast-site-content-layout":"default","site-content-style":"default","site-sidebar-style":"default","ast-global-header-display":"","ast-banner-title-visibility":"","ast-main-header-display":"","ast-hfb-above-header-display":"","ast-hfb-below-header-display":"","ast-hfb-mobile-header-display":"","site-post-title":"","ast-breadcrumbs-content":"","ast-featured-img":"","footer-sml-layout":"","ast-disable-related-posts":"","theme-transparent-header-meta":"default","adv-header-id-meta":"","stick-header-meta":"","header-above-stick-meta":"","header-main-stick-meta":"","header-below-stick-meta":"","astra-migrate-meta-layouts":"set","ast-page-background-enabled":"default","ast-page-background-meta":{"desktop":{"background-color":"var(--ast-global-color-4)","background-image":"","background-repeat":"repeat","background-position":"center center","background-size":"auto","background-attachment":"scroll","background-type":"","background-media":"","overlay-type":"","overlay-color":"","overlay-opacity":"","overlay-gradient":""},"tablet":{"background-color":"","background-image":"","background-repeat":"repeat","background-position":"center center","background-size":"auto","background-attachment":"scroll","background-type":"","background-media":"","overlay-type":"","overlay-color":"","overlay-opacity":"","overlay-gradient":""},"mobile":{"background-color":"","background-image":"","background-repeat":"repeat","background-position":"center center","background-size":"auto","background-attachment":"scroll","background-type":"","background-media":"","overlay-type":"","overlay-color":"","overlay-opacity":"","overlay-gradient":""}},"ast-content-background-meta":{"desktop":{"background-color":"var(--ast-global-color-5)","background-image":"","background-repeat":"repeat","background-position":"center center","background-size":"auto","background-attachment":"scroll","background-type":"","background-media":"","overlay-type":"","overlay-color":"","overlay-opacity":"","overlay-gradient":""},"tablet":{"background-color":"var(--ast-global-color-5)","background-image":"","background-repeat":"repeat","background-position":"center center","background-size":"auto","background-attachment":"scroll","background-type":"","background-media":"","overlay-type":"","overlay-color":"","overlay-opacity":"","overlay-gradient":""},"mobile":{"background-color":"var(--ast-global-color-5)","background-image":"","background-repeat":"repeat","background-position":"center center","background-size":"auto","background-attachment":"scroll","background-type":"","background-media":"","overlay-type":"","overlay-color":"","overlay-opacity":"","overlay-gradient":""}}},"pwb-brand":[1020],"product_brand":[],"product_cat":[431,340],"product_tag":[],"class_list":{"0":"post-36023","1":"product","2":"type-product","3":"status-publish","4":"has-post-thumbnail","6":"pwb-brand-upower","7":"product_cat-baterias-litio-12v","8":"product_cat-baterias","9":"product_shipping_class-baterias","10":"desktop-align-left","11":"tablet-align-left","12":"mobile-align-left","13":"ast-product-gallery-layout-horizontal-slider","14":"ast-product-tabs-layout-horizontal","16":"first","17":"instock","18":"taxable","19":"shipping-taxable","20":"purchasable","21":"product-type-simple"},"wcpa_form_fields":null,"brands":[{"id":1020,"name":"Batteries Upower","slug":"faucheur"}],"_links":{"self":[{"href":"https:\/\/fvcomponentes.com\/fr\/wp-json\/wp\/v2\/product\/36023","targetHints":{"allow":["GET"]}}],"collection":[{"href":"https:\/\/fvcomponentes.com\/fr\/wp-json\/wp\/v2\/product"}],"about":[{"href":"https:\/\/fvcomponentes.com\/fr\/wp-json\/wp\/v2\/types\/product"}],"replies":[{"embeddable":true,"href":"https:\/\/fvcomponentes.com\/fr\/wp-json\/wp\/v2\/comments?post=36023"}],"wp:featuredmedia":[{"embeddable":true,"href":"https:\/\/fvcomponentes.com\/fr\/wp-json\/wp\/v2\/media\/36028"}],"wp:attachment":[{"href":"https:\/\/fvcomponentes.com\/fr\/wp-json\/wp\/v2\/media?parent=36023"}],"wp:term":[{"taxonomy":"pwb-brand","embeddable":true,"href":"https:\/\/fvcomponentes.com\/fr\/wp-json\/wp\/v2\/pwb-brand?post=36023"},{"taxonomy":"product_brand","embeddable":true,"href":"https:\/\/fvcomponentes.com\/fr\/wp-json\/wp\/v2\/product_brand?post=36023"},{"taxonomy":"product_cat","embeddable":true,"href":"https:\/\/fvcomponentes.com\/fr\/wp-json\/wp\/v2\/product_cat?post=36023"},{"taxonomy":"product_tag","embeddable":true,"href":"https:\/\/fvcomponentes.com\/fr\/wp-json\/wp\/v2\/product_tag?post=36023"}],"curies":[{"name":"wp","href":"https:\/\/api.w.org\/{rel}","templated":true}]}}