{"id":35950,"date":"2026-01-22T15:16:11","date_gmt":"2026-01-22T14:16:11","guid":{"rendered":"https:\/\/fvcomponentes.com\/?post_type=product&#038;p=35950"},"modified":"2026-01-22T15:16:13","modified_gmt":"2026-01-22T14:16:13","slug":"upower-batterie-lithium-12v-150ah-ue-12li150","status":"publish","type":"product","link":"https:\/\/fvcomponentes.com\/fr\/producto\/bateria-de-litio-upower-12v-150ah-ue-12li150\/","title":{"rendered":"Upower Batterie Lithium 12.8V\/150Ah - UE-12LI150"},"content":{"rendered":"<h2>Upower Batterie Lithium 12.8V\/150Ah - UE-12LI150<\/h2>\n<p>La batterie lithium Upower 12,8V \/ 150Ah est une batterie monobloc haute performance, con\u00e7ue pour ceux qui ont besoin de plus de capacit\u00e9, d'une grande autonomie, d'une source d'\u00e9nergie fiable pendant de nombreuses ann\u00e9es et de z\u00e9ro complication.<br \/>\nIl s'agit d'une batterie moderne qui prend moins de place et qui est beaucoup plus performante qu'une batterie AGM ou GEL.<\/p>\n<p>Gr\u00e2ce \u00e0 la technologie lithium LiFePO\u2084, cette batterie est plus s\u00fbre, plus durable et beaucoup plus efficace.<br \/>\nVous l'installez et vous oubliez la maintenance, l'entretien et les probl\u00e8mes typiques des batteries traditionnelles.<\/p>\n<p>Il est id\u00e9al pour les installations fixes et les applications mobiles, et est largement utilis\u00e9 dans les installations solaires, les caravanes, les camping-cars, les bateaux, les syst\u00e8mes d'alimentation de secours, les t\u00e9l\u00e9communications et les \u00e9quipements o\u00f9 l'alimentation ne peut pas tomber en panne.<\/p>\n<h2>Caract\u00e9ristiques de la batterie Upower 12.8V\/150Ah<\/h2>\n<h3>Performance<\/h3>\n<p>Cette batterie fonctionne \u00e0 12,8 volts et a une capacit\u00e9 de 150 amp\u00e8res, fournissant 1 920 Wh d'\u00e9nergie utilisable.<br \/>\nVous pouvez donc alimenter votre \u00e9quipement plus longtemps sans avoir \u00e0 le recharger aussi souvent et sans vous soucier des baisses de tension.<\/p>\n<p>Elle peut fournir une alimentation stable et abondante, m\u00eame lorsque vous connectez des \u00e9quipements gourmands en \u00e9nergie. Elle peut \u00e9galement supporter plus de 2 500 cycles de charge et de d\u00e9charge \u00e0 100 % (DoD), ce qui lui permet de durer de nombreuses ann\u00e9es sans aucune perte de performance.<\/p>\n<p>Un autre point tr\u00e8s important est que la tension reste stable presque jusqu'\u00e0 la fin de la d\u00e9charge, ce qui signifie que vos appareils fonctionnent bien, sont prot\u00e9g\u00e9s et ne s'\u00e9teignent pas pr\u00e9matur\u00e9ment, m\u00eame lorsque la batterie est compl\u00e8tement d\u00e9charg\u00e9e.<\/p>\n<h3>Conception<\/h3>\n<p>La batterie Upower 12,8V\/150Ah est propos\u00e9e dans un format monobloc robuste, ce qui signifie que toutes les cellules sont int\u00e9gr\u00e9es dans une seule unit\u00e9 compacte.<\/p>\n<p>Il est compos\u00e9 de cellules LiFePO\u2084, un type de lithium beaucoup plus s\u00fbr que les autres technologies, avec moins de risques de surchauffe ou de d\u00e9faillance.<\/p>\n<p>Bien que sa capacit\u00e9 soit \u00e9lev\u00e9e, elle p\u00e8se beaucoup moins qu'une batterie AGM ou GEL similaire, ce qui facilite son installation dans les caravanes, les camping-cars ou les bateaux.<\/p>\n<p>En outre, sa conception interne consiste en 4 cellules connect\u00e9es en s\u00e9rie et 4 en parall\u00e8le, ce qui garantit une distribution \u00e9quilibr\u00e9e de l'\u00e9nergie et un fonctionnement fiable pendant des ann\u00e9es.<\/p>\n<h3>Syst\u00e8me intelligent de gestion de la batterie (BMS)<\/h3>\n<p>La batterie Upower est dot\u00e9e d'un syst\u00e8me de gestion de la batterie interne intelligent (BMS) qui prend soin de la batterie \u00e0 tout moment en agissant comme un syst\u00e8me de protection.<\/p>\n<p>Le BMS surveille en permanence la fa\u00e7on dont chaque cellule de la batterie est charg\u00e9e et d\u00e9charg\u00e9e et pr\u00e9vient les probl\u00e8mes tels que la surcharge, la d\u00e9charge profonde, les courts-circuits ou les temp\u00e9ratures extr\u00eames.<\/p>\n<p>Gr\u00e2ce \u00e0 ce syst\u00e8me, la batterie se prot\u00e8ge elle-m\u00eame et fonctionne toujours dans des valeurs s\u00fbres, ce qui prolonge sa dur\u00e9e de vie, \u00e9vite d'endommager la batterie et l'\u00e9quipement connect\u00e9 et vous permet d'avoir l'esprit tranquille.<\/p>\n<h3>Temp\u00e9rature<\/h3>\n<p>La batterie Upower 12,8V\/150Ah est pr\u00e9par\u00e9e pour fonctionner dans des conditions de temp\u00e9rature tr\u00e8s exigeantes :<\/p>\n<ul>\n<li>Temp\u00e9rature de <strong>cargaison<\/strong>entre 0\u00baC et 45\u00baC<\/li>\n<li>Temp\u00e9rature de <strong>t\u00e9l\u00e9charger<\/strong>entre -20 \u00baC et 60 \u00baC<\/li>\n<\/ul>\n<p>Il peut donc \u00eatre utilis\u00e9 aussi bien \u00e0 l'int\u00e9rieur qu'\u00e0 l'ext\u00e9rieur.<br \/>\nToutefois, il est recommand\u00e9 de le conserver entre -10\u00baC et 35\u00baC si vous n'avez pas l'intention de l'utiliser pendant une longue p\u00e9riode.<\/p>\n<h3>Protections<\/h3>\n<p>Le Upower 12.8V\/150Ah, en plus du BMS, poss\u00e8de de nombreuses caract\u00e9ristiques de s\u00e9curit\u00e9 qui augmentent sa fiabilit\u00e9, il est donc tr\u00e8s bien prot\u00e9g\u00e9.<\/p>\n<p>Il est dot\u00e9 de syst\u00e8mes de d\u00e9fense contre les surcharges, les d\u00e9charges profondes, les surtensions, les courts-circuits et les temp\u00e9ratures extr\u00eames.<\/p>\n<p>Il comporte \u00e9galement des \u00e9l\u00e9ments de s\u00e9curit\u00e9 suppl\u00e9mentaires tels que des fusibles thermiques \u00e0 haute temp\u00e9rature, des additifs ignifuges et des soupapes de d\u00e9charge.<\/p>\n<p>De plus, son bo\u00eetier est prot\u00e9g\u00e9 par la norme IP65, ce qui lui permet de r\u00e9sister \u00e0 la poussi\u00e8re et aux \u00e9claboussures d'eau, ce qui est tr\u00e8s utile dans les bateaux, les camping-cars ou les installations ext\u00e9rieures.<\/p>\n<h3>Installation et entretien<\/h3>\n<p>Gr\u00e2ce \u00e0 son format monobloc, cette batterie est tr\u00e8s facile et rapide \u00e0 installer. Aucune configuration complexe ou connaissance technique avanc\u00e9e n'est requise.<\/p>\n<p>Il peut \u00eatre facilement int\u00e9gr\u00e9 dans des syst\u00e8mes 12V et permet \u00e9galement des connexions en s\u00e9rie et en parall\u00e8le pour cr\u00e9er des bancs de batteries plus importants si une tension ou une capacit\u00e9 plus \u00e9lev\u00e9e est n\u00e9cessaire.<\/p>\n<p>Il s'agit \u00e9galement d'une batterie sans entretien, car elle ne n\u00e9cessite pas de ventilation, ne g\u00e9n\u00e8re pas de gaz, n'a pas besoin d'\u00eatre recharg\u00e9e en liquides et n'a pas besoin d'\u00eatre v\u00e9rifi\u00e9e p\u00e9riodiquement, ce qui en fait une option tr\u00e8s pratique et s\u00fbre \u00e0 long terme, en particulier dans les environnements ferm\u00e9s ou mal ventil\u00e9s. Il suffit de le brancher et de l'oublier.<\/p>\n<h2>Avantages de la batterie Upower 12,8V\/150Ah<\/h2>\n<p>Les avantages de cette batterie sont nombreux :<\/p>\n<ul>\n<li>Dur\u00e9e de vie beaucoup plus longue qu'une batterie traditionnelle.<\/li>\n<li>Vous pouvez utiliser pr\u00e8s de 100 % de l'\u00e9nergie sans l'alt\u00e9rer.<\/li>\n<li>Tension stable, id\u00e9ale pour prot\u00e9ger les \u00e9quipements \u00e9lectroniques.<\/li>\n<li>Beaucoup plus l\u00e9g\u00e8re qu'une batterie AGM ou GEL similaire.<\/li>\n<li>Chargement plus rapide et plus efficace.<\/li>\n<li>Il ne g\u00e9n\u00e8re pas de gaz ni d'odeurs.<\/li>\n<li>Sans entretien.<\/li>\n<li>S\u00e9curit\u00e9 accrue gr\u00e2ce \u00e0 la chimie LiFePO\u2084 et au BMS int\u00e9gr\u00e9.<\/li>\n<\/ul>\n<h2>Utilisation typique d'une batterie Upower 12,8V\/150Ah<\/h2>\n<p>Cette batterie est parfaite pour les syst\u00e8mes n\u00e9cessitant une autonomie et une fiabilit\u00e9 \u00e9lev\u00e9es, comme par exemple :<\/p>\n<ul>\n<li><strong>Syst\u00e8mes solaires r\u00e9sidentiels et commerciaux<\/strong>, pour stocker de grandes quantit\u00e9s d'\u00e9nergie.<\/li>\n<li>S<strong>es syst\u00e8mes de r\u00e9cup\u00e9ration d'\u00e9nergie<\/strong>, Le nouveau syst\u00e8me d'\u00e9conomie d'\u00e9nergie garantit que vous ne resterez pas sans \u00e9lectricit\u00e9 pendant les pannes de courant prolong\u00e9es.<\/li>\n<li><strong>Caravanes, camping-cars et motorhomes<\/strong>, pendant de longues p\u00e9riodes sans connexion au r\u00e9seau.<\/li>\n<li><strong>Bateaux, yachts et v\u00e9hicules de loisirs<\/strong>, l'alimentation des syst\u00e8mes \u00e9lectriques et \u00e9lectroniques, tels que les lampes et les r\u00e9frig\u00e9rateurs.<\/li>\n<li><strong>Mobilit\u00e9 \u00e9lectrique l\u00e9g\u00e8re<\/strong>, tels que les scooters \u00e9lectriques, les bicyclettes ou les v\u00e9hicules l\u00e9gers \u00e0 usage personnel.<\/li>\n<li><span style=\"font-size: 16px;\"><strong>T\u00e9l\u00e9communications et \u00e9quipements critiques<\/strong>, o\u00f9 l'\u00e9nergie doit \u00eatre constante et ne peut pas faire d\u00e9faut.<\/span><\/li>\n<li><strong>\u00c9quipements portables et applications industrielles l\u00e9g\u00e8res<\/strong>, qui n\u00e9cessitent une source d'\u00e9nergie stable, fiable et durable.<\/li>\n<\/ul>\n<h2>Sp\u00e9cifications techniques de la batterie Upower Lithium 12,8V\/150Ah - UE-12LI150<\/h2>\n<table>\n<thead>\n<tr>\n<th><strong>Fonctionnalit\u00e9<\/strong><\/th>\n<th><strong>Valeur<\/strong><\/th>\n<\/tr>\n<\/thead>\n<tbody>\n<tr>\n<td>Technologie des batteries<\/td>\n<td>LiFePO\u2084 (ferrophosphate de lithium)<\/td>\n<\/tr>\n<tr>\n<td>Tension nominale<\/td>\n<td>12,8 V<\/td>\n<\/tr>\n<tr>\n<td>Capacit\u00e9 nominale<\/td>\n<td>150 Ah<\/td>\n<\/tr>\n<tr>\n<td>\u00c9nergie totale<\/td>\n<td>1 920 Wh<\/td>\n<\/tr>\n<tr>\n<td>Courant de charge standard<\/td>\n<td>30 A<\/td>\n<\/tr>\n<tr>\n<td>Courant de charge maximal<\/td>\n<td>150 A<\/td>\n<\/tr>\n<tr>\n<td>Courant de d\u00e9charge standard<\/td>\n<td>30 A<\/td>\n<\/tr>\n<tr>\n<td>Courant de d\u00e9charge maximal<\/td>\n<td>150 A<\/td>\n<\/tr>\n<tr>\n<td>Tension de charge<\/td>\n<td>14,6 V<\/td>\n<\/tr>\n<tr>\n<td>Capacit\u00e9 minimale<\/td>\n<td>142 Ah<\/td>\n<\/tr>\n<tr>\n<td>Tension de coupure de la d\u00e9charge<\/td>\n<td>10 V<\/td>\n<\/tr>\n<tr>\n<td>R\u00e9sistance interne<\/td>\n<td>\u2264 10 m\u03a9<\/td>\n<\/tr>\n<tr>\n<td>Cycles de vie<\/td>\n<td>Plus de 2 500 cycles<\/td>\n<\/tr>\n<tr>\n<td>Dimensions (L \u00d7 L \u00d7 H)<\/td>\n<td>490 x 171 x 240 mm<\/td>\n<\/tr>\n<tr>\n<td>Poids<\/td>\n<td>14,5 kg<\/td>\n<\/tr>\n<tr>\n<td>Temp\u00e9rature de charge<\/td>\n<td>0 \u00b0C \u00e0 45 \u00b0C<\/td>\n<\/tr>\n<tr>\n<td>Temp\u00e9rature de refoulement<\/td>\n<td>-20 \u00b0C \u00e0 60 \u00b0C<\/td>\n<\/tr>\n<tr>\n<td>Temp\u00e9rature de stockage<\/td>\n<td>De -10 \u00b0C \u00e0 35 \u00b0C<\/td>\n<\/tr>\n<tr>\n<td>Protections (BMS)<\/td>\n<td>Surcharge, surd\u00e9charge, surintensit\u00e9, court-circuit et temp\u00e9rature<\/td>\n<\/tr>\n<tr>\n<td>Certifications<\/td>\n<td>UN 38.8, fiche de donn\u00e9es de s\u00e9curit\u00e9, certificat DG, CE<\/td>\n<\/tr>\n<\/tbody>\n<\/table>\n<h2>Information technique pour Upower Lithium Battery 12,8V\/150Ah - UE-12LI150<\/h2>\n<p><a href=\"https:\/\/fvcomponentes.com\/wp-content\/uploads\/2026\/01\/ficha-tecnica-UE-12LI150.pdf\" target=\"_blank\" rel=\"noopener\">Fiche technique de la batterie Upower 12,8V\/150Ah<\/a><\/p>\n<p><a href=\"https:\/\/fvcomponentes.com\/wp-content\/uploads\/2026\/01\/Manual-UE-12LI150.pdf\" target=\"_blank\" rel=\"noopener\">Manuel de la batterie Upower 12,8V\/150Ah<\/a><\/p>\n<p><a href=\"https:\/\/fvcomponentes.com\/wp-content\/uploads\/2026\/01\/caracteristicas-tecnicas-UE-12Li150.pdf\" target=\"_blank\" rel=\"noopener\">Caract\u00e9ristiques techniques de la batterie Upower 12,8V\/150Ah<\/a><\/p>","protected":false},"excerpt":{"rendered":"<p>Tension nominale : 12,8 V<br \/>\nCapacit\u00e9 nominale : 150 Ah<br \/>\n\u00c9nergie totale : 1 920 Wh<br \/>\nEfficacit\u00e9 : 92%<br \/>\nNombre de cycles : 2500 cycles \u00e0 100%<\/p>","protected":false},"featured_media":35952,"comment_status":"closed","ping_status":"closed","template":"","meta":{"site-sidebar-layout":"default","site-content-layout":"","ast-site-content-layout":"default","site-content-style":"default","site-sidebar-style":"default","ast-global-header-display":"","ast-banner-title-visibility":"","ast-main-header-display":"","ast-hfb-above-header-display":"","ast-hfb-below-header-display":"","ast-hfb-mobile-header-display":"","site-post-title":"","ast-breadcrumbs-content":"","ast-featured-img":"","footer-sml-layout":"","ast-disable-related-posts":"","theme-transparent-header-meta":"default","adv-header-id-meta":"","stick-header-meta":"","header-above-stick-meta":"","header-main-stick-meta":"","header-below-stick-meta":"","astra-migrate-meta-layouts":"set","ast-page-background-enabled":"default","ast-page-background-meta":{"desktop":{"background-color":"var(--ast-global-color-4)","background-image":"","background-repeat":"repeat","background-position":"center center","background-size":"auto","background-attachment":"scroll","background-type":"","background-media":"","overlay-type":"","overlay-color":"","overlay-opacity":"","overlay-gradient":""},"tablet":{"background-color":"","background-image":"","background-repeat":"repeat","background-position":"center center","background-size":"auto","background-attachment":"scroll","background-type":"","background-media":"","overlay-type":"","overlay-color":"","overlay-opacity":"","overlay-gradient":""},"mobile":{"background-color":"","background-image":"","background-repeat":"repeat","background-position":"center center","background-size":"auto","background-attachment":"scroll","background-type":"","background-media":"","overlay-type":"","overlay-color":"","overlay-opacity":"","overlay-gradient":""}},"ast-content-background-meta":{"desktop":{"background-color":"var(--ast-global-color-5)","background-image":"","background-repeat":"repeat","background-position":"center center","background-size":"auto","background-attachment":"scroll","background-type":"","background-media":"","overlay-type":"","overlay-color":"","overlay-opacity":"","overlay-gradient":""},"tablet":{"background-color":"var(--ast-global-color-5)","background-image":"","background-repeat":"repeat","background-position":"center center","background-size":"auto","background-attachment":"scroll","background-type":"","background-media":"","overlay-type":"","overlay-color":"","overlay-opacity":"","overlay-gradient":""},"mobile":{"background-color":"var(--ast-global-color-5)","background-image":"","background-repeat":"repeat","background-position":"center center","background-size":"auto","background-attachment":"scroll","background-type":"","background-media":"","overlay-type":"","overlay-color":"","overlay-opacity":"","overlay-gradient":""}}},"pwb-brand":[1020],"product_brand":[],"product_cat":[431,340],"product_tag":[],"class_list":{"0":"post-35950","1":"product","2":"type-product","3":"status-publish","4":"has-post-thumbnail","6":"pwb-brand-upower","7":"product_cat-baterias-litio-12v","8":"product_cat-baterias","9":"product_shipping_class-baterias","10":"desktop-align-left","11":"tablet-align-left","12":"mobile-align-left","13":"ast-product-gallery-layout-horizontal-slider","14":"ast-product-tabs-layout-horizontal","16":"first","17":"instock","18":"taxable","19":"shipping-taxable","20":"purchasable","21":"product-type-simple"},"wcpa_form_fields":null,"brands":[{"id":1020,"name":"Batteries Upower","slug":"faucheur"}],"_links":{"self":[{"href":"https:\/\/fvcomponentes.com\/fr\/wp-json\/wp\/v2\/product\/35950","targetHints":{"allow":["GET"]}}],"collection":[{"href":"https:\/\/fvcomponentes.com\/fr\/wp-json\/wp\/v2\/product"}],"about":[{"href":"https:\/\/fvcomponentes.com\/fr\/wp-json\/wp\/v2\/types\/product"}],"replies":[{"embeddable":true,"href":"https:\/\/fvcomponentes.com\/fr\/wp-json\/wp\/v2\/comments?post=35950"}],"wp:featuredmedia":[{"embeddable":true,"href":"https:\/\/fvcomponentes.com\/fr\/wp-json\/wp\/v2\/media\/35952"}],"wp:attachment":[{"href":"https:\/\/fvcomponentes.com\/fr\/wp-json\/wp\/v2\/media?parent=35950"}],"wp:term":[{"taxonomy":"pwb-brand","embeddable":true,"href":"https:\/\/fvcomponentes.com\/fr\/wp-json\/wp\/v2\/pwb-brand?post=35950"},{"taxonomy":"product_brand","embeddable":true,"href":"https:\/\/fvcomponentes.com\/fr\/wp-json\/wp\/v2\/product_brand?post=35950"},{"taxonomy":"product_cat","embeddable":true,"href":"https:\/\/fvcomponentes.com\/fr\/wp-json\/wp\/v2\/product_cat?post=35950"},{"taxonomy":"product_tag","embeddable":true,"href":"https:\/\/fvcomponentes.com\/fr\/wp-json\/wp\/v2\/product_tag?post=35950"}],"curies":[{"name":"wp","href":"https:\/\/api.w.org\/{rel}","templated":true}]}}