{"id":35889,"date":"2026-01-22T15:16:35","date_gmt":"2026-01-22T14:16:35","guid":{"rendered":"https:\/\/fvcomponentes.com\/?post_type=product&#038;p=35889"},"modified":"2026-01-22T15:16:37","modified_gmt":"2026-01-22T14:16:37","slug":"upower-batterie-lithium-12v-100ah-ue-12li100","status":"publish","type":"product","link":"https:\/\/fvcomponentes.com\/fr\/producto\/bateria-de-litio-upower-12v-100ah-ue-12li100\/","title":{"rendered":"Upower Batterie Lithium 12,8V\/100Ah - UE-12Li100"},"content":{"rendered":"<h2>Upower Batterie Lithium 12,8V\/100Ah - UE-12Li100<\/h2>\n<p>La batterie Upower 12,8V\/100Ah est une batterie lithium-ion (LiFePO\u2084) destin\u00e9e \u00e0 ceux qui recherchent un moyen fiable, durable et simple de stocker de l'\u00e9nergie.<br \/>\nIl s'agit d'une batterie tr\u00e8s efficace et beaucoup plus moderne que les batteries plomb-acide traditionnelles.<\/p>\n<p>Gr\u00e2ce \u00e0 la technologie lithium LiFePO\u2084, cette batterie dure beaucoup plus longtemps, est beaucoup plus s\u00fbre et ne n\u00e9cessite pratiquement pas d'entretien.<br \/>\nElle est id\u00e9ale si vous souhaitez une \u00e9nergie stable et oublier les r\u00e9visions constantes.<\/p>\n<p>En pratique, cette batterie vous offre 12 volts et une capacit\u00e9 r\u00e9elle de 100 amp\u00e8res, ce qui signifie que vous pouvez utiliser la quasi-totalit\u00e9 de sa puissance sans craindre de l'ab\u00eemer.<br \/>\nContrairement aux batteries AGM ou Gel, cette batterie ne pr\u00e9sente pas de chute de tension soudaine ni de perte de performance lorsque la batterie se d\u00e9charge.<\/p>\n<p>De plus, il int\u00e8gre un syst\u00e8me de protection interne (BMS) qui prend soin de l'int\u00e9rieur : il pr\u00e9vient les surcharges, les d\u00e9charges excessives, les courts-circuits ou les probl\u00e8mes de temp\u00e9rature.<br \/>\nVous l'utilisez et il se prot\u00e8ge lui-m\u00eame.<\/p>\n<p>Elle est couramment utilis\u00e9e dans les caravanes, les camping-cars, les bateaux, les bus touristiques, les syst\u00e8mes solaires, les v\u00e9hicules \u00e9lectriques, l'\u00e9clairage de secours, les syst\u00e8mes de s\u00e9curit\u00e9, les \u00e9quipements qui ont besoin d'une source d'\u00e9nergie fiable et constante et, d'une mani\u00e8re g\u00e9n\u00e9rale, partout o\u00f9 il est n\u00e9cessaire de disposer d'une batterie fiable qui ne tombe pas en panne.<\/p>\n<h2>Caract\u00e9ristiques principales de la batterie Upower 12.8V\/100Ah<\/h2>\n<h3>Technologie et performances<\/h3>\n<p>La batterie Upower fonctionne \u00e0 une tension nominale de 12,8 volts, avec une capacit\u00e9 utile de 100 amp\u00e8res-heures, une capacit\u00e9 de charge et de d\u00e9charge maximale de 100 A et une \u00e9nergie utile de 1 280 Wh. En bref : elle vous donne de l'\u00e9nergie pendant plus longtemps et vous en utilisez la quasi-totalit\u00e9.<br \/>\nSes tensions de charge sont adapt\u00e9es au profil LiFePO\u2084, avec 14,6 V dans la phase de charge initiale (absorption\/bulk) et 13,8 V dans la phase de flottaison (float), tandis que la tension de coupure de la d\u00e9charge est de 10 V pour prot\u00e9ger les cellules.<\/p>\n<p>Sa dur\u00e9e de vie est sup\u00e9rieure \u00e0 2 500 cycles \u00e0 une profondeur de d\u00e9charge de 100 %, ce qui signifie qu'elle peut durer jusqu'\u00e0 10 fois plus longtemps que de nombreuses batteries plomb-acide conventionnelles, et qu'elle a donc une tr\u00e8s longue dur\u00e9e de vie sans perte de performance.<\/p>\n<p>En outre, sa courbe de d\u00e9charge est presque plate, de sorte que la tension reste tr\u00e8s stable presque jusqu'\u00e0 la fin de la d\u00e9charge, de sorte que votre \u00e9quipement fonctionne tout aussi bien m\u00eame si la batterie est d\u00e9j\u00e0 tr\u00e8s d\u00e9charg\u00e9e.<br \/>\nCeci est particuli\u00e8rement utile dans les syst\u00e8mes o\u00f9 une source stable de 12 V est n\u00e9cessaire pour les moteurs \u00e9lectriques, l'\u00e9clairage, les pompes, l'\u00e9lectronique ou les onduleurs solaires.<\/p>\n<h3>Conception<\/h3>\n<p>La batterie Upower est con\u00e7ue dans un format monobloc, utilisant des cellules de phosphate de fer lithi\u00e9 (LiFePO\u2084). Ce type de lithium ne chauffe pas facilement et ne pr\u00e9sente pas de risques (incendie ou d\u00e9faillance pr\u00e9matur\u00e9e) comme d'autres types de batteries, ce qui en fait un choix tr\u00e8s s\u00fbr.<\/p>\n<p>Il est configur\u00e9 en interne avec des cellules en s\u00e9rie et en parall\u00e8le, ce qui permet une r\u00e9partition \u00e9quilibr\u00e9e et r\u00e9guli\u00e8re de la charge et un fonctionnement s\u00fbr et stable, m\u00eame en cas d'utilisation intensive.<\/p>\n<p>Sa conception compacte et robuste permet de l'installer facilement dans les espaces restreints. Elle prend beaucoup moins de place qu'une batterie AGM ou GEL similaire, ce qui est tr\u00e8s appr\u00e9ci\u00e9 dans les caravanes, les bateaux ou les installations mobiles.<\/p>\n<p>En outre, cette batterie peut fonctionner en parall\u00e8le (jusqu'\u00e0 4 unit\u00e9s), ce qui permet d'augmenter la tension et la capacit\u00e9 totale de la batterie en fonction des besoins du syst\u00e8me.<\/p>\n<h3>Syst\u00e8me de gestion intelligent (BMS)<\/h3>\n<p>L'Upower 12,8V\/100Ah poss\u00e8de un syst\u00e8me de gestion de la batterie intelligent int\u00e9gr\u00e9 (BMS), qui prend soin de la batterie \u00e0 tout moment. Il contr\u00f4le la fa\u00e7on dont les cellules internes sont charg\u00e9es et d\u00e9charg\u00e9es.<\/p>\n<p>Gr\u00e2ce \u00e0 ce syst\u00e8me, la batterie se prot\u00e8ge elle-m\u00eame et fonctionne toujours dans des param\u00e8tres s\u00fbrs, ce qui prolonge sa dur\u00e9e de vie, vous donne une tranquillit\u00e9 d'esprit et garantit des cycles de charge et de d\u00e9charge coh\u00e9rents.<\/p>\n<p>En outre, le BMS prot\u00e8ge la batterie contre les surcharges, les d\u00e9charges excessives, les courts-circuits, les surchauffes et m\u00eame les conditions environnementales extr\u00eames, garantissant ainsi un fonctionnement s\u00fbr et fiable pendant de nombreuses ann\u00e9es.<\/p>\n<h3>Plage op\u00e9rationnelle<\/h3>\n<p>La batterie Upower peut fonctionner sans probl\u00e8me sur une large plage de temp\u00e9ratures, tant en charge qu'en d\u00e9charge.<\/p>\n<ul>\n<li>Temp\u00e9rature de <strong>charge :<\/strong> 0 \u00b0C \u00e0 45 \u00b0C<\/li>\n<li>Temp\u00e9rature de <strong>le d\u00e9chargement :<\/strong> de -20 \u00b0C \u00e0 60 \u00b0C<\/li>\n<\/ul>\n<p>Il peut donc \u00eatre utilis\u00e9 aussi bien \u00e0 l'int\u00e9rieur qu'\u00e0 l'ext\u00e9rieur. Si vous ne l'utilisez pas pendant un certain temps, l'id\u00e9al est de le conserver entre -10\u00b0C et 35\u00b0C.<\/p>\n<h3>Installation et entretien<\/h3>\n<p>Gr\u00e2ce \u00e0 son format monobloc, cette batterie est tr\u00e8s facile et rapide \u00e0 installer. Aucune configuration complexe ou connaissance technique avanc\u00e9e n'est requise.<\/p>\n<p>En outre, il s'agit d'une batterie sans entretien, car elle ne n\u00e9cessite pas de ventilation, ne g\u00e9n\u00e8re pas de gaz, ne n\u00e9cessite pas de recharge liquide et ne requiert pas de contr\u00f4les p\u00e9riodiques, ce qui en fait une option tr\u00e8s pratique et s\u00fbre \u00e0 long terme, en particulier dans les environnements ferm\u00e9s ou mal ventil\u00e9s. Vous l'installez et vous l'oubliez.<\/p>\n<h3>Protections<\/h3>\n<p>La batterie Upower 12,8V\/100Ah est tr\u00e8s bien prot\u00e9g\u00e9e car elle poss\u00e8de plusieurs protections int\u00e9gr\u00e9es qui prolongent sa dur\u00e9e de vie et am\u00e9liorent la s\u00e9curit\u00e9 du syst\u00e8me.<\/p>\n<p>Elle comprend une protection contre les surcharges, les surd\u00e9charges, les surintensit\u00e9s, les courts-circuits et les temp\u00e9ratures extr\u00eames, ainsi que des composants de s\u00e9curit\u00e9 suppl\u00e9mentaires tels que des fusibles thermiques \u00e0 haute temp\u00e9rature, des additifs ignifuges et des soupapes de d\u00e9charge.<\/p>\n<p>En outre, son bo\u00eetier est prot\u00e9g\u00e9 par la norme IP65, ce qui signifie qu'il est r\u00e9sistant \u00e0 la poussi\u00e8re et aux \u00e9claboussures d'eau, ce qui est tr\u00e8s utile pour les installations mobiles ou ext\u00e9rieures.<\/p>\n<h2>Avantages de la batterie Upower 12,8V\/100Ah<\/h2>\n<p>Les avantages de cette batterie sont nombreux :<\/p>\n<ul>\n<li>Longue dur\u00e9e de vie.<\/li>\n<li>S\u00e9curit\u00e9 maximale.<\/li>\n<li>Des milliers de cycles de charge et de d\u00e9charge.<\/li>\n<li>Vous utilisez pr\u00e8s de 100 % de l'\u00e9nergie.<\/li>\n<li>BMS int\u00e9gr\u00e9.<\/li>\n<li>Configuration modulaire.<\/li>\n<li>Sans entretien.<\/li>\n<li>Large gamme thermique.<\/li>\n<\/ul>\n<h2>Applications typiques de la batterie Upower 12,8V\/100Ah<\/h2>\n<p>Cette batterie Upower est id\u00e9ale pour une grande vari\u00e9t\u00e9 d'applications, notamment :<\/p>\n<ul>\n<li><strong>Stockage de l'\u00e9nergie et syst\u00e8mes de secours<\/strong>, pour assurer l'alimentation en \u00e9lectricit\u00e9 pendant les coupures de courant.<\/li>\n<li><strong>Syst\u00e8mes solaires r\u00e9sidentiels et commerciaux<\/strong>, L'\u00e9nergie produite par les panneaux solaires est stock\u00e9e.<\/li>\n<li><strong>\u00c9quipements de t\u00e9l\u00e9communications et de r\u00e9seaux<\/strong>, qui n\u00e9cessitent une alimentation \u00e9lectrique stable et fiable.<\/li>\n<li><strong>\u00c9quipement portable ou d'urgence<\/strong>, tels que des syst\u00e8mes d'\u00e9clairage, des stations de recharge ou des g\u00e9n\u00e9rateurs portables.<\/li>\n<li><strong>V\u00e9hicules \u00e9lectriques, caravanes et camping-cars<\/strong>, lorsqu'une autonomie sans entretien est requise.<\/li>\n<li><strong>Bateaux et v\u00e9hicules de loisirs<\/strong>, pour alimenter les syst\u00e8mes \u00e9lectriques et \u00e9lectroniques de bord.<\/li>\n<\/ul>\n<h2>Upower Lithium Battery 12.8V\/100Ah - UE-12Li100 Caract\u00e9ristiques techniques<\/h2>\n<table>\n<thead>\n<tr>\n<th><strong>Fonctionnalit\u00e9<\/strong><\/th>\n<th><strong>Valeur<\/strong><\/th>\n<\/tr>\n<\/thead>\n<tbody>\n<tr>\n<td>Technologie des batteries<\/td>\n<td>LiFePO\u2084 (ferrophosphate de lithium)<\/td>\n<\/tr>\n<tr>\n<td>Tension nominale<\/td>\n<td>12,8 V<\/td>\n<\/tr>\n<tr>\n<td>Capacit\u00e9 nominale<\/td>\n<td>100 Ah<\/td>\n<\/tr>\n<tr>\n<td>\u00c9nergie totale<\/td>\n<td>1 280 Wh<\/td>\n<\/tr>\n<tr>\n<td>Courant de charge standard<\/td>\n<td>20 A<\/td>\n<\/tr>\n<tr>\n<td>Courant de charge maximal<\/td>\n<td>100 A<\/td>\n<\/tr>\n<tr>\n<td>Courant de d\u00e9charge standard<\/td>\n<td>20 A<\/td>\n<\/tr>\n<tr>\n<td>Courant de d\u00e9charge maximal<\/td>\n<td>100 A<\/td>\n<\/tr>\n<tr>\n<td>Tension de charge<\/td>\n<td>14,6 V<\/td>\n<\/tr>\n<tr>\n<td>Capacit\u00e9 minimale<\/td>\n<td>95 Ah<\/td>\n<\/tr>\n<tr>\n<td>Tension de coupure de la d\u00e9charge<\/td>\n<td>10 V<\/td>\n<\/tr>\n<tr>\n<td>R\u00e9sistance interne<\/td>\n<td>\u2264 10 m\u03a9<\/td>\n<\/tr>\n<tr>\n<td>Cycles de vie<\/td>\n<td>Plus de 2 500 cycles<\/td>\n<\/tr>\n<tr>\n<td>Dimensions (L \u00d7 L \u00d7 H)<\/td>\n<td>330 \u00d7 172 \u00d7 220 mm<\/td>\n<\/tr>\n<tr>\n<td>Poids<\/td>\n<td>10 kg<\/td>\n<\/tr>\n<tr>\n<td>Temp\u00e9rature de charge<\/td>\n<td>0 \u00b0C \u00e0 45 \u00b0C<\/td>\n<\/tr>\n<tr>\n<td>Temp\u00e9rature de refoulement<\/td>\n<td>-20 \u00b0C \u00e0 60 \u00b0C<\/td>\n<\/tr>\n<tr>\n<td>Temp\u00e9rature de stockage<\/td>\n<td>De -10 \u00b0C \u00e0 35 \u00b0C<\/td>\n<\/tr>\n<tr>\n<td>Protections (BMS)<\/td>\n<td>Surcharge, surd\u00e9charge, surintensit\u00e9, court-circuit et temp\u00e9rature<\/td>\n<\/tr>\n<tr>\n<td>Certifications<\/td>\n<td>UN 38.8, fiche de donn\u00e9es de s\u00e9curit\u00e9, certificat DG, CE<\/td>\n<\/tr>\n<\/tbody>\n<\/table>\n<h2>Upower Lithium Battery 12,8V\/100Ah - UE-12Li100 Informations techniques<\/h2>\n<p><a href=\"https:\/\/fvcomponentes.com\/wp-content\/uploads\/2026\/01\/ue-12li100-ficha-tecnica-hdibattery.pdf\" target=\"_blank\" rel=\"noopener\">Fiche technique de la batterie Upower 12,8V\/100Ah<\/a><\/p>\n<p><a href=\"https:\/\/fvcomponentes.com\/wp-content\/uploads\/2026\/01\/manual-usuario-ecoline.pdf\" target=\"_blank\" rel=\"noopener\">Manuel de la batterie Upower 12,8V\/100Ah<\/a><\/p>\n<p><a href=\"https:\/\/fvcomponentes.com\/wp-content\/uploads\/2026\/01\/Ficha-tecnica-Bateria-U-Power-UE-12Li100-3.pdf\" target=\"_blank\" rel=\"noopener\">Caract\u00e9ristiques techniques de la batterie Upower 12,8V\/100Ah<\/a><\/p>","protected":false},"excerpt":{"rendered":"<p>Tension nominale : 12,8 V<br \/>\nCapacit\u00e9 nominale : 100 Ah<br \/>\n\u00c9nergie totale : 1280 Wh<br \/>\nNombre de cycles : 2500 cycles \u00e0 100%<\/p>","protected":false},"featured_media":35892,"comment_status":"closed","ping_status":"closed","template":"","meta":{"site-sidebar-layout":"default","site-content-layout":"","ast-site-content-layout":"default","site-content-style":"default","site-sidebar-style":"default","ast-global-header-display":"","ast-banner-title-visibility":"","ast-main-header-display":"","ast-hfb-above-header-display":"","ast-hfb-below-header-display":"","ast-hfb-mobile-header-display":"","site-post-title":"","ast-breadcrumbs-content":"","ast-featured-img":"","footer-sml-layout":"","ast-disable-related-posts":"","theme-transparent-header-meta":"default","adv-header-id-meta":"","stick-header-meta":"","header-above-stick-meta":"","header-main-stick-meta":"","header-below-stick-meta":"","astra-migrate-meta-layouts":"set","ast-page-background-enabled":"default","ast-page-background-meta":{"desktop":{"background-color":"var(--ast-global-color-4)","background-image":"","background-repeat":"repeat","background-position":"center center","background-size":"auto","background-attachment":"scroll","background-type":"","background-media":"","overlay-type":"","overlay-color":"","overlay-opacity":"","overlay-gradient":""},"tablet":{"background-color":"","background-image":"","background-repeat":"repeat","background-position":"center center","background-size":"auto","background-attachment":"scroll","background-type":"","background-media":"","overlay-type":"","overlay-color":"","overlay-opacity":"","overlay-gradient":""},"mobile":{"background-color":"","background-image":"","background-repeat":"repeat","background-position":"center center","background-size":"auto","background-attachment":"scroll","background-type":"","background-media":"","overlay-type":"","overlay-color":"","overlay-opacity":"","overlay-gradient":""}},"ast-content-background-meta":{"desktop":{"background-color":"var(--ast-global-color-5)","background-image":"","background-repeat":"repeat","background-position":"center center","background-size":"auto","background-attachment":"scroll","background-type":"","background-media":"","overlay-type":"","overlay-color":"","overlay-opacity":"","overlay-gradient":""},"tablet":{"background-color":"var(--ast-global-color-5)","background-image":"","background-repeat":"repeat","background-position":"center center","background-size":"auto","background-attachment":"scroll","background-type":"","background-media":"","overlay-type":"","overlay-color":"","overlay-opacity":"","overlay-gradient":""},"mobile":{"background-color":"var(--ast-global-color-5)","background-image":"","background-repeat":"repeat","background-position":"center center","background-size":"auto","background-attachment":"scroll","background-type":"","background-media":"","overlay-type":"","overlay-color":"","overlay-opacity":"","overlay-gradient":""}}},"pwb-brand":[1020],"product_brand":[],"product_cat":[431,340],"product_tag":[],"class_list":{"0":"post-35889","1":"product","2":"type-product","3":"status-publish","4":"has-post-thumbnail","6":"pwb-brand-upower","7":"product_cat-baterias-litio-12v","8":"product_cat-baterias","9":"product_shipping_class-baterias","10":"desktop-align-left","11":"tablet-align-left","12":"mobile-align-left","13":"ast-product-gallery-layout-horizontal-slider","14":"ast-product-tabs-layout-horizontal","16":"first","17":"instock","18":"taxable","19":"shipping-taxable","20":"purchasable","21":"product-type-simple"},"wcpa_form_fields":null,"brands":[{"id":1020,"name":"Batteries Upower","slug":"faucheur"}],"_links":{"self":[{"href":"https:\/\/fvcomponentes.com\/fr\/wp-json\/wp\/v2\/product\/35889","targetHints":{"allow":["GET"]}}],"collection":[{"href":"https:\/\/fvcomponentes.com\/fr\/wp-json\/wp\/v2\/product"}],"about":[{"href":"https:\/\/fvcomponentes.com\/fr\/wp-json\/wp\/v2\/types\/product"}],"replies":[{"embeddable":true,"href":"https:\/\/fvcomponentes.com\/fr\/wp-json\/wp\/v2\/comments?post=35889"}],"wp:featuredmedia":[{"embeddable":true,"href":"https:\/\/fvcomponentes.com\/fr\/wp-json\/wp\/v2\/media\/35892"}],"wp:attachment":[{"href":"https:\/\/fvcomponentes.com\/fr\/wp-json\/wp\/v2\/media?parent=35889"}],"wp:term":[{"taxonomy":"pwb-brand","embeddable":true,"href":"https:\/\/fvcomponentes.com\/fr\/wp-json\/wp\/v2\/pwb-brand?post=35889"},{"taxonomy":"product_brand","embeddable":true,"href":"https:\/\/fvcomponentes.com\/fr\/wp-json\/wp\/v2\/product_brand?post=35889"},{"taxonomy":"product_cat","embeddable":true,"href":"https:\/\/fvcomponentes.com\/fr\/wp-json\/wp\/v2\/product_cat?post=35889"},{"taxonomy":"product_tag","embeddable":true,"href":"https:\/\/fvcomponentes.com\/fr\/wp-json\/wp\/v2\/product_tag?post=35889"}],"curies":[{"name":"wp","href":"https:\/\/api.w.org\/{rel}","templated":true}]}}