{"id":35842,"date":"2026-01-29T20:38:34","date_gmt":"2026-01-29T19:38:34","guid":{"rendered":"https:\/\/fvcomponentes.com\/?post_type=product&#038;p=35842"},"modified":"2026-04-08T21:30:13","modified_gmt":"2026-04-08T19:30:13","slug":"orion-victron-convertisseur-non-isole-haute-puissance-24-12-30-ori241230022","status":"publish","type":"product","link":"https:\/\/fvcomponentes.com\/fr\/producto\/convertidor-orion-victron-no-aislado-de-alta-potencia-24-12-30-ori241230022\/","title":{"rendered":"Orion Victron convertisseur haute puissance non isol\u00e9 24\/12-30 - ORI241230022"},"content":{"rendered":"<h2>Orion Victron convertisseur haute puissance non isol\u00e9 24\/12-30 - ORI241230022<\/h2>\n<p>L'Orion 24\/12-30 est un appareil compact et robuste con\u00e7u pour transformer le courant continu (DC) d'un syst\u00e8me 24 V en un syst\u00e8me 12 V de mani\u00e8re stable et efficace, avec un courant de sortie allant jusqu'\u00e0 30 A.<\/p>\n<p>Ce type d'Orion est utilis\u00e9 dans les syst\u00e8mes \u00e9lectriques o\u00f9 il y a deux banques de batteries avec des tensions diff\u00e9rentes ou lorsque des appareils de 12 V doivent \u00eatre aliment\u00e9s \u00e0 partir d'une source de 24 V.<\/p>\n<p>Il est particuli\u00e8rement utile lorsque le syst\u00e8me principal est \u00e0 haute tension (24 V) et qu'une tension plus basse est n\u00e9cessaire, mais avec un courant continu suffisant pour charger les r\u00e9frig\u00e9rateurs, les lampes, les appareils \u00e9lectroniques critiques, les pompes ou les onduleurs auxiliaires.<\/p>\n<p>Par exemple, dans de nombreux v\u00e9hicules, bateaux ou installations solaires, la batterie principale peut avoir une tension de 24 V (pour alimenter les gros consommateurs, les onduleurs ou les moteurs \u00e9lectriques), alors que de nombreux accessoires \u00e9lectriques (lumi\u00e8res, syst\u00e8mes de commande, r\u00e9frig\u00e9rateurs ou \u00e9quipements de navigation) n\u00e9cessitent une tension de 12 V stable.<\/p>\n<p>L'Orion prend une alimentation de 24 V et la transforme en 12 V de mani\u00e8re fiable et continue, sans avoir besoin d'une source d'alimentation suppl\u00e9mentaire.<\/p>\n<p>Comme il s'agit d'un convertisseur non isol\u00e9, les connexions d'entr\u00e9e et de sortie n\u00e9gatives sont reli\u00e9es l'une \u00e0 l'autre, il n'y a pas de s\u00e9paration.<br \/>\nCette configuration est g\u00e9n\u00e9ralement plus simple et plus efficace lorsque l'espacement des masses n'est pas n\u00e9cessaire dans l'installation.<\/p>\n<h2>Caract\u00e9ristiques de l'Orion 24\/12-30 non isol\u00e9<\/h2>\n<h3>Puissance et efficacit\u00e9<\/h3>\n<p>Cet Orion a une entr\u00e9e de 24 volts, con\u00e7ue pour se connecter directement aux batteries ou aux syst\u00e8mes de 24 volts, et une sortie de 12 volts avec jusqu'\u00e0 30 amp\u00e8res de courant continu.<\/p>\n<p>En outre, l'Orion 24\/12-30 a un rendement de 96%, de sorte que la quasi-totalit\u00e9 du courant 24V qui l'alimente est restitu\u00e9e \u00e0 12V sans perte de puissance significative.<\/p>\n<h3>Configuration et contr\u00f4le<\/h3>\n<p>L'Orion 24\/12-30 permet de r\u00e9gler la tension de sortie dans une plage utile, de sorte qu'il peut \u00eatre utilis\u00e9 \u00e0 la fois comme convertisseur DC-DC et comme chargeur de batterie auxiliaire 12V.<\/p>\n<p>Il est \u00e9galement dot\u00e9 d'un connecteur marche\/arr\u00eat \u00e0 distance, qui permet de commander l'appareil \u00e0 partir d'un interrupteur \u00e0 faible courant ou du syst\u00e8me lui-m\u00eame, sans qu'il soit n\u00e9cessaire d'installer un interrupteur \u00e0 forte puissance dans le c\u00e2blage principal.<br \/>\nCe d\u00e9tail simplifie \u00e0 la fois l'utilisation et l'installation.<\/p>\n<p>Bien que ce mod\u00e8le ne comprenne pas de fonctions avanc\u00e9es telles que la connectivit\u00e9 Bluetooth ou la surveillance par application, il offre n\u00e9anmoins un fonctionnement stable et fiable avec un courant de repos r\u00e9duit.<\/p>\n<p>En outre, cet Orion peut \u00eatre connect\u00e9 en parall\u00e8le avec d'autres Orions similaires afin d'augmenter le courant total disponible lorsque l'on a besoin de plus de puissance.<\/p>\n<h3>Compatibilit\u00e9 et fiabilit\u00e9<\/h3>\n<p>Le convertisseur Orion est compatible avec les batteries au plomb (AGM\/GEL) et au lithium (LiFePO\u2084), offrant ainsi une polyvalence pour diff\u00e9rents types d'installations.<\/p>\n<p>En outre, il pr\u00e9sente une tr\u00e8s grande fiabilit\u00e9 gr\u00e2ce \u00e0 sa construction en bleu Victron avec des composants de haute qualit\u00e9, ce qui lui permet d'assurer un service continu dans des conditions exigeantes.<\/p>\n<h3>Protections<\/h3>\n<p>L'Orion 24\/12-30 est dot\u00e9 d'une protection contre les surcharges, les surtensions, les sous-tensions et les courts-circuits, ainsi que d'une protection thermique.<\/p>\n<p>En outre, il b\u00e9n\u00e9ficie d'une protection IP43, qui le prot\u00e8ge de l'eau et de la poussi\u00e8re, ce qui permet de l'utiliser dans les v\u00e9hicules, les bateaux et les environnements techniques.<\/p>\n<h2>Avantages du convertisseur de haute puissance non isol\u00e9 Orion Victron 24\/12-30 - ORI241230022<\/h2>\n<p>Les convertisseurs non isol\u00e9s d'Orion pr\u00e9sentent un certain nombre d'avantages tr\u00e8s utiles :<\/p>\n<ul>\n<li>Il permet <strong>mise en marche et arr\u00eat \u00e0 distance<\/strong><\/li>\n<li>Vous pouvez <strong>connecter plusieurs unit\u00e9s en parall\u00e8le<\/strong> pour augmenter la puissance<\/li>\n<li>Il fonctionne comme suit <strong>alimentation en courant continu stable pour les charges de 12 V<\/strong><\/li>\n<li>Il a <strong>protections int\u00e9gr\u00e9es<\/strong> qui \u00e9vitent d'endommager le convertisseur Orion et les batteries qui y sont connect\u00e9es.<\/li>\n<li>Il peut \u00eatre utilis\u00e9 comme <strong>chargeur de batterie<\/strong> Alimentation auxiliaire de 12 V.<\/li>\n<\/ul>\n<h2>Utilisation typique de l'Orion 24\/12-30<\/h2>\n<p>Le convertisseur Orion 24\/12-30 est typiquement utilis\u00e9 dans les installations de :<\/p>\n<ul>\n<li><strong>Camions, camping-cars et caravanes<\/strong>, lorsque la batterie est de 24 V mais que plusieurs appareils de 12 V sont n\u00e9cessaires.<\/li>\n<li><strong>Bateaux et yachts<\/strong>, o\u00f9 il y a un syst\u00e8me de 24 V et un r\u00e9seau de 12 V.<\/li>\n<li><strong>Installations solaires hybrides ou installations avec plusieurs bancs de batteries<\/strong>, pour alimenter des charges de 12 V \u00e0 partir de panneaux connect\u00e9s \u00e0 une ou plusieurs batteries de 24 V.<\/li>\n<li><strong>V\u00e9hicules utilitaires et machines<\/strong>, o\u00f9 les syst\u00e8mes auxiliaires fonctionnent \u00e0 12 V tandis que le reste du syst\u00e8me \u00e9lectrique fonctionne \u00e0 24 V.<\/li>\n<\/ul>\n<h2>Onduleur Orion Victron non isol\u00e9 \u00e0 haute puissance 24\/12-30 Caract\u00e9ristiques techniques - ORI241230022<\/h2>\n<table>\n<thead>\n<tr>\n<th>Fonctionnalit\u00e9<\/th>\n<th>Valeur<\/th>\n<\/tr>\n<\/thead>\n<tbody>\n<tr>\n<td>Plage de tension d'entr\u00e9e<\/td>\n<td>18-35 V<\/td>\n<\/tr>\n<tr>\n<td>Sous-tension de d\u00e9connexion<\/td>\n<td>14 V<\/td>\n<\/tr>\n<tr>\n<td>Courant de sortie continu<\/td>\n<td>30 A<\/td>\n<\/tr>\n<tr>\n<td>Tension de sortie r\u00e9glable<\/td>\n<td>Oui (10 V \u00e0 15 V)<\/td>\n<\/tr>\n<tr>\n<td>Efficacit\u00e9<\/td>\n<td>96 %<\/td>\n<\/tr>\n<tr>\n<td>Consommation d\u00e9sactiv\u00e9e<\/td>\n<td>&lt; 15mA<\/td>\n<\/tr>\n<tr>\n<td>Poids<\/td>\n<td>0,7 kg<\/td>\n<\/tr>\n<tr>\n<td>Dimensions<\/td>\n<td>160 x 88 x 65 mm<\/td>\n<\/tr>\n<tr>\n<td>T\u00e9l\u00e9commande<\/td>\n<td>Oui<\/td>\n<\/tr>\n<\/tbody>\n<\/table>\n<h2>Orion Victron Non-Isolated High Power Inverter 24\/12-30 Technical Information - ORI241230022<\/h2>\n<p><a href=\"https:\/\/fvcomponentes.com\/wp-content\/uploads\/2026\/01\/Datasheet-Orion-DC-DC-converters-high-power-non-isolated-ES.pdf\" target=\"_blank\" rel=\"noopener\">Fiche technique du convertisseur haute puissance Orion 24\/12-30<\/a><\/p>","protected":false},"excerpt":{"rendered":"<p><strong><span style=\"color: #ff9900\">Images d'orientation<\/span><\/strong><\/p>\n<p><strong>\u00c9quipement sans Bluetooth<\/strong><\/p>\n<p>Plage de tension d'entr\u00e9e : 18-35 V<br \/>\nSous-tension de d\u00e9connexion : 14 V<br \/>\nConsommation \u00e9lectrique \u00e0 l'arr\u00eat : &lt; 15mA<br \/>\nEfficacit\u00e9 : 96%<br \/>\nPoids : 0,70 kg<br \/>\nDimensions : 160 x 88 x 65 mm<\/p>","protected":false},"featured_media":35948,"comment_status":"closed","ping_status":"closed","template":"","meta":{"site-sidebar-layout":"default","site-content-layout":"","ast-site-content-layout":"default","site-content-style":"default","site-sidebar-style":"default","ast-global-header-display":"","ast-banner-title-visibility":"","ast-main-header-display":"","ast-hfb-above-header-display":"","ast-hfb-below-header-display":"","ast-hfb-mobile-header-display":"","site-post-title":"","ast-breadcrumbs-content":"","ast-featured-img":"","footer-sml-layout":"","ast-disable-related-posts":"","theme-transparent-header-meta":"default","adv-header-id-meta":"","stick-header-meta":"","header-above-stick-meta":"","header-main-stick-meta":"","header-below-stick-meta":"","astra-migrate-meta-layouts":"set","ast-page-background-enabled":"default","ast-page-background-meta":{"desktop":{"background-color":"var(--ast-global-color-4)","background-image":"","background-repeat":"repeat","background-position":"center center","background-size":"auto","background-attachment":"scroll","background-type":"","background-media":"","overlay-type":"","overlay-color":"","overlay-opacity":"","overlay-gradient":""},"tablet":{"background-color":"","background-image":"","background-repeat":"repeat","background-position":"center center","background-size":"auto","background-attachment":"scroll","background-type":"","background-media":"","overlay-type":"","overlay-color":"","overlay-opacity":"","overlay-gradient":""},"mobile":{"background-color":"","background-image":"","background-repeat":"repeat","background-position":"center center","background-size":"auto","background-attachment":"scroll","background-type":"","background-media":"","overlay-type":"","overlay-color":"","overlay-opacity":"","overlay-gradient":""}},"ast-content-background-meta":{"desktop":{"background-color":"var(--ast-global-color-5)","background-image":"","background-repeat":"repeat","background-position":"center center","background-size":"auto","background-attachment":"scroll","background-type":"","background-media":"","overlay-type":"","overlay-color":"","overlay-opacity":"","overlay-gradient":""},"tablet":{"background-color":"var(--ast-global-color-5)","background-image":"","background-repeat":"repeat","background-position":"center center","background-size":"auto","background-attachment":"scroll","background-type":"","background-media":"","overlay-type":"","overlay-color":"","overlay-opacity":"","overlay-gradient":""},"mobile":{"background-color":"var(--ast-global-color-5)","background-image":"","background-repeat":"repeat","background-position":"center center","background-size":"auto","background-attachment":"scroll","background-type":"","background-media":"","overlay-type":"","overlay-color":"","overlay-opacity":"","overlay-gradient":""}}},"pwb-brand":[332],"product_brand":[],"product_cat":[419,901,865],"product_tag":[],"class_list":{"0":"post-35842","1":"product","2":"type-product","3":"status-publish","4":"has-post-thumbnail","6":"pwb-brand-victron","7":"product_cat-cargadores-de-baterias","8":"product_cat-24v-12v","9":"product_cat-convertidores","10":"desktop-align-left","11":"tablet-align-left","12":"mobile-align-left","13":"ast-product-gallery-layout-horizontal-slider","14":"ast-product-tabs-layout-horizontal","16":"first","17":"instock","18":"taxable","19":"shipping-taxable","20":"purchasable","21":"product-type-simple"},"wcpa_form_fields":null,"brands":[{"id":332,"name":"Victron Energy","slug":"victron"}],"_links":{"self":[{"href":"https:\/\/fvcomponentes.com\/fr\/wp-json\/wp\/v2\/product\/35842","targetHints":{"allow":["GET"]}}],"collection":[{"href":"https:\/\/fvcomponentes.com\/fr\/wp-json\/wp\/v2\/product"}],"about":[{"href":"https:\/\/fvcomponentes.com\/fr\/wp-json\/wp\/v2\/types\/product"}],"replies":[{"embeddable":true,"href":"https:\/\/fvcomponentes.com\/fr\/wp-json\/wp\/v2\/comments?post=35842"}],"wp:featuredmedia":[{"embeddable":true,"href":"https:\/\/fvcomponentes.com\/fr\/wp-json\/wp\/v2\/media\/35948"}],"wp:attachment":[{"href":"https:\/\/fvcomponentes.com\/fr\/wp-json\/wp\/v2\/media?parent=35842"}],"wp:term":[{"taxonomy":"pwb-brand","embeddable":true,"href":"https:\/\/fvcomponentes.com\/fr\/wp-json\/wp\/v2\/pwb-brand?post=35842"},{"taxonomy":"product_brand","embeddable":true,"href":"https:\/\/fvcomponentes.com\/fr\/wp-json\/wp\/v2\/product_brand?post=35842"},{"taxonomy":"product_cat","embeddable":true,"href":"https:\/\/fvcomponentes.com\/fr\/wp-json\/wp\/v2\/product_cat?post=35842"},{"taxonomy":"product_tag","embeddable":true,"href":"https:\/\/fvcomponentes.com\/fr\/wp-json\/wp\/v2\/product_tag?post=35842"}],"curies":[{"name":"wp","href":"https:\/\/api.w.org\/{rel}","templated":true}]}}