{"id":35809,"date":"2026-01-29T20:30:19","date_gmt":"2026-01-29T19:30:19","guid":{"rendered":"https:\/\/fvcomponentes.com\/?post_type=product&#038;p=35809"},"modified":"2026-04-08T21:35:24","modified_gmt":"2026-04-08T19:35:24","slug":"victron-autotransformer-120-240vac-50a-itr000100052","status":"publish","type":"product","link":"https:\/\/fvcomponentes.com\/fr\/producto\/autotransformador-victron-120-240vac-50a-itr000100052\/","title":{"rendered":"Victron Autotransformateur 120\/240VAC-50A - ITR000100052"},"content":{"rendered":"<h2>Victron Autotransformateur 120\/240VAC-50A - ITR000100052<\/h2>\n<p>L'autotransformateur Victron 120\/240V-50A est un appareil qui sert \u00e0 adapter l'\u00e9lectricit\u00e9 lorsque la tension dont vous disposez ne correspond pas \u00e0 la tension dont votre \u00e9quipement a besoin.<\/p>\n<p>Il ne produit pas d'\u00e9lectricit\u00e9 et ne charge pas les batteries, il agit simplement comme un traducteur entre diff\u00e9rentes tensions.<\/p>\n<p>Il est tr\u00e8s courant dans les installations o\u00f9 l'on utilise 120 volts et 240 volts, g\u00e9n\u00e9ralement sur les navires, les syst\u00e8mes solaires, les g\u00e9n\u00e9rateurs et les installations hybrides ou les installations import\u00e9es d'autres pays.<\/p>\n<p>Si vous avez d\u00e9j\u00e0 constat\u00e9 que \u201cle courant ne correspond pas\u201d \u00e0 ce que vous devez connecter, cet appareil est con\u00e7u pour cela, car il s'agit d'une solution fiable, stable et s\u00fbre.<\/p>\n<h2>Caract\u00e9ristiques de l'autotransformateur 120\/240VAC-50A<\/h2>\n<h3>Fonction principale<\/h3>\n<p>Sa fonction principale est de convertir 120 V en 240 V ou de diviser correctement un syst\u00e8me de 240 V en deux lignes de 120 V \u00e9quilibr\u00e9es.<br \/>\nIl est ainsi possible d'alimenter des \u00e9quipements fonctionnant \u00e0 des tensions diff\u00e9rentes sans devoir changer d'onduleur, de g\u00e9n\u00e9rateur ou d'appareil \u00e9lectrique.<\/p>\n<p>Il joue \u00e9galement un r\u00f4le tr\u00e8s important dans les installations dont la sortie de 240 V est divis\u00e9e en deux phases de 120 V (split-phase), l'autotransformateur permettant d'\u00e9quilibrer les charges entre ces phases afin qu'aucun circuit ne soit surcharg\u00e9.<br \/>\nCela am\u00e9liore la stabilit\u00e9 du syst\u00e8me et r\u00e9duit le risque de d\u00e9faillance \u00e9lectrique.<\/p>\n<p>En outre, dans les syst\u00e8mes o\u00f9 la configuration de la tension du r\u00e9seau ou du g\u00e9n\u00e9rateur varie, cet appareil vous offre la flexibilit\u00e9 d'adapter la sortie \u00e0 ce dont vos appareils ont r\u00e9ellement besoin sans avoir \u00e0 dupliquer les onduleurs ou \u00e0 utiliser des solutions plus complexes.<\/p>\n<h3>Tension et courant<\/h3>\n<p>Sa capacit\u00e9 de 50 amp\u00e8res lui permet de g\u00e9rer une puissance consid\u00e9rable, suffisante pour les grandes installations r\u00e9sidentielles, les bateaux, les petits ateliers ou les syst\u00e8mes solaires de taille moyenne.<br \/>\nIl ne s'agit pas d'un petit appareil \u00e0 brancher, mais d'un appareil con\u00e7u pour fonctionner s\u00e9rieusement et en continu.<\/p>\n<p>Il est compatible avec les fr\u00e9quences de 50 Hz et de 60 Hz, ce qui lui permet de fonctionner sans probl\u00e8me dans diff\u00e9rents pays, avec diff\u00e9rents g\u00e9n\u00e9rateurs ou avec des r\u00e9seaux \u00e9lectriques diff\u00e9rents.<\/p>\n<h3>Conception<\/h3>\n<p>Cet autotransformateur est dot\u00e9 d'un bo\u00eetier m\u00e9tallique solide et robuste et est con\u00e7u pour une installation \u00e0 l'int\u00e9rieur.<\/p>\n<p>Il pr\u00e9sente un degr\u00e9 de protection IP21, adapt\u00e9 aux environnements secs tels que les salles \u00e9lectriques, les armoires \u00e9lectriques ou les compartiments techniques des navires.<\/p>\n<p>Il utilise \u00e0 l'int\u00e9rieur un transformateur toro\u00efdal, plus efficace, plus compact et plus silencieux.<br \/>\nCela signifie qu'il y a moins de pertes d'\u00e9nergie, qu'il chauffe moins et que son fonctionnement est plus stable dans le temps.<\/p>\n<p>En tant que dispositif passif, il ne g\u00e9n\u00e8re aucune interf\u00e9rence, n'introduit aucun bruit \u00e9lectrique appr\u00e9ciable et ne n\u00e9cessite que peu d'entretien une fois install\u00e9.<\/p>\n<h3>S\u00e9curit\u00e9 et s\u00fbret\u00e9<\/h3>\n<p>L'autotransformateur Victron poss\u00e8de ses propres protections, y compris un disjoncteur, qui prot\u00e8ge le syst\u00e8me contre les surcharges ou les situations anormales.<\/p>\n<p>Cela renforce la s\u00e9curit\u00e9 de l'\u00e9quipement lui-m\u00eame et du reste de l'installation \u00e9lectrique.<\/p>\n<h3>Connexions et facilit\u00e9 d'installation<\/h3>\n<p>Les connexions sont r\u00e9alis\u00e9es au moyen de bornes \u00e0 vis robustes, con\u00e7ues pour des sections de c\u00e2ble importantes, ce qui garantit une connexion s\u00fbre, solide et durable, m\u00eame en pr\u00e9sence de courants \u00e9lev\u00e9s.<\/p>\n<p>Le design est con\u00e7u pour faciliter une installation ordonn\u00e9e et professionnelle, compatible avec les panneaux \u00e9lectriques standard.<\/p>\n<h3>Compatibilit\u00e9<\/h3>\n<p>Cet autotransformateur est compatible avec les syst\u00e8mes Victron Energy et les \u00e9quipements d'autres fabricants.<br \/>\nIl est particuli\u00e8rement utile lorsque l'on travaille avec des onduleurs qui ne fournissent que 120 V mais qui doivent alimenter des \u00e9quipements de 240 V, ou lorsqu'un syst\u00e8me biphas\u00e9 doit \u00eatre \u00e9quilibr\u00e9 correctement.<\/p>\n<p>Sur les bateaux et les camping-cars, il est particuli\u00e8rement utile, car il peut \u00eatre branch\u00e9 sur diff\u00e9rents types d'alimentation \u00e9lectrique en fonction du port, du pays ou du g\u00e9n\u00e9rateur disponible, sans avoir \u00e0 modifier l'installation existante.<\/p>\n<h2>Avantages de l'Autotransformateur 120\/240VAC-50A<\/h2>\n<p>L'autotransformateur de 50 amp\u00e8res pr\u00e9sente de nombreux avantages, tels que :<\/p>\n<ul>\n<li>Il permet d'utiliser sans probl\u00e8me des \u00e9quipements de tensions diff\u00e9rentes.<\/li>\n<li>Ajoute de la flexibilit\u00e9 au syst\u00e8me \u00e9lectrique sans qu'il soit n\u00e9cessaire d'ajouter des \u00e9quipements complexes ou de dupliquer les onduleurs.<\/li>\n<li>Am\u00e9liore l'efficacit\u00e9 et la distribution de l'\u00e9nergie dans les syst\u00e8mes 120\/240 V.<\/li>\n<li>Permet d'\u00e9viter les probl\u00e8mes dus \u00e0 des charges d\u00e9s\u00e9quilibr\u00e9es<\/li>\n<li>Facile \u00e0 installer et compatible avec les syst\u00e8mes Victron et d'autres \u00e9quipements \u00e9lectriques tels que les onduleurs ou les g\u00e9n\u00e9rateurs.<\/li>\n<li>Construction et conception durables pour de nombreuses ann\u00e9es de fonctionnement continu.<\/li>\n<li>N\u00e9cessite tr\u00e8s peu d'entretien<\/li>\n<\/ul>\n<h2>Caract\u00e9ristiques techniques de l'Autotransformateur Victron 120\/240VAC-50A - ITR000100052<\/h2>\n<table>\n<thead>\n<tr>\n<th><strong>Fonctionnalit\u00e9<\/strong><\/th>\n<th><strong>Valeur<\/strong><\/th>\n<\/tr>\n<\/thead>\n<tbody>\n<tr>\n<td><strong>Mod\u00e8le<\/strong><\/td>\n<td>Autotransformador 120\/240VAC-50A<\/td>\n<\/tr>\n<tr>\n<td><strong>R\u00e9f\u00e9rence du fabricant<\/strong><\/td>\n<td>ITR000100052<\/td>\n<\/tr>\n<tr>\n<td><strong>Tension d'entr\u00e9e \/ de sortie<\/strong><\/td>\n<td>120 V \/ 240 V AC<\/td>\n<\/tr>\n<tr>\n<td><strong>Courant nominal\u00a0<\/strong><\/td>\n<td>50 A<\/td>\n<\/tr>\n<tr>\n<td><strong>Fr\u00e9quence de fonctionnement<\/strong><\/td>\n<td>50 Hz \/ 60 Hz<\/td>\n<\/tr>\n<tr>\n<td><strong>Type de transformateur<\/strong><\/td>\n<td>Torique<\/td>\n<\/tr>\n<tr>\n<td><strong>Protections int\u00e9gr\u00e9es<\/strong><\/td>\n<td>Disjoncteur<\/td>\n<\/tr>\n<tr>\n<td><strong>Mat\u00e9riau du bo\u00eetier<\/strong><\/td>\n<td>Aluminium robuste<\/td>\n<\/tr>\n<tr>\n<td><strong>Degr\u00e9 de protection<\/strong><\/td>\n<td>IP21 (utilisation \u00e0 l'int\u00e9rieur)<\/td>\n<\/tr>\n<tr>\n<td><strong>Normes de s\u00e9curit\u00e9<\/strong><\/td>\n<td>EN 60076<\/td>\n<\/tr>\n<tr>\n<td><strong>Dimensions (hauteur \u00d7 largeur \u00d7 profondeur)<\/strong><\/td>\n<td>110 x 214 x 375 mm<\/td>\n<\/tr>\n<tr>\n<td><strong>Poids approximatif<\/strong><\/td>\n<td>12 kg<\/td>\n<\/tr>\n<\/tbody>\n<\/table>","protected":false},"excerpt":{"rendered":"<p><span style=\"color: #ff0000;\"><strong>Disponible \u00e0 partir de mars !<\/strong><\/span><\/p>\n<p>Tensions d'entr\u00e9e et de sortie : 120\/240V<br \/>\nDisjoncteur d'entr\u00e9e : 50A<br \/>\nFr\u00e9quence : 50\/60Hz<br \/>\nPoids : 12 kg<br \/>\nDimensions : 110 x 214 x 375 mm<\/p>","protected":false},"featured_media":35811,"comment_status":"closed","ping_status":"closed","template":"","meta":{"site-sidebar-layout":"default","site-content-layout":"","ast-site-content-layout":"default","site-content-style":"default","site-sidebar-style":"default","ast-global-header-display":"","ast-banner-title-visibility":"","ast-main-header-display":"","ast-hfb-above-header-display":"","ast-hfb-below-header-display":"","ast-hfb-mobile-header-display":"","site-post-title":"","ast-breadcrumbs-content":"","ast-featured-img":"","footer-sml-layout":"","ast-disable-related-posts":"","theme-transparent-header-meta":"default","adv-header-id-meta":"","stick-header-meta":"","header-above-stick-meta":"","header-main-stick-meta":"","header-below-stick-meta":"","astra-migrate-meta-layouts":"set","ast-page-background-enabled":"default","ast-page-background-meta":{"desktop":{"background-color":"var(--ast-global-color-4)","background-image":"","background-repeat":"repeat","background-position":"center center","background-size":"auto","background-attachment":"scroll","background-type":"","background-media":"","overlay-type":"","overlay-color":"","overlay-opacity":"","overlay-gradient":""},"tablet":{"background-color":"","background-image":"","background-repeat":"repeat","background-position":"center center","background-size":"auto","background-attachment":"scroll","background-type":"","background-media":"","overlay-type":"","overlay-color":"","overlay-opacity":"","overlay-gradient":""},"mobile":{"background-color":"","background-image":"","background-repeat":"repeat","background-position":"center center","background-size":"auto","background-attachment":"scroll","background-type":"","background-media":"","overlay-type":"","overlay-color":"","overlay-opacity":"","overlay-gradient":""}},"ast-content-background-meta":{"desktop":{"background-color":"var(--ast-global-color-5)","background-image":"","background-repeat":"repeat","background-position":"center center","background-size":"auto","background-attachment":"scroll","background-type":"","background-media":"","overlay-type":"","overlay-color":"","overlay-opacity":"","overlay-gradient":""},"tablet":{"background-color":"var(--ast-global-color-5)","background-image":"","background-repeat":"repeat","background-position":"center center","background-size":"auto","background-attachment":"scroll","background-type":"","background-media":"","overlay-type":"","overlay-color":"","overlay-opacity":"","overlay-gradient":""},"mobile":{"background-color":"var(--ast-global-color-5)","background-image":"","background-repeat":"repeat","background-position":"center center","background-size":"auto","background-attachment":"scroll","background-type":"","background-media":"","overlay-type":"","overlay-color":"","overlay-opacity":"","overlay-gradient":""}}},"pwb-brand":[332],"product_brand":[],"product_cat":[895],"product_tag":[],"class_list":{"0":"post-35809","1":"product","2":"type-product","3":"status-publish","4":"has-post-thumbnail","6":"pwb-brand-victron","7":"product_cat-transformadores","8":"desktop-align-left","9":"tablet-align-left","10":"mobile-align-left","11":"ast-product-gallery-layout-horizontal-slider","12":"ast-product-gallery-with-no-image","13":"ast-product-tabs-layout-horizontal","15":"first","16":"onbackorder","17":"taxable","18":"shipping-taxable","19":"purchasable","20":"product-type-simple"},"wcpa_form_fields":null,"brands":[{"id":332,"name":"Victron Energy","slug":"victron"}],"_links":{"self":[{"href":"https:\/\/fvcomponentes.com\/fr\/wp-json\/wp\/v2\/product\/35809","targetHints":{"allow":["GET"]}}],"collection":[{"href":"https:\/\/fvcomponentes.com\/fr\/wp-json\/wp\/v2\/product"}],"about":[{"href":"https:\/\/fvcomponentes.com\/fr\/wp-json\/wp\/v2\/types\/product"}],"replies":[{"embeddable":true,"href":"https:\/\/fvcomponentes.com\/fr\/wp-json\/wp\/v2\/comments?post=35809"}],"wp:featuredmedia":[{"embeddable":true,"href":"https:\/\/fvcomponentes.com\/fr\/wp-json\/wp\/v2\/media\/35811"}],"wp:attachment":[{"href":"https:\/\/fvcomponentes.com\/fr\/wp-json\/wp\/v2\/media?parent=35809"}],"wp:term":[{"taxonomy":"pwb-brand","embeddable":true,"href":"https:\/\/fvcomponentes.com\/fr\/wp-json\/wp\/v2\/pwb-brand?post=35809"},{"taxonomy":"product_brand","embeddable":true,"href":"https:\/\/fvcomponentes.com\/fr\/wp-json\/wp\/v2\/product_brand?post=35809"},{"taxonomy":"product_cat","embeddable":true,"href":"https:\/\/fvcomponentes.com\/fr\/wp-json\/wp\/v2\/product_cat?post=35809"},{"taxonomy":"product_tag","embeddable":true,"href":"https:\/\/fvcomponentes.com\/fr\/wp-json\/wp\/v2\/product_tag?post=35809"}],"curies":[{"name":"wp","href":"https:\/\/api.w.org\/{rel}","templated":true}]}}