{"id":35755,"date":"2026-01-12T08:24:19","date_gmt":"2026-01-12T07:24:19","guid":{"rendered":"https:\/\/fvcomponentes.com\/?post_type=product&#038;p=35755"},"modified":"2026-04-06T09:33:40","modified_gmt":"2026-04-06T07:33:40","slug":"kit-de-cables-batterie-onduleur-50mm%c2%b2-mega-fuse-150a","status":"publish","type":"product","link":"https:\/\/fvcomponentes.com\/fr\/producto\/kit-de-cables-bateria-inversor-50mm%c2%b2-fusible-mega-150a\/","title":{"rendered":"Kit de c\u00e2ble batterie-onduleur 50mm\u00b2 + MEGA Fuse 150A"},"content":{"rendered":"<p data-start=\"1314\" data-end=\"1671\">Ce kit comprend tout ce dont vous avez besoin pour connecter votre banc de batteries \u00e0 votre onduleur de mani\u00e8re simple, s\u00fbre et professionnelle. Il comprend un c\u00e2blage sp\u00e9cifique pour des batteries de 50 mm\u00b2 avec des cosses serties et pr\u00eates \u00e0 \u00eatre mont\u00e9es, un porte-fusible Victron et un fusible MEGA 150A, pour prot\u00e9ger la ligne CC contre les surcharges et les courts-circuits.<\/p>\n<p data-start=\"1673\" data-end=\"1814\">Id\u00e9al si vous recherchez une installation fiable et ordonn\u00e9e et que vous ne voulez pas perdre de temps \u00e0 couper, sertir ou choisir des composants : Il suffit de monter, de serrer et le tour est jou\u00e9.<\/p>\n<h2>Qu'est-ce qui est inclus dans le kit de c\u00e2blage 50mm\u00b2 + fusibles 150A ?<\/h2>\n<p><strong>1x C\u00e2ble noir 50 mm\u00b2 - 200 cm :<\/strong> Borne M8 (onduleur) + Borne M6 (batterie)<br \/>\n<strong>1x c\u00e2ble rouge 50 mm\u00b2 - 160 cm :<\/strong> Borne M8 (onduleur) + Borne M8 (porte-fusible)<br \/>\n<strong>1x c\u00e2ble rouge 50 mm\u00b2 - 30 cm :<\/strong> Borne M8 (porte-fusible) + Borne M6 (batterie)<br \/>\n1x Porte-fusible Porte-fusible pour MEGA-fuse Victron - CIP000100001<br \/>\n1x Victron MEGA-fuse 150A\/80V fusible c\u00e9ramique - CIP138150020<\/p>\n<p><strong>Important :<\/strong> le fusible doit toujours \u00eatre install\u00e9 du c\u00f4t\u00e9 positif et aussi pr\u00e8s que possible de la batterie pour une protection efficace.<\/p>\n<h2>Dans quelles installations puis-je utiliser ce kit de batterie ?<\/h2>\n<p data-start=\"2935\" data-end=\"3231\">Ce kit est con\u00e7u pour les installations de batteries au plomb et au lithium.<\/p>\n<p data-start=\"2935\" data-end=\"3231\">Il est recommand\u00e9 pour les lignes de courant continu jusqu'\u00e0 150A. Il est dimensionn\u00e9 pour les onduleurs de 48V et 3000VA, tels que le <a href=\"https:\/\/fvcomponentes.com\/fr\/produit\/onduleur-victron-multiplus-ii-5000va-48v-70a50a\/\" target=\"_blank\" rel=\"noopener\">Chargeur d'onduleur 48V Victron MultiPlus II 48\/5000 70A-50A - PMP482505010<\/a> ou le <a href=\"https:\/\/fvcomponentes.com\/fr\/produit\/onduleur-victron-multiplus-ii-gx-48-5000va-48v-7050a\/\" target=\"_blank\" rel=\"noopener\">Chargeur d'onduleur Victron MultiPlus II GX 48\/5000VA 48V 70A+50A - PMP482506000<\/a><br \/>\nPour les onduleurs plus puissants ou les installations de 12 ou 24 V, il peut \u00eatre n\u00e9cessaire d'augmenter la section (par exemple \u00e0 70 mm\u00b2) et le calibre du fusible.<\/p>\n<p data-start=\"2935\" data-end=\"3231\"><strong><a href=\"https:\/\/fvcomponentes.com\/fr\/categorie-de-produits\/lequipement-electrique\/cables-electriques\/\" target=\"_blank\" rel=\"noopener\">Consultez ici les autres kits disponibles<\/a><\/strong><\/p>\n<p data-start=\"3233\" data-end=\"3376\">Vous pouvez \u00e9galement lire notre article sur les tailles : <strong><a href=\"https:\/\/fvcomponentes.com\/fr\/comment-calculer-la-section-dun-cable\/\" target=\"_blank\" rel=\"noopener\">Comment calculer la section d'un c\u00e2ble ?<\/a><\/strong><\/p>\n<h2 data-start=\"1761\" data-end=\"1801\">Avantages du kit de c\u00e2blage<\/h2>\n<ul>\n<li data-start=\"1804\" data-end=\"1878\"><strong data-start=\"1804\" data-end=\"1823\">C\u00e2bles de 50 mm\u00b2.<\/strong>Les caract\u00e9ristiques de ce produit sont les suivantes : une capacit\u00e9 de courant \u00e9lev\u00e9e et une chute de tension plus faible.<\/li>\n<li data-start=\"1881\" data-end=\"1953\"><strong data-start=\"1881\" data-end=\"1905\">Bornes \u00e0 sertir<\/strong>Pr\u00eat \u00e0 \u00eatre install\u00e9, aucun outil sp\u00e9cial n'est n\u00e9cessaire.<\/li>\n<li data-start=\"1956\" data-end=\"2019\"><strong data-start=\"1956\" data-end=\"1979\">Protection incluse<\/strong>: porte-fusible + fusible MEGA Victron 150A.<\/li>\n<li data-start=\"2022\" data-end=\"2092\"><strong data-start=\"2022\" data-end=\"2055\">Une installation propre et s\u00fbre<\/strong>sans complications inutiles.<\/li>\n<li data-start=\"2095\" data-end=\"2154\"><strong data-start=\"2095\" data-end=\"2118\">Composants Victron<\/strong>Le syst\u00e8me de contr\u00f4le de la qualit\u00e9 : une fiabilit\u00e9 maximale en courant continu<\/li>\n<\/ul>\n<h2>Questions fr\u00e9quemment pos\u00e9es<\/h2>\n<h3>Ce kit convient-il aux piles au lithium ?<\/h3>\n<p>Oui, il est con\u00e7u pour les batteries au lithium et au plomb, tant que le courant de fonctionnement se situe dans la plage recommand\u00e9e.<\/p>\n<h3>O\u00f9 est install\u00e9 le porte-fusible ?<\/h3>\n<p>Sur le positif, entre la batterie et l'onduleur, et aussi pr\u00e8s que possible de la batterie pour prot\u00e9ger correctement le c\u00e2blage. Utilisez le c\u00e2ble court pour aller de la batterie au porte-fusible et le c\u00e2ble long pour aller du porte-fusible \u00e0 l'onduleur.<\/p>\n<h3>Est-ce qu'il contient tout ce dont j'ai besoin pour l'installer ?<\/h3>\n<p>Comprend le c\u00e2blage avec les bornes \u00e0 sertir, le porte-fusible Victron et le fusible MEGA. Vous n'avez besoin que d'outils de base pour la fixation et le serrage.<\/p>\n<h3>Besoin d'aide pour choisir le bon kit ?<\/h3>\n<p>Contactez nous ! Vous pouvez nous \u00e9crire \u00e0 <a href=\"mailto:comercial@fvcomponentes.com\">comercial@fvcomponentes.com<\/a> ou \u00e0 <a href=\"mailto:info@fvcomponentes.com\">info@fvcomponentes.com<\/a> si votre question est plus technique.<\/p>","protected":false},"excerpt":{"rendered":"<p><strong>1x C\u00e2ble noir 50 mm\u00b2 - 200 cm :<\/strong> Borne M8 (onduleur) + Borne M6 (batterie)<br \/>\n<strong>1x c\u00e2ble rouge 50 mm\u00b2 - 160 cm :<\/strong> Borne M8 (onduleur) + Borne M8 (porte-fusible)<br \/>\n<strong>1x c\u00e2ble rouge 50 mm\u00b2 - 30 cm :<\/strong> Borne M8 (porte-fusible) + Borne M6 (batterie)<br \/>\n1x Porte-fusible Porte-fusible pour MEGA-fuse Victron - CIP000100001<br \/>\n1x Victron MEGA-fuse 150A\/80V fusible c\u00e9ramique (5 pcs) - CIP138150020<\/p>","protected":false},"featured_media":35406,"comment_status":"closed","ping_status":"closed","template":"","meta":{"site-sidebar-layout":"default","site-content-layout":"","ast-site-content-layout":"default","site-content-style":"default","site-sidebar-style":"default","ast-global-header-display":"","ast-banner-title-visibility":"","ast-main-header-display":"","ast-hfb-above-header-display":"","ast-hfb-below-header-display":"","ast-hfb-mobile-header-display":"","site-post-title":"","ast-breadcrumbs-content":"","ast-featured-img":"","footer-sml-layout":"","ast-disable-related-posts":"","theme-transparent-header-meta":"default","adv-header-id-meta":"","stick-header-meta":"","header-above-stick-meta":"","header-main-stick-meta":"","header-below-stick-meta":"","astra-migrate-meta-layouts":"set","ast-page-background-enabled":"default","ast-page-background-meta":{"desktop":{"background-color":"var(--ast-global-color-4)","background-image":"","background-repeat":"repeat","background-position":"center center","background-size":"auto","background-attachment":"scroll","background-type":"","background-media":"","overlay-type":"","overlay-color":"","overlay-opacity":"","overlay-gradient":""},"tablet":{"background-color":"","background-image":"","background-repeat":"repeat","background-position":"center center","background-size":"auto","background-attachment":"scroll","background-type":"","background-media":"","overlay-type":"","overlay-color":"","overlay-opacity":"","overlay-gradient":""},"mobile":{"background-color":"","background-image":"","background-repeat":"repeat","background-position":"center center","background-size":"auto","background-attachment":"scroll","background-type":"","background-media":"","overlay-type":"","overlay-color":"","overlay-opacity":"","overlay-gradient":""}},"ast-content-background-meta":{"desktop":{"background-color":"var(--ast-global-color-5)","background-image":"","background-repeat":"repeat","background-position":"center center","background-size":"auto","background-attachment":"scroll","background-type":"","background-media":"","overlay-type":"","overlay-color":"","overlay-opacity":"","overlay-gradient":""},"tablet":{"background-color":"var(--ast-global-color-5)","background-image":"","background-repeat":"repeat","background-position":"center center","background-size":"auto","background-attachment":"scroll","background-type":"","background-media":"","overlay-type":"","overlay-color":"","overlay-opacity":"","overlay-gradient":""},"mobile":{"background-color":"var(--ast-global-color-5)","background-image":"","background-repeat":"repeat","background-position":"center center","background-size":"auto","background-attachment":"scroll","background-type":"","background-media":"","overlay-type":"","overlay-color":"","overlay-opacity":"","overlay-gradient":""}}},"pwb-brand":[332],"product_brand":[],"product_cat":[464,877,465,410],"product_tag":[],"class_list":{"0":"post-35755","1":"product","2":"type-product","3":"status-publish","4":"has-post-thumbnail","6":"pwb-brand-victron","7":"product_cat-kits-solares","8":"product_cat-cables-electricos","9":"product_cat-kit-solar-aislada","10":"product_cat-material-electrico","11":"desktop-align-left","12":"tablet-align-left","13":"mobile-align-left","14":"ast-product-gallery-layout-horizontal-slider","15":"ast-product-gallery-with-no-image","16":"ast-product-tabs-layout-horizontal","18":"first","19":"instock","20":"taxable","21":"shipping-taxable","22":"purchasable","23":"product-type-simple"},"wcpa_form_fields":null,"brands":[{"id":332,"name":"Victron Energy","slug":"victron"}],"_links":{"self":[{"href":"https:\/\/fvcomponentes.com\/fr\/wp-json\/wp\/v2\/product\/35755","targetHints":{"allow":["GET"]}}],"collection":[{"href":"https:\/\/fvcomponentes.com\/fr\/wp-json\/wp\/v2\/product"}],"about":[{"href":"https:\/\/fvcomponentes.com\/fr\/wp-json\/wp\/v2\/types\/product"}],"replies":[{"embeddable":true,"href":"https:\/\/fvcomponentes.com\/fr\/wp-json\/wp\/v2\/comments?post=35755"}],"wp:featuredmedia":[{"embeddable":true,"href":"https:\/\/fvcomponentes.com\/fr\/wp-json\/wp\/v2\/media\/35406"}],"wp:attachment":[{"href":"https:\/\/fvcomponentes.com\/fr\/wp-json\/wp\/v2\/media?parent=35755"}],"wp:term":[{"taxonomy":"pwb-brand","embeddable":true,"href":"https:\/\/fvcomponentes.com\/fr\/wp-json\/wp\/v2\/pwb-brand?post=35755"},{"taxonomy":"product_brand","embeddable":true,"href":"https:\/\/fvcomponentes.com\/fr\/wp-json\/wp\/v2\/product_brand?post=35755"},{"taxonomy":"product_cat","embeddable":true,"href":"https:\/\/fvcomponentes.com\/fr\/wp-json\/wp\/v2\/product_cat?post=35755"},{"taxonomy":"product_tag","embeddable":true,"href":"https:\/\/fvcomponentes.com\/fr\/wp-json\/wp\/v2\/product_tag?post=35755"}],"curies":[{"name":"wp","href":"https:\/\/api.w.org\/{rel}","templated":true}]}}