{"id":35700,"date":"2026-01-29T20:32:13","date_gmt":"2026-01-29T19:32:13","guid":{"rendered":"https:\/\/fvcomponentes.com\/?post_type=product&#038;p=35700"},"modified":"2026-04-08T21:38:11","modified_gmt":"2026-04-08T19:38:11","slug":"chargeur-donduleur-victron-multiplus-48v-20000va-250a-100-pmc483200400","status":"publish","type":"product","link":"https:\/\/fvcomponentes.com\/fr\/producto\/inversor-cargador-victron-multiplus-48v-20000va-250a-100-pmc483200400\/","title":{"rendered":"Chargeur d'onduleur Victron Multiplus 48V\/20000VA 250A-100 - PMC483200400"},"content":{"rendered":"<h2>Chargeur d'onduleur Victron Multiplus 48V\/20000VA 250A-100 - PMC483200400<\/h2>\n<p>Le Victron MultiPlus 48V\/20000VA est un onduleur avec chargeur puissant et tr\u00e8s fiable qui combine plusieurs fonctions importantes en un seul appareil.<br \/>\nFondamentalement, il vous permet de disposer d'\u00e9lectricit\u00e9 \u00e0 tout moment, que ce soit dans les grandes maisons, les entreprises, les bateaux ou les syst\u00e8mes solaires avec batteries.<\/p>\n<p>Cet onduleur fait trois choses \u00e0 la fois : il convertit l'\u00e9nergie des batteries en \u00e9lectricit\u00e9, il charge rapidement ces batteries gr\u00e2ce \u00e0 son courant \u00e9lev\u00e9 et il agit comme un commutateur de transfert automatique (UPS) qui prot\u00e8ge vos appareils en cas de coupure de courant et assure une alimentation \u00e9lectrique continue \u00e0 tout moment.<br \/>\nEn cas de d\u00e9faillance du r\u00e9seau, il passe en mode onduleur en moins de 20 millisecondes, ce qui permet \u00e0 votre \u00e9quipement de continuer \u00e0 fonctionner en douceur, car m\u00eame les \u00e9quipements sensibles ne remarquent pas la coupure.<\/p>\n<h2>Caract\u00e9ristiques du Victron Multiplus 48V\/20000VA<\/h2>\n<h3>Puissance et performance<\/h3>\n<p>Ce MultiPlus est con\u00e7u pour les syst\u00e8mes de batteries de 48 V et est capable de fournir jusqu'\u00e0 20 kW de puissance continue (suffisante pour de nombreux appareils en m\u00eame temps) et supporte des pics allant jusqu'\u00e0 25 kW, ce qui permet d'utiliser des moteurs, des compresseurs, des pompes ou des outils professionnels qui ont besoin d'une puissance suppl\u00e9mentaire pour d\u00e9marrer.<br \/>\nCela signifie qu'il peut supporter des charges importantes sans que les appareils ne s'arr\u00eatent ou ne tombent en panne.<\/p>\n<p>En outre, il a un rendement de 96 %, ce qui signifie qu'il utilise la quasi-totalit\u00e9 de l'\u00e9nergie de la batterie et ne la gaspille pas.<\/p>\n<h3>Conception et construction<\/h3>\n<p>Le Victron MultiPlus 48V\/20000VA est con\u00e7u avec un bo\u00eetier en aluminium solide et r\u00e9sistant, con\u00e7u pour une utilisation en int\u00e9rieur (protection IP20) et un fonctionnement continu dans des environnements exigeants. En d'autres termes, il s'agit d'un appareil professionnel con\u00e7u pour fonctionner sans probl\u00e8me pendant de longues heures.<\/p>\n<p>Il dispose \u00e9galement d'une ventilation forc\u00e9e pour \u00e9viter la surchauffe, d'une protection thermique et de protections \u00e9lectriques compl\u00e8tes (contre les surcharges, les courts-circuits et les variations de tension).<br \/>\nLes connexions de la batterie et les bornes CA sont robustes et s\u00fbres, et l'appareil est conforme aux certifications industrielles europ\u00e9ennes, ce qui garantit une fiabilit\u00e9 et une s\u00e9curit\u00e9 \u00e0 long terme.<\/p>\n<h3>Chargeur et gestion de la batterie int\u00e9gr\u00e9s<\/h3>\n<p>L'un des grands atouts de cet onduleur est son chargeur int\u00e9gr\u00e9 jusqu'\u00e0 250 A, id\u00e9al pour les grandes batteries de 48 V. Son syst\u00e8me de charge fonctionne en 4 \u00e9tapes, ce qui permet de prendre soin des batteries et de les faire durer plus longtemps. Son syst\u00e8me de charge fonctionne en 4 \u00e9tapes, ce qui permet de prendre soin des batteries et de les faire durer plus longtemps.<\/p>\n<p>Il fonctionne avec les batteries plomb-acide traditionnelles (AGM\/GEL) et \u00e9galement avec les batteries au lithium (LiFePO\u2084), \u00e0 condition d'\u00eatre configur\u00e9 correctement. Cela permet de les recharger rapidement et efficacement lorsque le courant est disponible \u00e0 partir du r\u00e9seau ou d'un g\u00e9n\u00e9rateur.<\/p>\n<h3>Fonctions avanc\u00e9es et intelligentes<\/h3>\n<p>Ce n'est pas un onduleur-chargeur ordinaire. Le MultiPlus int\u00e8gre des fonctions avanc\u00e9es de gestion de l'\u00e9nergie telles que PowerControl et PowerAssist, qui font une grande diff\u00e9rence dans la vie de tous les jours.<\/p>\n<p>La fonction PowerControl limite la puissance pr\u00e9lev\u00e9e sur le r\u00e9seau ou le g\u00e9n\u00e9rateur pour \u00e9viter toute surcharge, en utilisant la batterie si n\u00e9cessaire.<\/p>\n<p>La fonction PowerAssist ajoute de l'\u00e9nergie \u00e0 partir de la batterie si le r\u00e9seau ne r\u00e9pond pas \u00e0 la demande, \u00e9vitant ainsi que les fusibles ne sautent ou que les appareils ne s'arr\u00eatent.<\/p>\n<p>En outre, ce Multiplus dispose d'une fonction UPS automatique, c'est-\u00e0-dire qu'en cas de panne du r\u00e9seau ou du g\u00e9n\u00e9rateur, il passe en mode onduleur en moins de 20 millisecondes, ce qui passe pratiquement inaper\u00e7u et garantit la s\u00e9curit\u00e9 de votre \u00e9quipement.<\/p>\n<h3>Connectivit\u00e9<\/h3>\n<p>En termes de connectivit\u00e9, le MultiPlus est compatible avec les contr\u00f4leurs Victron tels que Cerbo GX et Ekrano GX, et permet une surveillance et une configuration avanc\u00e9es en temps r\u00e9el via l'application VictronConnect et le portail \u00e0 distance VRM.<\/p>\n<p>Gr\u00e2ce \u00e0 la communication VE.Bus, il est possible de connecter plusieurs unit\u00e9s en parall\u00e8le (jusqu'\u00e0 4 ou plus), d\u00e9passant 60 kW de puissance totale, ainsi que de cr\u00e9er des syst\u00e8mes triphas\u00e9s ou des installations plus complexes.<\/p>\n<p>Cela signifie que le syst\u00e8me peut \u00e9voluer au fil du temps, en incorporant davantage de batteries, de panneaux solaires ou de g\u00e9n\u00e9rateurs suppl\u00e9mentaires sans avoir \u00e0 modifier l'\u00e9quipement principal.<\/p>\n<h2>Utilisation courante et applications du Victron Multiplus 48V\/20000VA<\/h2>\n<p>Cet onduleur-chargeur est parfait pour les endroits o\u00f9 l'on a besoin d'une grande puissance, d'une \u00e9nergie fiable et d'une grande autonomie, comme par exemple :<\/p>\n<ul>\n<li>Installations solaires <strong>hors r\u00e9seau ou hybride avec r\u00e9seau de secours<\/strong><\/li>\n<li><strong>Grandes maisons<\/strong> avec panneaux solaires<\/li>\n<li><strong>Bateaux et yachts<\/strong> important<\/li>\n<li>Petits centres de donn\u00e9es ou <strong>les \u00e9quipements qui ne peuvent pas se permettre de subir des coupures d'\u00e9lectricit\u00e9<\/strong><\/li>\n<li>Les syst\u00e8mes qui combinent <strong>g\u00e9n\u00e9rateur et \u00e9nergie solaire<\/strong><\/li>\n<li>Petites installations <strong>commerciale ou industrielle<\/strong><\/li>\n<\/ul>\n<p>Le Multiplus 48V\/20000VA combine donc puissance, flexibilit\u00e9 et contr\u00f4le.<br \/>\nIl convient \u00e0 la fois aux syst\u00e8mes hors r\u00e9seau et aux syst\u00e8mes hybrides (r\u00e9seau, g\u00e9n\u00e9rateur et batteries). Il est con\u00e7u pour ceux qui souhaitent une tranquillit\u00e9 d'esprit et une fiabilit\u00e9 \u00e9nerg\u00e9tique sans complications.<\/p>\n<h2>Caract\u00e9ristiques techniques du chargeur d'onduleur Victron Multiplus 48V\/20000VA 250A-100 - PMC483200400<\/h2>\n<table>\n<thead>\n<tr>\n<th><strong>Caract\u00e9ristiques<\/strong><\/th>\n<th><strong>Valeurs<\/strong><\/th>\n<\/tr>\n<\/thead>\n<tbody>\n<tr>\n<td><strong>Mod\u00e8le<\/strong><\/td>\n<td>Victron Energy MultiPlus 48\/20000\/250-100<\/td>\n<\/tr>\n<tr>\n<td><strong>R\u00e9f\u00e9rence du fabricant<\/strong><\/td>\n<td>PMC483200400<\/td>\n<\/tr>\n<tr>\n<td><strong>Type d'\u00e9quipement<\/strong><\/td>\n<td>Onduleur-chargeur<\/td>\n<\/tr>\n<tr>\n<td><strong>Tension nominale\u00a0<\/strong><\/td>\n<td>48 V<\/td>\n<\/tr>\n<tr>\n<td><strong>Puissance continue<\/strong><\/td>\n<td>20 kW<\/td>\n<\/tr>\n<tr>\n<td><strong>Puissance de cr\u00eate<\/strong><\/td>\n<td>25 kW\/1 min<\/td>\n<\/tr>\n<tr>\n<td><b>Forme d'onde<\/b><\/td>\n<td>Onde sinuso\u00efdale pure<\/td>\n<\/tr>\n<tr>\n<td><strong>Plage de tension d'entr\u00e9e DC<\/strong><\/td>\n<td>38-60 V<\/td>\n<\/tr>\n<tr>\n<td><strong>Tension de sortie\u00a0<\/strong><\/td>\n<td>230 VAC \u00b1 2 %<\/td>\n<\/tr>\n<tr>\n<td><strong>Fr\u00e9quence de sortie<\/strong><\/td>\n<td>50 Hz \u00b1 0,1 %<\/td>\n<\/tr>\n<tr>\n<td><strong>Courant d'entr\u00e9e CA maximal<\/strong><\/td>\n<td>100 A<\/td>\n<\/tr>\n<tr>\n<td><strong>Courant de charge maximal de la batterie <\/strong><\/td>\n<td>250 A<\/td>\n<\/tr>\n<tr>\n<td><strong>Algorithme de chargement<\/strong><\/td>\n<td>4 \u00e9tapes d'adaptation<\/td>\n<\/tr>\n<tr>\n<td><strong>Types de piles compatibles<\/strong><\/td>\n<td>AGM, GEL et Lithium (LiFePO\u2084)<\/td>\n<\/tr>\n<tr>\n<td><strong>Commutateur de transfert<\/strong><\/td>\n<td>Oui (\u2264 20 ms, fonction UPS)<\/td>\n<\/tr>\n<tr>\n<td><strong>Efficacit\u00e9 maximale\u00a0<\/strong><\/td>\n<td>96 %<\/td>\n<\/tr>\n<tr>\n<td><strong>Consommation \u00e0 vide<\/strong><\/td>\n<td>65 W<\/td>\n<\/tr>\n<tr>\n<td><strong>Consommation en mode veille<\/strong><\/td>\n<td>13 W<\/td>\n<\/tr>\n<tr>\n<td><strong>Fonctions avanc\u00e9es<\/strong><\/td>\n<td>PowerControl et PowerAssist<\/td>\n<\/tr>\n<tr>\n<td><strong>Connexion parall\u00e8le<\/strong><\/td>\n<td>Oui (jusqu'\u00e0 plusieurs unit\u00e9s)<\/td>\n<\/tr>\n<tr>\n<td><strong>Configuration triphas\u00e9e<\/strong><\/td>\n<td>Oui (avec plusieurs unit\u00e9s)<\/td>\n<\/tr>\n<tr>\n<td><strong>Interfaces de communication<\/strong><\/td>\n<td>VE.Bus<\/td>\n<\/tr>\n<tr>\n<td><strong>Contr\u00f4le de la compatibilit\u00e9<\/strong><\/td>\n<td>Cerbo GX, Ekrano GX, VictronConnect et portail VRM<\/td>\n<\/tr>\n<tr>\n<td><strong>Plage de temp\u00e9rature de travail<\/strong><\/td>\n<td>-40 \u00e0 +65 \u00b0C<\/td>\n<\/tr>\n<tr>\n<td><strong>Degr\u00e9 de protection<\/strong><\/td>\n<td>IP20 (utilisation \u00e0 l'int\u00e9rieur)<\/td>\n<\/tr>\n<tr>\n<td><strong>R\u00e9frig\u00e9ration<\/strong><\/td>\n<td>Ventilation forc\u00e9e<\/td>\n<\/tr>\n<tr>\n<td><strong>Dimensions (H \u00d7 L \u00d7 P)<\/strong><\/td>\n<td>616 \u00d7 422 \u00d7 357 mm<\/td>\n<\/tr>\n<tr>\n<td><strong>Poids<\/strong><\/td>\n<td>80 kg<\/td>\n<\/tr>\n<tr>\n<td><strong>Connexion \u00e0 la batterie <\/strong><\/td>\n<td>Quatre boulons M8 (2 connexions positives et 2 connexions n\u00e9gatives)<\/td>\n<\/tr>\n<tr>\n<td><strong>Certifications<\/strong><\/td>\n<td>EN-IEC<\/td>\n<\/tr>\n<\/tbody>\n<\/table>\n<h2>Informations techniques du chargeur d'onduleur Victron Multiplus 48V\/20000VA 250A-100 - PMC483200400<\/h2>\n<p><a href=\"https:\/\/fvcomponentes.com\/wp-content\/uploads\/2026\/01\/Datasheet-MultiPlus-48V-20k-ES.pdf\" target=\"_blank\" rel=\"noopener\">Fiche technique Multiplus 48V\/20000VA<\/a><\/p>\n<p><a href=\"https:\/\/fvcomponentes.com\/wp-content\/uploads\/2026\/01\/VICTRON-MULTIPLUS-230V-10KW-15KW-20KW-MANUAL-ES-1.pdf\" target=\"_blank\" rel=\"noopener\">Manuel Multiplus 48V\/20000VA<\/a><\/p>","protected":false},"excerpt":{"rendered":"<p><span style=\"color: #ff0000\"><strong>Disponible \u00e0 partir d'octobre 2026 !<\/strong><\/span><\/p>\n<p>Puissance de cr\u00eate de l'onduleur : 25 kW\/1 min<br \/>\nTension de fonctionnement de l'onduleur : 48V<br \/>\nPuissance de sortie continue : 20 kW<br \/>\nEfficacit\u00e9 de l'onduleur : 96 %<br \/>\nPoids de l'onduleur : 80Kg<br \/>\nDimensions de l'onduleur : 61,6 x 42,2 x 35,7 cm<\/p>","protected":false},"featured_media":35791,"comment_status":"closed","ping_status":"closed","template":"","meta":{"site-sidebar-layout":"default","site-content-layout":"","ast-site-content-layout":"default","site-content-style":"default","site-sidebar-style":"default","ast-global-header-display":"","ast-banner-title-visibility":"","ast-main-header-display":"","ast-hfb-above-header-display":"","ast-hfb-below-header-display":"","ast-hfb-mobile-header-display":"","site-post-title":"","ast-breadcrumbs-content":"","ast-featured-img":"","footer-sml-layout":"","ast-disable-related-posts":"","theme-transparent-header-meta":"default","adv-header-id-meta":"","stick-header-meta":"","header-above-stick-meta":"","header-main-stick-meta":"","header-below-stick-meta":"","astra-migrate-meta-layouts":"set","ast-page-background-enabled":"default","ast-page-background-meta":{"desktop":{"background-color":"var(--ast-global-color-4)","background-image":"","background-repeat":"repeat","background-position":"center center","background-size":"auto","background-attachment":"scroll","background-type":"","background-media":"","overlay-type":"","overlay-color":"","overlay-opacity":"","overlay-gradient":""},"tablet":{"background-color":"","background-image":"","background-repeat":"repeat","background-position":"center center","background-size":"auto","background-attachment":"scroll","background-type":"","background-media":"","overlay-type":"","overlay-color":"","overlay-opacity":"","overlay-gradient":""},"mobile":{"background-color":"","background-image":"","background-repeat":"repeat","background-position":"center center","background-size":"auto","background-attachment":"scroll","background-type":"","background-media":"","overlay-type":"","overlay-color":"","overlay-opacity":"","overlay-gradient":""}},"ast-content-background-meta":{"desktop":{"background-color":"var(--ast-global-color-5)","background-image":"","background-repeat":"repeat","background-position":"center center","background-size":"auto","background-attachment":"scroll","background-type":"","background-media":"","overlay-type":"","overlay-color":"","overlay-opacity":"","overlay-gradient":""},"tablet":{"background-color":"var(--ast-global-color-5)","background-image":"","background-repeat":"repeat","background-position":"center center","background-size":"auto","background-attachment":"scroll","background-type":"","background-media":"","overlay-type":"","overlay-color":"","overlay-opacity":"","overlay-gradient":""},"mobile":{"background-color":"var(--ast-global-color-5)","background-image":"","background-repeat":"repeat","background-position":"center center","background-size":"auto","background-attachment":"scroll","background-type":"","background-media":"","overlay-type":"","overlay-color":"","overlay-opacity":"","overlay-gradient":""}}},"pwb-brand":[332],"product_brand":[],"product_cat":[333,334],"product_tag":[],"class_list":{"0":"post-35700","1":"product","2":"type-product","3":"status-publish","4":"has-post-thumbnail","6":"pwb-brand-victron","7":"product_cat-inversores","8":"product_cat-inversores-cargadores-48v","9":"desktop-align-left","10":"tablet-align-left","11":"mobile-align-left","12":"ast-product-gallery-layout-horizontal-slider","13":"ast-product-gallery-with-no-image","14":"ast-product-tabs-layout-horizontal","16":"first","17":"onbackorder","18":"taxable","19":"shipping-taxable","20":"purchasable","21":"product-type-simple"},"wcpa_form_fields":null,"brands":[{"id":332,"name":"Victron Energy","slug":"victron"}],"_links":{"self":[{"href":"https:\/\/fvcomponentes.com\/fr\/wp-json\/wp\/v2\/product\/35700","targetHints":{"allow":["GET"]}}],"collection":[{"href":"https:\/\/fvcomponentes.com\/fr\/wp-json\/wp\/v2\/product"}],"about":[{"href":"https:\/\/fvcomponentes.com\/fr\/wp-json\/wp\/v2\/types\/product"}],"replies":[{"embeddable":true,"href":"https:\/\/fvcomponentes.com\/fr\/wp-json\/wp\/v2\/comments?post=35700"}],"wp:featuredmedia":[{"embeddable":true,"href":"https:\/\/fvcomponentes.com\/fr\/wp-json\/wp\/v2\/media\/35791"}],"wp:attachment":[{"href":"https:\/\/fvcomponentes.com\/fr\/wp-json\/wp\/v2\/media?parent=35700"}],"wp:term":[{"taxonomy":"pwb-brand","embeddable":true,"href":"https:\/\/fvcomponentes.com\/fr\/wp-json\/wp\/v2\/pwb-brand?post=35700"},{"taxonomy":"product_brand","embeddable":true,"href":"https:\/\/fvcomponentes.com\/fr\/wp-json\/wp\/v2\/product_brand?post=35700"},{"taxonomy":"product_cat","embeddable":true,"href":"https:\/\/fvcomponentes.com\/fr\/wp-json\/wp\/v2\/product_cat?post=35700"},{"taxonomy":"product_tag","embeddable":true,"href":"https:\/\/fvcomponentes.com\/fr\/wp-json\/wp\/v2\/product_tag?post=35700"}],"curies":[{"name":"wp","href":"https:\/\/api.w.org\/{rel}","templated":true}]}}