{"id":35642,"date":"2026-01-29T20:33:37","date_gmt":"2026-01-29T19:33:37","guid":{"rendered":"https:\/\/fvcomponentes.com\/?post_type=product&#038;p=35642"},"modified":"2026-02-06T14:51:09","modified_gmt":"2026-02-06T13:51:09","slug":"magnetotherm1-pole-125a-80vdc-projoy-pebs-l-125-17-01peb0410","status":"publish","type":"product","link":"https:\/\/fvcomponentes.com\/fr\/producto\/magnetotermico1-polo-125a-80vcc-projoy-pebs-l-125-17-01peb0410\/","title":{"rendered":"Disjoncteur 1 p\u00f4le 125A 80VDC Projoy PEBS-L-125 - 17.01PEB0410"},"content":{"rendered":"<h2>Disjoncteur PEBS-L-125 1P 125A 80VDC Projoy - 17.01PEB0410<\/h2>\n<p>Le PEBS-L-125 de Projoy est un disjoncteur magn\u00e9to-thermique miniature con\u00e7u pour les syst\u00e8mes \u00e0 courant continu (CC). Sa fonction principale est de prot\u00e9ger les circuits \u00e9lectriques contre les surcharges et les courts-circuits, en particulier dans les applications solaires photovolta\u00efques, les batteries, les syst\u00e8mes de stockage et les syst\u00e8mes \u00e0 courant continu en g\u00e9n\u00e9ral.<\/p>\n<h2>Caract\u00e9ristiques du disjoncteur PEBS-L-125 Projoy<\/h2>\n<ul>\n<li>Courant nominal : 125A<\/li>\n<li>P\u00f4les : 1P<\/li>\n<li>Tension nominale : 80VDC<\/li>\n<li>Tension d'isolation : 500V<\/li>\n<li>Pouvoir de coupure : 10000A<\/li>\n<li>Technologie de d\u00e9clenchement : thermo-magn\u00e9tique<\/li>\n<li>Tension d'impulsion nominale : 6kV<\/li>\n<li>Pouvoir de coupure maximal en cas de court-circuit Icu : 10 kA<\/li>\n<li>Pouvoir de coupure nominale en court-circuit de service Ics : 7,5 kA<\/li>\n<li>Degr\u00e9 de contamination : 3<\/li>\n<li>Dur\u00e9e de vie \u00e9lectrique : 1000<\/li>\n<li>Dur\u00e9e de vie m\u00e9canique : 10000<\/li>\n<li>Degr\u00e9 de protection : IP40 ; port de c\u00e2blage IP20<\/li>\n<li>Temp\u00e9rature ambiante : -30\u2103 - +70\u2103<\/li>\n<li>Temp\u00e9rature de stockage : -40\u2103 - +85\u2103<\/li>\n<li>Montage : rail DIN 35 mm<\/li>\n<li>Indicateurs physiques : comprend g\u00e9n\u00e9ralement une poign\u00e9e visible pour l'\u00e9tat ON\/OFF et un signal de d\u00e9clenchement par d\u00e9faut.<\/li>\n<li>Mat\u00e9riau du bo\u00eetier : mat\u00e9riau ignifuge et r\u00e9sistant \u00e0 la chaleur.<\/li>\n<\/ul>\n<h2>Informations techniques du disjoncteur PEBS-L-125 1P 125A 80VDC Projoy - 17.01PEB0410<\/h2>\n<p><a href=\"https:\/\/fvcomponentes.com\/wp-content\/uploads\/2026\/01\/breaker-dc-projoy-1p-80v-63-80-100-125a.pdf\" target=\"_blank\" rel=\"noopener\">Fiche technique du disjoncteur PEBS-L-125 <\/a><\/p>","protected":false},"excerpt":{"rendered":"<ul>\n<li>Conception sans polarit\u00e9, 1P<\/li>\n<li>La dur\u00e9e de vie \u00e9lectrique peut atteindre 1500 fois<\/li>\n<li>Ics\u22656KA<\/li>\n<li>Temp\u00e9rature ambiante support\u00e9e : 30\u2103 ~+70\u2103<\/li>\n<li>Conforme aux r\u00e9glementations ROHS et REACH en mati\u00e8re de protection de l'environnement.<\/li>\n<li>Certification TUV, CE, CB, UL, SAA<\/li>\n<\/ul>","protected":false},"featured_media":35650,"comment_status":"closed","ping_status":"closed","template":"","meta":{"site-sidebar-layout":"default","site-content-layout":"","ast-site-content-layout":"default","site-content-style":"default","site-sidebar-style":"default","ast-global-header-display":"","ast-banner-title-visibility":"","ast-main-header-display":"","ast-hfb-above-header-display":"","ast-hfb-below-header-display":"","ast-hfb-mobile-header-display":"","site-post-title":"","ast-breadcrumbs-content":"","ast-featured-img":"","footer-sml-layout":"","ast-disable-related-posts":"","theme-transparent-header-meta":"default","adv-header-id-meta":"","stick-header-meta":"","header-above-stick-meta":"","header-main-stick-meta":"","header-below-stick-meta":"","astra-migrate-meta-layouts":"set","ast-page-background-enabled":"default","ast-page-background-meta":{"desktop":{"background-color":"var(--ast-global-color-4)","background-image":"","background-repeat":"repeat","background-position":"center center","background-size":"auto","background-attachment":"scroll","background-type":"","background-media":"","overlay-type":"","overlay-color":"","overlay-opacity":"","overlay-gradient":""},"tablet":{"background-color":"","background-image":"","background-repeat":"repeat","background-position":"center center","background-size":"auto","background-attachment":"scroll","background-type":"","background-media":"","overlay-type":"","overlay-color":"","overlay-opacity":"","overlay-gradient":""},"mobile":{"background-color":"","background-image":"","background-repeat":"repeat","background-position":"center center","background-size":"auto","background-attachment":"scroll","background-type":"","background-media":"","overlay-type":"","overlay-color":"","overlay-opacity":"","overlay-gradient":""}},"ast-content-background-meta":{"desktop":{"background-color":"var(--ast-global-color-5)","background-image":"","background-repeat":"repeat","background-position":"center center","background-size":"auto","background-attachment":"scroll","background-type":"","background-media":"","overlay-type":"","overlay-color":"","overlay-opacity":"","overlay-gradient":""},"tablet":{"background-color":"var(--ast-global-color-5)","background-image":"","background-repeat":"repeat","background-position":"center center","background-size":"auto","background-attachment":"scroll","background-type":"","background-media":"","overlay-type":"","overlay-color":"","overlay-opacity":"","overlay-gradient":""},"mobile":{"background-color":"var(--ast-global-color-5)","background-image":"","background-repeat":"repeat","background-position":"center center","background-size":"auto","background-attachment":"scroll","background-type":"","background-media":"","overlay-type":"","overlay-color":"","overlay-opacity":"","overlay-gradient":""}}},"pwb-brand":[1019],"product_brand":[],"product_cat":[410,990],"product_tag":[],"class_list":{"0":"post-35642","1":"product","2":"type-product","3":"status-publish","4":"has-post-thumbnail","6":"pwb-brand-projoy","7":"product_cat-material-electrico","8":"product_cat-magnetotermicos","9":"desktop-align-left","10":"tablet-align-left","11":"mobile-align-left","12":"ast-product-gallery-layout-horizontal-slider","13":"ast-product-gallery-with-no-image","14":"ast-product-tabs-layout-horizontal","16":"first","17":"instock","18":"taxable","19":"shipping-taxable","20":"purchasable","21":"product-type-simple"},"wcpa_form_fields":null,"brands":[{"id":1019,"name":"Protections \u00e9lectriques ProJoy","slug":"joie"}],"_links":{"self":[{"href":"https:\/\/fvcomponentes.com\/fr\/wp-json\/wp\/v2\/product\/35642","targetHints":{"allow":["GET"]}}],"collection":[{"href":"https:\/\/fvcomponentes.com\/fr\/wp-json\/wp\/v2\/product"}],"about":[{"href":"https:\/\/fvcomponentes.com\/fr\/wp-json\/wp\/v2\/types\/product"}],"replies":[{"embeddable":true,"href":"https:\/\/fvcomponentes.com\/fr\/wp-json\/wp\/v2\/comments?post=35642"}],"wp:featuredmedia":[{"embeddable":true,"href":"https:\/\/fvcomponentes.com\/fr\/wp-json\/wp\/v2\/media\/35650"}],"wp:attachment":[{"href":"https:\/\/fvcomponentes.com\/fr\/wp-json\/wp\/v2\/media?parent=35642"}],"wp:term":[{"taxonomy":"pwb-brand","embeddable":true,"href":"https:\/\/fvcomponentes.com\/fr\/wp-json\/wp\/v2\/pwb-brand?post=35642"},{"taxonomy":"product_brand","embeddable":true,"href":"https:\/\/fvcomponentes.com\/fr\/wp-json\/wp\/v2\/product_brand?post=35642"},{"taxonomy":"product_cat","embeddable":true,"href":"https:\/\/fvcomponentes.com\/fr\/wp-json\/wp\/v2\/product_cat?post=35642"},{"taxonomy":"product_tag","embeddable":true,"href":"https:\/\/fvcomponentes.com\/fr\/wp-json\/wp\/v2\/product_tag?post=35642"}],"curies":[{"name":"wp","href":"https:\/\/api.w.org\/{rel}","templated":true}]}}