{"id":35633,"date":"2026-01-29T20:34:30","date_gmt":"2026-01-29T19:34:30","guid":{"rendered":"https:\/\/fvcomponentes.com\/?post_type=product&#038;p=35633"},"modified":"2026-02-06T14:51:02","modified_gmt":"2026-02-06T13:51:02","slug":"disjoncteur-magneto-thermique-1-pole-16a-250vdc-projoy-pebs-h-63-17-01peb0013","status":"publish","type":"product","link":"https:\/\/fvcomponentes.com\/fr\/producto\/magnetotermico-1-polo-16a-250vcc-projoy-pebs-h-63-17-01peb0013\/","title":{"rendered":"Disjoncteur 1 p\u00f4le 16A 250VDC Projoy - PEBS-H-63 - 17.01PEB0013"},"content":{"rendered":"<h2>Disjoncteur PEBS-H-63 1P 16A 250VDC Projoy - 17.01PEB0013<\/h2>\n<p>Le PEBS-H-63 de Projoy est un disjoncteur magn\u00e9to-thermique miniature con\u00e7u pour prot\u00e9ger les circuits de courant continu (CC) contre les surcharges et les courts-circuits, en particulier dans les installations photovolta\u00efques, les syst\u00e8mes de stockage d'\u00e9nergie et les syst\u00e8mes solaires.<\/p>\n<h2>Caract\u00e9ristiques du disjoncteur PEBS-H-63 Projoy<\/h2>\n<ul>\n<li>Courant nominal : 16A<\/li>\n<li>P\u00f4les : 1P<\/li>\n<li>Tension nominale : 250VDC<\/li>\n<li>Tension d'isolation : 1000V<\/li>\n<li>Pouvoir de coupure : 6000A<\/li>\n<li>Technologie de d\u00e9clenchement : thermo-magn\u00e9tique<\/li>\n<li>Tension d'impulsion nominale : 6kV<\/li>\n<li>Degr\u00e9 de contamination : 3<\/li>\n<li>Dur\u00e9e de vie \u00e9lectrique : 1000<\/li>\n<li>Dur\u00e9e de vie m\u00e9canique : 10000<\/li>\n<li>Degr\u00e9 de protection : IP40 ; port de c\u00e2blage IP20<\/li>\n<li>Temp\u00e9rature ambiante : -30\u2103 - +70\u2103<\/li>\n<li>Temp\u00e9rature de stockage : -40\u2103 - +85\u2103<\/li>\n<li>Montage : Con\u00e7u pour un montage sur rail DIN de 35 mm<\/li>\n<li>Indicateurs physiques : comprend g\u00e9n\u00e9ralement une poign\u00e9e visible pour l'\u00e9tat ON\/OFF et un signal de d\u00e9clenchement par d\u00e9faut.<\/li>\n<li>Mat\u00e9riau du bo\u00eetier : thermoplastique, autoextinguible, r\u00e9sistant aux chocs et \u00e0 la chaleur.<\/li>\n<\/ul>\n<h2>Informations techniques du disjoncteur PEBS-H-63 1P 16A 250VDC Projoy - 17.01PEB0013<\/h2>\n<p><a href=\"https:\/\/fvcomponentes.com\/wp-content\/uploads\/2026\/01\/Datasheet_PEBS-H-63-DC-Miniature-Circuit-BreakerV202308250V.pdf\" target=\"_blank\" rel=\"noopener\">Fiche technique du disjoncteur PEBS-H-63 en anglais<\/a><\/p>\n<p><a href=\"https:\/\/fvcomponentes.com\/wp-content\/uploads\/2026\/01\/BREAKER-DC-10A-63A-PROJOY-Espanol.pdf\" target=\"_blank\" rel=\"noopener\">Fiche technique du disjoncteur PEBS-H-63 en anglais<\/a><\/p>","protected":false},"excerpt":{"rendered":"<ul>\n<li>Conception sans polarit\u00e9, 1P<\/li>\n<li>La dur\u00e9e de vie \u00e9lectrique peut atteindre 1500 fois<\/li>\n<li>Ics\u22656KA<\/li>\n<li>Temp\u00e9rature ambiante support\u00e9e : 30\u2103 ~+70\u2103<\/li>\n<li>Conforme aux r\u00e9glementations ROHS et REACH en mati\u00e8re de protection de l'environnement.<\/li>\n<li>Certification TUV, CE, CB, UL, SAA<\/li>\n<\/ul>","protected":false},"featured_media":35641,"comment_status":"closed","ping_status":"closed","template":"","meta":{"site-sidebar-layout":"default","site-content-layout":"","ast-site-content-layout":"default","site-content-style":"default","site-sidebar-style":"default","ast-global-header-display":"","ast-banner-title-visibility":"","ast-main-header-display":"","ast-hfb-above-header-display":"","ast-hfb-below-header-display":"","ast-hfb-mobile-header-display":"","site-post-title":"","ast-breadcrumbs-content":"","ast-featured-img":"","footer-sml-layout":"","ast-disable-related-posts":"","theme-transparent-header-meta":"default","adv-header-id-meta":"","stick-header-meta":"","header-above-stick-meta":"","header-main-stick-meta":"","header-below-stick-meta":"","astra-migrate-meta-layouts":"set","ast-page-background-enabled":"default","ast-page-background-meta":{"desktop":{"background-color":"var(--ast-global-color-4)","background-image":"","background-repeat":"repeat","background-position":"center center","background-size":"auto","background-attachment":"scroll","background-type":"","background-media":"","overlay-type":"","overlay-color":"","overlay-opacity":"","overlay-gradient":""},"tablet":{"background-color":"","background-image":"","background-repeat":"repeat","background-position":"center center","background-size":"auto","background-attachment":"scroll","background-type":"","background-media":"","overlay-type":"","overlay-color":"","overlay-opacity":"","overlay-gradient":""},"mobile":{"background-color":"","background-image":"","background-repeat":"repeat","background-position":"center center","background-size":"auto","background-attachment":"scroll","background-type":"","background-media":"","overlay-type":"","overlay-color":"","overlay-opacity":"","overlay-gradient":""}},"ast-content-background-meta":{"desktop":{"background-color":"var(--ast-global-color-5)","background-image":"","background-repeat":"repeat","background-position":"center center","background-size":"auto","background-attachment":"scroll","background-type":"","background-media":"","overlay-type":"","overlay-color":"","overlay-opacity":"","overlay-gradient":""},"tablet":{"background-color":"var(--ast-global-color-5)","background-image":"","background-repeat":"repeat","background-position":"center center","background-size":"auto","background-attachment":"scroll","background-type":"","background-media":"","overlay-type":"","overlay-color":"","overlay-opacity":"","overlay-gradient":""},"mobile":{"background-color":"var(--ast-global-color-5)","background-image":"","background-repeat":"repeat","background-position":"center center","background-size":"auto","background-attachment":"scroll","background-type":"","background-media":"","overlay-type":"","overlay-color":"","overlay-opacity":"","overlay-gradient":""}}},"pwb-brand":[1019],"product_brand":[],"product_cat":[990,410],"product_tag":[],"class_list":{"0":"post-35633","1":"product","2":"type-product","3":"status-publish","4":"has-post-thumbnail","6":"pwb-brand-projoy","7":"product_cat-magnetotermicos","8":"product_cat-material-electrico","9":"desktop-align-left","10":"tablet-align-left","11":"mobile-align-left","12":"ast-product-gallery-layout-horizontal-slider","13":"ast-product-tabs-layout-horizontal","15":"first","16":"instock","17":"taxable","18":"shipping-taxable","19":"purchasable","20":"product-type-simple"},"wcpa_form_fields":null,"brands":[{"id":1019,"name":"Protections \u00e9lectriques ProJoy","slug":"joie"}],"_links":{"self":[{"href":"https:\/\/fvcomponentes.com\/fr\/wp-json\/wp\/v2\/product\/35633","targetHints":{"allow":["GET"]}}],"collection":[{"href":"https:\/\/fvcomponentes.com\/fr\/wp-json\/wp\/v2\/product"}],"about":[{"href":"https:\/\/fvcomponentes.com\/fr\/wp-json\/wp\/v2\/types\/product"}],"replies":[{"embeddable":true,"href":"https:\/\/fvcomponentes.com\/fr\/wp-json\/wp\/v2\/comments?post=35633"}],"wp:featuredmedia":[{"embeddable":true,"href":"https:\/\/fvcomponentes.com\/fr\/wp-json\/wp\/v2\/media\/35641"}],"wp:attachment":[{"href":"https:\/\/fvcomponentes.com\/fr\/wp-json\/wp\/v2\/media?parent=35633"}],"wp:term":[{"taxonomy":"pwb-brand","embeddable":true,"href":"https:\/\/fvcomponentes.com\/fr\/wp-json\/wp\/v2\/pwb-brand?post=35633"},{"taxonomy":"product_brand","embeddable":true,"href":"https:\/\/fvcomponentes.com\/fr\/wp-json\/wp\/v2\/product_brand?post=35633"},{"taxonomy":"product_cat","embeddable":true,"href":"https:\/\/fvcomponentes.com\/fr\/wp-json\/wp\/v2\/product_cat?post=35633"},{"taxonomy":"product_tag","embeddable":true,"href":"https:\/\/fvcomponentes.com\/fr\/wp-json\/wp\/v2\/product_tag?post=35633"}],"curies":[{"name":"wp","href":"https:\/\/api.w.org\/{rel}","templated":true}]}}