{"id":35619,"date":"2026-01-29T20:44:20","date_gmt":"2026-01-29T19:44:20","guid":{"rendered":"https:\/\/fvcomponentes.com\/?post_type=product&#038;p=35619"},"modified":"2026-04-10T18:23:01","modified_gmt":"2026-04-10T16:23:01","slug":"cable-de-recharge-monophase-pour-voiture-electrique-74kw-type-2-5m-304001615","status":"publish","type":"product","link":"https:\/\/fvcomponentes.com\/fr\/producto\/cable-carga-coche-electrico-monofasico-74kw-tipo-2-5m-304001615\/","title":{"rendered":"C\u00e2ble de recharge monophas\u00e9 pour voiture \u00e9lectrique 7,4kW Type 2 5m - 304001615"},"content":{"rendered":"<h2>C\u00e2ble de recharge monophas\u00e9 pour voiture \u00e9lectrique 7,4kW Type 2 5m - 304001615<\/h2>\n<p>Ce c\u00e2ble de recharge est con\u00e7u pour la recharge en courant alternatif (CA) des v\u00e9hicules \u00e9lectriques et des v\u00e9hicules hybrides rechargeables en utilisant la norme europ\u00e9enne de type 2 (IEC 62196-2) aux deux extr\u00e9mit\u00e9s.<\/p>\n<p>Le c\u00e2ble de recharge monophas\u00e9 de type 2 de 7,4 kW a une longueur de 5 m\u00e8tres, ce qui donne une bonne port\u00e9e entre le point de recharge et le v\u00e9hicule.<\/p>\n<p>De plus, il est compos\u00e9 de mat\u00e9riaux souples et r\u00e9sistants, ce qui le rend facile \u00e0 manipuler au quotidien.<\/p>\n<h2>Caract\u00e9ristiques du c\u00e2ble de chargement<\/h2>\n<h3>Utilisation et compatibilit\u00e9<\/h3>\n<p>Ce c\u00e2ble est compatible avec la plupart des voitures \u00e9lectriques europ\u00e9ennes et des bornes de recharge domestiques ou publiques qui acceptent cette norme. Il est destin\u00e9 aux installations domestiques ou commerciales avec une alimentation secteur monophas\u00e9e typique (230V).<\/p>\n<p>Sa puissance peut atteindre 7,4 kW, ce qui permet une charge relativement rapide et efficace, en tirant le meilleur parti d'une installation domestique monophas\u00e9e de 32 A.<\/p>\n<h3>Durabilit\u00e9 et utilisation en ext\u00e9rieur<\/h3>\n<p>Le c\u00e2ble et les connecteurs sont con\u00e7us pour une utilisation quotidienne, avec une r\u00e9sistance aux conditions environnementales typiques (temp\u00e9ratures n\u00e9gatives \u00e0 chaudes) et un degr\u00e9 de protection contre la poussi\u00e8re et les \u00e9claboussures.<\/p>\n<p>De plus, gr\u00e2ce \u00e0 sa robustesse, il peut \u00eatre utilis\u00e9 aussi bien dans les garages int\u00e9rieurs qu'ext\u00e9rieurs (r\u00e9sistance \u00e0 la torsion et \u00e0 l'usure due \u00e0 une utilisation fr\u00e9quente).<\/p>\n<h2>Avantages du c\u00e2ble de chargement<\/h2>\n<ul>\n<li>Permet de recharger votre v\u00e9hicule \u00e0 condition que la borne de recharge et la voiture soient \u00e9quip\u00e9es d'un connecteur de type 2.<\/li>\n<li>Id\u00e9al pour un usage domestique et urbain, aussi bien dans les garages que dans les stations semi-publiques.<\/li>\n<li>Conception \u00e9quilibr\u00e9e entre la longueur, la flexibilit\u00e9 et la r\u00e9sistance<\/li>\n<\/ul>\n<h2>Sp\u00e9cifications techniques du c\u00e2ble de recharge monophas\u00e9 pour voiture \u00e9lectrique 7,4kW Type 2 5m - 304001615<\/h2>\n<table>\n<thead>\n<tr>\n<th><strong>Sp\u00e9cifications techniques<\/strong><\/th>\n<th><strong>D\u00e9tail<\/strong><\/th>\n<\/tr>\n<\/thead>\n<tbody>\n<tr>\n<td><strong>Mod\u00e8le<\/strong><\/td>\n<td>C\u00e2ble de charge monophas\u00e9 7,4 kW Type 2 5m<\/td>\n<\/tr>\n<tr>\n<td><strong>R\u00e9f\u00e9rence<\/strong><\/td>\n<td>304001615<\/td>\n<\/tr>\n<tr>\n<td><strong>Connecteurs<\/strong><\/td>\n<td>Type 2 (IEC 62196-2) - deux extr\u00e9mit\u00e9s<\/td>\n<\/tr>\n<tr>\n<td><strong>Mode de chargement<\/strong><\/td>\n<td>Mode 3<\/td>\n<\/tr>\n<tr>\n<td><strong>Phases<\/strong><\/td>\n<td>Monophas\u00e9 (1 phase)<\/td>\n<\/tr>\n<tr>\n<td><strong>Puissance maximale<\/strong><\/td>\n<td>7,4 kW<\/td>\n<\/tr>\n<tr>\n<td><strong>Courant maximum<\/strong><\/td>\n<td>32 A<\/td>\n<\/tr>\n<tr>\n<td><strong>Tension nominale<\/strong><\/td>\n<td>230 V CA monophas\u00e9<\/td>\n<\/tr>\n<tr>\n<td><strong>Longueur du c\u00e2ble<\/strong><\/td>\n<td>5 m\u00e8tres<\/td>\n<\/tr>\n<tr>\n<td><strong>Temp\u00e9rature de fonctionnement<\/strong><\/td>\n<td>Environ -30 \u00b0C \u00e0 +50 \u00b0C<\/td>\n<\/tr>\n<tr>\n<td><strong>Degr\u00e9 de protection<\/strong><\/td>\n<td>IP44\/IP54<\/td>\n<\/tr>\n<tr>\n<td><strong>Mat\u00e9riau du c\u00e2ble<\/strong><\/td>\n<td>C\u00e2ble flexible (r\u00e9sistant aux torsions et aux UV)<\/td>\n<\/tr>\n<tr>\n<td><strong>R\u00e8glements \/ normes<\/strong><\/td>\n<td>IEC 62196-2 \/ EC<\/td>\n<\/tr>\n<tr>\n<td><strong>Poids approximatif<\/strong><\/td>\n<td>2,55 kg<\/td>\n<\/tr>\n<\/tbody>\n<\/table>","protected":false},"excerpt":{"rendered":"<ul>\n<li>Marque : Autel<\/li>\n<li>Phase : monophas\u00e9e<\/li>\n<li>Puissance maximale : 7,4 kW<\/li>\n<li>Cat\u00e9gorie : C\u00e2ble de type 2<\/li>\n<li>C\u00e2ble : 5 m\u00e8tres<\/li>\n<li>D\u00e9tection des fuites de courant continu : non<\/li>\n<li>Dimensions : 39 x 39 x 9 cm<\/li>\n<li>Poids : 2,55 kg<\/li>\n<\/ul>","protected":false},"featured_media":35621,"comment_status":"closed","ping_status":"closed","template":"","meta":{"site-sidebar-layout":"default","site-content-layout":"","ast-site-content-layout":"default","site-content-style":"default","site-sidebar-style":"default","ast-global-header-display":"","ast-banner-title-visibility":"","ast-main-header-display":"","ast-hfb-above-header-display":"","ast-hfb-below-header-display":"","ast-hfb-mobile-header-display":"","site-post-title":"","ast-breadcrumbs-content":"","ast-featured-img":"","footer-sml-layout":"","ast-disable-related-posts":"","theme-transparent-header-meta":"default","adv-header-id-meta":"","stick-header-meta":"","header-above-stick-meta":"","header-main-stick-meta":"","header-below-stick-meta":"","astra-migrate-meta-layouts":"set","ast-page-background-enabled":"default","ast-page-background-meta":{"desktop":{"background-color":"var(--ast-global-color-4)","background-image":"","background-repeat":"repeat","background-position":"center center","background-size":"auto","background-attachment":"scroll","background-type":"","background-media":"","overlay-type":"","overlay-color":"","overlay-opacity":"","overlay-gradient":""},"tablet":{"background-color":"","background-image":"","background-repeat":"repeat","background-position":"center center","background-size":"auto","background-attachment":"scroll","background-type":"","background-media":"","overlay-type":"","overlay-color":"","overlay-opacity":"","overlay-gradient":""},"mobile":{"background-color":"","background-image":"","background-repeat":"repeat","background-position":"center center","background-size":"auto","background-attachment":"scroll","background-type":"","background-media":"","overlay-type":"","overlay-color":"","overlay-opacity":"","overlay-gradient":""}},"ast-content-background-meta":{"desktop":{"background-color":"var(--ast-global-color-5)","background-image":"","background-repeat":"repeat","background-position":"center center","background-size":"auto","background-attachment":"scroll","background-type":"","background-media":"","overlay-type":"","overlay-color":"","overlay-opacity":"","overlay-gradient":""},"tablet":{"background-color":"var(--ast-global-color-5)","background-image":"","background-repeat":"repeat","background-position":"center center","background-size":"auto","background-attachment":"scroll","background-type":"","background-media":"","overlay-type":"","overlay-color":"","overlay-opacity":"","overlay-gradient":""},"mobile":{"background-color":"var(--ast-global-color-5)","background-image":"","background-repeat":"repeat","background-position":"center center","background-size":"auto","background-attachment":"scroll","background-type":"","background-media":"","overlay-type":"","overlay-color":"","overlay-opacity":"","overlay-gradient":""}}},"pwb-brand":[],"product_brand":[],"product_cat":[385],"product_tag":[],"class_list":{"0":"post-35619","1":"product","2":"type-product","3":"status-publish","4":"has-post-thumbnail","6":"product_cat-cargadores-para-vehiculo-electrico","7":"desktop-align-left","8":"tablet-align-left","9":"mobile-align-left","10":"ast-product-gallery-layout-horizontal-slider","11":"ast-product-tabs-layout-horizontal","13":"first","14":"instock","15":"taxable","16":"shipping-taxable","17":"purchasable","18":"product-type-simple"},"wcpa_form_fields":null,"brands":[],"_links":{"self":[{"href":"https:\/\/fvcomponentes.com\/fr\/wp-json\/wp\/v2\/product\/35619","targetHints":{"allow":["GET"]}}],"collection":[{"href":"https:\/\/fvcomponentes.com\/fr\/wp-json\/wp\/v2\/product"}],"about":[{"href":"https:\/\/fvcomponentes.com\/fr\/wp-json\/wp\/v2\/types\/product"}],"replies":[{"embeddable":true,"href":"https:\/\/fvcomponentes.com\/fr\/wp-json\/wp\/v2\/comments?post=35619"}],"wp:featuredmedia":[{"embeddable":true,"href":"https:\/\/fvcomponentes.com\/fr\/wp-json\/wp\/v2\/media\/35621"}],"wp:attachment":[{"href":"https:\/\/fvcomponentes.com\/fr\/wp-json\/wp\/v2\/media?parent=35619"}],"wp:term":[{"taxonomy":"pwb-brand","embeddable":true,"href":"https:\/\/fvcomponentes.com\/fr\/wp-json\/wp\/v2\/pwb-brand?post=35619"},{"taxonomy":"product_brand","embeddable":true,"href":"https:\/\/fvcomponentes.com\/fr\/wp-json\/wp\/v2\/product_brand?post=35619"},{"taxonomy":"product_cat","embeddable":true,"href":"https:\/\/fvcomponentes.com\/fr\/wp-json\/wp\/v2\/product_cat?post=35619"},{"taxonomy":"product_tag","embeddable":true,"href":"https:\/\/fvcomponentes.com\/fr\/wp-json\/wp\/v2\/product_tag?post=35619"}],"curies":[{"name":"wp","href":"https:\/\/api.w.org\/{rel}","templated":true}]}}