{"id":35606,"date":"2026-01-29T20:46:38","date_gmt":"2026-01-29T19:46:38","guid":{"rendered":"https:\/\/fvcomponentes.com\/?post_type=product&#038;p=35606"},"modified":"2026-01-29T20:46:41","modified_gmt":"2026-01-29T19:46:41","slug":"batterie-lithium-512v-16kwh-lifepo4-pytes-v16-110402100209","status":"publish","type":"product","link":"https:\/\/fvcomponentes.com\/fr\/producto\/bateria-de-litio-512v-16kwh-lifepo4-pytes-v16-110402100209\/","title":{"rendered":"Batterie au lithium LiFePO4 Pytes V16 51,2V\/16kWh - 110402100209"},"content":{"rendered":"<h2>Batterie au lithium LiFePO4 Pytes V16 51,2V\/16kWh - 110402100209<\/h2>\n<p>Le Pytes V16 est un accumulateur d'\u00e9nergie lithium-ion LiFePO\u2084 haute performance, con\u00e7u pour l'ext\u00e9rieur, \u00e9quip\u00e9 de cellules de qualit\u00e9 automobile Tier 1, d'une certification IP66 et d'un syst\u00e8me d'extinction d'incendie int\u00e9gr\u00e9.<\/p>\n<p>D'une capacit\u00e9 de 16 kWh et 314 Ah, cette batterie peut \u00eatre install\u00e9e au mur ou au sol et offre une alimentation de secours fiable et un stockage d'\u00e9nergie \u00e9volutif.<br \/>\nJusqu'\u00e0 16 unit\u00e9s peuvent \u00eatre connect\u00e9es en parall\u00e8le (jusqu'\u00e0 environ 256 kWh), et comprend une paire de c\u00e2bles batterie-onduleur (positif et n\u00e9gatif de 2 m\u00e8tres).<\/p>\n<p>Le Pytes V16 garantit une longue dur\u00e9e de vie, une s\u00e9curit\u00e9 accrue et des performances stables.<\/p>\n<h2>Caract\u00e9ristiques de la batterie Pytes V16<\/h2>\n<h3>Conception<\/h3>\n<p>Le Pytes V16 pr\u00e9sente une conception compacte et robuste pour des performances constantes, m\u00eame avec des cycles de charge et de d\u00e9charge profonds.<\/p>\n<p>Cette batterie est con\u00e7ue pour r\u00e9sister aux cycles solaires quotidiens, aux charges de secours \u00e9lev\u00e9es et aux conditions m\u00e9t\u00e9orologiques extr\u00eames.<br \/>\nIl est dot\u00e9 d'une armoire ext\u00e9rieure, d'un chauffage int\u00e9gr\u00e9 pour la recharge par temps froid (jusqu'\u00e0 -20\u00b0C) et de syst\u00e8mes de s\u00e9curit\u00e9 avanc\u00e9s, tout en offrant une int\u00e9gration transparente en boucle ferm\u00e9e avec de nombreux onduleurs conventionnels.<\/p>\n<p>En outre, sa chimie LiFePO\u2084 (LFP) offre une grande stabilit\u00e9 thermique, une grande s\u00e9curit\u00e9 et une longue dur\u00e9e de vie.<\/p>\n<h3>S\u00e9curit\u00e9 int\u00e9gr\u00e9e<\/h3>\n<p>Le Pytes V16 poss\u00e8de de nombreuses caract\u00e9ristiques de s\u00e9curit\u00e9, telles que des protections contre les surcharges, les surd\u00e9charges, les surintensit\u00e9s et les courts-circuits, un arr\u00eat d'urgence pour d\u00e9connecter la batterie en cas de d\u00e9faillance, et un m\u00e9canisme de s\u00e9curit\u00e9 incendie (syst\u00e8me interne d'extinction des incendies par a\u00e9rosol et \u00e9vent de s\u00e9curit\u00e9).<\/p>\n<p>Cette batterie comprend un syst\u00e8me de gestion de la batterie (BMS) avanc\u00e9 qui offre une protection suppl\u00e9mentaire en \u00e9quilibrant les cellules, en limitant le courant de charge et de d\u00e9charge et en enregistrant les informations relatives \u00e0 la batterie dans un journal du syst\u00e8me.<\/p>\n<p>En outre, la batterie V16 b\u00e9n\u00e9ficie d'une protection IP66 et d'une r\u00e9sistance \u00e0 la corrosion C4-M, ce qui la rend r\u00e9sistante \u00e0 la poussi\u00e8re et \u00e0 l'eau (m\u00eame \u00e0 des jets d'eau puissants), permettant des installations \u00e0 l'int\u00e9rieur comme \u00e0 l'ext\u00e9rieur sans compromettre la durabilit\u00e9.<\/p>\n<h3>Connectivit\u00e9<\/h3>\n<p>Le Pytes V16 communique avec les onduleurs et les contr\u00f4leurs via de multiples interfaces, telles que CAN, RS485, RS232, Dry Contact et Wi-Fi, pour la surveillance et le contr\u00f4le \u00e0 distance.<\/p>\n<h3>Installation et \u00e9volutivit\u00e9<\/h3>\n<p>La bobine V16 peut \u00eatre mont\u00e9e au mur ou au sol, ce qui simplifie l'installation tout en pr\u00e9servant la durabilit\u00e9 et l'efficacit\u00e9.<\/p>\n<p>En outre, la Pytes V16 permet de connecter jusqu'\u00e0 16 unit\u00e9s en parall\u00e8le, pour une capacit\u00e9 de stockage maximale de 256 kWh au total, sans n\u00e9cessiter de mat\u00e9riel suppl\u00e9mentaire.<\/p>\n<h3>Dur\u00e9e et garantie<\/h3>\n<p>Cette batterie a un cycle de vie de plus de 8 000 cycles \u00e0 une profondeur de d\u00e9charge (DOD) de 90 %, ce qui signifie plus d'une d\u00e9cennie d'utilisation continue dans des conditions normales.<\/p>\n<p>En outre, il b\u00e9n\u00e9ficie d'une garantie de 10 ans avec l'assistance du fabricant.<\/p>\n<h2>Compatibilit\u00e9 des piles au lithium Pytes V16 - 110402100209<\/h2>\n<p>Le Pytes V16 dispose d'une boucle de communication ferm\u00e9e, ce qui garantit son int\u00e9gration et sa compatibilit\u00e9 avec la plupart des onduleurs modernes et des syst\u00e8mes de gestion de l'\u00e9nergie, facilitant ainsi les configurations complexes ou les extensions futures.<br \/>\nCela en fait une option polyvalente pour les applications solaires hors r\u00e9seau, hybrides et connect\u00e9es au r\u00e9seau.<\/p>\n<h2>Applications et utilisations de la batterie Pytes V16<\/h2>\n<p>La Pytes V16 est id\u00e9ale pour :<\/p>\n<ul>\n<li><strong>Syst\u00e8mes solaires photovolta\u00efques avec stockage<\/strong> pour l'autoconsommation de jour et l'appoint de nuit.<\/li>\n<li><strong>Sauvegarde d'urgence<\/strong> pour les m\u00e9nages et les petites entreprises.<\/li>\n<li><strong>Syst\u00e8mes solaires hybrides<\/strong> <strong>ou en dehors du r\u00e9seau<\/strong> avec des onduleurs prenant en charge la communication CAN\/RS485\/Wi-Fi.<\/li>\n<li><strong>Installations industrielles l\u00e9g\u00e8res<\/strong> n\u00e9cessitant un grand nombre de cycles et une grande fiabilit\u00e9.<\/li>\n<li><strong>Installations en climat froid<\/strong> car le chauffage interne permet de maintenir les performances de charge \u00e0 basse temp\u00e9rature.<\/li>\n<li><strong>Installations c\u00f4ti\u00e8res\/offshore<\/strong> parce que le bo\u00eetier du V16 est r\u00e9sistant \u00e0 la corrosion et class\u00e9 IP66 pour r\u00e9sister \u00e0 des environnements plus hostiles.<\/li>\n<\/ul>\n<h2>Sp\u00e9cifications techniques de la batterie au lithium LiFePO4 Pytes V16 de 51,2V\/16kWh - 110402100209<\/h2>\n<table>\n<thead>\n<tr>\n<th><strong>Cat\u00e9gorie<\/strong><\/th>\n<th><strong>Sp\u00e9cifications<\/strong><\/th>\n<\/tr>\n<\/thead>\n<tbody>\n<tr>\n<td><strong>Mod\u00e8le<\/strong><\/td>\n<td>Pytes V16<\/td>\n<\/tr>\n<tr>\n<td><strong>Chimie<\/strong><\/td>\n<td>LiFePO\u2084 (phosphate de fer lithi\u00e9)<\/td>\n<\/tr>\n<tr>\n<td><strong>Tension nominale<\/strong><\/td>\n<td>51,2 V<\/td>\n<\/tr>\n<tr>\n<td><strong>Plage de tension de fonctionnement<\/strong><\/td>\n<td>46,5 V - 56,8 V<\/td>\n<\/tr>\n<tr>\n<td><strong>Capacit\u00e9 nominale<\/strong><\/td>\n<td>314 Ah<\/td>\n<\/tr>\n<tr>\n<td><strong>\u00c9nergie nominale<\/strong><\/td>\n<td>16 kWh<\/td>\n<\/tr>\n<tr>\n<td><strong>Courant de charge recommand\u00e9<\/strong><\/td>\n<td>125 A<\/td>\n<\/tr>\n<tr>\n<td><strong>Courant de d\u00e9charge recommand\u00e9<\/strong><\/td>\n<td>150 A<\/td>\n<\/tr>\n<tr>\n<td><strong>Courant continu max.<\/strong><\/td>\n<td>200 A<\/td>\n<\/tr>\n<tr>\n<td><strong>Courant de pointe (d\u00e9charge)<\/strong><\/td>\n<td>300 A pendant 15 s<\/td>\n<\/tr>\n<tr>\n<td><strong>Puissance nominale<\/strong><\/td>\n<td>500 W<\/td>\n<\/tr>\n<tr>\n<td><strong>Dimensions (L\u00d7P\u00d7H)<\/strong><\/td>\n<td>688,4 \u00d7 260 \u00d7 700 mm<\/td>\n<\/tr>\n<tr>\n<td><strong>Poids<\/strong><\/td>\n<td>130,5 kg<\/td>\n<\/tr>\n<tr>\n<td><strong>Protection de l'environnement (IP)<\/strong><\/td>\n<td>IP66<\/td>\n<\/tr>\n<tr>\n<td><strong>M\u00e9thode d'assemblage<\/strong><\/td>\n<td>Au mur ou au sol (support en option)<\/td>\n<\/tr>\n<tr>\n<td><strong>Borne d'alimentation<\/strong><\/td>\n<td>Connecteurs DC Phoenix Plug&amp;Play<\/td>\n<\/tr>\n<tr>\n<td><strong>Communication \/ Interfaces<\/strong><\/td>\n<td>CAN, RS485, RS232, contact sec, Wi-Fi<\/td>\n<\/tr>\n<tr>\n<td><strong>Dur\u00e9e de vie (cycles)<\/strong><\/td>\n<td>\u2265 8 000 cycles (90 % DoD)<\/td>\n<\/tr>\n<tr>\n<td><strong>Garantie<\/strong><\/td>\n<td>10 ans (ou cycles \u00e9quivalents)<\/td>\n<\/tr>\n<tr>\n<td><strong>Temp\u00e9rature de charge<\/strong><\/td>\n<td>0 \u00b0C - 55 \u00b0C<\/td>\n<\/tr>\n<tr>\n<td><strong>Temp\u00e9rature de refoulement<\/strong><\/td>\n<td>-20 \u00b0C - 55 \u00b0C<\/td>\n<\/tr>\n<tr>\n<td><strong>Altitude de fonctionnement recommand\u00e9e<\/strong><\/td>\n<td>\u2264 3000 m<\/td>\n<\/tr>\n<tr>\n<td><strong>Humidit\u00e9 relative<\/strong><\/td>\n<td>0 - 95 % (sans condensation)<\/td>\n<\/tr>\n<tr>\n<td><strong>Certifications \/ conformit\u00e9<\/strong><\/td>\n<td>UL 9540 Ed.3 (2023), UL9540A, UL 1973, UN 38.3<\/td>\n<\/tr>\n<\/tbody>\n<\/table>\n<h2>51.2V\/16kWh LiFePO4 Pytes V16 lithium battery technical information - 110402100209<\/h2>\n<p><a href=\"https:\/\/fvcomponentes.com\/wp-content\/uploads\/2026\/01\/5fb27d4fad05476107cf7a7753d18bbe-1.pdf\" target=\"_blank\" rel=\"noopener\">Fiche technique de la batterie Pytes V16<\/a><\/p>\n<p><a href=\"https:\/\/fvcomponentes.com\/wp-content\/uploads\/2026\/01\/pytes-v16-manual.pdf\" target=\"_blank\" rel=\"noopener\">Manuel de la batterie Pytes V16<\/a><\/p>\n<p><a href=\"https:\/\/fvcomponentes.com\/wp-content\/uploads\/2026\/01\/5a587e321752ad652bd435e95d7be7867267f81aad54e35453d9068eaf244bc1_optim.pdf\" target=\"_blank\" rel=\"noopener\">Guide d'installation de la batterie Pytes V16<\/a><\/p>","protected":false},"excerpt":{"rendered":"<p><span style=\"color: #ff0000;\">BIENT\u00d4T DISPONIBLE, VEUILLEZ NOUS CONTACTER.<\/span><\/p>\n<ul>\n<li>Tension nominale : 51,2 V<\/li>\n<li>\u00c9nergie nominale : 16 kWh<\/li>\n<li>Plage de tension : 314 Ah<\/li>\n<li>Courant de charge\/d\u00e9charge recommand\u00e9 : 200 A<\/li>\n<li>Temp\u00e9rature de fonctionnement : -20\u00b0C - +55\u00b0C<\/li>\n<li>Cycles de vie : 8 000<\/li>\n<li>Poids : 130,5 kg<\/li>\n<li>Dimensions : 68,84 x 26 x 70 cm<\/li>\n<li>Garantie : 10 ans<\/li>\n<\/ul>","protected":false},"featured_media":35616,"comment_status":"closed","ping_status":"closed","template":"","meta":{"site-sidebar-layout":"default","site-content-layout":"","ast-site-content-layout":"default","site-content-style":"default","site-sidebar-style":"default","ast-global-header-display":"","ast-banner-title-visibility":"","ast-main-header-display":"","ast-hfb-above-header-display":"","ast-hfb-below-header-display":"","ast-hfb-mobile-header-display":"","site-post-title":"","ast-breadcrumbs-content":"","ast-featured-img":"","footer-sml-layout":"","ast-disable-related-posts":"","theme-transparent-header-meta":"default","adv-header-id-meta":"","stick-header-meta":"","header-above-stick-meta":"","header-main-stick-meta":"","header-below-stick-meta":"","astra-migrate-meta-layouts":"set","ast-page-background-enabled":"default","ast-page-background-meta":{"desktop":{"background-color":"var(--ast-global-color-4)","background-image":"","background-repeat":"repeat","background-position":"center center","background-size":"auto","background-attachment":"scroll","background-type":"","background-media":"","overlay-type":"","overlay-color":"","overlay-opacity":"","overlay-gradient":""},"tablet":{"background-color":"","background-image":"","background-repeat":"repeat","background-position":"center center","background-size":"auto","background-attachment":"scroll","background-type":"","background-media":"","overlay-type":"","overlay-color":"","overlay-opacity":"","overlay-gradient":""},"mobile":{"background-color":"","background-image":"","background-repeat":"repeat","background-position":"center center","background-size":"auto","background-attachment":"scroll","background-type":"","background-media":"","overlay-type":"","overlay-color":"","overlay-opacity":"","overlay-gradient":""}},"ast-content-background-meta":{"desktop":{"background-color":"var(--ast-global-color-5)","background-image":"","background-repeat":"repeat","background-position":"center center","background-size":"auto","background-attachment":"scroll","background-type":"","background-media":"","overlay-type":"","overlay-color":"","overlay-opacity":"","overlay-gradient":""},"tablet":{"background-color":"var(--ast-global-color-5)","background-image":"","background-repeat":"repeat","background-position":"center center","background-size":"auto","background-attachment":"scroll","background-type":"","background-media":"","overlay-type":"","overlay-color":"","overlay-opacity":"","overlay-gradient":""},"mobile":{"background-color":"var(--ast-global-color-5)","background-image":"","background-repeat":"repeat","background-position":"center center","background-size":"auto","background-attachment":"scroll","background-type":"","background-media":"","overlay-type":"","overlay-color":"","overlay-opacity":"","overlay-gradient":""}}},"pwb-brand":[1007],"product_brand":[],"product_cat":[340,341],"product_tag":[],"class_list":{"0":"post-35606","1":"product","2":"type-product","3":"status-publish","4":"has-post-thumbnail","6":"pwb-brand-baterias-pytes","7":"product_cat-baterias","8":"product_cat-baterias-litio-48v","9":"product_shipping_class-baterias","10":"desktop-align-left","11":"tablet-align-left","12":"mobile-align-left","13":"ast-product-gallery-layout-horizontal-slider","14":"ast-product-tabs-layout-horizontal","16":"first","17":"instock","18":"taxable","19":"shipping-taxable","20":"product-type-simple"},"wcpa_form_fields":null,"brands":[{"id":1007,"name":"Piles Pytes","slug":"piles-a-pytes"}],"_links":{"self":[{"href":"https:\/\/fvcomponentes.com\/fr\/wp-json\/wp\/v2\/product\/35606","targetHints":{"allow":["GET"]}}],"collection":[{"href":"https:\/\/fvcomponentes.com\/fr\/wp-json\/wp\/v2\/product"}],"about":[{"href":"https:\/\/fvcomponentes.com\/fr\/wp-json\/wp\/v2\/types\/product"}],"replies":[{"embeddable":true,"href":"https:\/\/fvcomponentes.com\/fr\/wp-json\/wp\/v2\/comments?post=35606"}],"wp:featuredmedia":[{"embeddable":true,"href":"https:\/\/fvcomponentes.com\/fr\/wp-json\/wp\/v2\/media\/35616"}],"wp:attachment":[{"href":"https:\/\/fvcomponentes.com\/fr\/wp-json\/wp\/v2\/media?parent=35606"}],"wp:term":[{"taxonomy":"pwb-brand","embeddable":true,"href":"https:\/\/fvcomponentes.com\/fr\/wp-json\/wp\/v2\/pwb-brand?post=35606"},{"taxonomy":"product_brand","embeddable":true,"href":"https:\/\/fvcomponentes.com\/fr\/wp-json\/wp\/v2\/product_brand?post=35606"},{"taxonomy":"product_cat","embeddable":true,"href":"https:\/\/fvcomponentes.com\/fr\/wp-json\/wp\/v2\/product_cat?post=35606"},{"taxonomy":"product_tag","embeddable":true,"href":"https:\/\/fvcomponentes.com\/fr\/wp-json\/wp\/v2\/product_tag?post=35606"}],"curies":[{"name":"wp","href":"https:\/\/api.w.org\/{rel}","templated":true}]}}