{"id":35592,"date":"2026-01-29T20:34:55","date_gmt":"2026-01-29T19:34:55","guid":{"rendered":"https:\/\/fvcomponentes.com\/?post_type=product&#038;p=35592"},"modified":"2026-01-29T20:34:57","modified_gmt":"2026-01-29T19:34:57","slug":"support-v5-bk2-pytes-pour-v5-et-v5%ce%b1-plus-batteries-151204100203","status":"publish","type":"product","link":"https:\/\/fvcomponentes.com\/fr\/producto\/soporte-v5-bk2-pytes-para-baterias-v5-y-v5%ce%b1-plus-151204100203\/","title":{"rendered":"V5 BK2 Pytes V5 et V5\u03b1 PLUS support de batterie - 151204100203"},"content":{"rendered":"<h2>V5 BK2 Pytes V5 et V5\u03b1 PLUS support de batterie - 151204100203<\/h2>\n<p>Le support Pytes V5 BK2 est un accessoire de montage mural robuste con\u00e7u pour fixer de mani\u00e8re stable, s\u00fbre et nette deux batteries Pytes V5 ou V5\u03b1 PLUS en position verticale sur un mur, l'une au-dessus de l'autre.<\/p>\n<p>Cette solution de montage permet d'optimiser l'espace disponible, de maintenir un ordre professionnel dans l'installation et de s'assurer que les bobines sont correctement fix\u00e9es au mur sans compromettre la s\u00e9curit\u00e9 et l'accessibilit\u00e9.<\/p>\n<h2>Caract\u00e9ristiques du support V5 BK2 Pytes<\/h2>\n<h3>Conception<\/h3>\n<p>Le support V5 BK2 est fabriqu\u00e9 en acier galvanis\u00e9 (SGCC), un mat\u00e9riau robuste et durable \u00e0 long terme qui offre une r\u00e9sistance structurelle et une capacit\u00e9 de charge \u00e9lev\u00e9es, ainsi qu'une bonne protection contre la corrosion et le vieillissement.<\/p>\n<p>La construction m\u00e9tallique facilite \u00e9galement un ancrage solide sur la surface souhait\u00e9e, ce qui lui permet de supporter de mani\u00e8re fiable le poids de deux modules de batterie Pytes V5 ou V5\u03b1 PLUS.<\/p>\n<p>Le support se compose de plusieurs pi\u00e8ces de fixation qui se combinent pour maintenir les deux batteries verticalement et s'assurer qu'elles restent bien align\u00e9es et fermes une fois mont\u00e9es.<\/p>\n<h3>Installation et assemblage<\/h3>\n<p>Le support V5 BK2 est con\u00e7u pour permettre \u00e0 deux batteries Pytes V5 ou V5\u03b1 PLUS d'\u00eatre install\u00e9es directement sur un mur ou une surface verticale sans toucher le sol, ce qui permet de sur\u00e9lever les batteries par rapport au sol et de maintenir le syst\u00e8me d'alimentation organis\u00e9 et s\u00e9curis\u00e9.<\/p>\n<p>Ces supports sont robustes et permettent une installation rapide et facile. Ils assurent une fixation fiable des batteries et offrent une solution bien con\u00e7ue pour une installation propre et professionnelle.<\/p>\n<h3>Compatibilit\u00e9<\/h3>\n<p>Ces supports sont sp\u00e9cifiquement fabriqu\u00e9s pour s'adapter aux dimensions et aux points de fixation des batteries Pytes V5 et V5\u03b1 PLUS.<br \/>\nIls ne sont donc compatibles qu'avec ces piles.<\/p>\n<p>Il n'est pas recommand\u00e9 d'utiliser ce support pour des batteries d'autres marques ou mod\u00e8les dont les bo\u00eetiers ont des tailles et des g\u00e9om\u00e9tries diff\u00e9rentes.<\/p>\n<h2>Avantages des supports V5 BK2<\/h2>\n<p>Le principal avantage du support V5 BK2 est qu'il permet de fixer au mur deux batteries Pytes V5 \/ V5\u03b1 PLUS en parall\u00e8le sans encombrement au sol, ce qui optimise les espaces techniques ou les locaux de stockage. D'autres avantages sont :<\/p>\n<ul>\n<li>Contribue \u00e0 une plus grande <strong>l'organisation du syst\u00e8me et de l'installation<\/strong>, La GTB, facilitant l'acc\u00e8s aux connexions \u00e9lectriques et \u00e0 la GTB, ainsi qu'\u00e0 la maintenance.<\/li>\n<li>Augmenter la <strong>s\u00e9curit\u00e9 structurelle<\/strong>, Les piles ne sont pas soumises \u00e0 des mouvements, \u00e0 des basculements ou \u00e0 des contraintes m\u00e9caniques.<\/li>\n<li><strong>Meilleure ventilation et gestion thermique<\/strong>, en s\u00e9parant les modules de la surface du sol.<\/li>\n<li><strong>Am\u00e9lioration visuelle<\/strong> <strong>l'installation<\/strong>, ce qui lui donne un aspect plus professionnel.<\/li>\n<\/ul>\n<h2>Qu'est-ce qui est inclus dans les supports V5 BK2 ?<\/h2>\n<p>Les V5 BK2 comprennent<\/p>\n<ul>\n<li><strong>2 supports sup\u00e9rieurs<\/strong> pour maintenir la partie sup\u00e9rieure de chaque pile.<\/li>\n<li><strong>2 supports inf\u00e9rieurs<\/strong> des assistants qui apportent un soutien et une mise \u00e0 niveau.<\/li>\n<li><strong>2 plaques de connexion<\/strong>, Ils servent \u00e0 maintenir les unit\u00e9s ensemble et \u00e0 aligner correctement l'ensemble.<\/li>\n<\/ul>\n<h2>Pytes V5 BK2 Pytes V5 et V5\u03b1 PLUS sp\u00e9cifications techniques du porte-batterie - 151204100203<\/h2>\n<table>\n<thead>\n<tr>\n<th><strong>Sp\u00e9cifications<\/strong><\/th>\n<th><strong>D\u00e9tail<\/strong><\/th>\n<\/tr>\n<\/thead>\n<tbody>\n<tr>\n<td><strong>Produit<\/strong><\/td>\n<td>Support V5 BK2 Pytes<\/td>\n<\/tr>\n<tr>\n<td><strong>Mod\u00e8le \/ R\u00e9f\u00e9rence<\/strong><\/td>\n<td>151204100203<\/td>\n<\/tr>\n<tr>\n<td><strong>Compatibilit\u00e9 \/ Possibilit\u00e9 de montage<\/strong><\/td>\n<td>Jusqu'\u00e0 2 batteries V5 et V5\u03b1 PLUS<\/td>\n<\/tr>\n<tr>\n<td><strong>Type de montage<\/strong><\/td>\n<td>Fixation murale<\/td>\n<\/tr>\n<tr>\n<td><strong>Mat\u00e9riau<\/strong><\/td>\n<td>Acier galvanis\u00e9 (SGCC)<\/td>\n<\/tr>\n<tr>\n<td><strong>Contenu de l'emballage<\/strong><\/td>\n<td>2 \u00d7 supports sup\u00e9rieurs<\/p>\n<p>2 \u00d7 supports auxiliaires inf\u00e9rieurs<\/p>\n<p>2 \u00d7 plaques de connexion<\/td>\n<\/tr>\n<tr>\n<td><strong>Dimensions - Supports sup\u00e9rieurs (L \u00d7 H \u00d7 P)<\/strong><\/td>\n<td>291 \u00d7 187 \u00d7 27 mm<\/td>\n<\/tr>\n<tr>\n<td><strong>Dimensions - Supports auxiliaires inf\u00e9rieurs (L \u00d7 H \u00d7 P)<\/strong><\/td>\n<td>60 \u00d7 50 \u00d7 53 mm<\/td>\n<\/tr>\n<tr>\n<td><strong>Dimensions - Plaques de connexion (L \u00d7 H \u00d7 P)<\/strong><\/td>\n<td>27,5 \u00d7 60 \u00d7 100 mm<\/td>\n<\/tr>\n<tr>\n<td><strong>Poids total du support<\/strong><\/td>\n<td>2,09 kg<\/td>\n<\/tr>\n<\/tbody>\n<\/table>\n<h2>Informations techniques pour le support de batterie V5 BK2 Pytes V5 et V5\u03b1 PLUS - 151204100203<\/h2>\n<p><a href=\"https:\/\/fvcomponentes.com\/wp-content\/uploads\/2026\/01\/123e058db5fc94588b3bfc5a9b7ee783c65baf9013dfabeda3c3fb0855668835.pdf\" target=\"_blank\" rel=\"noopener\">Pytes V5 BK2 Pytes BK2 bracket data sheet<\/a><\/p>\n<p><a href=\"https:\/\/fvcomponentes.com\/wp-content\/uploads\/2026\/01\/37965ca076628dc65bd91dac65c2a7cfa6750d8533c986abaf94d8f6e0eb3fe5.pdf\" target=\"_blank\" rel=\"noopener\">V5 BK2 Pytes BK2 Bracket Guide d'installation<\/a><\/p>","protected":false},"excerpt":{"rendered":"<ul>\n<li>Empilage maximal : jusqu'\u00e0 2 batteries V5 \/ V5\u00b0\u03b1 Plus<\/li>\n<li>Fixation murale<\/li>\n<li>Mat\u00e9riau : Acier galvanis\u00e9 (SGCC)<\/li>\n<li>Support sup\u00e9rieur : 29,1 x 18,7 x 2,7 cm<\/li>\n<li>Bo\u00eetier de p\u00e9dalier : 6 x 5 x 5,3 cm<\/li>\n<li>Plaques de connexion : 10 x 6 x 2,75 cm<\/li>\n<li>Poids : 2,09 kg<\/li>\n<\/ul>","protected":false},"featured_media":35599,"comment_status":"closed","ping_status":"closed","template":"","meta":{"site-sidebar-layout":"default","site-content-layout":"","ast-site-content-layout":"default","site-content-style":"default","site-sidebar-style":"default","ast-global-header-display":"","ast-banner-title-visibility":"","ast-main-header-display":"","ast-hfb-above-header-display":"","ast-hfb-below-header-display":"","ast-hfb-mobile-header-display":"","site-post-title":"","ast-breadcrumbs-content":"","ast-featured-img":"","footer-sml-layout":"","ast-disable-related-posts":"","theme-transparent-header-meta":"default","adv-header-id-meta":"","stick-header-meta":"","header-above-stick-meta":"","header-main-stick-meta":"","header-below-stick-meta":"","astra-migrate-meta-layouts":"set","ast-page-background-enabled":"default","ast-page-background-meta":{"desktop":{"background-color":"var(--ast-global-color-4)","background-image":"","background-repeat":"repeat","background-position":"center center","background-size":"auto","background-attachment":"scroll","background-type":"","background-media":"","overlay-type":"","overlay-color":"","overlay-opacity":"","overlay-gradient":""},"tablet":{"background-color":"","background-image":"","background-repeat":"repeat","background-position":"center center","background-size":"auto","background-attachment":"scroll","background-type":"","background-media":"","overlay-type":"","overlay-color":"","overlay-opacity":"","overlay-gradient":""},"mobile":{"background-color":"","background-image":"","background-repeat":"repeat","background-position":"center center","background-size":"auto","background-attachment":"scroll","background-type":"","background-media":"","overlay-type":"","overlay-color":"","overlay-opacity":"","overlay-gradient":""}},"ast-content-background-meta":{"desktop":{"background-color":"var(--ast-global-color-5)","background-image":"","background-repeat":"repeat","background-position":"center center","background-size":"auto","background-attachment":"scroll","background-type":"","background-media":"","overlay-type":"","overlay-color":"","overlay-opacity":"","overlay-gradient":""},"tablet":{"background-color":"var(--ast-global-color-5)","background-image":"","background-repeat":"repeat","background-position":"center center","background-size":"auto","background-attachment":"scroll","background-type":"","background-media":"","overlay-type":"","overlay-color":"","overlay-opacity":"","overlay-gradient":""},"mobile":{"background-color":"var(--ast-global-color-5)","background-image":"","background-repeat":"repeat","background-position":"center center","background-size":"auto","background-attachment":"scroll","background-type":"","background-media":"","overlay-type":"","overlay-color":"","overlay-opacity":"","overlay-gradient":""}}},"pwb-brand":[1007],"product_brand":[],"product_cat":[340,435],"product_tag":[],"class_list":{"0":"post-35592","1":"product","2":"type-product","3":"status-publish","4":"has-post-thumbnail","6":"pwb-brand-baterias-pytes","7":"product_cat-baterias","8":"product_cat-bms-sistemas-de-supervision-de-baterias","9":"desktop-align-left","10":"tablet-align-left","11":"mobile-align-left","12":"ast-product-gallery-layout-horizontal-slider","13":"ast-product-tabs-layout-horizontal","15":"first","16":"onbackorder","17":"taxable","18":"shipping-taxable","19":"purchasable","20":"product-type-simple"},"wcpa_form_fields":null,"brands":[{"id":1007,"name":"Piles Pytes","slug":"piles-a-pytes"}],"_links":{"self":[{"href":"https:\/\/fvcomponentes.com\/fr\/wp-json\/wp\/v2\/product\/35592","targetHints":{"allow":["GET"]}}],"collection":[{"href":"https:\/\/fvcomponentes.com\/fr\/wp-json\/wp\/v2\/product"}],"about":[{"href":"https:\/\/fvcomponentes.com\/fr\/wp-json\/wp\/v2\/types\/product"}],"replies":[{"embeddable":true,"href":"https:\/\/fvcomponentes.com\/fr\/wp-json\/wp\/v2\/comments?post=35592"}],"wp:featuredmedia":[{"embeddable":true,"href":"https:\/\/fvcomponentes.com\/fr\/wp-json\/wp\/v2\/media\/35599"}],"wp:attachment":[{"href":"https:\/\/fvcomponentes.com\/fr\/wp-json\/wp\/v2\/media?parent=35592"}],"wp:term":[{"taxonomy":"pwb-brand","embeddable":true,"href":"https:\/\/fvcomponentes.com\/fr\/wp-json\/wp\/v2\/pwb-brand?post=35592"},{"taxonomy":"product_brand","embeddable":true,"href":"https:\/\/fvcomponentes.com\/fr\/wp-json\/wp\/v2\/product_brand?post=35592"},{"taxonomy":"product_cat","embeddable":true,"href":"https:\/\/fvcomponentes.com\/fr\/wp-json\/wp\/v2\/product_cat?post=35592"},{"taxonomy":"product_tag","embeddable":true,"href":"https:\/\/fvcomponentes.com\/fr\/wp-json\/wp\/v2\/product_tag?post=35592"}],"curies":[{"name":"wp","href":"https:\/\/api.w.org\/{rel}","templated":true}]}}