{"id":35539,"date":"2026-01-29T20:35:00","date_gmt":"2026-01-29T19:35:00","guid":{"rendered":"https:\/\/fvcomponentes.com\/?post_type=product&#038;p=35539"},"modified":"2026-01-29T20:35:05","modified_gmt":"2026-01-29T19:35:05","slug":"support-v5-bk1-pytes-for-v5-and-v5%ce%b1-plus-batteries-151204100183","status":"publish","type":"product","link":"https:\/\/fvcomponentes.com\/fr\/producto\/soporte-v5-bk1-pytes-para-baterias-v5-y-v5%ce%b1-plus-151204100183\/","title":{"rendered":"V5 BK1 Porte-batterie Pytes V5 et V5\u03b1 PLUS - 151204100183"},"content":{"rendered":"<h2>V5 BK1 Porte-batterie Pytes V5 et V5\u03b1 PLUS - 151204100183<\/h2>\n<p>Le support V5 BK1 est un syst\u00e8me de montage robuste, solide et durable en acier galvanis\u00e9, sp\u00e9cialement con\u00e7u pour monter de mani\u00e8re s\u00fbre et stable une batterie Pytes de la s\u00e9rie V5 (mod\u00e8les V5 et V5\u03b1 PLUS).<\/p>\n<p>Ce support sert de structure de fixation murale et permet de s\u00e9curiser la position physique des batteries au lithium Pytes V5 et V5\u03b1 PLUS, offrant ainsi une solution robuste et pratique et facilitant leur int\u00e9gration dans les syst\u00e8mes de stockage d'\u00e9nergie domestiques ou industriels.<br \/>\nIl est particuli\u00e8rement utile pour les installations dans les espaces techniques, les armoires \u00e0 batteries ou sur le mur, o\u00f9 une fixation solide et une esth\u00e9tique soign\u00e9e sont requises, \u00e9vitant que les batteries ne reposent sur le sol ou ne soient mal positionn\u00e9es.<\/p>\n<p>Le support Pytes V5 BK1 est bien plus qu'un simple accessoire : il s'agit d'un \u00e9quipement essentiel pour ceux qui souhaitent fixer correctement une batterie Pytes au mur, en optimisant l'espace disponible, en am\u00e9liorant l'organisation du syst\u00e8me et en garantissant une installation s\u00fbre et professionnelle.<\/p>\n<h2>Caract\u00e9ristiques du support V5 BK1 Pytes<\/h2>\n<h3>Conception<\/h3>\n<p>Le support V5 BK1 est fabriqu\u00e9 en acier galvanis\u00e9 (SGCC), connu pour sa durabilit\u00e9, sa r\u00e9sistance \u00e0 la corrosion et sa capacit\u00e9 \u00e0 supporter le poids de la batterie sans se d\u00e9former au fil du temps, ce qui le rend adapt\u00e9 aux environnements o\u00f9 des changements de temp\u00e9rature ou de la poussi\u00e8re peuvent se produire.<\/p>\n<p>Le V5 BK1 est con\u00e7u pour contenir une seule batterie Pytes V5 ou V5\u03b1 PLUS.<\/p>\n<h3>Installation et assemblage<\/h3>\n<p>Le support V5 BK1 est con\u00e7u pour permettre \u00e0 la batterie Pytes V5 ou V5\u03b1 PLUS d'\u00eatre install\u00e9e directement sur un mur ou une surface verticale sans toucher le sol, ce qui permet de sur\u00e9lever la batterie par rapport au sol et de maintenir le syst\u00e8me d'alimentation organis\u00e9 et s\u00e9curis\u00e9.<\/p>\n<p>Il est tr\u00e8s important que l'installation soit effectu\u00e9e avec la batterie d\u00e9connect\u00e9e de l'onduleur ou de tout \u00e9quipement auquel elle est connect\u00e9e, afin d'\u00e9viter tout risque \u00e9lectrique.<\/p>\n<h3>Compatibilit\u00e9<\/h3>\n<p>Ces supports sont sp\u00e9cifiquement fabriqu\u00e9s pour s'adapter aux dimensions et aux points de fixation des batteries Pytes V5 et V5\u03b1 PLUS.<br \/>\nIls ne sont donc compatibles qu'avec ces piles.<\/p>\n<p>Il n'est pas recommand\u00e9 d'utiliser ce support pour des batteries d'autres marques ou mod\u00e8les dont les bo\u00eetiers ont des tailles et des g\u00e9om\u00e9tries diff\u00e9rentes.<\/p>\n<h2>Avantages du support V5 BK1<\/h2>\n<p>Le support V5 BK1 devient un \u00e9l\u00e9ment cl\u00e9 dans l'installation professionnelle des syst\u00e8mes de stockage d'\u00e9nergie gr\u00e2ce \u00e0 ses avantages :<\/p>\n<ul>\n<li><strong>La s\u00e9curit\u00e9 :<\/strong> r\u00e9duit le risque de chute ou de d\u00e9logement de la batterie.<\/li>\n<li><strong>Commande :<\/strong> offre une solution propre et esth\u00e9tique pour les installations int\u00e9rieures.<\/li>\n<li><strong>Fonctionnalit\u00e9 :<\/strong> facilite les op\u00e9rations ult\u00e9rieures d'entretien ou de test car la batterie est \u00e0 une hauteur accessible.<\/li>\n<li><strong>Optimisation de l'espace :<\/strong> particuli\u00e8rement important dans les installations \u00e0 batteries multiples ou dans les racks de stockage.<\/li>\n<\/ul>\n<h2>Qu'est-ce qui est inclus dans les supports V5 BK1 ?<\/h2>\n<p>Les V5 BK1 comprennent<\/p>\n<ul>\n<li><strong>2 supports sup\u00e9rieurs :<\/strong> responsable de l'ancrage de la batterie au mur par le haut.<\/li>\n<li><strong>2 supports auxiliaires inf\u00e9rieurs :<\/strong> aident \u00e0 maintenir la batterie en position et supportent tout le poids de la batterie lorsque celle-ci est pos\u00e9e sur le mur, afin d'\u00e9viter tout mouvement ou oscillation.<\/li>\n<\/ul>\n<h2>Caract\u00e9ristiques techniques du porte-batterie Pytes V5 BK1 V5 et V5\u03b1 PLUS - 151204100183<\/h2>\n<table>\n<thead>\n<tr>\n<th><strong>Sp\u00e9cifications<\/strong><\/th>\n<th><strong>D\u00e9tail<\/strong><\/th>\n<\/tr>\n<\/thead>\n<tbody>\n<tr>\n<td><strong>Nom du produit<\/strong><\/td>\n<td>Support V5 BK1 Pytes<\/td>\n<\/tr>\n<tr>\n<td><strong>R\u00e9f\u00e9rence<\/strong><\/td>\n<td>151204100183<\/td>\n<\/tr>\n<tr>\n<td><strong>Compatibilit\u00e9 \/ Possibilit\u00e9 de montage<\/strong><\/td>\n<td>1 unit\u00e9 de batterie Pytes V5 \/ V5\u00b0\u03b1 Plus<\/td>\n<\/tr>\n<tr>\n<td><strong>Type de montage<\/strong><\/td>\n<td>Fixation murale<\/td>\n<\/tr>\n<tr>\n<td><strong>Mat\u00e9riau<\/strong><\/td>\n<td>\u00a0Acier galvanis\u00e9 (SGCC)<\/td>\n<\/tr>\n<tr>\n<td><strong>Contenu\u00a0<\/strong><\/td>\n<td>2 \u00d7 supports sup\u00e9rieurs<\/p>\n<p>2 \u00d7 supports auxiliaires inf\u00e9rieurs<\/td>\n<\/tr>\n<tr>\n<td><strong>Dimensions du support sup\u00e9rieur (L \u00d7 H \u00d7 P)<\/strong><\/td>\n<td>14,5 \u00d7 9,2 \u00d7 2,7 cm<\/td>\n<\/tr>\n<tr>\n<td><strong>Dimensions du p\u00e9dalier (L \u00d7 H \u00d7 P)<\/strong><\/td>\n<td>6 \u00d7 5 \u00d7 4,8 cm<\/td>\n<\/tr>\n<tr>\n<td><strong>Poids fixe<\/strong><\/td>\n<td>0,74 kg<\/td>\n<\/tr>\n<\/tbody>\n<\/table>\n<h2>Informations techniques pour le support de batterie V5 BK1 Pytes V5 et V5\u03b1 PLUS - 151204100183<\/h2>\n<p><a href=\"https:\/\/fvcomponentes.com\/wp-content\/uploads\/2026\/01\/7658125b1b9c82ba8f8d09865efb3525.pdf\" target=\"_blank\" rel=\"noopener\">Fiche technique du support Pytes V5 BK1<\/a><\/p>\n<p><a href=\"https:\/\/fvcomponentes.com\/wp-content\/uploads\/2026\/01\/c01f172c9e51a78481fd3ef0b3e338f1.pdf\" target=\"_blank\" rel=\"noopener\">Pytes V5 BK1 BK1 Support Guide d'installation<\/a><\/p>","protected":false},"excerpt":{"rendered":"<ul>\n<li>Empilage maximal : jusqu'\u00e0 1 batterie V5 \/ V5\u00b0\u03b1 Plus<\/li>\n<li>Fixation murale<\/li>\n<li>Mat\u00e9riau : Acier galvanis\u00e9 (SGCC)<\/li>\n<li>Support sup\u00e9rieur : 14,5 x 9,2 x 2,7 cm<\/li>\n<li>Bo\u00eetier de p\u00e9dalier : 6 x 5 x 4,8 cm<\/li>\n<li>Poids : 0,74 kg<\/li>\n<\/ul>","protected":false},"featured_media":35587,"comment_status":"closed","ping_status":"closed","template":"","meta":{"site-sidebar-layout":"default","site-content-layout":"","ast-site-content-layout":"default","site-content-style":"default","site-sidebar-style":"default","ast-global-header-display":"","ast-banner-title-visibility":"","ast-main-header-display":"","ast-hfb-above-header-display":"","ast-hfb-below-header-display":"","ast-hfb-mobile-header-display":"","site-post-title":"","ast-breadcrumbs-content":"","ast-featured-img":"","footer-sml-layout":"","ast-disable-related-posts":"","theme-transparent-header-meta":"default","adv-header-id-meta":"","stick-header-meta":"","header-above-stick-meta":"","header-main-stick-meta":"","header-below-stick-meta":"","astra-migrate-meta-layouts":"set","ast-page-background-enabled":"default","ast-page-background-meta":{"desktop":{"background-color":"var(--ast-global-color-4)","background-image":"","background-repeat":"repeat","background-position":"center center","background-size":"auto","background-attachment":"scroll","background-type":"","background-media":"","overlay-type":"","overlay-color":"","overlay-opacity":"","overlay-gradient":""},"tablet":{"background-color":"","background-image":"","background-repeat":"repeat","background-position":"center center","background-size":"auto","background-attachment":"scroll","background-type":"","background-media":"","overlay-type":"","overlay-color":"","overlay-opacity":"","overlay-gradient":""},"mobile":{"background-color":"","background-image":"","background-repeat":"repeat","background-position":"center center","background-size":"auto","background-attachment":"scroll","background-type":"","background-media":"","overlay-type":"","overlay-color":"","overlay-opacity":"","overlay-gradient":""}},"ast-content-background-meta":{"desktop":{"background-color":"var(--ast-global-color-5)","background-image":"","background-repeat":"repeat","background-position":"center center","background-size":"auto","background-attachment":"scroll","background-type":"","background-media":"","overlay-type":"","overlay-color":"","overlay-opacity":"","overlay-gradient":""},"tablet":{"background-color":"var(--ast-global-color-5)","background-image":"","background-repeat":"repeat","background-position":"center center","background-size":"auto","background-attachment":"scroll","background-type":"","background-media":"","overlay-type":"","overlay-color":"","overlay-opacity":"","overlay-gradient":""},"mobile":{"background-color":"var(--ast-global-color-5)","background-image":"","background-repeat":"repeat","background-position":"center center","background-size":"auto","background-attachment":"scroll","background-type":"","background-media":"","overlay-type":"","overlay-color":"","overlay-opacity":"","overlay-gradient":""}}},"pwb-brand":[1007],"product_brand":[],"product_cat":[340,414],"product_tag":[],"class_list":{"0":"post-35539","1":"product","2":"type-product","3":"status-publish","4":"has-post-thumbnail","6":"pwb-brand-baterias-pytes","7":"product_cat-baterias","8":"product_cat-armarios-rack-para-baterias","9":"desktop-align-left","10":"tablet-align-left","11":"mobile-align-left","12":"ast-product-gallery-layout-horizontal-slider","13":"ast-product-tabs-layout-horizontal","15":"first","16":"onbackorder","17":"taxable","18":"shipping-taxable","19":"purchasable","20":"product-type-simple"},"wcpa_form_fields":null,"brands":[{"id":1007,"name":"Piles Pytes","slug":"piles-a-pytes"}],"_links":{"self":[{"href":"https:\/\/fvcomponentes.com\/fr\/wp-json\/wp\/v2\/product\/35539","targetHints":{"allow":["GET"]}}],"collection":[{"href":"https:\/\/fvcomponentes.com\/fr\/wp-json\/wp\/v2\/product"}],"about":[{"href":"https:\/\/fvcomponentes.com\/fr\/wp-json\/wp\/v2\/types\/product"}],"replies":[{"embeddable":true,"href":"https:\/\/fvcomponentes.com\/fr\/wp-json\/wp\/v2\/comments?post=35539"}],"wp:featuredmedia":[{"embeddable":true,"href":"https:\/\/fvcomponentes.com\/fr\/wp-json\/wp\/v2\/media\/35587"}],"wp:attachment":[{"href":"https:\/\/fvcomponentes.com\/fr\/wp-json\/wp\/v2\/media?parent=35539"}],"wp:term":[{"taxonomy":"pwb-brand","embeddable":true,"href":"https:\/\/fvcomponentes.com\/fr\/wp-json\/wp\/v2\/pwb-brand?post=35539"},{"taxonomy":"product_brand","embeddable":true,"href":"https:\/\/fvcomponentes.com\/fr\/wp-json\/wp\/v2\/product_brand?post=35539"},{"taxonomy":"product_cat","embeddable":true,"href":"https:\/\/fvcomponentes.com\/fr\/wp-json\/wp\/v2\/product_cat?post=35539"},{"taxonomy":"product_tag","embeddable":true,"href":"https:\/\/fvcomponentes.com\/fr\/wp-json\/wp\/v2\/product_tag?post=35539"}],"curies":[{"name":"wp","href":"https:\/\/api.w.org\/{rel}","templated":true}]}}