{"id":35525,"date":"2026-01-21T09:45:52","date_gmt":"2026-01-21T08:45:52","guid":{"rendered":"https:\/\/fvcomponentes.com\/?post_type=product&#038;p=35525"},"modified":"2026-01-30T11:41:33","modified_gmt":"2026-01-30T10:41:33","slug":"bcu-batterie-lithium-lifepo4-pytes-pi-lv1-110404100001","status":"publish","type":"product","link":"https:\/\/fvcomponentes.com\/fr\/producto\/bcu-bateria-de-litio-lifepo4-pytes-pi-lv1-110404100001\/","title":{"rendered":"BCU Batterie Lithium LiFePO4 Pytes Pi LV1 - 110404100001"},"content":{"rendered":"<h2>BCU Batterie Lithium LiFePO4 Pytes Pi LV1 - 110404100001<\/h2>\n<p>Le Pytes Pi LV1 BCU (Battery Control Unit) est l'unit\u00e9 de contr\u00f4le centrale des modules de batterie Pytes Pi LV1 LiFePO\u2084, sp\u00e9cialement con\u00e7ue pour g\u00e9rer, prot\u00e9ger et optimiser le fonctionnement de ces modules.<\/p>\n<p>Sa fonction de module de contr\u00f4le est essentielle pour garantir la s\u00e9curit\u00e9, l'efficacit\u00e9, la stabilit\u00e9, la communication et l'\u00e9volutivit\u00e9 des installations solaires r\u00e9sidentielles et commerciales.<\/p>\n<p>La BCU agit comme le cerveau du syst\u00e8me, coordonnant le fonctionnement des batteries connect\u00e9es, assurant une distribution \u00e9quilibr\u00e9e de l'\u00e9nergie et permettant une int\u00e9gration efficace avec les onduleurs hybrides modernes.<\/p>\n<h2>Caract\u00e9ristiques du Pytes Pi LV1 BCU<\/h2>\n<h3>Fonctionnalit\u00e9<\/h3>\n<p>Le Pytes Pi LV1 BCU est install\u00e9 au-dessus de l'assemblage empil\u00e9\/banque de batteries et est essentiel pour le fonctionnement du syst\u00e8me Pi LV1 lorsque plusieurs modules sont utilis\u00e9s en parall\u00e8le.<\/p>\n<p>La BCU surveille l'\u00e9tat \u00e9lectrique et thermique de chaque batterie connect\u00e9e, g\u00e8re la charge et la d\u00e9charge de mani\u00e8re coordonn\u00e9e, centralise la communication avec l'onduleur et veille \u00e0 ce que le syst\u00e8me fonctionne dans les param\u00e8tres de s\u00e9curit\u00e9 d\u00e9finis par Pytes.<\/p>\n<p>Gr\u00e2ce \u00e0 cette architecture, le syst\u00e8me Pi LV1 devient une solution modulaire, ordonn\u00e9e et facilement extensible, sans n\u00e9cessiter de configurations complexes.<\/p>\n<h3>Conception<\/h3>\n<p>La BCU pr\u00e9sente de nombreux avantages tels que son r\u00f4le dans l'\u00e9volutivit\u00e9 du syst\u00e8me, car elle permet de connecter plusieurs modules de batterie Pi LV1 \u00e0 une seule banque, facilite l'expansion future sans remplacer les composants existants et maintient un contr\u00f4le stable m\u00eame lorsque la capacit\u00e9 totale du syst\u00e8me augmente.<\/p>\n<p>Par cons\u00e9quent, gr\u00e2ce au Pytes Pi LV1 BCU, vous pouvez commencer avec une capacit\u00e9 de base de modules de batterie Pi LV1 et augmenter progressivement le syst\u00e8me au fur et \u00e0 mesure que vos besoins en \u00e9nergie augmentent.<\/p>\n<h3>Fiabilit\u00e9 et durabilit\u00e9<\/h3>\n<p>Le BCU est con\u00e7u selon les normes de qualit\u00e9 Pytes et se caract\u00e9rise par un fonctionnement stable \u00e0 long terme, une \u00e9lectronique tr\u00e8s fiable et une conception optimis\u00e9e pour un fonctionnement continu avec les modules de batterie Pi LV1.<\/p>\n<p>Leur int\u00e9gration dans le syst\u00e8me contribue directement \u00e0 maximiser la dur\u00e9e de vie du parc de batteries et \u00e0 maintenir des performances constantes pour les ann\u00e9es \u00e0 venir.<\/p>\n<h3>Syst\u00e8me BMS centralis\u00e9<\/h3>\n<p>Le Pytes Pi LV1 BCU int\u00e8gre un syst\u00e8me de gestion de batterie (BMS) avanc\u00e9 qui fournit plusieurs niveaux de protection :<\/p>\n<ul>\n<li>Protection contre les surcharges et les d\u00e9charges excessives.<\/li>\n<li>Protection contre les surintensit\u00e9s et les courts-circuits.<\/li>\n<li>Contr\u00f4le de la temp\u00e9rature pour \u00e9viter la surchauffe.<\/li>\n<li>Contr\u00f4le de l'\u00e9quilibre de la tension entre les modules.<\/li>\n<\/ul>\n<p>Ce contr\u00f4le centralis\u00e9 prolonge la dur\u00e9e de vie de l'ensemble du syst\u00e8me et r\u00e9duit le risque de d\u00e9faillance, m\u00eame dans les configurations multi-modules.<\/p>\n<h3>Communication et compatibilit\u00e9<\/h3>\n<p>Le Pytes Pi LV1 BCU permet une communication stable et fiable entre le banc de batteries et l'onduleur via les protocoles CAN Bus et RS485.<\/p>\n<p>Gr\u00e2ce \u00e0 ces protocoles, l'investisseur peut recevoir des informations en temps r\u00e9el :<\/p>\n<ul>\n<li>\u00c9tat de charge (SOC).<\/li>\n<li>Tensions et courants.<\/li>\n<li>Temp\u00e9rature du syst\u00e8me.<\/li>\n<li>Alarmes et \u00e9tats de protection.<\/li>\n<\/ul>\n<p>Cela garantit une compatibilit\u00e9 optimale avec une large gamme d'onduleurs hybrides et de stockage 48 V, facilitant ainsi l'int\u00e9gration plug &amp; play.<\/p>\n<h2>Principaux avantages du Pytes Pi LV1 BCU<\/h2>\n<p>La BCU pr\u00e9sente de nombreux avantages, tels que<\/p>\n<ul>\n<li>Pi LV1 Contr\u00f4le central de la batterie<\/li>\n<li>Gestion intelligente du chargement, du d\u00e9chargement et de la protection<\/li>\n<li>Communication transparente avec les onduleurs via CAN et RS485<\/li>\n<li>Facilite les syst\u00e8mes modulaires et \u00e9volutifs<\/li>\n<li>Am\u00e9liore la s\u00e9curit\u00e9 et la stabilit\u00e9 de l'ensemble du syst\u00e8me<\/li>\n<li>Installation facile \u00e0 l'int\u00e9rieur du banc de batterie Pi LV1<\/li>\n<\/ul>\n<h2>BCU Technical Information Lithium LiFePO4 Battery Pytes Pi LV1 - 110404100001<\/h2>\n<p><a href=\"https:\/\/fvcomponentes.com\/wp-content\/uploads\/2026\/01\/952a251cc1bc9b66ca75a9aa756e058b-1.pdf\" target=\"_blank\" rel=\"noopener\">Fiche technique Pytes Pi LV1 BCU<\/a><\/p>\n<p><a href=\"https:\/\/fvcomponentes.com\/wp-content\/uploads\/2026\/01\/c16d1033018bbe1740d1e462aa387b95-1.pdf\" target=\"_blank\" rel=\"noopener\">Pytes Pi LV1 BCU manual<\/a><\/p>\n<p><a href=\"https:\/\/fvcomponentes.com\/wp-content\/uploads\/2026\/01\/26fe7be1ec8f4f9ee993a6cc940cea60e67f1001179bf3852cc77102c8e8f161.pdf\" target=\"_blank\" rel=\"noopener\">Pi LV1 Sp\u00e9cifications<\/a><\/p>","protected":false},"excerpt":{"rendered":"<p><strong><span style=\"color: #ff0000\">Essentiel pour le fonctionnement du syst\u00e8me de module de batterie Pi LV1.<\/span><\/strong><\/p>\n<ul>\n<li>Compatibilit\u00e9 : modules de batterie Pytes Pi LV1<\/li>\n<li>Fonctions de contr\u00f4le : surveillance de la tension, du courant et de la temp\u00e9rature, \u00e9quilibrage des cellules et protections de s\u00e9curit\u00e9.<\/li>\n<li>Interface : \u00e9cran LCD convivial pour un contr\u00f4le en temps r\u00e9el<\/li>\n<li>Communication : protocoles RS485 \/ CAN<\/li>\n<\/ul>","protected":false},"featured_media":36365,"comment_status":"closed","ping_status":"closed","template":"","meta":{"site-sidebar-layout":"default","site-content-layout":"","ast-site-content-layout":"default","site-content-style":"default","site-sidebar-style":"default","ast-global-header-display":"","ast-banner-title-visibility":"","ast-main-header-display":"","ast-hfb-above-header-display":"","ast-hfb-below-header-display":"","ast-hfb-mobile-header-display":"","site-post-title":"","ast-breadcrumbs-content":"","ast-featured-img":"","footer-sml-layout":"","ast-disable-related-posts":"","theme-transparent-header-meta":"default","adv-header-id-meta":"","stick-header-meta":"","header-above-stick-meta":"","header-main-stick-meta":"","header-below-stick-meta":"","astra-migrate-meta-layouts":"set","ast-page-background-enabled":"default","ast-page-background-meta":{"desktop":{"background-color":"var(--ast-global-color-4)","background-image":"","background-repeat":"repeat","background-position":"center center","background-size":"auto","background-attachment":"scroll","background-type":"","background-media":"","overlay-type":"","overlay-color":"","overlay-opacity":"","overlay-gradient":""},"tablet":{"background-color":"","background-image":"","background-repeat":"repeat","background-position":"center center","background-size":"auto","background-attachment":"scroll","background-type":"","background-media":"","overlay-type":"","overlay-color":"","overlay-opacity":"","overlay-gradient":""},"mobile":{"background-color":"","background-image":"","background-repeat":"repeat","background-position":"center center","background-size":"auto","background-attachment":"scroll","background-type":"","background-media":"","overlay-type":"","overlay-color":"","overlay-opacity":"","overlay-gradient":""}},"ast-content-background-meta":{"desktop":{"background-color":"var(--ast-global-color-5)","background-image":"","background-repeat":"repeat","background-position":"center center","background-size":"auto","background-attachment":"scroll","background-type":"","background-media":"","overlay-type":"","overlay-color":"","overlay-opacity":"","overlay-gradient":""},"tablet":{"background-color":"var(--ast-global-color-5)","background-image":"","background-repeat":"repeat","background-position":"center center","background-size":"auto","background-attachment":"scroll","background-type":"","background-media":"","overlay-type":"","overlay-color":"","overlay-opacity":"","overlay-gradient":""},"mobile":{"background-color":"var(--ast-global-color-5)","background-image":"","background-repeat":"repeat","background-position":"center center","background-size":"auto","background-attachment":"scroll","background-type":"","background-media":"","overlay-type":"","overlay-color":"","overlay-opacity":"","overlay-gradient":""}}},"pwb-brand":[1007],"product_brand":[],"product_cat":[341,340,435],"product_tag":[],"class_list":{"0":"post-35525","1":"product","2":"type-product","3":"status-publish","4":"has-post-thumbnail","6":"pwb-brand-baterias-pytes","7":"product_cat-baterias-litio-48v","8":"product_cat-baterias","9":"product_cat-bms-sistemas-de-supervision-de-baterias","10":"desktop-align-left","11":"tablet-align-left","12":"mobile-align-left","13":"ast-product-gallery-layout-horizontal-slider","14":"ast-product-tabs-layout-horizontal","16":"first","17":"instock","18":"taxable","19":"shipping-taxable","20":"purchasable","21":"product-type-simple"},"wcpa_form_fields":null,"brands":[{"id":1007,"name":"Piles Pytes","slug":"piles-a-pytes"}],"_links":{"self":[{"href":"https:\/\/fvcomponentes.com\/fr\/wp-json\/wp\/v2\/product\/35525","targetHints":{"allow":["GET"]}}],"collection":[{"href":"https:\/\/fvcomponentes.com\/fr\/wp-json\/wp\/v2\/product"}],"about":[{"href":"https:\/\/fvcomponentes.com\/fr\/wp-json\/wp\/v2\/types\/product"}],"replies":[{"embeddable":true,"href":"https:\/\/fvcomponentes.com\/fr\/wp-json\/wp\/v2\/comments?post=35525"}],"wp:featuredmedia":[{"embeddable":true,"href":"https:\/\/fvcomponentes.com\/fr\/wp-json\/wp\/v2\/media\/36365"}],"wp:attachment":[{"href":"https:\/\/fvcomponentes.com\/fr\/wp-json\/wp\/v2\/media?parent=35525"}],"wp:term":[{"taxonomy":"pwb-brand","embeddable":true,"href":"https:\/\/fvcomponentes.com\/fr\/wp-json\/wp\/v2\/pwb-brand?post=35525"},{"taxonomy":"product_brand","embeddable":true,"href":"https:\/\/fvcomponentes.com\/fr\/wp-json\/wp\/v2\/product_brand?post=35525"},{"taxonomy":"product_cat","embeddable":true,"href":"https:\/\/fvcomponentes.com\/fr\/wp-json\/wp\/v2\/product_cat?post=35525"},{"taxonomy":"product_tag","embeddable":true,"href":"https:\/\/fvcomponentes.com\/fr\/wp-json\/wp\/v2\/product_tag?post=35525"}],"curies":[{"name":"wp","href":"https:\/\/api.w.org\/{rel}","templated":true}]}}