{"id":35426,"date":"2026-01-29T20:29:52","date_gmt":"2026-01-29T19:29:52","guid":{"rendered":"https:\/\/fvcomponentes.com\/?post_type=product&#038;p=35426"},"modified":"2026-02-05T14:19:15","modified_gmt":"2026-02-05T13:19:15","slug":"batterie-lithium-pytes-v5a-plus-512v-5-12kwh-lifepo4-110402100134","status":"publish","type":"product","link":"https:\/\/fvcomponentes.com\/fr\/producto\/bateria-de-litio-pytes-v5a-plus-512v-5-12kwh-lifepo4-110402100134\/","title":{"rendered":"Pytes V5a PLUS 51.2V\/5.12kWh LiFePO4 batterie au lithium - 110402100134"},"content":{"rendered":"<h2>Batterie au lithium LiFePO4 Pytes V5\u03b1 PLUS 51.2V\/5.12kWh - 110402100134<\/h2>\n<p>Le V5\u03b1 PLUS de Pytes est un module de batterie lithium-ferrophosphate (LiFePO\u2084) de haute technologie, offrant une tr\u00e8s longue dur\u00e9e de vie, une r\u00e9sistance \u00e9lev\u00e9e aux cycles, une s\u00e9curit\u00e9 de niveau industriel, une extension plug-and-play et d'excellentes performances.<\/p>\n<p>Avec une tension nominale de 51,2V, une capacit\u00e9 de 5,12kWh, une grande stabilit\u00e9 de cycle (&gt;6000 cycles \u00e0 90% DoD) et une gestion intelligente de l'\u00e9nergie, elle permet une ind\u00e9pendance maximale par rapport au r\u00e9seau.<\/p>\n<p>La batterie est compatible avec de nombreux onduleurs et peut \u00eatre \u00e9tendue jusqu'\u00e0 430 kWh.<\/p>\n<p>La batterie V5\u03b1 PLUS est con\u00e7ue pour fournir un stockage d'\u00e9nergie fiable, efficace et s\u00fbr dans les installations photovolta\u00efques, les syst\u00e8mes de secours du r\u00e9seau, l'autoconsommation solaire ou les applications hors r\u00e9seau.<\/p>\n<p>Sa conception modulaire et montable en rack offre une protection avanc\u00e9e de la GTB, une extinction des incendies, une surveillance \u00e0 distance et une \u00e9volutivit\u00e9 parall\u00e8le facile d'une unit\u00e9 unique \u00e0 des configurations de grande capacit\u00e9 sans probl\u00e8me.<\/p>\n<h2>Caract\u00e9ristiques de la batterie Pytes V5\u03b1 PLUS<\/h2>\n<h3>Conception<\/h3>\n<p>La batterie V5\u03b1 PLUS est fabriqu\u00e9e dans un bo\u00eetier robuste de format standard 19\u2033, con\u00e7u pour un montage en rack, au sol ou au mur.<\/p>\n<p>Sa conception durable lui conf\u00e8re une dur\u00e9e de vie de plus de 10 ans, qui peut \u00eatre prolong\u00e9e jusqu'\u00e0 20 ans (en fonction de l'utilisation et des conditions).<\/p>\n<p>En outre, sa chimie LiFePO\u2084 (LFP) offre une plus grande stabilit\u00e9 thermique, une s\u00e9curit\u00e9 contre la surchauffe et une dur\u00e9e de vie plus longue que les chimies au lithium traditionnelles.<\/p>\n<h3>Gestion intelligente de la batterie (BMS)<\/h3>\n<p>La batterie V5\u03b1 PLUS comprend un syst\u00e8me int\u00e9gr\u00e9 qui prot\u00e8ge contre les courts-circuits, les surcharges, les surintensit\u00e9s, les d\u00e9s\u00e9quilibres et les surchauffes, augmentant ainsi la fiabilit\u00e9 et prolongeant la dur\u00e9e de vie de la batterie.<\/p>\n<p>En outre, il est dot\u00e9 d'une protection contre les basses temp\u00e9ratures et d'une protection contre l'inversion du c\u00e2ble d'alimentation, ainsi que d'un syst\u00e8me intelligent de charge et d'\u00e9quilibrage des cellules, et d'un calcul de la puissance restante de la batterie.<\/p>\n<h3>Triple protection<\/h3>\n<p>Le module de batterie V5\u03b1 PLUS comprend un syst\u00e8me de protection BMS avanc\u00e9, un interrupteur d'arr\u00eat d'urgence et un syst\u00e8me d'extinction d'incendie par a\u00e9rosol pour une s\u00e9curit\u00e9 op\u00e9rationnelle accrue.<\/p>\n<h3>Dur\u00e9e et efficacit\u00e9<\/h3>\n<p>Cette batterie pr\u00e9sente une dur\u00e9e de vie de \u22656000 cycles \u00e0 90 % de profondeur de d\u00e9charge (DOD), Ret \u00e0 70 %, 25 \u2103, ce qui se traduit par de nombreuses ann\u00e9es de fonctionnement quotidien avec tr\u00e8s peu de d\u00e9gradation.<\/p>\n<p>Son efficacit\u00e9 de cycle est sup\u00e9rieure \u00e0 celle du 95%, ce qui signifie que la quasi-totalit\u00e9 de l'\u00e9nergie entrante peut \u00eatre r\u00e9cup\u00e9r\u00e9e lors de la d\u00e9charge.<\/p>\n<p>En outre, il b\u00e9n\u00e9ficie d'une garantie de 10 ans avec l'assistance du fabricant.<\/p>\n<h3>Performance thermique et s\u00e9curit\u00e9<\/h3>\n<p>La batterie V5\u03b1 PLUS a une plage de temp\u00e9rature de fonctionnement typique comprise entre -10 \u00b0C et +50 \u00b0C pour une d\u00e9charge et une charge en toute s\u00e9curit\u00e9.<\/p>\n<p>Elle dispose \u00e9galement d'un syst\u00e8me de chauffage int\u00e9gr\u00e9 qui permet \u00e0 la batterie de fonctionner efficacement m\u00eame dans les climats froids, en maintenant la temp\u00e9rature interne dans des plages de fonctionnement optimales sans n\u00e9cessiter d'accessoires externes.<\/p>\n<h3>Surveillance et fonctions intelligentes<\/h3>\n<p>Le module de batterie V5\u03b1 PLUS se caract\u00e9rise par un contr\u00f4le \u00e0 distance et une visualisation des donn\u00e9es, car il permet de surveiller en temps r\u00e9el l'\u00e9tat de charge, les alarmes, l'historique des performances et la mise \u00e0 jour du logiciel BMS via WEB\/APP.<\/p>\n<p>En outre, il est dot\u00e9 d'un syst\u00e8me d'alarme et de notification des d\u00e9faillances qui contribue \u00e0 maintenir la s\u00e9curit\u00e9 et l'efficacit\u00e9 de la batterie.<\/p>\n<h3>Connectivit\u00e9 et \u00e9volutivit\u00e9<\/h3>\n<p>Le Pytes V5\u03b1 PLUS dispose de protocoles de communication CAN et RS-485, ce qui facilite la connexion aux onduleurs, aux contr\u00f4leurs et aux syst\u00e8mes de surveillance intelligents.<\/p>\n<p>En termes d'\u00e9volutivit\u00e9, cette batterie permet de connecter plusieurs unit\u00e9s en parall\u00e8le pour augmenter la capacit\u00e9 du syst\u00e8me.<br \/>\nDans les configurations avanc\u00e9es, des dizaines de modules peuvent \u00eatre utilis\u00e9s pour stocker 430 kWh.<\/p>\n<h2>Compatibilit\u00e9 des piles au lithium Pytes V5\u03b1 PLUS - 110402100134<\/h2>\n<p>Cette batterie fonctionne avec une large gamme d'onduleurs et de r\u00e9gulateurs solaires sur le march\u00e9, offrant ainsi une grande flexibilit\u00e9 d'int\u00e9gration.<\/p>\n<p>Les onduleurs les plus compatibles avec cette batterie Pytes sont Victron Energy, SMA, Goodwe, Growatt, Sol-Ark et Voltronic Power.<br \/>\nMais il est compatible avec de nombreuses autres marques.<\/p>\n<h2>Avantages de la batterie Pytes V5\u03b1 PLUS par rapport au V5<\/h2>\n<p>La batterie LiFePO4 V5\u03b1 PLUS est une \u00e9volution intelligente du mod\u00e8le V5, avec les avantages suivants :<\/p>\n<ul>\n<li>Une s\u00e9curit\u00e9 globale accrue<\/li>\n<li>Fonctions de surveillance et de maintenance \u00e0 distance<\/li>\n<li>Am\u00e9lioration des performances lors des pics \u00e9lectriques<\/li>\n<li>Installations plus complexes ou plus exigeantes<\/li>\n<li>Fiabilit\u00e9 dans les climats plus froids.<\/li>\n<\/ul>\n<p>Si votre utilisation va au-del\u00e0 d'une simple batterie plug &amp; play et que vous souhaitez maximiser la s\u00e9curit\u00e9, le contr\u00f4le et l'\u00e9volutivit\u00e9, le V5\u03b1 PLUS offre des avantages \u00e9vidents par rapport au V5.<\/p>\n<table>\n<thead>\n<tr>\n<th><strong>Fonctionnalit\u00e9<\/strong><\/th>\n<th><strong>V5\u03b1 PLUS<\/strong><\/th>\n<th><strong>V5<\/strong><\/th>\n<\/tr>\n<\/thead>\n<tbody>\n<tr>\n<td>Protection du BMS<\/td>\n<td>\u2714\ufe0f Avanc\u00e9<\/td>\n<td>\u2714\ufe0f Standard<\/td>\n<\/tr>\n<tr>\n<td>D\u00e9connexion d'urgence<\/td>\n<td>\u2714\ufe0f<\/td>\n<td>\u274c<\/td>\n<\/tr>\n<tr>\n<td>Suppression des a\u00e9rosols<\/td>\n<td>\u2714\ufe0f<\/td>\n<td>\u274c<\/td>\n<\/tr>\n<tr>\n<td>Surveillance WEB\/APP<\/td>\n<td>\u2714\ufe0f Int\u00e9gr\u00e9<\/td>\n<td>En option<\/td>\n<\/tr>\n<tr>\n<td>Chauffage interne<\/td>\n<td>Am\u00e9lior\u00e9e<\/td>\n<td>De base<\/td>\n<\/tr>\n<tr>\n<td>D\u00e9bit de pointe<\/td>\n<td>Jusqu'\u00e0 ~200 A<\/td>\n<td>\ud83d\udd0b ~180 A<\/td>\n<\/tr>\n<tr>\n<td>\u00c9volutivit\u00e9<\/td>\n<td>\ud83d\udcbc Major<\/td>\n<td>\ud83d\udcc8 Bon<\/td>\n<\/tr>\n<tr>\n<td>Robustesse m\u00e9canique<\/td>\n<td>\u2705 Majeur<\/td>\n<td>\u2705 Bon<\/td>\n<\/tr>\n<\/tbody>\n<\/table>\n<h2>Caract\u00e9ristiques techniques Batterie au lithium 51.2V\/5.12kWh LiFePO4 Pytes V5\u03b1 PLUS - 110402100134<\/h2>\n<table>\n<thead>\n<tr>\n<th><strong>Caract\u00e9ristiques<\/strong><\/th>\n<th><strong>Valeur \/ D\u00e9tail<\/strong><\/th>\n<\/tr>\n<\/thead>\n<tbody>\n<tr>\n<td><strong>Mod\u00e8le<\/strong><\/td>\n<td>Pytes V5\u00b0\u03b1 PLUS<\/td>\n<\/tr>\n<tr>\n<td><strong>Chimie cellulaire<\/strong><\/td>\n<td>LiFePO\u2084 (phosphate de fer lithi\u00e9)<\/td>\n<\/tr>\n<tr>\n<td><strong>Tension nominale<\/strong><\/td>\n<td>51,2 V<\/td>\n<\/tr>\n<tr>\n<td><strong>Plage de tension<\/strong><\/td>\n<td>47,5 V - 57,6 V<\/td>\n<\/tr>\n<tr>\n<td><strong>Capacit\u00e9 nominale<\/strong><\/td>\n<td>100 Ah<\/td>\n<\/tr>\n<tr>\n<td><strong>\u00c9nergie nominale<\/strong><\/td>\n<td>5,12 kWh<\/td>\n<\/tr>\n<tr>\n<td><strong>Courant de charge\/d\u00e9charge recommand\u00e9<\/strong><\/td>\n<td>75 A<\/td>\n<\/tr>\n<tr>\n<td><strong>Courant de charge\/d\u00e9charge continu maximum<\/strong><\/td>\n<td>75 A (\u00e0 temp\u00e9rature normale)<\/td>\n<\/tr>\n<tr>\n<td><strong>Courant maximal de cr\u00eate<\/strong><\/td>\n<td>101 A - 120 A (3 min) \/ 121 A - 200 A (15 sec)<\/td>\n<\/tr>\n<tr>\n<td><strong>Disjoncteur int\u00e9gr\u00e9<\/strong><\/td>\n<td>DC 125 V \/ 125 A<\/td>\n<\/tr>\n<tr>\n<td><strong>Communication \/ Protocoles<\/strong><\/td>\n<td>CAN \/ RS485<\/td>\n<\/tr>\n<tr>\n<td><strong>Bornes d'alimentation<\/strong><\/td>\n<td>Amphenol SurLok Plus 8,0 mm<\/td>\n<\/tr>\n<tr>\n<td><strong>Efficacit\u00e9 de l'aller-retour<\/strong><\/td>\n<td>\u2265 95 %<\/td>\n<\/tr>\n<tr>\n<td><strong>Cycle de vie<\/strong><\/td>\n<td>\u2265 6000 cycles \u00e0 90 % DOD<\/td>\n<\/tr>\n<tr>\n<td><strong>Dur\u00e9e de vie de la conception<\/strong><\/td>\n<td>&gt; 10 ans (jusqu'\u00e0 ~20 ans)<\/td>\n<\/tr>\n<tr>\n<td><strong>Certifications<\/strong><\/td>\n<td>UL9540 Ed.2, UL9540A, UL1973, CEC, SGIP, CE, IEC62619, UN38.3<\/td>\n<\/tr>\n<tr>\n<td><strong>Dimensions (L\u00d7L\u00d7H)<\/strong><\/td>\n<td>484 \u00d7 578,2 \u00d7 140 mm<\/td>\n<\/tr>\n<tr>\n<td><strong>Poids<\/strong><\/td>\n<td>45,34 kg<\/td>\n<\/tr>\n<tr>\n<td><strong>Temp\u00e9rature ambiante de fonctionnement<\/strong><\/td>\n<td>-10 \u00b0C - 50 \u00b0C<\/td>\n<\/tr>\n<tr>\n<td><strong>Syst\u00e8me de chauffage (coussin)<\/strong><\/td>\n<td>Oui, option int\u00e9gr\u00e9e pour le fonctionnement \u00e0 froid (-18 \u00b0C \u00e0 10 \u00b0C)<\/td>\n<\/tr>\n<tr>\n<td><strong>Assembl\u00e9e<\/strong><\/td>\n<td>Mur \/ sol \/ rack (3.2U)<\/td>\n<\/tr>\n<tr>\n<td><strong>\u00c9volutivit\u00e9 parall\u00e8le<\/strong><\/td>\n<td>Jusqu'\u00e0 16 unit\u00e9s (81,92 kWh) par groupe<\/td>\n<\/tr>\n<\/tbody>\n<\/table>\n<h2>Informations techniques sur la batterie Pytes V5\u03b1 PLUS<\/h2>\n<p><a href=\"https:\/\/fvcomponentes.com\/wp-content\/uploads\/2026\/01\/e378cebd689b8706ccd74a40c612ea4b-1.pdf\" target=\"_blank\" rel=\"noopener\">Fiche technique Pytes V5\u03b1 PLUS<\/a><\/p>\n<p><a href=\"https:\/\/fvcomponentes.com\/wp-content\/uploads\/2026\/01\/a237585177bae0c66b7ba4a994d9799b.pdf\" target=\"_blank\" rel=\"noopener\">Manuel Pytes V5\u03b1 PLUS<\/a><\/p>","protected":false},"excerpt":{"rendered":"<ul>\n<li>Tension nominale : 51,2 V<\/li>\n<li>\u00c9nergie nominale : 5,12 kWh<\/li>\n<li>Plage de tension : 47,5 - 57,6 V<\/li>\n<li>Capacit\u00e9 nominale : 100 Ah<\/li>\n<li>Courant de charge\/d\u00e9charge recommand\u00e9 : 75 A<\/li>\n<li>Plage de temp\u00e9rature de fonctionnement : -10\u00b0C - +50\u00b0C<\/li>\n<li>Cycles de vie : 6 000<\/li>\n<li>Poids : 45,34 kg<\/li>\n<li>Dimensions : 48,4 x 57,82 x 14 cm<\/li>\n<li>Garantie : 10 ans<\/li>\n<\/ul>","protected":false},"featured_media":35434,"comment_status":"closed","ping_status":"closed","template":"","meta":{"site-sidebar-layout":"default","site-content-layout":"","ast-site-content-layout":"default","site-content-style":"default","site-sidebar-style":"default","ast-global-header-display":"","ast-banner-title-visibility":"","ast-main-header-display":"","ast-hfb-above-header-display":"","ast-hfb-below-header-display":"","ast-hfb-mobile-header-display":"","site-post-title":"","ast-breadcrumbs-content":"","ast-featured-img":"","footer-sml-layout":"","ast-disable-related-posts":"","theme-transparent-header-meta":"default","adv-header-id-meta":"","stick-header-meta":"","header-above-stick-meta":"","header-main-stick-meta":"","header-below-stick-meta":"","astra-migrate-meta-layouts":"set","ast-page-background-enabled":"default","ast-page-background-meta":{"desktop":{"background-color":"var(--ast-global-color-4)","background-image":"","background-repeat":"repeat","background-position":"center center","background-size":"auto","background-attachment":"scroll","background-type":"","background-media":"","overlay-type":"","overlay-color":"","overlay-opacity":"","overlay-gradient":""},"tablet":{"background-color":"","background-image":"","background-repeat":"repeat","background-position":"center center","background-size":"auto","background-attachment":"scroll","background-type":"","background-media":"","overlay-type":"","overlay-color":"","overlay-opacity":"","overlay-gradient":""},"mobile":{"background-color":"","background-image":"","background-repeat":"repeat","background-position":"center center","background-size":"auto","background-attachment":"scroll","background-type":"","background-media":"","overlay-type":"","overlay-color":"","overlay-opacity":"","overlay-gradient":""}},"ast-content-background-meta":{"desktop":{"background-color":"var(--ast-global-color-5)","background-image":"","background-repeat":"repeat","background-position":"center center","background-size":"auto","background-attachment":"scroll","background-type":"","background-media":"","overlay-type":"","overlay-color":"","overlay-opacity":"","overlay-gradient":""},"tablet":{"background-color":"var(--ast-global-color-5)","background-image":"","background-repeat":"repeat","background-position":"center center","background-size":"auto","background-attachment":"scroll","background-type":"","background-media":"","overlay-type":"","overlay-color":"","overlay-opacity":"","overlay-gradient":""},"mobile":{"background-color":"var(--ast-global-color-5)","background-image":"","background-repeat":"repeat","background-position":"center center","background-size":"auto","background-attachment":"scroll","background-type":"","background-media":"","overlay-type":"","overlay-color":"","overlay-opacity":"","overlay-gradient":""}}},"pwb-brand":[1007],"product_brand":[],"product_cat":[341,340],"product_tag":[],"class_list":{"0":"post-35426","1":"product","2":"type-product","3":"status-publish","4":"has-post-thumbnail","6":"pwb-brand-baterias-pytes","7":"product_cat-baterias-litio-48v","8":"product_cat-baterias","9":"product_shipping_class-baterias","10":"desktop-align-left","11":"tablet-align-left","12":"mobile-align-left","13":"ast-product-gallery-layout-horizontal-slider","14":"ast-product-tabs-layout-horizontal","16":"first","17":"instock","18":"taxable","19":"shipping-taxable","20":"purchasable","21":"product-type-simple"},"wcpa_form_fields":null,"brands":[{"id":1007,"name":"Piles Pytes","slug":"piles-a-pytes"}],"_links":{"self":[{"href":"https:\/\/fvcomponentes.com\/fr\/wp-json\/wp\/v2\/product\/35426","targetHints":{"allow":["GET"]}}],"collection":[{"href":"https:\/\/fvcomponentes.com\/fr\/wp-json\/wp\/v2\/product"}],"about":[{"href":"https:\/\/fvcomponentes.com\/fr\/wp-json\/wp\/v2\/types\/product"}],"replies":[{"embeddable":true,"href":"https:\/\/fvcomponentes.com\/fr\/wp-json\/wp\/v2\/comments?post=35426"}],"wp:featuredmedia":[{"embeddable":true,"href":"https:\/\/fvcomponentes.com\/fr\/wp-json\/wp\/v2\/media\/35434"}],"wp:attachment":[{"href":"https:\/\/fvcomponentes.com\/fr\/wp-json\/wp\/v2\/media?parent=35426"}],"wp:term":[{"taxonomy":"pwb-brand","embeddable":true,"href":"https:\/\/fvcomponentes.com\/fr\/wp-json\/wp\/v2\/pwb-brand?post=35426"},{"taxonomy":"product_brand","embeddable":true,"href":"https:\/\/fvcomponentes.com\/fr\/wp-json\/wp\/v2\/product_brand?post=35426"},{"taxonomy":"product_cat","embeddable":true,"href":"https:\/\/fvcomponentes.com\/fr\/wp-json\/wp\/v2\/product_cat?post=35426"},{"taxonomy":"product_tag","embeddable":true,"href":"https:\/\/fvcomponentes.com\/fr\/wp-json\/wp\/v2\/product_tag?post=35426"}],"curies":[{"name":"wp","href":"https:\/\/api.w.org\/{rel}","templated":true}]}}