{"id":35376,"date":"2026-01-29T20:35:19","date_gmt":"2026-01-29T19:35:19","guid":{"rendered":"https:\/\/fvcomponentes.com\/?post_type=product&#038;p=35376"},"modified":"2026-01-29T20:35:21","modified_gmt":"2026-01-29T19:35:21","slug":"r-pytes-battery-holder-set-for-e-box-48100r-batteries-110409100019","status":"publish","type":"product","link":"https:\/\/fvcomponentes.com\/fr\/producto\/set-de-soportes-r-pytes-para-baterias-e-box-48100r-110409100019\/","title":{"rendered":"Pytes R-Bracket set for E-BOX-48100R batteries - 110409100019"},"content":{"rendered":"<h2>Pytes R-Bracket set for E-BOX-48100R batteries - 110409100019<\/h2>\n<p>Le jeu de 8 supports R de Pytes est une solution de montage modulaire et robuste sp\u00e9cialement con\u00e7ue pour organiser et empiler les batteries E-BOX-48100R de mani\u00e8re efficace et s\u00fbre dans les installations de stockage d'\u00e9nergie.<\/p>\n<p>Ces racks sont con\u00e7us pour fournir une base structurelle permettant de maximiser la capacit\u00e9 de stockage jusqu'\u00e0 40 kWh (8 \u00d7 5,12 kWh chacune) sans occuper un espace au sol excessif, ce qui en fait une alternative aux armoires ou racks ferm\u00e9s traditionnels.<\/p>\n<h2>Caract\u00e9ristiques de l'ensemble de support R Pytes<\/h2>\n<h3>Conception robuste et l\u00e9g\u00e8re<\/h3>\n<p>Chaque ensemble est compos\u00e9 de 8 R-racks empil\u00e9s verticalement qui peuvent contenir jusqu'\u00e0 8 unit\u00e9s de batteries Pytes E-BOX-48100R.<br \/>\nCela facilite l'installation de syst\u00e8mes de stockage dans les environnements r\u00e9sidentiels et commerciaux l\u00e9gers, en particulier lorsque l'espace utilisable est limit\u00e9.<\/p>\n<p>Le R-Bracket est fabriqu\u00e9 \u00e0 partir de mat\u00e9riaux robustes et l\u00e9gers, con\u00e7us pour durer et supporter le poids des batteries sans compromettre la stabilit\u00e9 et la s\u00e9curit\u00e9 du support.<\/p>\n<p>Sa structure m\u00e9tallique solide permet de disposer les batteries dans le bon espace entre chaque unit\u00e9, ce qui favorise une meilleure ventilation et une dissipation naturelle de la chaleur, ce qui est important pour maintenir l'efficacit\u00e9.<\/p>\n<p>En outre, sa conception facilite le montage sur un sol solide ou la fixation suppl\u00e9mentaire \u00e0 un mur\/structure solide pour assurer la stabilit\u00e9.<\/p>\n<h3>Ventilation naturelle<\/h3>\n<p>La monture Pytes R permet \u00e0 la batterie de dissiper la chaleur plus efficacement car elle n'est pas recouverte par une structure ferm\u00e9e, ce qui contribue \u00e0 prolonger la dur\u00e9e de vie de la batterie et \u00e0 maintenir une temp\u00e9rature de fonctionnement optimale, en r\u00e9duisant l'\u00e9chauffement interne.<\/p>\n<h3>Installation et entretien<\/h3>\n<p>Le support R est con\u00e7u pour permettre un montage intuitif, avec des raccords pour fixer chaque batterie en place et la possibilit\u00e9 d'un montage mural suppl\u00e9mentaire si n\u00e9cessaire.<\/p>\n<p>La maintenance est ais\u00e9e car l'acc\u00e8s direct \u00e0 la batterie simplifie l'inspection visuelle, la maintenance ou le remplacement sans qu'il soit n\u00e9cessaire de d\u00e9monter la structure.<\/p>\n<h2>Caract\u00e9ristiques techniques de l'ensemble de support de batterie R Pytes E-BOX-48100R - 110409100019<\/h2>\n<table>\n<thead>\n<tr>\n<th><strong>Sp\u00e9cifications<\/strong><\/th>\n<th><strong>D\u00e9tail<\/strong><\/th>\n<\/tr>\n<\/thead>\n<tbody>\n<tr>\n<td><strong>Nom du produit<\/strong><\/td>\n<td>Ensemble de soutien R<\/td>\n<\/tr>\n<tr>\n<td><strong>R\u00e9f\u00e9rence \/ Code<\/strong><\/td>\n<td>110409100019<\/td>\n<\/tr>\n<tr>\n<td><strong>Compatibilit\u00e9<\/strong><\/td>\n<td><strong>Piles Pytes E-BOX-48100R\u00a0<\/strong><\/td>\n<\/tr>\n<tr>\n<td><strong>Fonction principale<\/strong><\/td>\n<td>Structure de montage modulaire et empilable permettant de disposer verticalement jusqu'\u00e0 8 batteries<\/td>\n<\/tr>\n<tr>\n<td><strong>Mat\u00e9riau<\/strong><\/td>\n<td>Acier lamin\u00e9 \u00e0 froid (structure robuste)<\/td>\n<\/tr>\n<tr>\n<td><strong>Dimensions de chaque support<\/strong><\/td>\n<td>53 \u00d7 72 \u00d7 13,5 cm (largeur \u00d7 profondeur \u00d7 hauteur)<\/td>\n<\/tr>\n<tr>\n<td><strong>Poids de chaque support<\/strong><\/td>\n<td>7,7 kg<\/td>\n<\/tr>\n<tr>\n<td><strong>Poids total de l'ensemble<\/strong><\/td>\n<td>61,6 kg<\/td>\n<\/tr>\n<tr>\n<td><strong>Capacit\u00e9 d'empilage<\/strong><\/td>\n<td>8 supports pour accueillir 8 piles<\/td>\n<\/tr>\n<tr>\n<td><strong>Assemblage recommand\u00e9<\/strong><\/td>\n<td>Installation sur un sol solide ; possibilit\u00e9 de fixation suppl\u00e9mentaire au mur\/\u00e0 la structure pour plus de stabilit\u00e9<\/td>\n<\/tr>\n<tr>\n<td><strong>Ventilation\u00a0<\/strong><\/td>\n<td>La conception ouverte facilite la ventilation naturelle entre les modules<\/td>\n<\/tr>\n<tr>\n<td><strong>Barres de bus int\u00e9gr\u00e9es<\/strong><\/td>\n<td>Oui (pour faciliter la connexion \u00e9lectrique entre les batteries)<\/td>\n<\/tr>\n<tr>\n<td><strong>Application typique<\/strong><\/td>\n<td>Installations de stockage d'\u00e9nergie r\u00e9sidentielles et commerciales l\u00e9g\u00e8res<\/td>\n<\/tr>\n<\/tbody>\n<\/table>\n<h2>Feuille de donn\u00e9es R Pytes battery holder set E-BOX-48100R - 110409100019<\/h2>\n<p><a href=\"https:\/\/fvcomponentes.com\/wp-content\/uploads\/2025\/12\/a0b78c0ac23baf094c2a34c2f039633e-1.pdf\" target=\"_blank\" rel=\"noopener\">Fiche technique du jeu de support R Pytes<\/a><\/p>","protected":false},"excerpt":{"rendered":"<ul>\n<li>Fixation au sol<\/li>\n<li>Conception ouverte avec ventilation naturelle<\/li>\n<li>Dimensions : 53 \u00d7 72 \u00d7 108 cm<\/li>\n<li>Poids : 61,6 kg<\/li>\n<\/ul>","protected":false},"featured_media":35378,"comment_status":"closed","ping_status":"closed","template":"","meta":{"site-sidebar-layout":"default","site-content-layout":"","ast-site-content-layout":"default","site-content-style":"default","site-sidebar-style":"default","ast-global-header-display":"","ast-banner-title-visibility":"","ast-main-header-display":"","ast-hfb-above-header-display":"","ast-hfb-below-header-display":"","ast-hfb-mobile-header-display":"","site-post-title":"","ast-breadcrumbs-content":"","ast-featured-img":"","footer-sml-layout":"","ast-disable-related-posts":"","theme-transparent-header-meta":"default","adv-header-id-meta":"","stick-header-meta":"","header-above-stick-meta":"","header-main-stick-meta":"","header-below-stick-meta":"","astra-migrate-meta-layouts":"set","ast-page-background-enabled":"default","ast-page-background-meta":{"desktop":{"background-color":"var(--ast-global-color-4)","background-image":"","background-repeat":"repeat","background-position":"center center","background-size":"auto","background-attachment":"scroll","background-type":"","background-media":"","overlay-type":"","overlay-color":"","overlay-opacity":"","overlay-gradient":""},"tablet":{"background-color":"","background-image":"","background-repeat":"repeat","background-position":"center center","background-size":"auto","background-attachment":"scroll","background-type":"","background-media":"","overlay-type":"","overlay-color":"","overlay-opacity":"","overlay-gradient":""},"mobile":{"background-color":"","background-image":"","background-repeat":"repeat","background-position":"center center","background-size":"auto","background-attachment":"scroll","background-type":"","background-media":"","overlay-type":"","overlay-color":"","overlay-opacity":"","overlay-gradient":""}},"ast-content-background-meta":{"desktop":{"background-color":"var(--ast-global-color-5)","background-image":"","background-repeat":"repeat","background-position":"center center","background-size":"auto","background-attachment":"scroll","background-type":"","background-media":"","overlay-type":"","overlay-color":"","overlay-opacity":"","overlay-gradient":""},"tablet":{"background-color":"var(--ast-global-color-5)","background-image":"","background-repeat":"repeat","background-position":"center center","background-size":"auto","background-attachment":"scroll","background-type":"","background-media":"","overlay-type":"","overlay-color":"","overlay-opacity":"","overlay-gradient":""},"mobile":{"background-color":"var(--ast-global-color-5)","background-image":"","background-repeat":"repeat","background-position":"center center","background-size":"auto","background-attachment":"scroll","background-type":"","background-media":"","overlay-type":"","overlay-color":"","overlay-opacity":"","overlay-gradient":""}}},"pwb-brand":[1007],"product_brand":[],"product_cat":[340,414],"product_tag":[],"class_list":{"0":"post-35376","1":"product","2":"type-product","3":"status-publish","4":"has-post-thumbnail","6":"pwb-brand-baterias-pytes","7":"product_cat-baterias","8":"product_cat-armarios-rack-para-baterias","9":"desktop-align-left","10":"tablet-align-left","11":"mobile-align-left","12":"ast-product-gallery-layout-horizontal-slider","13":"ast-product-tabs-layout-horizontal","15":"first","16":"instock","17":"taxable","18":"shipping-taxable","19":"purchasable","20":"product-type-simple"},"wcpa_form_fields":null,"brands":[{"id":1007,"name":"Piles Pytes","slug":"piles-a-pytes"}],"_links":{"self":[{"href":"https:\/\/fvcomponentes.com\/fr\/wp-json\/wp\/v2\/product\/35376","targetHints":{"allow":["GET"]}}],"collection":[{"href":"https:\/\/fvcomponentes.com\/fr\/wp-json\/wp\/v2\/product"}],"about":[{"href":"https:\/\/fvcomponentes.com\/fr\/wp-json\/wp\/v2\/types\/product"}],"replies":[{"embeddable":true,"href":"https:\/\/fvcomponentes.com\/fr\/wp-json\/wp\/v2\/comments?post=35376"}],"wp:featuredmedia":[{"embeddable":true,"href":"https:\/\/fvcomponentes.com\/fr\/wp-json\/wp\/v2\/media\/35378"}],"wp:attachment":[{"href":"https:\/\/fvcomponentes.com\/fr\/wp-json\/wp\/v2\/media?parent=35376"}],"wp:term":[{"taxonomy":"pwb-brand","embeddable":true,"href":"https:\/\/fvcomponentes.com\/fr\/wp-json\/wp\/v2\/pwb-brand?post=35376"},{"taxonomy":"product_brand","embeddable":true,"href":"https:\/\/fvcomponentes.com\/fr\/wp-json\/wp\/v2\/product_brand?post=35376"},{"taxonomy":"product_cat","embeddable":true,"href":"https:\/\/fvcomponentes.com\/fr\/wp-json\/wp\/v2\/product_cat?post=35376"},{"taxonomy":"product_tag","embeddable":true,"href":"https:\/\/fvcomponentes.com\/fr\/wp-json\/wp\/v2\/product_tag?post=35376"}],"curies":[{"name":"wp","href":"https:\/\/api.w.org\/{rel}","templated":true}]}}