{"id":35365,"date":"2026-01-29T20:35:23","date_gmt":"2026-01-29T19:35:23","guid":{"rendered":"https:\/\/fvcomponentes.com\/?post_type=product&#038;p=35365"},"modified":"2026-01-29T20:35:25","modified_gmt":"2026-01-29T19:35:25","slug":"pytes-r-support-for-e-box-48100r-batteries-110409100020-110409100020","status":"publish","type":"product","link":"https:\/\/fvcomponentes.com\/fr\/producto\/soporte-r-pytes-para-baterias-e-box-48100r-110409100020\/","title":{"rendered":"Pytes R-Bracket pour batteries E-BOX-48100R - 110409100020"},"content":{"rendered":"<h2>Pytes R-Bracket pour batteries E-BOX-48100R - 110409100020<\/h2>\n<p>Le Pytes R-Bracket est une solution polyvalente, modulaire et robuste con\u00e7ue sp\u00e9cifiquement pour les batteries Pytes E-BOX-48100R.<\/p>\n<p>Ce support facilite l'installation ordonn\u00e9e, s\u00fbre et efficace d'un ou plusieurs modules de batterie dans les syst\u00e8mes domestiques, commerciaux l\u00e9gers ou photovolta\u00efques avec stockage.<\/p>\n<p>Le support R est con\u00e7u pour optimiser l'utilisation de l'espace et la facilit\u00e9 d'installation, en r\u00e9duisant le besoin d'armoires m\u00e9talliques encombrantes et en permettant un montage vertical avec une ventilation naturelle.<\/p>\n<p>Sa conception empilable, son poids mod\u00e9r\u00e9 et sa facilit\u00e9 d'installation en font une pi\u00e8ce ma\u00eetresse pour ceux qui cherchent \u00e0 maximiser l'espace, la ventilation et l'accessibilit\u00e9 dans leurs installations.<\/p>\n<h2>Caract\u00e9ristiques de la fourchette R Pytes<\/h2>\n<h3>Conception robuste et l\u00e9g\u00e8re<\/h3>\n<p>Le R-Bracket est fabriqu\u00e9 \u00e0 partir de mat\u00e9riaux robustes et l\u00e9gers con\u00e7us pour durer et supporter le poids des batteries E-BOX-48100R sans compromettre la stabilit\u00e9 et la s\u00e9curit\u00e9 du support.<\/p>\n<p>La configuration de ces supports permet l'installation modulaire et empilable verticalement d'une ou plusieurs batteries pour s'adapter \u00e0 la demande d'\u00e9nergie du syst\u00e8me, ce qui permet d'installer jusqu'\u00e0 8 unit\u00e9s.<\/p>\n<p>En outre, sa conception facilite le montage sur un sol solide ou la fixation suppl\u00e9mentaire \u00e0 un mur\/structure solide pour assurer la stabilit\u00e9.<\/p>\n<h3>Ventilation naturelle<\/h3>\n<p>La monture Pytes R permet \u00e0 la batterie de dissiper la chaleur plus efficacement car elle n'est pas recouverte par une structure ferm\u00e9e, ce qui contribue \u00e0 prolonger la dur\u00e9e de vie de la batterie et \u00e0 maintenir une temp\u00e9rature de fonctionnement optimale.<\/p>\n<h3>Installation et entretien<\/h3>\n<p>Le support R peut \u00eatre mont\u00e9 individuellement ou faire partie d'un ensemble modulaire, s'adaptant ainsi \u00e0 diff\u00e9rents espaces et int\u00e9grations.<\/p>\n<p>La maintenance est ais\u00e9e car l'acc\u00e8s direct \u00e0 la batterie simplifie l'inspection visuelle, la maintenance ou le remplacement sans qu'il soit n\u00e9cessaire de d\u00e9monter la structure.<\/p>\n<h2>Caract\u00e9ristiques techniques du porte-batterie R Pytes E-BOX-48100R - 110409100020<\/h2>\n<table>\n<thead>\n<tr>\n<th><strong>Sp\u00e9cifications<\/strong><\/th>\n<th><strong>D\u00e9tail<\/strong><\/th>\n<\/tr>\n<\/thead>\n<tbody>\n<tr>\n<td><strong>Nom du produit<\/strong><\/td>\n<td>Support R (Support R)<\/td>\n<\/tr>\n<tr>\n<td><strong>R\u00e9f\u00e9rences \/ utilisation compatible<\/strong><\/td>\n<td>Compatible avec les piles <strong>E-BOX-48100R<\/strong><\/td>\n<\/tr>\n<tr>\n<td><strong>Fonction principale<\/strong><\/td>\n<td>Support de montage de batterie empilable ; permet une organisation modulaire verticale<\/td>\n<\/tr>\n<tr>\n<td><strong>Mat\u00e9riau<\/strong><\/td>\n<td>Acier lamin\u00e9 \u00e0 froid<\/td>\n<\/tr>\n<tr>\n<td><strong>Capacit\u00e9 d'empilage<\/strong><\/td>\n<td>Jusqu'\u00e0 8 supports empil\u00e9s (pour 8 piles)<\/td>\n<\/tr>\n<tr>\n<td><strong>Dimensions (unit\u00e9)<\/strong><\/td>\n<td>530 \u00d7 720 \u00d7 135 mm<\/td>\n<\/tr>\n<tr>\n<td><strong>Poids (unit\u00e9)<\/strong><\/td>\n<td>7,7 kg<\/td>\n<\/tr>\n<tr>\n<td><strong>Assemblage recommand\u00e9<\/strong><\/td>\n<td>Sur un sol solide ; en cas d'empilement vertical, un montage mural est recommand\u00e9.<\/td>\n<\/tr>\n<tr>\n<td><strong>Ventilation \/ gestion thermique<\/strong><\/td>\n<td>Conception ouverte avec ventilation naturelle<\/td>\n<\/tr>\n<tr>\n<td><strong>Accessoires int\u00e9gr\u00e9s<\/strong><\/td>\n<td>Barres de courant continu \/ Conducteurs de courant continu pour une connexion ais\u00e9e \u00e0 la batterie<\/td>\n<\/tr>\n<\/tbody>\n<\/table>\n<h2>Fiche technique R Pytes support de piles pour E-BOX-48100R - 110409100020<\/h2>\n<p><a href=\"https:\/\/fvcomponentes.com\/wp-content\/uploads\/2025\/12\/a0b78c0ac23baf094c2a34c2f039633e-1.pdf\" target=\"_blank\" rel=\"noopener\">Fiche technique Pytes R-Bracket<\/a><\/p>","protected":false},"excerpt":{"rendered":"<ul>\n<li>Fixation au sol<\/li>\n<li>Conception ouverte avec ventilation naturelle<\/li>\n<li>Dimensions : 53 \u00d7 72 \u00d7 13,5 cm<\/li>\n<li>Poids : 7,7<\/li>\n<\/ul>","protected":false},"featured_media":35371,"comment_status":"closed","ping_status":"closed","template":"","meta":{"site-sidebar-layout":"default","site-content-layout":"","ast-site-content-layout":"default","site-content-style":"default","site-sidebar-style":"default","ast-global-header-display":"","ast-banner-title-visibility":"","ast-main-header-display":"","ast-hfb-above-header-display":"","ast-hfb-below-header-display":"","ast-hfb-mobile-header-display":"","site-post-title":"","ast-breadcrumbs-content":"","ast-featured-img":"","footer-sml-layout":"","ast-disable-related-posts":"","theme-transparent-header-meta":"default","adv-header-id-meta":"","stick-header-meta":"","header-above-stick-meta":"","header-main-stick-meta":"","header-below-stick-meta":"","astra-migrate-meta-layouts":"set","ast-page-background-enabled":"default","ast-page-background-meta":{"desktop":{"background-color":"var(--ast-global-color-4)","background-image":"","background-repeat":"repeat","background-position":"center center","background-size":"auto","background-attachment":"scroll","background-type":"","background-media":"","overlay-type":"","overlay-color":"","overlay-opacity":"","overlay-gradient":""},"tablet":{"background-color":"","background-image":"","background-repeat":"repeat","background-position":"center center","background-size":"auto","background-attachment":"scroll","background-type":"","background-media":"","overlay-type":"","overlay-color":"","overlay-opacity":"","overlay-gradient":""},"mobile":{"background-color":"","background-image":"","background-repeat":"repeat","background-position":"center center","background-size":"auto","background-attachment":"scroll","background-type":"","background-media":"","overlay-type":"","overlay-color":"","overlay-opacity":"","overlay-gradient":""}},"ast-content-background-meta":{"desktop":{"background-color":"var(--ast-global-color-5)","background-image":"","background-repeat":"repeat","background-position":"center center","background-size":"auto","background-attachment":"scroll","background-type":"","background-media":"","overlay-type":"","overlay-color":"","overlay-opacity":"","overlay-gradient":""},"tablet":{"background-color":"var(--ast-global-color-5)","background-image":"","background-repeat":"repeat","background-position":"center center","background-size":"auto","background-attachment":"scroll","background-type":"","background-media":"","overlay-type":"","overlay-color":"","overlay-opacity":"","overlay-gradient":""},"mobile":{"background-color":"var(--ast-global-color-5)","background-image":"","background-repeat":"repeat","background-position":"center center","background-size":"auto","background-attachment":"scroll","background-type":"","background-media":"","overlay-type":"","overlay-color":"","overlay-opacity":"","overlay-gradient":""}}},"pwb-brand":[1007],"product_brand":[],"product_cat":[340,414],"product_tag":[],"class_list":{"0":"post-35365","1":"product","2":"type-product","3":"status-publish","4":"has-post-thumbnail","6":"pwb-brand-baterias-pytes","7":"product_cat-baterias","8":"product_cat-armarios-rack-para-baterias","9":"desktop-align-left","10":"tablet-align-left","11":"mobile-align-left","12":"ast-product-gallery-layout-horizontal-slider","13":"ast-product-tabs-layout-horizontal","15":"first","16":"instock","17":"taxable","18":"shipping-taxable","19":"purchasable","20":"product-type-simple"},"wcpa_form_fields":null,"brands":[{"id":1007,"name":"Piles Pytes","slug":"piles-a-pytes"}],"_links":{"self":[{"href":"https:\/\/fvcomponentes.com\/fr\/wp-json\/wp\/v2\/product\/35365","targetHints":{"allow":["GET"]}}],"collection":[{"href":"https:\/\/fvcomponentes.com\/fr\/wp-json\/wp\/v2\/product"}],"about":[{"href":"https:\/\/fvcomponentes.com\/fr\/wp-json\/wp\/v2\/types\/product"}],"replies":[{"embeddable":true,"href":"https:\/\/fvcomponentes.com\/fr\/wp-json\/wp\/v2\/comments?post=35365"}],"wp:featuredmedia":[{"embeddable":true,"href":"https:\/\/fvcomponentes.com\/fr\/wp-json\/wp\/v2\/media\/35371"}],"wp:attachment":[{"href":"https:\/\/fvcomponentes.com\/fr\/wp-json\/wp\/v2\/media?parent=35365"}],"wp:term":[{"taxonomy":"pwb-brand","embeddable":true,"href":"https:\/\/fvcomponentes.com\/fr\/wp-json\/wp\/v2\/pwb-brand?post=35365"},{"taxonomy":"product_brand","embeddable":true,"href":"https:\/\/fvcomponentes.com\/fr\/wp-json\/wp\/v2\/product_brand?post=35365"},{"taxonomy":"product_cat","embeddable":true,"href":"https:\/\/fvcomponentes.com\/fr\/wp-json\/wp\/v2\/product_cat?post=35365"},{"taxonomy":"product_tag","embeddable":true,"href":"https:\/\/fvcomponentes.com\/fr\/wp-json\/wp\/v2\/product_tag?post=35365"}],"curies":[{"name":"wp","href":"https:\/\/api.w.org\/{rel}","templated":true}]}}