{"id":35360,"date":"2025-12-31T10:20:59","date_gmt":"2025-12-31T09:20:59","guid":{"rendered":"https:\/\/fvcomponentes.com\/?post_type=product&#038;p=35360"},"modified":"2026-02-16T12:07:16","modified_gmt":"2026-02-16T11:07:16","slug":"victron-multiplus-ii-48-3000-pytes-v5-cerbo-gx-isolated-base-kit","status":"publish","type":"product","link":"https:\/\/fvcomponentes.com\/fr\/producto\/kit-basico-aislada-victron-multiplus-ii-48-3000-pytes-v5-cerbo-gx\/","title":{"rendered":"Victron Multiplus II 48\/3000 + Pytes V5 + Cerbo GX Basic Isolated Kit"},"content":{"rendered":"<p data-start=\"208\" data-end=\"424\">Chez FVComponentes, nous avons assembl\u00e9 ce kit avec des \u00e9quipements Victron et des batteries Pytes pour les installations hors r\u00e9seau. Pour avoir de l'\u00e9nergie quand il n'y a pas d'acc\u00e8s au r\u00e9seau, comme dans les chalets, les refuges de montagne, les antennes de t\u00e9l\u00e9communications, le pompage solaire ou tout autre type d'installation dans les zones rurales.<\/p>\n<p data-start=\"387\" data-end=\"661\">Ce kit est \u00e9galement parfait comme ESS (Energy Storage System) ou comme syst\u00e8me de secours pour les installations qui disposent d\u00e9j\u00e0 de panneaux solaires, pour stocker de l'\u00e9nergie et avoir plus d'autonomie ou pour assurer l'approvisionnement en cas de coupure de courant.<\/p>\n<p data-start=\"663\" data-end=\"948\">La combinaison de Victron et de Pytes est synonyme de garantie et de qualit\u00e9 maximale. L'id\u00e9e que nous d\u00e9fendons est simple : vous disposez des \u00e9l\u00e9ments de base pour commencer et vous pouvez ensuite les d\u00e9velopper en fonction de vos besoins. La batterie que nous avons s\u00e9lectionn\u00e9e pour ce kit, la Pytes V5, est sp\u00e9cialement con\u00e7ue pour fonctionner dans les conditions les plus difficiles. Avec des cellules prismatiques et une plaque chauffante int\u00e9gr\u00e9e, sa conception robuste et compacte garantit une grande efficacit\u00e9 dans des environnements o\u00f9 d'autres batteries pourraient \u00e9chouer.<\/p>\n<h2 data-start=\"417\" data-end=\"859\">Que comprend le kit de d\u00e9marrage hors r\u00e9seau de Victron ?<\/h2>\n<p data-start=\"663\" data-end=\"948\">Le kit comprend un onduleur-chargeur 48V, 3000VA, le syst\u00e8me de surveillance Cerbo, une batterie Pytes V5 5kWh et le c\u00e2blage n\u00e9cessaire pour connecter le tout.<\/p>\n<p data-start=\"663\" data-end=\"948\">Les <a href=\"https:\/\/fvcomponentes.com\/fr\/produit\/onduleur-victron-multiplus-ii-5000va-48v-70a50a\/\" target=\"_blank\" rel=\"noopener\">Victron MultiPlus II 48\/3000VA - PMP482305010<\/a>, est un onduleur-chargeur qui combine un onduleur \u00e0 onde sinuso\u00efdale pure avec un chargeur de batterie de 35 A. Gr\u00e2ce \u00e0 la technologie PowerAssist, le MultiPlus II peut compl\u00e9ter l'\u00e9nergie provenant d'une source externe, comme un g\u00e9n\u00e9rateur, par l'\u00e9nergie des batteries, assurant ainsi une alimentation stable m\u00eame en cas de pic de demande. Il fonctionne \u00e0 48 V et a une puissance de 3000 VA (jusqu'\u00e0 2400 W en continu, selon les conditions), ce qui est id\u00e9al pour alimenter la consommation domestique.<\/p>\n<p data-start=\"663\" data-end=\"948\">Pour garder le contr\u00f4le, le kit comprend les \u00e9l\u00e9ments suivants <a href=\"https:\/\/fvcomponentes.com\/fr\/produit\/victron-cerbo-gx-control-unit-bpp900451100\/\" target=\"_blank\" rel=\"noopener\">Victron Cerbo GX - BPP900451100<\/a>, qui joue le r\u00f4le de centre de surveillance du syst\u00e8me. Il rassemble toutes les informations des \u00e9quipements connect\u00e9s et permet de visualiser et de g\u00e9rer l'installation en temps r\u00e9el, \u00e0 la fois localement et \u00e0 distance, avec le portail VRM de Victron.<br \/>\nIl dispose de connexions VE.Bus, VE.Direct et VE.Can pour une int\u00e9gration facile des \u00e9quipements Victron compatibles et un contr\u00f4le des performances \u00e0 partir de n'importe quel appareil.<\/p>\n<p data-start=\"663\" data-end=\"948\">Afin de pouvoir communiquer entre eux, nous avons inclus une\u00a0<a href=\"https:\/\/fvcomponentes.com\/fr\/produit\/victron-cable-from-ve-can-to-can-bus-for-bms-type-a-5m-ass030710150\/\" target=\"_blank\" rel=\"noopener\">Victron C\u00e2ble VE.Can vers CAN-bus pour BMS Type A 5m - ASS030710150<\/a> pour relier les piles au lithium Pytes V5 au Cerbo, ainsi qu'un <a href=\"https:\/\/fvcomponentes.com\/fr\/produit\/victron-utp-rj45-18m-ass030064950-victron-utp-cable-ass030064950\/\" target=\"_blank\" rel=\"noopener\">Victron UTP RJ45 1,8m Victron UTP Cable - ASS030064950<\/a> pour faire communiquer l'onduleur avec l'unit\u00e9 de contr\u00f4le Cerbo.<\/p>\n<p data-start=\"663\" data-end=\"948\">Enfin, nous incluons un kit de c\u00e2blage de la batterie de 2 m de long, avec 35 m de c\u00e2ble rouge et noir, avec des bornes \u00e0 vis M6 aux extr\u00e9mit\u00e9s de la batterie et des bornes \u00e0 vis M8 aux extr\u00e9mit\u00e9s de l'onduleur. Le c\u00e2ble positif est fourni en deux longueurs (30 cm et 160 cm) pour faciliter l'installation du porte-fusible MEGA avec son fusible correspondant. Ce fusible prot\u00e8ge la ligne DC pour une installation plus s\u00fbre et plus fiable.<\/p>\n<h3><strong data-start=\"1004\" data-end=\"1029\">Equipement Victron inclus<\/strong><\/h3>\n<div class=\"_tableContainer_1rjym_1\">\n<div class=\"group _tableWrapper_1rjym_13 flex w-fit flex-col-reverse\">\n<table class=\"w-fit min-w-(--thread-content-width)\" data-start=\"1031\" data-end=\"2371\">\n<thead data-start=\"1031\" data-end=\"1077\">\n<tr data-start=\"1031\" data-end=\"1077\">\n<th data-start=\"1031\" data-end=\"1044\" data-col-size=\"md\">Composant<\/th>\n<th data-start=\"1044\" data-end=\"1062\" data-col-size=\"sm\">Code<\/th>\n<th data-start=\"1062\" data-end=\"1077\" data-col-size=\"xl\">Description<\/th>\n<\/tr>\n<\/thead>\n<tbody data-start=\"1127\" data-end=\"2371\">\n<tr data-start=\"1127\" data-end=\"1392\">\n<td data-start=\"1127\" data-end=\"1194\" data-col-size=\"md\"><strong data-start=\"1129\" data-end=\"1193\">Chargeur d'onduleur Victron MultiPlus II 48\/3000VA 48V 35A-32A<\/strong><\/td>\n<td data-start=\"1194\" data-end=\"1209\" data-col-size=\"sm\"><a href=\"https:\/\/fvcomponentes.com\/fr\/produit\/onduleur-victron-multiplus-ii-5000va-48v-70a50a\/\" target=\"_blank\" rel=\"noopener\">PMP482305010<\/a><\/td>\n<td data-start=\"1209\" data-end=\"1392\" data-col-size=\"xl\">Onduleur-chargeur \u00e0 ondes pures avec fonction PowerAssist et transfert automatique. Puissance continue 2400 W \/ 3000 VA. Entr\u00e9e 230 V CA et sortie 230 V CA. Courant de charge 35 A.<\/td>\n<\/tr>\n<tr data-start=\"1393\" data-end=\"1626\">\n<td data-start=\"1393\" data-end=\"1438\" data-col-size=\"md\"><strong data-start=\"1395\" data-end=\"1437\">Unit\u00e9 de contr\u00f4le Victron Cerbo GX<\/strong><\/td>\n<td data-start=\"1438\" data-end=\"1453\" data-col-size=\"sm\"><a href=\"https:\/\/fvcomponentes.com\/fr\/produit\/victron-cerbo-gx-control-unit-bpp900451100\/\" target=\"_blank\" rel=\"noopener\">PP900451100<\/a><\/td>\n<td data-start=\"1453\" data-end=\"1626\" data-col-size=\"xl\">Dispositif de gestion et de communication qui centralise les donn\u00e9es de l'onduleur, du chargeur, de la batterie et des panneaux. Permet une surveillance locale ou \u00e0 distance via le portail VRM de Victron.<\/td>\n<\/tr>\n<tr data-start=\"1627\" data-end=\"1810\">\n<td data-start=\"1627\" data-end=\"1678\" data-col-size=\"md\"><strong data-start=\"1629\" data-end=\"1677\">C\u00e2ble VE.Can vers CAN-bus pour BMS type A (5 m)<\/strong><\/td>\n<td data-start=\"1678\" data-end=\"1693\" data-col-size=\"sm\"><a href=\"https:\/\/fvcomponentes.com\/fr\/produit\/victron-cable-from-ve-can-to-can-bus-for-bms-type-a-5m-ass030710150\/\" target=\"_blank\" rel=\"noopener\">ASS030710150<\/a><\/td>\n<td data-start=\"1693\" data-end=\"1810\" data-col-size=\"xl\">C\u00e2ble de communication pour la connexion entre Cerbo GX et le BMS de la batterie<\/td>\n<\/tr>\n<tr data-start=\"1811\" data-end=\"1938\">\n<td data-start=\"1811\" data-end=\"1841\" data-col-size=\"md\"><strong data-start=\"1941\" data-end=\"1967\">C\u00e2ble UTP RJ45 (1,8 m)<\/strong><\/td>\n<td data-start=\"1841\" data-end=\"1856\" data-col-size=\"sm\"><a href=\"https:\/\/fvcomponentes.com\/fr\/produit\/victron-utp-rj45-18m-ass030064950-victron-utp-cable-ass030064950\/\" target=\"_blank\" rel=\"noopener\">ASS030064950<\/a><\/td>\n<td data-start=\"1856\" data-end=\"1938\" data-col-size=\"xl\">C\u00e2ble de r\u00e9seau pour l'interconnexion des appareils VE.Bus (MultiPlus, Quattro, etc.).<\/td>\n<\/tr>\n<\/tbody>\n<\/table>\n<h2 data-start=\"87\" data-end=\"151\">Pile au lithium Pytes V5 : s\u00fbre, robuste et con\u00e7ue pour durer<\/h2>\n<p data-start=\"153\" data-end=\"479\">Le kit comprend une batterie au lithium Pytes V5 de 5,12 kWh, un choix parfait pour les installations 48V. Comme les autres batteries au lithium actuelles, elle utilise la technologie LiFePO\u2084 (lithium fer phosphate), qui tombe beaucoup moins en panne et dure plus longtemps que les batteries au plomb-acide lors d'une utilisation quotidienne.<\/p>\n<p data-start=\"481\" data-end=\"777\">Les batteries Pytes V5 sont construites avec des \u00e9l\u00e9ments prismatiques, ce qui les rend beaucoup plus robustes que les autres batteries du march\u00e9 qui utilisent des \u00e9l\u00e9ments en poche. En outre, chaque batterie int\u00e8gre une plaque chauffante qui s'active lorsque la temp\u00e9rature ambiante descend en dessous de 10\u00b0C, ce qui permet de maintenir de bonnes performances de charge et de d\u00e9charge dans des conditions froides.<\/p>\n<p data-start=\"779\" data-end=\"1109\">En termes de performances, les batteries Pytes V5 ont une capacit\u00e9 nominale de 5,12 kWh et peuvent \u00eatre connect\u00e9es en parall\u00e8le pour augmenter facilement la capacit\u00e9 totale du syst\u00e8me. Leur BMS int\u00e9gr\u00e9 prot\u00e8ge contre la surcharge, la d\u00e9charge profonde, la surchauffe et les courts-circuits, garantissant ainsi un fonctionnement stable et fiable.<\/p>\n<p data-start=\"1111\" data-end=\"1493\">Les Pytes communiquent directement avec le syst\u00e8me Victron gr\u00e2ce au c\u00e2ble VE.Can vers CAN-bus pour BMS type A (5 m) inclus dans le kit, ce qui permet au Cerbo GX d'afficher les donn\u00e9es de la batterie. Gr\u00e2ce \u00e0 cette int\u00e9gration, vous pouvez surveiller \u00e0 tout moment les param\u00e8tres tels que l'\u00e9tat de charge, la tension, la temp\u00e9rature et les cycles du VRM.<\/p>\n<p data-start=\"1495\" data-end=\"1728\">Avec une dur\u00e9e de vie de plus de 6 000 cycles et une efficacit\u00e9 de charge allant jusqu'\u00e0 98 %, le Pytes V5 est une solution de stockage fiable, s\u00fbre et durable pour les syst\u00e8mes solaires, en particulier dans les installations hors r\u00e9seau.<\/p>\n<h3 data-start=\"3923\" data-end=\"3972\"><strong data-start=\"3930\" data-end=\"3972\">Accessoires recommand\u00e9s (non inclus)<\/strong><\/h3>\n<ul>\n<li data-start=\"3976\" data-end=\"4029\"><a href=\"https:\/\/fvcomponentes.com\/fr\/categorie-de-produits\/regulateurs-de-charge-solaire\/regulateurs-mppt\/\" target=\"_blank\" rel=\"noopener\">Contr\u00f4leur MPPT Victron SmartSolar 150\/35 ou sup\u00e9rieur<\/a><\/li>\n<li data-start=\"3976\" data-end=\"4029\"><a href=\"https:\/\/fvcomponentes.com\/fr\/produit\/victron-gx-touch-screen-50\/\" target=\"_blank\" rel=\"noopener\">\u00c9cran tactile GX Touch 50 ou 70<\/a><\/li>\n<li data-start=\"3976\" data-end=\"4029\"><a href=\"https:\/\/fvcomponentes.com\/fr\/produit\/v-box-ic-pytes-for-v5-and-v5%ce%b1-plus-batteries-110409100163\/\" target=\"_blank\" rel=\"noopener\">V-BOX-IC Bo\u00eete \u00e0 pytes pour les batteries V5 et V5\u03b1 PLUS - 110409100163<\/a><\/li>\n<\/ul>\n<h2 data-start=\"5476\" data-end=\"5512\"><strong data-start=\"5483\" data-end=\"5512\">Applications recommand\u00e9es pour le kit solaire isol\u00e9 Victron Multiplus II 48\/3000 + Pytes V5<\/strong><\/h2>\n<p data-start=\"5514\" data-end=\"5835\">Nous avons con\u00e7u ce kit pour les habitations isol\u00e9es, les maisons rurales, les installations agricoles, les syst\u00e8mes de pompage solaire, les syst\u00e8mes d'appoint ou les projets d'\u00e9lectrification dans les zones recul\u00e9es, avec une consommation mod\u00e9r\u00e9e.<\/p>\n<p data-start=\"5514\" data-end=\"5835\">Le kit est une solution compacte et parfaitement dimensionn\u00e9e, enti\u00e8rement compatible avec l'\u00e9cosyst\u00e8me Victron, con\u00e7ue \u00e0 la fois pour les installateurs et les bricoleurs qui souhaitent construire leur propre syst\u00e8me.<\/p>\n<h4 data-start=\"4124\" data-end=\"4158\">Si vous avez des doutes, n'h\u00e9sitez pas \u00e0 nous contacter !<\/h4>\n<p>\u00c9crivez-nous \u00e0 <a href=\"mailto:comercial@fvcomponenes.com\">comercial@fvcomponenes.com<\/a>\u00a0et nous nous ferons un plaisir de r\u00e9pondre \u00e0 toutes vos questions.<\/p>\n<\/div>\n<\/div>","protected":false},"excerpt":{"rendered":"<p>Kit isol\u00e9 avec onduleur Victron Multiplus II de 3000VA comprenant les \u00e9l\u00e9ments suivants :<\/p>\n<p>&nbsp;<\/p>","protected":false},"featured_media":32590,"comment_status":"open","ping_status":"closed","template":"","meta":{"site-sidebar-layout":"default","site-content-layout":"","ast-site-content-layout":"default","site-content-style":"default","site-sidebar-style":"default","ast-global-header-display":"","ast-banner-title-visibility":"","ast-main-header-display":"","ast-hfb-above-header-display":"","ast-hfb-below-header-display":"","ast-hfb-mobile-header-display":"","site-post-title":"","ast-breadcrumbs-content":"","ast-featured-img":"","footer-sml-layout":"","ast-disable-related-posts":"","theme-transparent-header-meta":"default","adv-header-id-meta":"","stick-header-meta":"","header-above-stick-meta":"","header-main-stick-meta":"","header-below-stick-meta":"","astra-migrate-meta-layouts":"set","ast-page-background-enabled":"default","ast-page-background-meta":{"desktop":{"background-color":"var(--ast-global-color-4)","background-image":"","background-repeat":"repeat","background-position":"center center","background-size":"auto","background-attachment":"scroll","background-type":"","background-media":"","overlay-type":"","overlay-color":"","overlay-opacity":"","overlay-gradient":""},"tablet":{"background-color":"","background-image":"","background-repeat":"repeat","background-position":"center center","background-size":"auto","background-attachment":"scroll","background-type":"","background-media":"","overlay-type":"","overlay-color":"","overlay-opacity":"","overlay-gradient":""},"mobile":{"background-color":"","background-image":"","background-repeat":"repeat","background-position":"center center","background-size":"auto","background-attachment":"scroll","background-type":"","background-media":"","overlay-type":"","overlay-color":"","overlay-opacity":"","overlay-gradient":""}},"ast-content-background-meta":{"desktop":{"background-color":"var(--ast-global-color-5)","background-image":"","background-repeat":"repeat","background-position":"center center","background-size":"auto","background-attachment":"scroll","background-type":"","background-media":"","overlay-type":"","overlay-color":"","overlay-opacity":"","overlay-gradient":""},"tablet":{"background-color":"var(--ast-global-color-5)","background-image":"","background-repeat":"repeat","background-position":"center center","background-size":"auto","background-attachment":"scroll","background-type":"","background-media":"","overlay-type":"","overlay-color":"","overlay-opacity":"","overlay-gradient":""},"mobile":{"background-color":"var(--ast-global-color-5)","background-image":"","background-repeat":"repeat","background-position":"center center","background-size":"auto","background-attachment":"scroll","background-type":"","background-media":"","overlay-type":"","overlay-color":"","overlay-opacity":"","overlay-gradient":""}}},"pwb-brand":[332,1007],"product_brand":[],"product_cat":[465,464],"product_tag":[],"class_list":{"0":"post-35360","1":"product","2":"type-product","3":"status-publish","4":"has-post-thumbnail","6":"pwb-brand-victron","7":"pwb-brand-baterias-pytes","8":"product_cat-kit-solar-aislada","9":"product_cat-kits-solares","10":"product_shipping_class-baterias","11":"desktop-align-left","12":"tablet-align-left","13":"mobile-align-left","14":"ast-product-gallery-layout-horizontal-slider","15":"ast-product-gallery-with-no-image","16":"ast-product-tabs-layout-horizontal","18":"first","19":"instock","20":"featured","21":"taxable","22":"shipping-taxable","23":"purchasable","24":"product-type-yith_bundle"},"wcpa_form_fields":null,"brands":[{"id":1007,"name":"Piles Pytes","slug":"piles-a-pytes"},{"id":332,"name":"Victron Energy","slug":"victron"}],"_links":{"self":[{"href":"https:\/\/fvcomponentes.com\/fr\/wp-json\/wp\/v2\/product\/35360","targetHints":{"allow":["GET"]}}],"collection":[{"href":"https:\/\/fvcomponentes.com\/fr\/wp-json\/wp\/v2\/product"}],"about":[{"href":"https:\/\/fvcomponentes.com\/fr\/wp-json\/wp\/v2\/types\/product"}],"replies":[{"embeddable":true,"href":"https:\/\/fvcomponentes.com\/fr\/wp-json\/wp\/v2\/comments?post=35360"}],"wp:featuredmedia":[{"embeddable":true,"href":"https:\/\/fvcomponentes.com\/fr\/wp-json\/wp\/v2\/media\/32590"}],"wp:attachment":[{"href":"https:\/\/fvcomponentes.com\/fr\/wp-json\/wp\/v2\/media?parent=35360"}],"wp:term":[{"taxonomy":"pwb-brand","embeddable":true,"href":"https:\/\/fvcomponentes.com\/fr\/wp-json\/wp\/v2\/pwb-brand?post=35360"},{"taxonomy":"product_brand","embeddable":true,"href":"https:\/\/fvcomponentes.com\/fr\/wp-json\/wp\/v2\/product_brand?post=35360"},{"taxonomy":"product_cat","embeddable":true,"href":"https:\/\/fvcomponentes.com\/fr\/wp-json\/wp\/v2\/product_cat?post=35360"},{"taxonomy":"product_tag","embeddable":true,"href":"https:\/\/fvcomponentes.com\/fr\/wp-json\/wp\/v2\/product_tag?post=35360"}],"curies":[{"name":"wp","href":"https:\/\/api.w.org\/{rel}","templated":true}]}}