{"id":35356,"date":"2026-01-29T20:35:28","date_gmt":"2026-01-29T19:35:28","guid":{"rendered":"https:\/\/fvcomponentes.com\/?post_type=product&#038;p=35356"},"modified":"2026-01-29T20:35:30","modified_gmt":"2026-01-29T19:35:30","slug":"pytes-e-bk1-pytes-e-box-48100r-porte-batteries-151204100208","status":"publish","type":"product","link":"https:\/\/fvcomponentes.com\/fr\/producto\/soportes-e-bk1-pytes-para-baterias-e-box-48100r-151204100208\/","title":{"rendered":"Pytes E BK1 E-BOX-48100R Supports de batterie - 151204100208"},"content":{"rendered":"<h2>Pytes E BK1 E-BOX-48100R Supports de batterie - 151204100208<\/h2>\n<p>Les supports Pytes E BK1 sont sp\u00e9cialement con\u00e7us pour faciliter l'organisation, l'empilage et l'installation des batteries modulaires E-BOX-48100R de mani\u00e8re s\u00fbre, stable et compacte.<\/p>\n<p>Ces supports permettent d'empiler verticalement jusqu'\u00e0 six piles, ce qui garantit une circulation optimale de l'air et une dissipation efficace de la chaleur. Cela permet de prolonger la dur\u00e9e de vie des piles et d'optimiser leurs performances.<\/p>\n<h2>E BK1 Pytes E-brackets caract\u00e9ristiques<\/h2>\n<h3>Conception<\/h3>\n<p>Les bo\u00eetiers E BK1 sont fabriqu\u00e9s en acier galvanis\u00e9 (SGCC), ce qui garantit la r\u00e9sistance m\u00e9canique et la protection contre la corrosion pour les applications int\u00e9rieures.<\/p>\n<p>Leur conception modulaire, fonctionnelle et ouverte permet une meilleure dissipation de la chaleur, ce qui les rend id\u00e9ales pour les installations domestiques ainsi que pour les syst\u00e8mes commerciaux ou industriels.<\/p>\n<p>Le E BK1 dispose d'une base solide et stable pour la batterie E-BOX-48100R, ce qui garantit sa durabilit\u00e9 et sa stabilit\u00e9 et \u00e9vite les vibrations ou les d\u00e9placements lors d'une utilisation normale.<\/p>\n<h3>Dissipation de la chaleur<\/h3>\n<p>Les supports E BK1 facilitent la ventilation naturelle entre les unit\u00e9s de batterie, ce qui contribue \u00e0 une meilleure dissipation de la chaleur, \u00e0 une circulation optimale de l'air et, en g\u00e9n\u00e9ral, \u00e0 une durabilit\u00e9 et une s\u00e9curit\u00e9 accrues du syst\u00e8me.<\/p>\n<h3>Empilage vertical<\/h3>\n<p>L'E BK1 permet d'empiler verticalement jusqu'\u00e0 six batteries E-BOX-48100R, ce qui permet d'\u00e9conomiser de l'espace et de favoriser une configuration ordonn\u00e9e.<\/p>\n<h3>Installation et entretien<\/h3>\n<p>Les supports E BK1 sont pr\u00e9vus pour un montage au sol ou sur socle, mais permettent \u00e9galement des configurations structurelles o\u00f9 plusieurs batteries doivent \u00eatre empil\u00e9es verticalement et solidement fix\u00e9es ensemble.<\/p>\n<p>La maintenance est facilit\u00e9e car l'acc\u00e8s \u00e0 chaque batterie est d\u00e9gag\u00e9 pour l'inspection, la connexion ou le remplacement.<\/p>\n<h3>Compatibilit\u00e9<\/h3>\n<p>Les E BK1 sont sp\u00e9cifiquement con\u00e7us pour les modules de batterie Pytes E-Box 48100R.<\/p>\n<p>Gr\u00e2ce \u00e0 leur conception modulaire et standard, ces supports peuvent \u00eatre int\u00e9gr\u00e9s \u00e0 la fois dans les nouvelles installations et dans les syst\u00e8mes existants, sans qu'il soit n\u00e9cessaire de recourir \u00e0 des structures suppl\u00e9mentaires encombrantes ou co\u00fbteuses.<\/p>\n<h2>Qu'est-ce qui est inclus dans les supports E BK1 ?<\/h2>\n<p>L'E BK1 comprend tout ce dont vous avez besoin pour une installation simple et s\u00fbre :<\/p>\n<ul>\n<li><strong>1 support avant droit et 1 support avant gauche<\/strong>: en tenant la partie avant de la batterie<\/li>\n<li><strong>2 supports arri\u00e8re :<\/strong> qui fixent l'arri\u00e8re de la batterie et compl\u00e8tent la structure.<\/li>\n<li><strong>4 vis hexagonales :<\/strong> pour une fixation solide<\/li>\n<li><strong>8 vis \u00e0 t\u00eate cruciforme (Phillips) :<\/strong> pour fixer les supports \u00e0 la structure de la batterie<\/li>\n<li><strong>1 manuel d'instructions :<\/strong> pour faciliter l'assemblage et l'installation des supports<\/li>\n<\/ul>\n<h2>Pytes E BK1 Pytes E-BOX-48100R Supports de batterie Sp\u00e9cifications techniques - 151204100208<\/h2>\n<table>\n<thead>\n<tr>\n<th><strong>Sp\u00e9cifications<\/strong><\/th>\n<th><strong>Valeur \/ D\u00e9tail<\/strong><\/th>\n<\/tr>\n<\/thead>\n<tbody>\n<tr>\n<td><strong>Mod\u00e8le \/ Produit<\/strong><\/td>\n<td>Soutien E BK1<\/td>\n<\/tr>\n<tr>\n<td><strong>Num\u00e9ro de pi\u00e8ce \/ MPN<\/strong><\/td>\n<td>151204100208<\/td>\n<\/tr>\n<tr>\n<td><strong>Compatibilit\u00e9<\/strong><\/td>\n<td>Con\u00e7u pour les piles Pytes <em>E-BOX-48100R<\/em><\/td>\n<\/tr>\n<tr>\n<td><strong>Utilisation principale<\/strong><\/td>\n<td>Support de montage et d'empilage des batteries<\/td>\n<\/tr>\n<tr>\n<td><b>Empilage<\/b><\/td>\n<td>Permet d'empiler verticalement jusqu'\u00e0 6 modules de batterie<\/td>\n<\/tr>\n<tr>\n<td><strong>Mat\u00e9riau<\/strong><\/td>\n<td>Acier galvanis\u00e9 SGCC<\/td>\n<\/tr>\n<tr>\n<td><strong>Dimensions - support avant<\/strong><\/td>\n<td>78,5 \u00d7 40 \u00d7 161,5 mm<\/td>\n<\/tr>\n<tr>\n<td><strong>Dimensions - support arri\u00e8re<\/strong><\/td>\n<td>62,2 \u00d7 76 \u00d7 155 mm<\/td>\n<\/tr>\n<tr>\n<td><strong>Poids\u00a0<\/strong><\/td>\n<td>1,65 kg<\/td>\n<\/tr>\n<tr>\n<td><strong>Installation<\/strong><\/td>\n<td>Montage au sol ou sur socle<\/td>\n<\/tr>\n<tr>\n<td><strong>Ventilation \/ conservation de la chaleur<\/strong><\/td>\n<td>Espace entre les batteries pour une meilleure circulation de l'air et une meilleure dissipation de la chaleur<\/td>\n<\/tr>\n<tr>\n<td><strong>\u00c9l\u00e9ments constitutifs des supports<\/strong><\/td>\n<td>4 supports et vis de fixation<\/td>\n<\/tr>\n<\/tbody>\n<\/table>\n<h2>Informations techniques sur les supports de piles Pytes E BK1 E-BOX-48100R - 151204100208<\/h2>\n<p><a href=\"https:\/\/fvcomponentes.com\/wp-content\/uploads\/2025\/12\/Pytes-E-BK1-Brackets-Datenblatt.pdf\" target=\"_blank\" rel=\"noopener\">E BK1 Pytes E-brackets fiche technique<\/a><\/p>\n<p><a href=\"https:\/\/fvcomponentes.com\/wp-content\/uploads\/2025\/12\/Pytes-E-BK1-Brackets-Installationsanleitung-Bedienungsanleitung-1.pdf\" target=\"_blank\" rel=\"noopener\">Pytes E BK1 E-Bracket Guide d'installation<\/a><\/p>","protected":false},"excerpt":{"rendered":"<ul>\n<li>Empilage maximal : jusqu'\u00e0 6 batteries E-Box 48100R<\/li>\n<li>Fixation au sol<\/li>\n<li>Mat\u00e9riau : Acier galvanis\u00e9 (SGCC)<\/li>\n<li>Support avant : 7,85 x 4 x 16,15 cm<\/li>\n<li>Support arri\u00e8re : 6,22 x 7,6 x 15,5 cm<\/li>\n<li>Poids : 1,65 kg<\/li>\n<\/ul>","protected":false},"featured_media":35361,"comment_status":"closed","ping_status":"closed","template":"","meta":{"site-sidebar-layout":"default","site-content-layout":"","ast-site-content-layout":"default","site-content-style":"default","site-sidebar-style":"default","ast-global-header-display":"","ast-banner-title-visibility":"","ast-main-header-display":"","ast-hfb-above-header-display":"","ast-hfb-below-header-display":"","ast-hfb-mobile-header-display":"","site-post-title":"","ast-breadcrumbs-content":"","ast-featured-img":"","footer-sml-layout":"","ast-disable-related-posts":"","theme-transparent-header-meta":"default","adv-header-id-meta":"","stick-header-meta":"","header-above-stick-meta":"","header-main-stick-meta":"","header-below-stick-meta":"","astra-migrate-meta-layouts":"set","ast-page-background-enabled":"default","ast-page-background-meta":{"desktop":{"background-color":"var(--ast-global-color-4)","background-image":"","background-repeat":"repeat","background-position":"center center","background-size":"auto","background-attachment":"scroll","background-type":"","background-media":"","overlay-type":"","overlay-color":"","overlay-opacity":"","overlay-gradient":""},"tablet":{"background-color":"","background-image":"","background-repeat":"repeat","background-position":"center center","background-size":"auto","background-attachment":"scroll","background-type":"","background-media":"","overlay-type":"","overlay-color":"","overlay-opacity":"","overlay-gradient":""},"mobile":{"background-color":"","background-image":"","background-repeat":"repeat","background-position":"center center","background-size":"auto","background-attachment":"scroll","background-type":"","background-media":"","overlay-type":"","overlay-color":"","overlay-opacity":"","overlay-gradient":""}},"ast-content-background-meta":{"desktop":{"background-color":"var(--ast-global-color-5)","background-image":"","background-repeat":"repeat","background-position":"center center","background-size":"auto","background-attachment":"scroll","background-type":"","background-media":"","overlay-type":"","overlay-color":"","overlay-opacity":"","overlay-gradient":""},"tablet":{"background-color":"var(--ast-global-color-5)","background-image":"","background-repeat":"repeat","background-position":"center center","background-size":"auto","background-attachment":"scroll","background-type":"","background-media":"","overlay-type":"","overlay-color":"","overlay-opacity":"","overlay-gradient":""},"mobile":{"background-color":"var(--ast-global-color-5)","background-image":"","background-repeat":"repeat","background-position":"center center","background-size":"auto","background-attachment":"scroll","background-type":"","background-media":"","overlay-type":"","overlay-color":"","overlay-opacity":"","overlay-gradient":""}}},"pwb-brand":[],"product_brand":[],"product_cat":[340,414],"product_tag":[],"class_list":{"0":"post-35356","1":"product","2":"type-product","3":"status-publish","4":"has-post-thumbnail","6":"product_cat-baterias","7":"product_cat-armarios-rack-para-baterias","8":"desktop-align-left","9":"tablet-align-left","10":"mobile-align-left","11":"ast-product-gallery-layout-horizontal-slider","12":"ast-product-tabs-layout-horizontal","14":"first","15":"instock","16":"taxable","17":"shipping-taxable","18":"purchasable","19":"product-type-simple"},"wcpa_form_fields":null,"brands":[],"_links":{"self":[{"href":"https:\/\/fvcomponentes.com\/fr\/wp-json\/wp\/v2\/product\/35356","targetHints":{"allow":["GET"]}}],"collection":[{"href":"https:\/\/fvcomponentes.com\/fr\/wp-json\/wp\/v2\/product"}],"about":[{"href":"https:\/\/fvcomponentes.com\/fr\/wp-json\/wp\/v2\/types\/product"}],"replies":[{"embeddable":true,"href":"https:\/\/fvcomponentes.com\/fr\/wp-json\/wp\/v2\/comments?post=35356"}],"wp:featuredmedia":[{"embeddable":true,"href":"https:\/\/fvcomponentes.com\/fr\/wp-json\/wp\/v2\/media\/35361"}],"wp:attachment":[{"href":"https:\/\/fvcomponentes.com\/fr\/wp-json\/wp\/v2\/media?parent=35356"}],"wp:term":[{"taxonomy":"pwb-brand","embeddable":true,"href":"https:\/\/fvcomponentes.com\/fr\/wp-json\/wp\/v2\/pwb-brand?post=35356"},{"taxonomy":"product_brand","embeddable":true,"href":"https:\/\/fvcomponentes.com\/fr\/wp-json\/wp\/v2\/product_brand?post=35356"},{"taxonomy":"product_cat","embeddable":true,"href":"https:\/\/fvcomponentes.com\/fr\/wp-json\/wp\/v2\/product_cat?post=35356"},{"taxonomy":"product_tag","embeddable":true,"href":"https:\/\/fvcomponentes.com\/fr\/wp-json\/wp\/v2\/product_tag?post=35356"}],"curies":[{"name":"wp","href":"https:\/\/api.w.org\/{rel}","templated":true}]}}