{"id":35327,"date":"2026-01-08T14:23:29","date_gmt":"2026-01-08T13:23:29","guid":{"rendered":"https:\/\/fvcomponentes.com\/?post_type=product&#038;p=35327"},"modified":"2026-01-08T14:23:31","modified_gmt":"2026-01-08T13:23:31","slug":"v-box-ic-pytes-for-v5-and-v5%ce%b1-plus-batteries-110409100163","status":"publish","type":"product","link":"https:\/\/fvcomponentes.com\/fr\/producto\/caja-v-box-ic-pytes-para-baterias-v5-y-v5%ce%b1-plus-110409100163\/","title":{"rendered":"V-BOX-IC Bo\u00eete \u00e0 pytes pour les batteries V5 et V5\u03b1 PLUS - 110409100163"},"content":{"rendered":"<h2>V-BOX-IC Bo\u00eete \u00e0 pytes pour les batteries V5 et V5\u03b1 PLUS - 110409100163<\/h2>\n<p data-start=\"146\" data-end=\"436\">La Pytes V-BOX-IC est une bo\u00eete de stockage int\u00e9rieure con\u00e7ue sp\u00e9cifiquement pour les batteries Pytes V5 et V5\u03b1 PLUS. Son objectif est simple : prot\u00e9ger, ranger et faciliter l'installation de vos modules de batteries au sein d'un syst\u00e8me de stockage d'\u00e9nergie solaire.<\/p>\n<p data-start=\"438\" data-end=\"688\">Fabriqu\u00e9 en acier galvanis\u00e9 et dot\u00e9 d'une ventilation passive, il offre une solution compacte, s\u00fbre et modulaire, id\u00e9ale pour les installations dans les habitations, les locaux techniques ou les environnements industriels o\u00f9 une int\u00e9gration propre et professionnelle est requise.<\/p>\n<p data-start=\"690\" data-end=\"957\">Le V-BOX-IC permet d'installer jusqu'\u00e0 3 batteries, pour atteindre une capacit\u00e9 totale d'environ 15 kWh avec une seule unit\u00e9. Elle est donc parfaite pour l'autoconsommation solaire, les syst\u00e8mes de secours en cas de coupure de courant, les syst\u00e8mes autonomes hors r\u00e9seau et les projets int\u00e9rieurs \u00e9volutifs.<\/p>\n<h2>Caract\u00e9ristiques du bo\u00eetier V-BOX-IC Pytes<\/h2>\n<h3>Conception et protection<\/h3>\n<ul>\n<li data-start=\"1044\" data-end=\"1176\">Construction en acier galvanis\u00e9 SGCC, solide et durable, assurant la stabilit\u00e9 structurelle et la protection des modules.<\/li>\n<li data-start=\"1179\" data-end=\"1269\">Conception compacte et \u00e9l\u00e9gante pour une utilisation \u00e0 l'int\u00e9rieur, permettant de garder l'installation propre et s\u00fbre.<\/li>\n<li data-start=\"1272\" data-end=\"1409\">Protection IP20, adapt\u00e9e aux espaces int\u00e9rieurs secs : prot\u00e8ge contre la poussi\u00e8re et emp\u00eache tout contact accidentel avec les pi\u00e8ces internes.<\/li>\n<\/ul>\n<h3>Capacit\u00e9 et \u00e9volutivit\u00e9<\/h3>\n<ul>\n<li data-start=\"1445\" data-end=\"1499\">Emplacement pour 3 piles Pytes V5 ou V5\u03b1 PLUS.<\/li>\n<li data-start=\"1502\" data-end=\"1580\">Capacit\u00e9 totale approximative jusqu'\u00e0 15 kWh par bo\u00eete (selon la configuration).<\/li>\n<li data-start=\"1583\" data-end=\"1686\">Possibilit\u00e9 d'empiler deux bo\u00eetes, ce qui permet d'obtenir jusqu'\u00e0 30,72 kWh sans augmenter la surface au sol utilis\u00e9e.<\/li>\n<li data-start=\"1689\" data-end=\"1813\">Approche modulaire qui permet d'\u00e9tendre progressivement le syst\u00e8me, sans complication ni restructuration de l'ensemble de l'installation.<\/li>\n<\/ul>\n<h3>Installation, montage et entretien<\/h3>\n<ul>\n<li data-start=\"1851\" data-end=\"1924\">Con\u00e7u pour un montage au sol, il garantit une installation stable.<\/li>\n<li data-start=\"1927\" data-end=\"2030\">Acc\u00e8s ais\u00e9 aux batteries et aux connexions, ce qui facilite la mise en service et la maintenance.<\/li>\n<li data-start=\"2033\" data-end=\"2155\">Ventilation par convection naturelle, sans ventilateur : fonctionnement silencieux, fiable et n\u00e9cessitant peu d'entretien.<\/li>\n<\/ul>\n<h2>V-BOX-IC Pytes V5 et V5\u03b1 PLUS Caract\u00e9ristiques techniques du bo\u00eetier \u00e0 piles<\/h2>\n<table>\n<thead>\n<tr>\n<th><strong>Fonctionnalit\u00e9<\/strong><\/th>\n<th><strong>Valeur<\/strong><\/th>\n<\/tr>\n<\/thead>\n<tbody>\n<tr>\n<td>Mod\u00e8le<\/td>\n<td>V-BOX-IC<\/td>\n<\/tr>\n<tr>\n<td>R\u00e9f\u00e9rence<\/td>\n<td>110409100163<\/td>\n<\/tr>\n<tr>\n<td>Fabricant<\/td>\n<td>Pytes<\/td>\n<\/tr>\n<tr>\n<td>Application<\/td>\n<td>Stockage et sauvegarde de l'\u00e9nergie solaire<\/td>\n<\/tr>\n<tr>\n<td>Utilisation recommand\u00e9e<\/td>\n<td>A l'int\u00e9rieur<\/td>\n<\/tr>\n<tr>\n<td>Piles compatibles<\/td>\n<td>Pytes V5 et V5\u03b1 PLUS<\/td>\n<\/tr>\n<tr>\n<td>Nombre maximal de piles<\/td>\n<td>3 unit\u00e9s<\/td>\n<\/tr>\n<tr>\n<td>Capacit\u00e9 totale install\u00e9e<\/td>\n<td>15 kWh<\/td>\n<\/tr>\n<tr>\n<td>Expansion maximale<\/td>\n<td>Empilable jusqu'\u00e0 2 armoires (30 kWh)<\/td>\n<\/tr>\n<tr>\n<td>Mat\u00e9riau de l'armoire<\/td>\n<td>Acier galvanis\u00e9 SGCC<\/td>\n<\/tr>\n<tr>\n<td>Degr\u00e9 de protection<\/td>\n<td>IP20<\/td>\n<\/tr>\n<tr>\n<td>Ventilation<\/td>\n<td>Naturel (sans ventilateur)<\/td>\n<\/tr>\n<tr>\n<td>Niveau sonore<\/td>\n<td>Silencieux<\/td>\n<\/tr>\n<tr>\n<td>Dimensions (L \u00d7 L \u00d7 H)<\/td>\n<td>533 \u00d7 616 \u00d7 650 mm<\/td>\n<\/tr>\n<tr>\n<td>Poids<\/td>\n<td>42,2 kg<\/td>\n<\/tr>\n<tr>\n<td>Type de montage<\/td>\n<td>Sol (montage au sol)<\/td>\n<\/tr>\n<tr>\n<td>Conception<\/td>\n<td>Compact et robuste, adapt\u00e9 \u00e0 une utilisation en int\u00e9rieur<\/td>\n<\/tr>\n<tr>\n<td>Caract\u00e9ristiques suppl\u00e9mentaires<\/td>\n<td>Acc\u00e8s facile aux modules, connexions ordonn\u00e9es, extensible.<\/td>\n<\/tr>\n<tr>\n<td>Garantie<\/td>\n<td>2 ans<\/td>\n<\/tr>\n<\/tbody>\n<\/table>\n<h2>V-BOX-IC Pytes informations techniques pour les batteries V5 et V5\u03b1 PLUS - 110409100163<\/h2>\n<p><a href=\"https:\/\/fvcomponentes.com\/wp-content\/uploads\/2025\/12\/V-BOX-IC-Datasheet.pdf\" target=\"_blank\" rel=\"noopener\">Fiche technique du bo\u00eetier V-BOX-IC Pytes<\/a><\/p>\n<p><a href=\"https:\/\/fvcomponentes.com\/wp-content\/uploads\/2025\/12\/V-Box-IC-Installation-Guide.pdf\" target=\"_blank\" rel=\"noopener\">V-BOX-IC Pytes V-BOX Guide d'installation<\/a><\/p>","protected":false},"excerpt":{"rendered":"<ul>\n<li>Stocke jusqu'\u00e0 3 piles Pytes V5 et V5\u03b1 PLUS<\/li>\n<li>Montage au sol.<\/li>\n<li>Mat\u00e9riau du bo\u00eetier : SGCC (acier galvanis\u00e9)<\/li>\n<li>Refroidissement : convection naturelle<\/li>\n<li>Protection : IP20 - Convient pour une installation \u00e0 l'int\u00e9rieur<\/li>\n<li>Dimensions : 533 \u00d7 616 \u00d7 650 mm<\/li>\n<li>Poids : 42,2 kg<\/li>\n<\/ul>","protected":false},"featured_media":35330,"comment_status":"closed","ping_status":"closed","template":"","meta":{"site-sidebar-layout":"default","site-content-layout":"","ast-site-content-layout":"default","site-content-style":"default","site-sidebar-style":"default","ast-global-header-display":"","ast-banner-title-visibility":"","ast-main-header-display":"","ast-hfb-above-header-display":"","ast-hfb-below-header-display":"","ast-hfb-mobile-header-display":"","site-post-title":"","ast-breadcrumbs-content":"","ast-featured-img":"","footer-sml-layout":"","ast-disable-related-posts":"","theme-transparent-header-meta":"default","adv-header-id-meta":"","stick-header-meta":"","header-above-stick-meta":"","header-main-stick-meta":"","header-below-stick-meta":"","astra-migrate-meta-layouts":"set","ast-page-background-enabled":"default","ast-page-background-meta":{"desktop":{"background-color":"var(--ast-global-color-4)","background-image":"","background-repeat":"repeat","background-position":"center center","background-size":"auto","background-attachment":"scroll","background-type":"","background-media":"","overlay-type":"","overlay-color":"","overlay-opacity":"","overlay-gradient":""},"tablet":{"background-color":"","background-image":"","background-repeat":"repeat","background-position":"center center","background-size":"auto","background-attachment":"scroll","background-type":"","background-media":"","overlay-type":"","overlay-color":"","overlay-opacity":"","overlay-gradient":""},"mobile":{"background-color":"","background-image":"","background-repeat":"repeat","background-position":"center center","background-size":"auto","background-attachment":"scroll","background-type":"","background-media":"","overlay-type":"","overlay-color":"","overlay-opacity":"","overlay-gradient":""}},"ast-content-background-meta":{"desktop":{"background-color":"var(--ast-global-color-5)","background-image":"","background-repeat":"repeat","background-position":"center center","background-size":"auto","background-attachment":"scroll","background-type":"","background-media":"","overlay-type":"","overlay-color":"","overlay-opacity":"","overlay-gradient":""},"tablet":{"background-color":"var(--ast-global-color-5)","background-image":"","background-repeat":"repeat","background-position":"center center","background-size":"auto","background-attachment":"scroll","background-type":"","background-media":"","overlay-type":"","overlay-color":"","overlay-opacity":"","overlay-gradient":""},"mobile":{"background-color":"var(--ast-global-color-5)","background-image":"","background-repeat":"repeat","background-position":"center center","background-size":"auto","background-attachment":"scroll","background-type":"","background-media":"","overlay-type":"","overlay-color":"","overlay-opacity":"","overlay-gradient":""}}},"pwb-brand":[1007],"product_brand":[],"product_cat":[340,414],"product_tag":[],"class_list":{"0":"post-35327","1":"product","2":"type-product","3":"status-publish","4":"has-post-thumbnail","6":"pwb-brand-baterias-pytes","7":"product_cat-baterias","8":"product_cat-armarios-rack-para-baterias","9":"desktop-align-left","10":"tablet-align-left","11":"mobile-align-left","12":"ast-product-gallery-layout-horizontal-slider","13":"ast-product-tabs-layout-horizontal","15":"first","16":"instock","17":"taxable","18":"shipping-taxable","19":"purchasable","20":"product-type-simple"},"wcpa_form_fields":null,"brands":[{"id":1007,"name":"Piles Pytes","slug":"piles-a-pytes"}],"_links":{"self":[{"href":"https:\/\/fvcomponentes.com\/fr\/wp-json\/wp\/v2\/product\/35327","targetHints":{"allow":["GET"]}}],"collection":[{"href":"https:\/\/fvcomponentes.com\/fr\/wp-json\/wp\/v2\/product"}],"about":[{"href":"https:\/\/fvcomponentes.com\/fr\/wp-json\/wp\/v2\/types\/product"}],"replies":[{"embeddable":true,"href":"https:\/\/fvcomponentes.com\/fr\/wp-json\/wp\/v2\/comments?post=35327"}],"wp:featuredmedia":[{"embeddable":true,"href":"https:\/\/fvcomponentes.com\/fr\/wp-json\/wp\/v2\/media\/35330"}],"wp:attachment":[{"href":"https:\/\/fvcomponentes.com\/fr\/wp-json\/wp\/v2\/media?parent=35327"}],"wp:term":[{"taxonomy":"pwb-brand","embeddable":true,"href":"https:\/\/fvcomponentes.com\/fr\/wp-json\/wp\/v2\/pwb-brand?post=35327"},{"taxonomy":"product_brand","embeddable":true,"href":"https:\/\/fvcomponentes.com\/fr\/wp-json\/wp\/v2\/product_brand?post=35327"},{"taxonomy":"product_cat","embeddable":true,"href":"https:\/\/fvcomponentes.com\/fr\/wp-json\/wp\/v2\/product_cat?post=35327"},{"taxonomy":"product_tag","embeddable":true,"href":"https:\/\/fvcomponentes.com\/fr\/wp-json\/wp\/v2\/product_tag?post=35327"}],"curies":[{"name":"wp","href":"https:\/\/api.w.org\/{rel}","templated":true}]}}