{"id":35320,"date":"2026-01-29T20:35:08","date_gmt":"2026-01-29T19:35:08","guid":{"rendered":"https:\/\/fvcomponentes.com\/?post_type=product&#038;p=35320"},"modified":"2026-01-29T20:35:10","modified_gmt":"2026-01-29T19:35:10","slug":"octets-de-la-boite-v-pour-les-batteries-v5-et-v5%ce%b1-plus-110409100154","status":"publish","type":"product","link":"https:\/\/fvcomponentes.com\/fr\/producto\/caja-v-box-oc-pytes-para-baterias-v5-y-v5%ce%b1-plus-110409100154\/","title":{"rendered":"V-BOX-OC Pytes Bo\u00eete V-BOX-OC pour batteries V5 et V5\u03b1 PLUS - 110409100154"},"content":{"rendered":"<h2>V-BOX-OC Bo\u00eete \u00e0 pytes pour les batteries V5 et V5\u03b1 PLUS - 110409100154<\/h2>\n<p>Le bo\u00eetier Pytes V-BOX-OC est une solution de stockage d'\u00e9nergie ext\u00e9rieure robuste et \u00e9volutive, con\u00e7ue sp\u00e9cifiquement pour les modules de batterie Pytes V5 et V5\u03b1 PLUS, capable d'accueillir jusqu'\u00e0 4 batteries d'une capacit\u00e9 maximale de 20 kWh par bo\u00eetier.<\/p>\n<p>Sa structure robuste, sa ventilation passive, ses barres omnibus int\u00e9gr\u00e9es, sa protection contre les intemp\u00e9ries, sa facilit\u00e9 d'installation, son architecture modulaire et sa compatibilit\u00e9 avec la plupart des onduleurs du march\u00e9 en font une solution polyvalente et durable pour les syst\u00e8mes solaires, l'alimentation de secours ou les projets ext\u00e9rieurs hors r\u00e9seau.<\/p>\n<h2>Caract\u00e9ristiques du bo\u00eetier V-BOX-OC Pytes<\/h2>\n<h3>Conception et s\u00e9curit\u00e9<\/h3>\n<p>La V-BOX-OC est fabriqu\u00e9e en acier galvanis\u00e9 SGCC tr\u00e8s r\u00e9sistant et poss\u00e8de un indice de protection IP55, ce qui la rend particuli\u00e8rement adapt\u00e9e aux environnements ext\u00e9rieurs o\u00f9 elle doit faire face \u00e0 la poussi\u00e8re, \u00e0 la pluie, \u00e0 la neige, \u00e0 l'humidit\u00e9, aux fluctuations de temp\u00e9rature et aux changements climatiques sans compromettre la s\u00e9curit\u00e9 des composants internes. Cela permet de l'installer dans des cours, des jardins, des toits ou des zones techniques non climatis\u00e9es sans risque de d\u00e9t\u00e9rioration pr\u00e9matur\u00e9e.<\/p>\n<p>Sa conception compacte et \u00e9l\u00e9gante comprend des joints et des rev\u00eatements r\u00e9sistants \u00e0 la corrosion et aux UV, qui contribuent \u00e0 maintenir l'int\u00e9grit\u00e9 structurelle et \u00e0 prot\u00e9ger les batteries de la d\u00e9gradation due \u00e0 une exposition prolong\u00e9e au soleil.<\/p>\n<p>La V-BOX-OC est donc con\u00e7ue pour r\u00e9sister aux conditions ext\u00e9rieures difficiles, garantissant une stabilit\u00e9 \u00e0 long terme et une protection fiable des syst\u00e8mes de stockage d'\u00e9nergie.<\/p>\n<p>Refl\u00e9tant l'engagement de Pytes en mati\u00e8re de responsabilit\u00e9 environnementale, la V-BOX-OC int\u00e8gre des mat\u00e9riaux respectueux de l'environnement et des processus de fabrication durables afin de minimiser son empreinte \u00e9cologique.<\/p>\n<p>La conception de la ventilation V-BOX-OC est bas\u00e9e sur la convection naturelle, ce qui signifie qu'aucun ventilateur ou pi\u00e8ce mobile n'est n\u00e9cessaire, garantissant un fonctionnement silencieux et n\u00e9cessitant peu d'entretien.<\/p>\n<p>Sa fonction d'alimentation de secours intelligente et configurable garantit une alimentation \u00e9lectrique ininterrompue.<\/p>\n<p>En outre, le bo\u00eetier V-BOX-OC est \u00e9quip\u00e9 de dispositifs de s\u00e9curit\u00e9 avanc\u00e9s, notamment de serrures et de syst\u00e8mes d'alarme.<br \/>\nCette enceinte prot\u00e8ge les pr\u00e9cieux syst\u00e8mes de stockage d'\u00e9nergie qu'elle contient contre l'acc\u00e8s non autoris\u00e9 et le vol.<\/p>\n<h3>Stockage<\/h3>\n<p>La V-BOX-OC peut accueillir jusqu'\u00e0 4 modules de batterie Pytes V5 et V5\u03b1 PLUS, atteignant ainsi une capacit\u00e9 \u00e9nerg\u00e9tique maximale de 20 kWh par bo\u00eete.<\/p>\n<p>Gr\u00e2ce \u00e0 son architecture \u00e9volutive, jusqu'\u00e0 quatre armoires V-BOX-OC peuvent \u00eatre connect\u00e9es en parall\u00e8le, ce qui permet d'\u00e9tendre le syst\u00e8me \u00e0 environ 80 kWh de stockage total sans avoir besoin de composants externes complexes.<br \/>\nCette \u00e9volutivit\u00e9 le rend adapt\u00e9 aux syst\u00e8mes solaires domestiques, \u00e0 l'alimentation d'appoint des petites entreprises ou aux installations hors r\u00e9seau.<\/p>\n<h3>Compatibilit\u00e9 et optimisation<\/h3>\n<p>La V-BOX-OC est compatible avec la plupart des onduleurs de stockage d'\u00e9nergie et des syst\u00e8mes ESS disponibles dans le commerce, ce qui permet une int\u00e9gration facile dans les infrastructures \u00e9nerg\u00e9tiques existantes et nouvelles.<\/p>\n<p>Gr\u00e2ce \u00e0 sa conception modulaire et standard, il peut \u00eatre adapt\u00e9 \u00e0 diverses configurations de syst\u00e8mes solaires ou hybrides, et peut \u00eatre int\u00e9gr\u00e9 \u00e0 des syst\u00e8mes de gestion et de surveillance de l'\u00e9nergie afin d'optimiser les performances globales du stockage de l'\u00e9nergie.<br \/>\nLe syst\u00e8me prend en charge la surveillance en temps r\u00e9el, la visualisation des donn\u00e9es, les mises \u00e0 jour \u00e0 distance, les notifications d'alarme et la d\u00e9tection des erreurs, ce qui permet un contr\u00f4le intelligent et une exp\u00e9rience optimis\u00e9e pour l'utilisateur.<\/p>\n<h3>Installation et assemblage<\/h3>\n<p>La structure interne de la V-BOX-OC int\u00e8gre des jeux de barres et des disjoncteurs DC, ce qui simplifie l'installation \u00e9lectrique et r\u00e9duit le c\u00e2blage, am\u00e9liorant ainsi la s\u00e9curit\u00e9 et l'organisation des connexions.<\/p>\n<p>Le bo\u00eetier a une conception robuste \u00e0 montage au sol, qui assure la stabilit\u00e9 et un acc\u00e8s facile pour l'installation, l'inspection ou le remplacement des batteries et des composants.<\/p>\n<h2>V-BOX-OC Pytes V5 et V5\u03b1 PLUS sp\u00e9cifications techniques du bo\u00eetier \u00e0 piles<\/h2>\n<table>\n<thead>\n<tr>\n<th><strong>Param\u00e8tres<\/strong><\/th>\n<th><strong>Sp\u00e9cifications<\/strong><\/th>\n<\/tr>\n<\/thead>\n<tbody>\n<tr>\n<td>Mod\u00e8le<\/td>\n<td>V-BOX-OC<\/td>\n<\/tr>\n<tr>\n<td>R\u00e9f\u00e9rence<\/td>\n<td>110409100154<\/td>\n<\/tr>\n<tr>\n<td>Fabricant<\/td>\n<td>Pytes<\/td>\n<\/tr>\n<tr>\n<td>Type de produit<\/td>\n<td>Bo\u00eetier de batterie \/ armoire<\/td>\n<\/tr>\n<tr>\n<td>Utilisation recommand\u00e9e<\/td>\n<td>Ext\u00e9rieur<\/td>\n<\/tr>\n<tr>\n<td>Piles compatibles<\/td>\n<td>Pytes V5 et V5\u03b1 PLUS<\/td>\n<\/tr>\n<tr>\n<td>Nombre maximal de piles<\/td>\n<td>4 unit\u00e9s<\/td>\n<\/tr>\n<tr>\n<td>Capacit\u00e9 totale install\u00e9e<\/td>\n<td>20 kWh<\/td>\n<\/tr>\n<tr>\n<td>Expansion maximale<\/td>\n<td>Jusqu'\u00e0 4 armoires en parall\u00e8le (80 kWh)<\/td>\n<\/tr>\n<tr>\n<td>Mat\u00e9riau de l'armoire<\/td>\n<td>Acier galvanis\u00e9 SGCC<\/td>\n<\/tr>\n<tr>\n<td>Degr\u00e9 de protection<\/td>\n<td>IP55 \/ NEMA3<\/td>\n<\/tr>\n<tr>\n<td>Ventilation<\/td>\n<td>Convection naturelle (pas de ventilateur)<\/td>\n<\/tr>\n<tr>\n<td>Niveau sonore<\/td>\n<td>Silencieux<\/td>\n<\/tr>\n<tr>\n<td>Dimensions (L \u00d7 L \u00d7 H)<\/td>\n<td>645 x 395 x 1395 mm<\/td>\n<\/tr>\n<tr>\n<td>Poids \u00e0 vide<\/td>\n<td>88 kg<\/td>\n<\/tr>\n<tr>\n<td>Type de montage<\/td>\n<td>Sol (montage au sol)<\/td>\n<\/tr>\n<tr>\n<td>Conception<\/td>\n<td>Robuste, pr\u00eat pour l'ext\u00e9rieur<\/td>\n<\/tr>\n<tr>\n<td>Caract\u00e9ristiques suppl\u00e9mentaires<\/td>\n<td>Barres de distribution int\u00e9gr\u00e9es, disjoncteurs DC, connexions nettes et s\u00fbres, \u00e0 l'\u00e9preuve des intemp\u00e9ries<\/td>\n<\/tr>\n<tr>\n<td>Garantie<\/td>\n<td>2 ans<\/td>\n<\/tr>\n<\/tbody>\n<\/table>\n<h2>V-BOX-OC Pytes informations techniques pour les batteries V5 et V5\u03b1 PLUS - 110409100154<\/h2>\n<p><a href=\"https:\/\/fvcomponentes.com\/wp-content\/uploads\/2025\/12\/5965_450-0019-Brochure.pdf\" target=\"_blank\" rel=\"noopener\">Fiche technique de l'enceinte V-BOX-OC Pytes<\/a><\/p>\n<p><a href=\"https:\/\/fvcomponentes.com\/wp-content\/uploads\/2025\/12\/V-BOX-OC-Installation-Guide-V231129.pdf\" target=\"_blank\" rel=\"noopener\">Pytes V-BOX-OC Guide d'installation du bo\u00eetier V-BOX-OC<\/a><\/p>","protected":false},"excerpt":{"rendered":"<ul>\n<li>Pour jusqu'\u00e0 4 batteries Pytes V5 et V5\u03b1 PLUS<\/li>\n<li>Montage au sol.<\/li>\n<li>Mat\u00e9riau du bo\u00eetier : SGCC (acier galvanis\u00e9)<\/li>\n<li>Refroidissement : convection naturelle<\/li>\n<li>Convient \u00e0 l'installation en ext\u00e9rieur<\/li>\n<li>Barre omnibus, disjoncteur DC int\u00e9gr\u00e9 et c\u00e2bles inclus<\/li>\n<li>Protection : IP55 et NEMA 3<\/li>\n<li>Dimensions : 64,5 x 39,5 x 139,5 cm<\/li>\n<li>Poids : 88 kg<\/li>\n<\/ul>","protected":false},"featured_media":35324,"comment_status":"closed","ping_status":"closed","template":"","meta":{"site-sidebar-layout":"default","site-content-layout":"","ast-site-content-layout":"default","site-content-style":"default","site-sidebar-style":"default","ast-global-header-display":"","ast-banner-title-visibility":"","ast-main-header-display":"","ast-hfb-above-header-display":"","ast-hfb-below-header-display":"","ast-hfb-mobile-header-display":"","site-post-title":"","ast-breadcrumbs-content":"","ast-featured-img":"","footer-sml-layout":"","ast-disable-related-posts":"","theme-transparent-header-meta":"default","adv-header-id-meta":"","stick-header-meta":"","header-above-stick-meta":"","header-main-stick-meta":"","header-below-stick-meta":"","astra-migrate-meta-layouts":"set","ast-page-background-enabled":"default","ast-page-background-meta":{"desktop":{"background-color":"var(--ast-global-color-4)","background-image":"","background-repeat":"repeat","background-position":"center center","background-size":"auto","background-attachment":"scroll","background-type":"","background-media":"","overlay-type":"","overlay-color":"","overlay-opacity":"","overlay-gradient":""},"tablet":{"background-color":"","background-image":"","background-repeat":"repeat","background-position":"center center","background-size":"auto","background-attachment":"scroll","background-type":"","background-media":"","overlay-type":"","overlay-color":"","overlay-opacity":"","overlay-gradient":""},"mobile":{"background-color":"","background-image":"","background-repeat":"repeat","background-position":"center center","background-size":"auto","background-attachment":"scroll","background-type":"","background-media":"","overlay-type":"","overlay-color":"","overlay-opacity":"","overlay-gradient":""}},"ast-content-background-meta":{"desktop":{"background-color":"var(--ast-global-color-5)","background-image":"","background-repeat":"repeat","background-position":"center center","background-size":"auto","background-attachment":"scroll","background-type":"","background-media":"","overlay-type":"","overlay-color":"","overlay-opacity":"","overlay-gradient":""},"tablet":{"background-color":"var(--ast-global-color-5)","background-image":"","background-repeat":"repeat","background-position":"center center","background-size":"auto","background-attachment":"scroll","background-type":"","background-media":"","overlay-type":"","overlay-color":"","overlay-opacity":"","overlay-gradient":""},"mobile":{"background-color":"var(--ast-global-color-5)","background-image":"","background-repeat":"repeat","background-position":"center center","background-size":"auto","background-attachment":"scroll","background-type":"","background-media":"","overlay-type":"","overlay-color":"","overlay-opacity":"","overlay-gradient":""}}},"pwb-brand":[1007],"product_brand":[],"product_cat":[340,414],"product_tag":[],"class_list":{"0":"post-35320","1":"product","2":"type-product","3":"status-publish","4":"has-post-thumbnail","6":"pwb-brand-baterias-pytes","7":"product_cat-baterias","8":"product_cat-armarios-rack-para-baterias","9":"desktop-align-left","10":"tablet-align-left","11":"mobile-align-left","12":"ast-product-gallery-layout-horizontal-slider","13":"ast-product-tabs-layout-horizontal","15":"first","16":"instock","17":"taxable","18":"shipping-taxable","19":"purchasable","20":"product-type-simple"},"wcpa_form_fields":null,"brands":[{"id":1007,"name":"Piles Pytes","slug":"piles-a-pytes"}],"_links":{"self":[{"href":"https:\/\/fvcomponentes.com\/fr\/wp-json\/wp\/v2\/product\/35320","targetHints":{"allow":["GET"]}}],"collection":[{"href":"https:\/\/fvcomponentes.com\/fr\/wp-json\/wp\/v2\/product"}],"about":[{"href":"https:\/\/fvcomponentes.com\/fr\/wp-json\/wp\/v2\/types\/product"}],"replies":[{"embeddable":true,"href":"https:\/\/fvcomponentes.com\/fr\/wp-json\/wp\/v2\/comments?post=35320"}],"wp:featuredmedia":[{"embeddable":true,"href":"https:\/\/fvcomponentes.com\/fr\/wp-json\/wp\/v2\/media\/35324"}],"wp:attachment":[{"href":"https:\/\/fvcomponentes.com\/fr\/wp-json\/wp\/v2\/media?parent=35320"}],"wp:term":[{"taxonomy":"pwb-brand","embeddable":true,"href":"https:\/\/fvcomponentes.com\/fr\/wp-json\/wp\/v2\/pwb-brand?post=35320"},{"taxonomy":"product_brand","embeddable":true,"href":"https:\/\/fvcomponentes.com\/fr\/wp-json\/wp\/v2\/product_brand?post=35320"},{"taxonomy":"product_cat","embeddable":true,"href":"https:\/\/fvcomponentes.com\/fr\/wp-json\/wp\/v2\/product_cat?post=35320"},{"taxonomy":"product_tag","embeddable":true,"href":"https:\/\/fvcomponentes.com\/fr\/wp-json\/wp\/v2\/product_tag?post=35320"}],"curies":[{"name":"wp","href":"https:\/\/api.w.org\/{rel}","templated":true}]}}