{"id":35317,"date":"2026-01-29T20:35:32","date_gmt":"2026-01-29T19:35:32","guid":{"rendered":"https:\/\/fvcomponentes.com\/?post_type=product&#038;p=35317"},"modified":"2026-01-29T20:35:34","modified_gmt":"2026-01-29T19:35:34","slug":"r-box-oc-ii-pytes-pytes-for-e-box-48100r-batteries-110409100133","status":"publish","type":"product","link":"https:\/\/fvcomponentes.com\/fr\/producto\/caja-r-box-oc-ii-pytes-para-baterias-e-box-48100r-110409100133\/","title":{"rendered":"R-BOX-OC II Bo\u00eete \u00e0 pytes pour batteries E-BOX 48100R - 110409100133"},"content":{"rendered":"<h2>R-BOX-OC II Bo\u00eete \u00e0 pytes pour batteries E-BOX 48100R - 110409100133<\/h2>\n<p>La Pytes R-BOX-OC II Box est un syst\u00e8me de stockage con\u00e7u sp\u00e9cifiquement pour une utilisation en ext\u00e9rieur, destin\u00e9 \u00e0 abriter jusqu'\u00e0 deux batteries Pytes E-BOX 48100R dans une seule structure robuste et r\u00e9sistante, offrant une capacit\u00e9 totale d'\u00e9nergie utilisable de 10,24kWh.<\/p>\n<p>Ce bo\u00eetier fait partie de la famille R-BOX-OC, sp\u00e9cialement fabriqu\u00e9e pour les installations ext\u00e9rieures, o\u00f9 une protection \u00e9lev\u00e9e contre la poussi\u00e8re, la pluie et des conditions environnementales plus exigeantes qu'\u00e0 l'int\u00e9rieur est n\u00e9cessaire, ce qui en fait l'une des meilleures options pour le stockage d'\u00e9nergie \u00e0 l'ext\u00e9rieur.<\/p>\n<p>Sa conception avec jeux de barres, disjoncteurs int\u00e9gr\u00e9s et refroidissement par convection naturelle en fait une solution id\u00e9ale pour les projets d'autoconsommation solaire et d'alimentation de secours dans des environnements exigeants.<\/p>\n<h2>Caract\u00e9ristiques du bo\u00eetier R-BOX-OC II Pytes<\/h2>\n<h3>Con\u00e7u pour une utilisation en ext\u00e9rieur<\/h3>\n<p>La R-BOX-OC II est fabriqu\u00e9e en acier galvanis\u00e9 SGCC \u00e0 haute r\u00e9sistance, ce qui lui conf\u00e8re une structure durable et stable capable de r\u00e9sister aux environnements ext\u00e9rieurs sans compromettre la s\u00e9curit\u00e9 des batteries ou des composants internes. En d'autres termes, son bo\u00eetier r\u00e9sistant aux intemp\u00e9ries et sa structure renforc\u00e9e lui permettent de r\u00e9sister aux environnements difficiles.<\/p>\n<p>Le bo\u00eetier R-BOX-OC II int\u00e8gre des barres omnibus et des disjoncteurs CC, ce qui r\u00e9duit le c\u00e2blage externe, am\u00e9liore l'organisation interne et facilite les connexions aux onduleurs et aux autres \u00e9l\u00e9ments du syst\u00e8me. Il garantit \u00e9galement un transfert d'\u00e9nergie s\u00fbr et efficace et simplifie le processus d'installation.<\/p>\n<h3>Fonctions de s\u00e9curit\u00e9 avanc\u00e9es<\/h3>\n<p>La R-BOX-OC II offre un haut niveau de protection contre la poussi\u00e8re et les jets d'eau gr\u00e2ce \u00e0 sa protection IP55. Elle convient donc aux jardins, aux terrasses, aux toits ou aux locaux techniques non chauff\u00e9s.<\/p>\n<p>La structure de haut format facilite la distribution ordonn\u00e9e des modules de batterie, laissant de l'espace pour les barres omnibus et les disjoncteurs int\u00e9gr\u00e9s qui am\u00e9liorent la s\u00e9curit\u00e9 \u00e9lectrique globale du syst\u00e8me.<\/p>\n<p>Une autre caract\u00e9ristique de s\u00e9curit\u00e9 est que le bo\u00eetier fonctionne sans ventilateur, c'est-\u00e0-dire avec un refroidissement par convection naturelle, ce qui minimise le bruit et \u00e9limine la n\u00e9cessit\u00e9 d'une maintenance suppl\u00e9mentaire due aux pi\u00e8ces mobiles. Cette conception permet d'obtenir des performances silencieuses et fiables, m\u00eame lorsque le bo\u00eetier est charg\u00e9 de batteries.<\/p>\n<p>En outre, l'enceinte Pytes R-BOX-OC II comprend un syst\u00e8me d'extinction d'incendie int\u00e9gr\u00e9.<\/p>\n<h3>Stockage<\/h3>\n<p>Le R-BOX-OC II est con\u00e7u pour accueillir 2 batteries Pytes E-BOX 48100R, chacune ayant une \u00e9nergie nominale d'environ 5,12 kWh, ce qui donne une capacit\u00e9 totale install\u00e9e de 10,24 kWh avec les 2 batteries.<\/p>\n<p>D'autre part, le bo\u00eetier R-BOX-OC II peut fournir une grande quantit\u00e9 d'\u00e9nergie disponible dans n'importe quelle situation gr\u00e2ce \u00e0 sa batterie de grande capacit\u00e9, offrant ainsi une solution de secours en cas de panne de courant ou de catastrophe naturelle.<\/p>\n<h3>Compatibilit\u00e9<\/h3>\n<p>Le R-BOX-OC II est compatible avec la s\u00e9rie de batteries Pytes E-BOX 48100R, qui utilise la chimie LiFePO4 hautement fiable et durable, id\u00e9ale pour les solutions d'autoconsommation, de sauvegarde des charges critiques et de stockage d'\u00e9nergie dans les installations \u00e9loign\u00e9es ou soumises \u00e0 des contraintes climatiques.<\/p>\n<p>Ce bo\u00eetier peut \u00eatre int\u00e9gr\u00e9 \u00e0 la plupart des onduleurs et des syst\u00e8mes de gestion de l'\u00e9nergie du march\u00e9, gr\u00e2ce \u00e0 sa conception standard et \u00e0 son sch\u00e9ma de connexion con\u00e7u pour faciliter l'interconnexion avec l'\u00e9quipement \u00e9lectrique existant. Cela signifie qu'il peut \u00eatre int\u00e9gr\u00e9 de mani\u00e8re transparente dans un syst\u00e8me \u00e9lectrique existant.<\/p>\n<h3>Installation, entretien et assemblage<\/h3>\n<p>Pytes a con\u00e7u le R-BOX-OC II en gardant \u00e0 l'esprit la simplicit\u00e9 d'installation et de maintenance, avec un acc\u00e8s facile aux composants internes, des points de connexion \u00e9lectrique clairement identifi\u00e9s et une disposition interne qui facilite la v\u00e9rification visuelle et les futures mises \u00e0 niveau du syst\u00e8me.<\/p>\n<p>L'installation de ce bo\u00eetier est tr\u00e8s simple gr\u00e2ce aux instructions faciles \u00e0 suivre et \u00e0 l'interface conviviale. Aucun expert n'est n\u00e9cessaire pour l'utiliser car Pytes a pris les mesures n\u00e9cessaires pour s'assurer que n'importe qui, quel que soit son niveau de comp\u00e9tence, puisse utiliser le bo\u00eetier R-BOX-OC II.<\/p>\n<p>La R-BOX-OC II est con\u00e7ue pour un montage au sol, fournissant une base stable et s\u00fbre pour le poids des batteries et des accessoires int\u00e9gr\u00e9s.<\/p>\n<h2>R-BOX-OC II Pytes R-BOX-OC Pytes pour batteries E-BOX 48100R Sp\u00e9cifications techniques<\/h2>\n<table>\n<thead>\n<tr>\n<th><strong>Param\u00e8tres<\/strong><\/th>\n<th><strong>Sp\u00e9cifications<\/strong><\/th>\n<\/tr>\n<\/thead>\n<tbody>\n<tr>\n<td>Mod\u00e8le<\/td>\n<td>R-BOX-OC II<\/td>\n<\/tr>\n<tr>\n<td>R\u00e9f\u00e9rence<\/td>\n<td>110409100133<\/td>\n<\/tr>\n<tr>\n<td>Fabricant<\/td>\n<td>Pytes<\/td>\n<\/tr>\n<tr>\n<td>Type de produit<\/td>\n<td>Bo\u00eetier de batterie \/ armoire<\/td>\n<\/tr>\n<tr>\n<td>Application<\/td>\n<td>Stockage et sauvegarde de l'\u00e9nergie solaire<\/td>\n<\/tr>\n<tr>\n<td>Utilisation recommand\u00e9e<\/td>\n<td>Ext\u00e9rieur<\/td>\n<\/tr>\n<tr>\n<td>Piles compatibles<\/td>\n<td>Pytes E-BOX 48100R<\/td>\n<\/tr>\n<tr>\n<td>Nombre maximal de piles<\/td>\n<td>2 unit\u00e9s<\/td>\n<\/tr>\n<tr>\n<td>Capacit\u00e9 totale install\u00e9e<\/td>\n<td>10,24 kWh<\/td>\n<\/tr>\n<tr>\n<td>Tension normale<\/td>\n<td>51,2 V<\/td>\n<\/tr>\n<tr>\n<td>Courant de charge\/d\u00e9charge standard<\/td>\n<td>100 A<\/td>\n<\/tr>\n<tr>\n<td>Mat\u00e9riau de l'armoire<\/td>\n<td>Acier galvanis\u00e9 SGCC<\/td>\n<\/tr>\n<tr>\n<td>Degr\u00e9 de protection<\/td>\n<td>IP65 \/ NEMA 3R<\/td>\n<\/tr>\n<tr>\n<td>Ventilation<\/td>\n<td>Naturel (sans ventilateur)<\/td>\n<\/tr>\n<tr>\n<td>Niveau sonore<\/td>\n<td>Silencieux<\/td>\n<\/tr>\n<tr>\n<td>Temp\u00e9rature de fonctionnement<\/td>\n<td>Chargement : 0 - 56\u00b0C, D\u00e9charge : -10 - 50\u00b0C<\/td>\n<\/tr>\n<tr>\n<td>Barres bus positives et n\u00e9gatives de la batterie<\/td>\n<td>300A, 2*12 points, anneaux de connexion M8\/M6<\/td>\n<\/tr>\n<tr>\n<td>Disjoncteur<\/td>\n<td>100A<\/td>\n<\/tr>\n<tr>\n<td>Dimensions (L \u00d7 L \u00d7 H)<\/td>\n<td>80,01 \u00d7 33,02 \u00d7 107,70 cm<\/td>\n<\/tr>\n<tr>\n<td>Poids \u00e0 vide<\/td>\n<td>65,09 kg<\/td>\n<\/tr>\n<tr>\n<td>Type de montage<\/td>\n<td>Sol (montage au sol)<\/td>\n<\/tr>\n<tr>\n<td>Conception<\/td>\n<td>Robuste, pr\u00eat pour l'ext\u00e9rieur<\/td>\n<\/tr>\n<tr>\n<td>Caract\u00e9ristiques suppl\u00e9mentaires<\/td>\n<td>Barres de distribution int\u00e9gr\u00e9es, disjoncteurs DC, connexions nettes et s\u00fbres, \u00e0 l'\u00e9preuve des intemp\u00e9ries<\/td>\n<\/tr>\n<tr>\n<td>Garantie<\/td>\n<td>2 ans<\/td>\n<\/tr>\n<\/tbody>\n<\/table>\n<h2>Informations techniques du bo\u00eetier R-BOX-OC II Pytes pour les batteries E-BOX 48100R - 110409100133<\/h2>\n<p><a href=\"https:\/\/fvcomponentes.com\/wp-content\/uploads\/2025\/12\/pytes_48100r_quickStartGuide.pdf\" target=\"_blank\" rel=\"noopener\">Guide d'installation R-BOX-OC II Bo\u00eetier Pytes<\/a><\/p>","protected":false},"excerpt":{"rendered":"<ul>\n<li>Pour jusqu'\u00e0 2 piles Pytes E-Box 48100R<\/li>\n<li>Montage au sol.<\/li>\n<li>Mat\u00e9riau du bo\u00eetier : SGCC (acier galvanis\u00e9)<\/li>\n<li>Refroidissement : convection naturelle<\/li>\n<li>Convient \u00e0 l'installation en ext\u00e9rieur<\/li>\n<li>Barre omnibus, disjoncteur DC int\u00e9gr\u00e9 et c\u00e2bles inclus<\/li>\n<li>Protection : IP55 et NEMA 3<\/li>\n<li>Dimensions : 80,01 \u00d7 33,02 \u00d7 107,70 cm<\/li>\n<li>Poids : 65,09 kg<\/li>\n<\/ul>","protected":false},"featured_media":35318,"comment_status":"closed","ping_status":"closed","template":"","meta":{"site-sidebar-layout":"default","site-content-layout":"","ast-site-content-layout":"default","site-content-style":"default","site-sidebar-style":"default","ast-global-header-display":"","ast-banner-title-visibility":"","ast-main-header-display":"","ast-hfb-above-header-display":"","ast-hfb-below-header-display":"","ast-hfb-mobile-header-display":"","site-post-title":"","ast-breadcrumbs-content":"","ast-featured-img":"","footer-sml-layout":"","ast-disable-related-posts":"","theme-transparent-header-meta":"default","adv-header-id-meta":"","stick-header-meta":"","header-above-stick-meta":"","header-main-stick-meta":"","header-below-stick-meta":"","astra-migrate-meta-layouts":"set","ast-page-background-enabled":"default","ast-page-background-meta":{"desktop":{"background-color":"var(--ast-global-color-4)","background-image":"","background-repeat":"repeat","background-position":"center center","background-size":"auto","background-attachment":"scroll","background-type":"","background-media":"","overlay-type":"","overlay-color":"","overlay-opacity":"","overlay-gradient":""},"tablet":{"background-color":"","background-image":"","background-repeat":"repeat","background-position":"center center","background-size":"auto","background-attachment":"scroll","background-type":"","background-media":"","overlay-type":"","overlay-color":"","overlay-opacity":"","overlay-gradient":""},"mobile":{"background-color":"","background-image":"","background-repeat":"repeat","background-position":"center center","background-size":"auto","background-attachment":"scroll","background-type":"","background-media":"","overlay-type":"","overlay-color":"","overlay-opacity":"","overlay-gradient":""}},"ast-content-background-meta":{"desktop":{"background-color":"var(--ast-global-color-5)","background-image":"","background-repeat":"repeat","background-position":"center center","background-size":"auto","background-attachment":"scroll","background-type":"","background-media":"","overlay-type":"","overlay-color":"","overlay-opacity":"","overlay-gradient":""},"tablet":{"background-color":"var(--ast-global-color-5)","background-image":"","background-repeat":"repeat","background-position":"center center","background-size":"auto","background-attachment":"scroll","background-type":"","background-media":"","overlay-type":"","overlay-color":"","overlay-opacity":"","overlay-gradient":""},"mobile":{"background-color":"var(--ast-global-color-5)","background-image":"","background-repeat":"repeat","background-position":"center center","background-size":"auto","background-attachment":"scroll","background-type":"","background-media":"","overlay-type":"","overlay-color":"","overlay-opacity":"","overlay-gradient":""}}},"pwb-brand":[1007],"product_brand":[],"product_cat":[414,340],"product_tag":[],"class_list":{"0":"post-35317","1":"product","2":"type-product","3":"status-publish","4":"has-post-thumbnail","6":"pwb-brand-baterias-pytes","7":"product_cat-armarios-rack-para-baterias","8":"product_cat-baterias","9":"desktop-align-left","10":"tablet-align-left","11":"mobile-align-left","12":"ast-product-gallery-layout-horizontal-slider","13":"ast-product-tabs-layout-horizontal","15":"first","16":"instock","17":"taxable","18":"shipping-taxable","19":"product-type-simple"},"wcpa_form_fields":null,"brands":[{"id":1007,"name":"Piles Pytes","slug":"piles-a-pytes"}],"_links":{"self":[{"href":"https:\/\/fvcomponentes.com\/fr\/wp-json\/wp\/v2\/product\/35317","targetHints":{"allow":["GET"]}}],"collection":[{"href":"https:\/\/fvcomponentes.com\/fr\/wp-json\/wp\/v2\/product"}],"about":[{"href":"https:\/\/fvcomponentes.com\/fr\/wp-json\/wp\/v2\/types\/product"}],"replies":[{"embeddable":true,"href":"https:\/\/fvcomponentes.com\/fr\/wp-json\/wp\/v2\/comments?post=35317"}],"wp:featuredmedia":[{"embeddable":true,"href":"https:\/\/fvcomponentes.com\/fr\/wp-json\/wp\/v2\/media\/35318"}],"wp:attachment":[{"href":"https:\/\/fvcomponentes.com\/fr\/wp-json\/wp\/v2\/media?parent=35317"}],"wp:term":[{"taxonomy":"pwb-brand","embeddable":true,"href":"https:\/\/fvcomponentes.com\/fr\/wp-json\/wp\/v2\/pwb-brand?post=35317"},{"taxonomy":"product_brand","embeddable":true,"href":"https:\/\/fvcomponentes.com\/fr\/wp-json\/wp\/v2\/product_brand?post=35317"},{"taxonomy":"product_cat","embeddable":true,"href":"https:\/\/fvcomponentes.com\/fr\/wp-json\/wp\/v2\/product_cat?post=35317"},{"taxonomy":"product_tag","embeddable":true,"href":"https:\/\/fvcomponentes.com\/fr\/wp-json\/wp\/v2\/product_tag?post=35317"}],"curies":[{"name":"wp","href":"https:\/\/api.w.org\/{rel}","templated":true}]}}