{"id":35259,"date":"2025-12-29T15:04:01","date_gmt":"2025-12-29T14:04:01","guid":{"rendered":"https:\/\/fvcomponentes.com\/?post_type=product&#038;p=35259"},"modified":"2026-04-04T11:12:04","modified_gmt":"2026-04-04T09:12:04","slug":"victron-utp-rj45-rj45-cable-3m-ass030064980","status":"publish","type":"product","link":"https:\/\/fvcomponentes.com\/fr\/producto\/cable-victron-utp-rj45-3m-ass030064980\/","title":{"rendered":"Victron UTP RJ45 C\u00e2ble RJ45 3m - ASS030064980"},"content":{"rendered":"<h2>Caract\u00e9ristiques du c\u00e2ble Victron UTP RJ45 3 m \u2013 ASS030064980<\/h2>\n<p>Le c\u00e2ble Victron UTP RJ45 de 3 m \u2013 ASS030064980 est un c\u00e2ble de communication con\u00e7u pour l'interconnexion d'\u00e9quipements au sein de l'\u00e9cosyst\u00e8me Victron Energy, permettant la liaison entre des appareils compatibles via des ports RJ45 pour bus de communication.<\/p>\n<p>Important : il ne s'agit pas d'un c\u00e2ble pour r\u00e9seau Ethernet\/Internet, mais d'un c\u00e2ble pour la communication interne entre les \u00e9quipements Victron.<\/p>\n<h3>Applications \/ Utilisations<\/h3>\n<ul>\n<li>Connexion et communication entre les \u00e9quipements Victron avec interface RJ45.<\/li>\n<li>Int\u00e9gration des onduleurs\/chargeurs Victron avec les syst\u00e8mes de contr\u00f4le\/surveillance.<\/li>\n<li>Installations photovolta\u00efques, isol\u00e9es ou hybrides avec gestion Victron.<\/li>\n<\/ul>\n<h3>Compatibilit\u00e9 (\u00e0 titre indicatif)<\/h3>\n<ul>\n<li>Compatible avec les \u00e9quipements Victron \u00e9quip\u00e9s de ports de communication RJ45.<\/li>\n<li>Onduleurs\/chargeurs Victron (MultiPlus, Quattro, etc.)<\/li>\n<li>Dispositifs de contr\u00f4le\/surveillance Victron (GX, selon connexion disponible)<\/li>\n<li>Interfaces de configuration et de contr\u00f4le \u00e0 distance compatibles<\/li>\n<\/ul>\n<h3>Caract\u00e9ristiques techniques<\/h3>\n<ul>\n<li>Marque : Victron Energy<\/li>\n<li>R\u00e9f\u00e9rence \/ Mod\u00e8le : ASS030064980<\/li>\n<li>Type : C\u00e2ble UTP (paire torsad\u00e9e non blind\u00e9e)<\/li>\n<li>Connecteurs : RJ45 m\u00e2le \u2013 RJ45 m\u00e2le<\/li>\n<li>Longueur : 3 m<\/li>\n<li>Couleur : Bleu<\/li>\n<li>Cat\u00e9gorie de c\u00e2ble : compatible avec la norme Cat5e (utilisation pour la communication)<\/li>\n<\/ul>\n<h3>Avantages<\/h3>\n<ul>\n<li>C\u00e2ble Victron d'origine, optimis\u00e9 pour les interconnexions de votre \u00e9cosyst\u00e8me.<\/li>\n<li>Longueur id\u00e9ale pour les tableaux \u00e9lectriques, les racks et les connexions courtes.<\/li>\n<li>R\u00e9duit les erreurs de communication dues \u00e0 des c\u00e2bles inadapt\u00e9s ou de mauvaise qualit\u00e9.<\/li>\n<\/ul>\n<h2>Fiche technique Victron UTP RJ45 Cable 3m - ASS030064980<\/h2>\n<p><a href=\"https:\/\/fvcomponentes.com\/wp-content\/uploads\/2025\/09\/ve.can_to_can-bus_bms_cables_manual.pdf\" target=\"_blank\" rel=\"noopener\">Voir la fiche technique du c\u00e2ble Victron UTP RJ45 3 m \u2013 ASS030064980<\/a><\/p>","protected":false},"excerpt":{"rendered":"<p><strong>Longueur : <\/strong>3m<\/p>","protected":false},"featured_media":6428,"comment_status":"open","ping_status":"closed","template":"","meta":{"site-sidebar-layout":"default","site-content-layout":"default","ast-site-content-layout":"default","site-content-style":"default","site-sidebar-style":"default","ast-global-header-display":"","ast-banner-title-visibility":"","ast-main-header-display":"","ast-hfb-above-header-display":"","ast-hfb-below-header-display":"","ast-hfb-mobile-header-display":"","site-post-title":"","ast-breadcrumbs-content":"","ast-featured-img":"","footer-sml-layout":"","ast-disable-related-posts":"","theme-transparent-header-meta":"default","adv-header-id-meta":"","stick-header-meta":"","header-above-stick-meta":"","header-main-stick-meta":"","header-below-stick-meta":"","astra-migrate-meta-layouts":"set","ast-page-background-enabled":"default","ast-page-background-meta":{"desktop":{"background-color":"var(--ast-global-color-4)","background-image":"","background-repeat":"repeat","background-position":"center center","background-size":"auto","background-attachment":"scroll","background-type":"","background-media":"","overlay-type":"","overlay-color":"","overlay-opacity":"","overlay-gradient":""},"tablet":{"background-color":"","background-image":"","background-repeat":"repeat","background-position":"center center","background-size":"auto","background-attachment":"scroll","background-type":"","background-media":"","overlay-type":"","overlay-color":"","overlay-opacity":"","overlay-gradient":""},"mobile":{"background-color":"","background-image":"","background-repeat":"repeat","background-position":"center center","background-size":"auto","background-attachment":"scroll","background-type":"","background-media":"","overlay-type":"","overlay-color":"","overlay-opacity":"","overlay-gradient":""}},"ast-content-background-meta":{"desktop":{"background-color":"var(--ast-global-color-5)","background-image":"","background-repeat":"repeat","background-position":"center center","background-size":"auto","background-attachment":"scroll","background-type":"","background-media":"","overlay-type":"","overlay-color":"","overlay-opacity":"","overlay-gradient":""},"tablet":{"background-color":"var(--ast-global-color-5)","background-image":"","background-repeat":"repeat","background-position":"center center","background-size":"auto","background-attachment":"scroll","background-type":"","background-media":"","overlay-type":"","overlay-color":"","overlay-opacity":"","overlay-gradient":""},"mobile":{"background-color":"var(--ast-global-color-5)","background-image":"","background-repeat":"repeat","background-position":"center center","background-size":"auto","background-attachment":"scroll","background-type":"","background-media":"","overlay-type":"","overlay-color":"","overlay-opacity":"","overlay-gradient":""}}},"pwb-brand":[332],"product_brand":[],"product_cat":[351,878,410],"product_tag":[],"class_list":{"0":"post-35259","1":"product","2":"type-product","3":"status-publish","4":"has-post-thumbnail","6":"pwb-brand-victron","7":"product_cat-accesorios","8":"product_cat-cables-victron","9":"product_cat-material-electrico","10":"desktop-align-left","11":"tablet-align-left","12":"mobile-align-left","13":"ast-product-gallery-layout-horizontal-slider","14":"ast-product-gallery-with-no-image","15":"ast-product-tabs-layout-horizontal","17":"first","18":"outofstock","19":"taxable","20":"shipping-taxable","21":"purchasable","22":"product-type-simple"},"wcpa_form_fields":null,"brands":[{"id":332,"name":"Victron Energy","slug":"victron"}],"_links":{"self":[{"href":"https:\/\/fvcomponentes.com\/fr\/wp-json\/wp\/v2\/product\/35259","targetHints":{"allow":["GET"]}}],"collection":[{"href":"https:\/\/fvcomponentes.com\/fr\/wp-json\/wp\/v2\/product"}],"about":[{"href":"https:\/\/fvcomponentes.com\/fr\/wp-json\/wp\/v2\/types\/product"}],"replies":[{"embeddable":true,"href":"https:\/\/fvcomponentes.com\/fr\/wp-json\/wp\/v2\/comments?post=35259"}],"wp:featuredmedia":[{"embeddable":true,"href":"https:\/\/fvcomponentes.com\/fr\/wp-json\/wp\/v2\/media\/6428"}],"wp:attachment":[{"href":"https:\/\/fvcomponentes.com\/fr\/wp-json\/wp\/v2\/media?parent=35259"}],"wp:term":[{"taxonomy":"pwb-brand","embeddable":true,"href":"https:\/\/fvcomponentes.com\/fr\/wp-json\/wp\/v2\/pwb-brand?post=35259"},{"taxonomy":"product_brand","embeddable":true,"href":"https:\/\/fvcomponentes.com\/fr\/wp-json\/wp\/v2\/product_brand?post=35259"},{"taxonomy":"product_cat","embeddable":true,"href":"https:\/\/fvcomponentes.com\/fr\/wp-json\/wp\/v2\/product_cat?post=35259"},{"taxonomy":"product_tag","embeddable":true,"href":"https:\/\/fvcomponentes.com\/fr\/wp-json\/wp\/v2\/product_tag?post=35259"}],"curies":[{"name":"wp","href":"https:\/\/api.w.org\/{rel}","templated":true}]}}