{"id":35241,"date":"2026-01-29T20:36:35","date_gmt":"2026-01-29T19:36:35","guid":{"rendered":"https:\/\/fvcomponentes.com\/?post_type=product&#038;p=35241"},"modified":"2026-01-29T20:36:37","modified_gmt":"2026-01-29T19:36:37","slug":"r-box-nema3-pytes-for-batteries-e-box-48100r-110409100173","status":"publish","type":"product","link":"https:\/\/fvcomponentes.com\/fr\/producto\/caja-r-box-nema3-pytes-para-baterias-e-box-48100r-110409100173\/","title":{"rendered":"R-BOX Bo\u00eetier NEMA3 Pytes pour batteries E-BOX 48100R - 110409100173"},"content":{"rendered":"<h2>R-BOX Bo\u00eetier NEMA3 Pytes pour batteries E-BOX 48100R - 110409100173<\/h2>\n<p>Le bo\u00eetier Pytes R-BOX NEMA3 est une structure de stockage ou une armoire robuste, esth\u00e9tique et fonctionnelle, sp\u00e9cialement con\u00e7ue pour abriter et prot\u00e9ger les batteries E-BOX 48100R, offrant ainsi une solution int\u00e9gr\u00e9e de stockage d'\u00e9nergie pour les installations domestiques et commerciales l\u00e9g\u00e8res.<\/p>\n<p>Il s'agit d'un \u00e9l\u00e9ment cl\u00e9 des syst\u00e8mes de stockage ou de sauvegarde de l'\u00e9nergie solaire, dont l'objectif est d'organiser, de prot\u00e9ger et de faciliter l'installation des modules de batterie Pytes dans un environnement s\u00fbr et structur\u00e9.<\/p>\n<p>Sa conception modulaire, son haut niveau de finition et sa compatibilit\u00e9 avec de multiples configurations font de ce produit un \u00e9l\u00e9ment essentiel des solutions \u00e9nerg\u00e9tiques intelligentes et efficaces.<\/p>\n<h2>R-BOX NEMA3 Pytes Caract\u00e9ristiques du bo\u00eetier R-BOX<\/h2>\n<h3>Conception<\/h3>\n<p>Le bo\u00eetier R-BOX NEMA3 est fabriqu\u00e9 en acier galvanis\u00e9 (SGCC), ce qui lui conf\u00e8re une structure solide et durable pour une utilisation en int\u00e9rieur.<br \/>\nSa finition est \u00e9l\u00e9gante et con\u00e7ue pour s'int\u00e9grer visuellement dans les espaces domestiques ou les salles techniques sans \u00eatre intrusive.<\/p>\n<p>La ventilation de l'armoire est passive, c'est-\u00e0-dire qu'elle est bas\u00e9e sur la convection naturelle sans ventilateur, ce qui permet un fonctionnement tr\u00e8s silencieux et l'absence de pi\u00e8ces mobiles, r\u00e9duisant ainsi l'entretien et le bruit.<\/p>\n<p>Le bo\u00eetier est class\u00e9 IP20 et convient aux environnements int\u00e9rieurs o\u00f9 la p\u00e9n\u00e9tration de la poussi\u00e8re est r\u00e9duite au minimum et o\u00f9 il n'y a pas d'exposition directe \u00e0 l'humidit\u00e9 ou \u00e0 l'eau.<\/p>\n<h3>Compatibilit\u00e9 et capacit\u00e9<\/h3>\n<p>Le bo\u00eetier R-BOX NEMA3 est con\u00e7u pour accueillir jusqu'\u00e0 deux batteries Pytes E-BOX 48100R, chacune d'une capacit\u00e9 de 5,12 kWh, soit une capacit\u00e9 totale install\u00e9e de 10,24 kWh.<\/p>\n<p>En outre, la conception modulaire de Pytes permet d'\u00e9tendre le syst\u00e8me en ajoutant jusqu'\u00e0 trois bo\u00eetiers en parall\u00e8le, ce qui permet d'atteindre des capacit\u00e9s beaucoup plus \u00e9lev\u00e9es (jusqu'\u00e0 30,72 kWh) pour les installations r\u00e9sidentielles ayant des besoins \u00e9nerg\u00e9tiques plus importants.<\/p>\n<h3>Int\u00e9gration \u00e9lectrique et fonctionnelle<\/h3>\n<p>Ce bo\u00eetier est con\u00e7u pour permettre des connexions \u00e9lectriques s\u00fbres et ordonn\u00e9es entre les batteries E-BOX et d'autres composants du syst\u00e8me tels que les onduleurs, les contr\u00f4leurs et l'\u00e9quipement de gestion de l'\u00e9nergie.<br \/>\nIl prend en charge les protocoles de communication standard tels que CAN et RS485, ce qui permet d'int\u00e9grer la surveillance et le contr\u00f4le des batteries aux onduleurs et aux syst\u00e8mes de gestion intelligents.<\/p>\n<p>Cela facilite la surveillance de la sant\u00e9 de la batterie, de l'\u00e9tat de charge, des statistiques de cyclage et d'autres param\u00e8tres cl\u00e9s au sein d'un syst\u00e8me solaire ou d'un syst\u00e8me d'alimentation de secours.<\/p>\n<h2>Bo\u00eetier R-BOX NEMA3 Pytes pour batteries E-BOX 48100R Caract\u00e9ristiques techniques<\/h2>\n<table>\n<thead>\n<tr>\n<th><strong>Param\u00e8tres<\/strong><\/th>\n<th><strong>Sp\u00e9cifications<\/strong><\/th>\n<\/tr>\n<\/thead>\n<tbody>\n<tr>\n<td>Mod\u00e8le<\/td>\n<td>R-BOX NEMA3<\/td>\n<\/tr>\n<tr>\n<td>R\u00e9f\u00e9rence<\/td>\n<td>110409100173<\/td>\n<\/tr>\n<tr>\n<td>Fabricant<\/td>\n<td>Pytes<\/td>\n<\/tr>\n<tr>\n<td>Type de produit<\/td>\n<td>Bo\u00eetier de batterie \/ armoire<\/td>\n<\/tr>\n<tr>\n<td>Application<\/td>\n<td>Stockage et sauvegarde de l'\u00e9nergie solaire<\/td>\n<\/tr>\n<tr>\n<td>Utilisation recommand\u00e9e<\/td>\n<td>A l'int\u00e9rieur<\/td>\n<\/tr>\n<tr>\n<td>Piles compatibles<\/td>\n<td>Pytes E-BOX 48100R<\/td>\n<\/tr>\n<tr>\n<td>Nombre maximal de piles<\/td>\n<td>2 unit\u00e9s<\/td>\n<\/tr>\n<tr>\n<td>Capacit\u00e9 totale install\u00e9e<\/td>\n<td>10,24 kWh<\/td>\n<\/tr>\n<tr>\n<td>Capacit\u00e9 utilisable<\/td>\n<td>9,22 kWh<\/td>\n<\/tr>\n<tr>\n<td>Expansion maximale<\/td>\n<td>Jusqu'\u00e0 3 bo\u00eetiers en parall\u00e8le (30,72 kWh)<\/td>\n<\/tr>\n<tr>\n<td>Protocoles de communication<\/td>\n<td>CAN \/ RS485<\/td>\n<\/tr>\n<tr>\n<td>Mat\u00e9riau de l'armoire<\/td>\n<td>Acier galvanis\u00e9<\/td>\n<\/tr>\n<tr>\n<td>Degr\u00e9 de protection<\/td>\n<td>NEMA 3<\/td>\n<\/tr>\n<tr>\n<td>Ventilation<\/td>\n<td>Naturel (sans ventilateur)<\/td>\n<\/tr>\n<tr>\n<td>Niveau sonore<\/td>\n<td>Silencieux<\/td>\n<\/tr>\n<tr>\n<td>Dimensions (L \u00d7 L \u00d7 H)<\/td>\n<td>53 x 40,03 x 73,47 cm<\/td>\n<\/tr>\n<tr>\n<td>Poids \u00e0 vide<\/td>\n<td>27,7 kg<\/td>\n<\/tr>\n<tr>\n<td>Poids avec les piles install\u00e9es<\/td>\n<td>120 kg<\/td>\n<\/tr>\n<tr>\n<td>Type de montage<\/td>\n<td>Sol ou mur<\/td>\n<\/tr>\n<tr>\n<td>Conception<\/td>\n<td>Modulaire, entretien facile<\/td>\n<\/tr>\n<tr>\n<td>Garantie typique<\/td>\n<td>2 ans<\/td>\n<\/tr>\n<\/tbody>\n<\/table>\n<h2>Information technique R-BOX NEMA3 Pytes R-BOX Box pour batteries E-BOX 48100R - 110409100173<\/h2>\n<p><a href=\"https:\/\/fvcomponentes.com\/wp-content\/uploads\/2025\/12\/Pytes_R-BOX-NEMA3_Datasheet.pdf\" target=\"_blank\" rel=\"noopener\">Fiche technique du bo\u00eetier R-BOX NEMA3<\/a><\/p>\n<p><a href=\"https:\/\/fvcomponentes.com\/wp-content\/uploads\/2025\/12\/Pytes_R-BOX-NEMA3_Installation-Guide.pdf\" target=\"_blank\" rel=\"noopener\">Guide d'installation du bo\u00eetier R-BOX NEMA3<\/a><\/p>","protected":false},"excerpt":{"rendered":"<ul>\n<li>Pour jusqu'\u00e0 2 piles Pytes E-Box 48100R<\/li>\n<li>Possibilit\u00e9 de montage mural ou au sol.<\/li>\n<li>Mat\u00e9riau du bo\u00eetier : SGCC (acier galvanis\u00e9)<\/li>\n<li>Refroidissement : convection naturelle<\/li>\n<li>Convient pour une installation \u00e0 l'int\u00e9rieur<\/li>\n<li>Protection : NEMA 3<\/li>\n<li>Dimensions : 530 x 400,3 x 734,7 mm<\/li>\n<li>Poids : 27,7 kg<\/li>\n<\/ul>","protected":false},"featured_media":35255,"comment_status":"closed","ping_status":"closed","template":"","meta":{"site-sidebar-layout":"default","site-content-layout":"","ast-site-content-layout":"default","site-content-style":"default","site-sidebar-style":"default","ast-global-header-display":"","ast-banner-title-visibility":"","ast-main-header-display":"","ast-hfb-above-header-display":"","ast-hfb-below-header-display":"","ast-hfb-mobile-header-display":"","site-post-title":"","ast-breadcrumbs-content":"","ast-featured-img":"","footer-sml-layout":"","ast-disable-related-posts":"","theme-transparent-header-meta":"default","adv-header-id-meta":"","stick-header-meta":"","header-above-stick-meta":"","header-main-stick-meta":"","header-below-stick-meta":"","astra-migrate-meta-layouts":"set","ast-page-background-enabled":"default","ast-page-background-meta":{"desktop":{"background-color":"var(--ast-global-color-4)","background-image":"","background-repeat":"repeat","background-position":"center center","background-size":"auto","background-attachment":"scroll","background-type":"","background-media":"","overlay-type":"","overlay-color":"","overlay-opacity":"","overlay-gradient":""},"tablet":{"background-color":"","background-image":"","background-repeat":"repeat","background-position":"center center","background-size":"auto","background-attachment":"scroll","background-type":"","background-media":"","overlay-type":"","overlay-color":"","overlay-opacity":"","overlay-gradient":""},"mobile":{"background-color":"","background-image":"","background-repeat":"repeat","background-position":"center center","background-size":"auto","background-attachment":"scroll","background-type":"","background-media":"","overlay-type":"","overlay-color":"","overlay-opacity":"","overlay-gradient":""}},"ast-content-background-meta":{"desktop":{"background-color":"var(--ast-global-color-5)","background-image":"","background-repeat":"repeat","background-position":"center center","background-size":"auto","background-attachment":"scroll","background-type":"","background-media":"","overlay-type":"","overlay-color":"","overlay-opacity":"","overlay-gradient":""},"tablet":{"background-color":"var(--ast-global-color-5)","background-image":"","background-repeat":"repeat","background-position":"center center","background-size":"auto","background-attachment":"scroll","background-type":"","background-media":"","overlay-type":"","overlay-color":"","overlay-opacity":"","overlay-gradient":""},"mobile":{"background-color":"var(--ast-global-color-5)","background-image":"","background-repeat":"repeat","background-position":"center center","background-size":"auto","background-attachment":"scroll","background-type":"","background-media":"","overlay-type":"","overlay-color":"","overlay-opacity":"","overlay-gradient":""}}},"pwb-brand":[1007],"product_brand":[],"product_cat":[414,340],"product_tag":[],"class_list":{"0":"post-35241","1":"product","2":"type-product","3":"status-publish","4":"has-post-thumbnail","6":"pwb-brand-baterias-pytes","7":"product_cat-armarios-rack-para-baterias","8":"product_cat-baterias","9":"desktop-align-left","10":"tablet-align-left","11":"mobile-align-left","12":"ast-product-gallery-layout-horizontal-slider","13":"ast-product-tabs-layout-horizontal","15":"first","16":"instock","17":"taxable","18":"shipping-taxable","19":"purchasable","20":"product-type-simple"},"wcpa_form_fields":null,"brands":[{"id":1007,"name":"Piles Pytes","slug":"piles-a-pytes"}],"_links":{"self":[{"href":"https:\/\/fvcomponentes.com\/fr\/wp-json\/wp\/v2\/product\/35241","targetHints":{"allow":["GET"]}}],"collection":[{"href":"https:\/\/fvcomponentes.com\/fr\/wp-json\/wp\/v2\/product"}],"about":[{"href":"https:\/\/fvcomponentes.com\/fr\/wp-json\/wp\/v2\/types\/product"}],"replies":[{"embeddable":true,"href":"https:\/\/fvcomponentes.com\/fr\/wp-json\/wp\/v2\/comments?post=35241"}],"wp:featuredmedia":[{"embeddable":true,"href":"https:\/\/fvcomponentes.com\/fr\/wp-json\/wp\/v2\/media\/35255"}],"wp:attachment":[{"href":"https:\/\/fvcomponentes.com\/fr\/wp-json\/wp\/v2\/media?parent=35241"}],"wp:term":[{"taxonomy":"pwb-brand","embeddable":true,"href":"https:\/\/fvcomponentes.com\/fr\/wp-json\/wp\/v2\/pwb-brand?post=35241"},{"taxonomy":"product_brand","embeddable":true,"href":"https:\/\/fvcomponentes.com\/fr\/wp-json\/wp\/v2\/product_brand?post=35241"},{"taxonomy":"product_cat","embeddable":true,"href":"https:\/\/fvcomponentes.com\/fr\/wp-json\/wp\/v2\/product_cat?post=35241"},{"taxonomy":"product_tag","embeddable":true,"href":"https:\/\/fvcomponentes.com\/fr\/wp-json\/wp\/v2\/product_tag?post=35241"}],"curies":[{"name":"wp","href":"https:\/\/api.w.org\/{rel}","templated":true}]}}