{"id":3524,"date":"2021-07-06T09:44:56","date_gmt":"2021-07-06T07:44:56","guid":{"rendered":"https:\/\/fvcomponentes.com\/producto\/inversor-victron-multiplus-compact-12v-1200va-50-16a-cmp121220000\/"},"modified":"2026-04-04T12:51:09","modified_gmt":"2026-04-04T10:51:09","slug":"victron-inverter-multiplus-compact-12v-1200va-50-16a-cmp121220000","status":"publish","type":"product","link":"https:\/\/fvcomponentes.com\/fr\/producto\/inversor-victron-multiplus-compact-12v-1200va-50-16a-cmp121220000\/","title":{"rendered":"Chargeur d'onduleur Victron Multiplus Compact 12V 1200VA 50A-16A - CMP121220000"},"content":{"rendered":"<h2>Onduleur Victron Multiplus Compact 12V 1200VA 50-16A<\/h2>\n<h3>Deux sorties AC<\/h3>\n<p>La sortie principale a une fonction \"no-break\". L'onduleur compact Victron Multiplus 12V 1200VA 50-16A prend en charge l'alimentation des charges connect\u00e9es en cas de panne de courant ou de d\u00e9connexion du r\u00e9seau\/g\u00e9n\u00e9rateur. Cela se produit si rapidement (moins de 20 millisecondes) que les ordinateurs et autres \u00e9quipements \u00e9lectroniques continuent \u00e0 fonctionner sans interruption.<br \/>\nLa deuxi\u00e8me sortie n'est active que lorsque l'une des entr\u00e9es du MultiPlus est aliment\u00e9e en courant alternatif. Les appareils qui ne doivent pas d\u00e9charger la batterie, comme un chauffe-eau par exemple, peuvent \u00eatre connect\u00e9s \u00e0 cette sortie (deuxi\u00e8me sortie disponible sur les mod\u00e8les ayant une capacit\u00e9 nominale de 3kVA ou plus).<\/p>\n<h3>Puissance pratiquement illimit\u00e9e gr\u00e2ce au fonctionnement en parall\u00e8le<\/h3>\n<p>Jusqu'\u00e0 6 Multis tels que le Victron Multiplus Compact Inverter 12V 1200VA 50-16A peuvent \u00eatre utilis\u00e9s en parall\u00e8le pour obtenir une puissance de sortie plus \u00e9lev\u00e9e. Six unit\u00e9s 24\/5000\/120, par exemple, donneront une puissance de sortie de 25 kW\/30 kVA et une capacit\u00e9 de charge de 720 amp\u00e8res.<\/p>\n<h3>Capacit\u00e9 de fonctionnement triphas\u00e9<\/h3>\n<p>En plus de la connexion en parall\u00e8le, trois unit\u00e9s du m\u00eame mod\u00e8le peuvent \u00eatre configur\u00e9es pour une sortie triphas\u00e9e.<br \/>\nMais ce n'est pas tout : jusqu'\u00e0 6 ensembles de trois unit\u00e9s peuvent \u00eatre connect\u00e9s en parall\u00e8le, fournissant une puissance de sortie de 75 kW \/ 90 kVA et une capacit\u00e9 de charge de plus de 2000 amp\u00e8res.<\/p>\n<h3>PowerControl - Alimentation limit\u00e9e \u00e0 partir du g\u00e9n\u00e9rateur, de l'alimentation \u00e0 quai ou du r\u00e9seau \u00e9lectrique<\/h3>\n<p>L'onduleur compact Victron Multiplus 12V 1200VA 50-16A est un chargeur de batterie tr\u00e8s puissant. Par cons\u00e9quent, il utilisera beaucoup de courant provenant du g\u00e9n\u00e9rateur ou du secteur (pr\u00e8s de 10A par 5kVA Multi \u00e0 230 VAC).<\/p>\n<p>Le panneau de commande Multi permet de r\u00e9gler le courant maximum du g\u00e9n\u00e9rateur. Le MultiPlus prend alors en charge d'autres charges CA et utilise le courant exc\u00e9dentaire pour la charge, \u00e9vitant ainsi de surcharger le g\u00e9n\u00e9rateur ou la prise de courant de quai.<\/p>\n<h3>PowerAssist - Augmentation de la capacit\u00e9 \u00e9lectrique de la prise de quai ou du g\u00e9n\u00e9rateur<\/h3>\n<p>Cette fonction fait entrer le principe PowerControl dans une autre dimension. Elle permet \u00e0 l'onduleur Victron Multiplus Compact 12V 1200VA 50-16A de compl\u00e9ter la capacit\u00e9 de la source alternative.<\/p>\n<p>Lorsqu'un pic de puissance est requis pendant une courte p\u00e9riode, comme c'est souvent le cas, le MultiPlus compense imm\u00e9diatement le manque \u00e9ventuel de puissance du r\u00e9seau ou du g\u00e9n\u00e9rateur par la puissance de la batterie. Lorsque la charge est r\u00e9duite, la puissance exc\u00e9dentaire est utilis\u00e9e pour recharger la batterie.<\/p>\n<h3>\u00c9nergie solaire : alimentation en courant alternatif disponible m\u00eame en cas de panne de courant<\/h3>\n<p>Le MultiPlus peut \u00eatre utilis\u00e9 dans les syst\u00e8mes photovolta\u00efques, qu'ils soient connect\u00e9s au r\u00e9seau ou non, et dans d'autres syst\u00e8mes \u00e9lectriques alternatifs.<\/p>\n<h3>Configuration du syst\u00e8me<\/h3>\n<ul>\n<li>Dans le cas d'une application autonome, si la configuration doit \u00eatre modifi\u00e9e, cela peut se faire en quelques minutes au moyen d'une proc\u00e9dure de r\u00e9glage des commutateurs DIP.<\/li>\n<li>Les applications parall\u00e8les ou triphas\u00e9es peuvent \u00eatre configur\u00e9es \u00e0 l'aide des logiciels VE.Bus Quick Configure et VE.Bus System Configurator.<\/li>\n<li>Les applications hors r\u00e9seau, interactives avec le r\u00e9seau et d'autoconsommation impliquant des onduleurs connect\u00e9s au r\u00e9seau et\/ou des chargeurs solaires MPPT peuvent \u00eatre configur\u00e9es \u00e0 l'aide d'assistants (logiciel sp\u00e9cifique \u00e0 l'application).<\/li>\n<\/ul>\n<h3>Surveillance et contr\u00f4le sur place<\/h3>\n<p>Plusieurs options sont disponibles : Battery Monitor, Multi Control Panel, Color Control GX et autres dispositifs, smartphone ou tablette (Bluetooth Smart), ordinateur portable ou ordinateur (USB ou RS232).<\/p>\n<h3>Surveillance et contr\u00f4le \u00e0 distance<\/h3>\n<p>Colour Control GX et d'autres appareils.<br \/>\nLes donn\u00e9es peuvent \u00eatre stock\u00e9es et affich\u00e9es gratuitement sur le web. <a href=\"https:\/\/vrm.victronenergy.com\/landingpage\" target=\"_blank\" rel=\"noopener\">VRM<\/a> (Gestion \u00e0 distance de Victron).<\/p>\n<h3>Configuration \u00e0 distance<\/h3>\n<p>Il est possible d'acc\u00e9der aux donn\u00e9es et de modifier les param\u00e8tres du syst\u00e8me avec un Color Control GX et d'autres appareils s'ils sont connect\u00e9s \u00e0 Ethernet.<\/p>\n<h2>Fiche technique Onduleur Victron Multiplus Compact 12V 1200VA 50-16A - CMP121220000<\/h2>\n<p><a href=\"https:\/\/fvcomponentes.com\/wp-content\/uploads\/2021\/10\/Datasheet-MultiPlus-inverter-charger-800VA-5kVA-ES.pdf\" target=\"_blank\" rel=\"noopener\">Fiche technique Onduleur Victron Multiplus Compact 12V 1200VA 50-16A - CMP121220000<\/a><\/p>\n<h2>T\u00e9l\u00e9charger le sch\u00e9ma Victron Multiplus pour camping-cars au format PDF<\/h2>\n<p>Entrez dans notre blog et t\u00e9l\u00e9chargez le diagramme PDF pour le c\u00e2blage et la connexion de votre onduleur Victron Multiplus dans un camping-car. Vous trouverez le sch\u00e9ma et bien d'autres informations techniques dans notre nouvelle section blog.<\/p>\n<p>Cliquez pour t\u00e9l\u00e9charger notre <a href=\"https:\/\/fvcomponentes.com\/fr\/victron-multiplus-schematic\/\" target=\"_blank\" rel=\"noopener\">Sch\u00e9ma Victron Multiplus<\/a> de notre blog.<\/p>","protected":false},"excerpt":{"rendered":"<ul class=\"specification\">\n<li><strong>Tension :<\/strong> 12V<\/li>\n<li><strong>Puissance continue : <\/strong>1200VA<\/li>\n<li><strong>Puissance de cr\u00eate :<\/strong> 1600W<\/li>\n<li><b>Courant de charge : <\/b>50A<\/li>\n<li><strong>Poids : <\/strong>10kg<\/li>\n<li><strong>Dimensions :<\/strong> 375 x 214 x 110 mm<\/li>\n<\/ul>","protected":false},"featured_media":3525,"comment_status":"open","ping_status":"closed","template":"","meta":{"site-sidebar-layout":"default","site-content-layout":"default","ast-site-content-layout":"default","site-content-style":"default","site-sidebar-style":"default","ast-global-header-display":"","ast-banner-title-visibility":"","ast-main-header-display":"","ast-hfb-above-header-display":"","ast-hfb-below-header-display":"","ast-hfb-mobile-header-display":"","site-post-title":"","ast-breadcrumbs-content":"","ast-featured-img":"","footer-sml-layout":"","ast-disable-related-posts":"","theme-transparent-header-meta":"default","adv-header-id-meta":"","stick-header-meta":"","header-above-stick-meta":"","header-main-stick-meta":"","header-below-stick-meta":"","astra-migrate-meta-layouts":"set","ast-page-background-enabled":"default","ast-page-background-meta":{"desktop":{"background-color":"var(--ast-global-color-4)","background-image":"","background-repeat":"repeat","background-position":"center center","background-size":"auto","background-attachment":"scroll","background-type":"","background-media":"","overlay-type":"","overlay-color":"","overlay-opacity":"","overlay-gradient":""},"tablet":{"background-color":"","background-image":"","background-repeat":"repeat","background-position":"center center","background-size":"auto","background-attachment":"scroll","background-type":"","background-media":"","overlay-type":"","overlay-color":"","overlay-opacity":"","overlay-gradient":""},"mobile":{"background-color":"","background-image":"","background-repeat":"repeat","background-position":"center center","background-size":"auto","background-attachment":"scroll","background-type":"","background-media":"","overlay-type":"","overlay-color":"","overlay-opacity":"","overlay-gradient":""}},"ast-content-background-meta":{"desktop":{"background-color":"var(--ast-global-color-5)","background-image":"","background-repeat":"repeat","background-position":"center center","background-size":"auto","background-attachment":"scroll","background-type":"","background-media":"","overlay-type":"","overlay-color":"","overlay-opacity":"","overlay-gradient":""},"tablet":{"background-color":"var(--ast-global-color-5)","background-image":"","background-repeat":"repeat","background-position":"center center","background-size":"auto","background-attachment":"scroll","background-type":"","background-media":"","overlay-type":"","overlay-color":"","overlay-opacity":"","overlay-gradient":""},"mobile":{"background-color":"var(--ast-global-color-5)","background-image":"","background-repeat":"repeat","background-position":"center center","background-size":"auto","background-attachment":"scroll","background-type":"","background-media":"","overlay-type":"","overlay-color":"","overlay-opacity":"","overlay-gradient":""}}},"pwb-brand":[332],"product_brand":[],"product_cat":[388,333],"product_tag":[],"class_list":{"0":"post-3524","1":"product","2":"type-product","3":"status-publish","4":"has-post-thumbnail","6":"pwb-brand-victron","7":"product_cat-inversores-cargadores-12v","8":"product_cat-inversores","9":"desktop-align-left","10":"tablet-align-left","11":"mobile-align-left","12":"ast-product-gallery-layout-horizontal-slider","13":"ast-product-gallery-with-no-image","14":"ast-product-tabs-layout-horizontal","16":"first","17":"instock","18":"taxable","19":"shipping-taxable","20":"purchasable","21":"product-type-simple"},"wcpa_form_fields":null,"brands":[{"id":332,"name":"Victron Energy","slug":"victron"}],"_links":{"self":[{"href":"https:\/\/fvcomponentes.com\/fr\/wp-json\/wp\/v2\/product\/3524","targetHints":{"allow":["GET"]}}],"collection":[{"href":"https:\/\/fvcomponentes.com\/fr\/wp-json\/wp\/v2\/product"}],"about":[{"href":"https:\/\/fvcomponentes.com\/fr\/wp-json\/wp\/v2\/types\/product"}],"replies":[{"embeddable":true,"href":"https:\/\/fvcomponentes.com\/fr\/wp-json\/wp\/v2\/comments?post=3524"}],"wp:featuredmedia":[{"embeddable":true,"href":"https:\/\/fvcomponentes.com\/fr\/wp-json\/wp\/v2\/media\/3525"}],"wp:attachment":[{"href":"https:\/\/fvcomponentes.com\/fr\/wp-json\/wp\/v2\/media?parent=3524"}],"wp:term":[{"taxonomy":"pwb-brand","embeddable":true,"href":"https:\/\/fvcomponentes.com\/fr\/wp-json\/wp\/v2\/pwb-brand?post=3524"},{"taxonomy":"product_brand","embeddable":true,"href":"https:\/\/fvcomponentes.com\/fr\/wp-json\/wp\/v2\/product_brand?post=3524"},{"taxonomy":"product_cat","embeddable":true,"href":"https:\/\/fvcomponentes.com\/fr\/wp-json\/wp\/v2\/product_cat?post=3524"},{"taxonomy":"product_tag","embeddable":true,"href":"https:\/\/fvcomponentes.com\/fr\/wp-json\/wp\/v2\/product_tag?post=3524"}],"curies":[{"name":"wp","href":"https:\/\/api.w.org\/{rel}","templated":true}]}}