{"id":3520,"date":"2021-06-25T15:27:39","date_gmt":"2021-06-25T13:27:39","guid":{"rendered":"https:\/\/fvcomponentes.com\/producto\/cable-interface-ve-direct-a-usb-victron-ass030530010\/"},"modified":"2026-04-04T12:43:46","modified_gmt":"2026-04-04T10:43:46","slug":"cable-dinterface-ve-direct-to-usb-victron-ass030530010","status":"publish","type":"product","link":"https:\/\/fvcomponentes.com\/fr\/producto\/cable-interface-ve-direct-a-usb-victron-ass030530010\/","title":{"rendered":"C\u00e2ble d'interface VE.Direct vers USB Victron - ASS030530010"},"content":{"rendered":"<h2>C\u00e2ble d'interface VE.Direct vers USB Victron<\/h2>\n<p>Le c\u00e2ble d'interface VE.Direct vers USB de Victron permet de connecter les produits dot\u00e9s d'une connexion VE.Direct \u00e0 des appareils dot\u00e9s d'un port USB, tels qu'un ordinateur.<\/p>\n<p>Ce c\u00e2ble permet de connecter plus de deux produits VE.Direct \u00e0 un seul CCGX.<\/p>\n<p><strong>L'interface VE.Direct vers USB permet de connecter les produits dot\u00e9s d'une connexion VE.Direct aux appareils dot\u00e9s d'un port USB.<\/strong>par exemple, un ordinateur. Avec ce c\u00e2ble, il est \u00e9galement possible de connecter plus de deux produits VE.Direct \u00e0 un seul CCGX.<\/p>\n<h3>\u00c9quipement compatible avec l'interface VE.Direct to USB<\/h3>\n<p>Les appareils pouvant \u00eatre connect\u00e9s \u00e0 cette interface VE.Direct to USB sont les suivants :<\/p>\n<p>- R\u00e9gulateurs MPPT Blue Solar<\/p>\n<p>- Les onduleurs Phoenix VE.Direct<\/p>\n<p>- Moniteur de batterie BMV700<\/p>\n<p>- R\u00e9gulateurs Blue Solar MPPT.<\/p>\n<p>En fonction de l'\u00e9quipement \u00e0 connecter, diff\u00e9rents param\u00e8tres de fonctionnement peuvent \u00eatre observ\u00e9s.<\/p>\n<p>Dans les r\u00e9gulateurs MPPT de Blue Solar, les tensions de charge de la batterie peuvent \u00eatre surveill\u00e9es ainsi que le courant g\u00e9n\u00e9r\u00e9 par les panneaux. Dans les onduleurs Phoenix VE.Direct, il est possible de surveiller en particulier la tension de coupure de la batterie et le signal d'alarme.<\/p>\n<p>Pour plus d'informations sur la compatibilit\u00e9 entre les syst\u00e8mes, veuillez vous r\u00e9f\u00e9rer \u00e0 la fiche technique de chaque syst\u00e8me.<\/p>\n<h3>Comment connecter les appareils Victron via l'interface VE.Direct \u00e0 l'USB ?<\/h3>\n<p>Il existe deux fa\u00e7ons d'\u00e9tablir une connexion avec l'\u00e9quipement Victron,\u00a0<strong>en utilisant le VE.Direct to USB ou en utilisant le dongle Bluetooth Smart VE.Direct.<\/strong>. Le VE.Direct to USB vous permet de connecter l'\u00e9quipement Victron aux ordinateurs Windows PC et MAC. De plus, le dongle Bluetooth Smart VE.Direct vous permet de connecter les appareils Victron aux smartphones, tablettes, Macbooks et autres appareils Apple et Android.<\/p>","protected":false},"excerpt":{"rendered":"<p>Caract\u00e9ristiques techniques du Victron VE.C\u00e2ble d'interface direct \u00e0 USB :<\/p>\n<ul>\n<li><b>Longueur : <\/b>0.9m<\/li>\n<li><strong>Interface de sortie :<\/strong> USB 2.0.<\/li>\n<\/ul>\n<p>&nbsp;<\/p>","protected":false},"featured_media":3521,"comment_status":"open","ping_status":"closed","template":"","meta":{"site-sidebar-layout":"default","site-content-layout":"default","ast-site-content-layout":"default","site-content-style":"default","site-sidebar-style":"default","ast-global-header-display":"","ast-banner-title-visibility":"","ast-main-header-display":"","ast-hfb-above-header-display":"","ast-hfb-below-header-display":"","ast-hfb-mobile-header-display":"","site-post-title":"","ast-breadcrumbs-content":"","ast-featured-img":"","footer-sml-layout":"","ast-disable-related-posts":"","theme-transparent-header-meta":"default","adv-header-id-meta":"","stick-header-meta":"","header-above-stick-meta":"","header-main-stick-meta":"","header-below-stick-meta":"","astra-migrate-meta-layouts":"set","ast-page-background-enabled":"default","ast-page-background-meta":{"desktop":{"background-color":"var(--ast-global-color-4)","background-image":"","background-repeat":"repeat","background-position":"center center","background-size":"auto","background-attachment":"scroll","background-type":"","background-media":"","overlay-type":"","overlay-color":"","overlay-opacity":"","overlay-gradient":""},"tablet":{"background-color":"","background-image":"","background-repeat":"repeat","background-position":"center center","background-size":"auto","background-attachment":"scroll","background-type":"","background-media":"","overlay-type":"","overlay-color":"","overlay-opacity":"","overlay-gradient":""},"mobile":{"background-color":"","background-image":"","background-repeat":"repeat","background-position":"center center","background-size":"auto","background-attachment":"scroll","background-type":"","background-media":"","overlay-type":"","overlay-color":"","overlay-opacity":"","overlay-gradient":""}},"ast-content-background-meta":{"desktop":{"background-color":"var(--ast-global-color-5)","background-image":"","background-repeat":"repeat","background-position":"center center","background-size":"auto","background-attachment":"scroll","background-type":"","background-media":"","overlay-type":"","overlay-color":"","overlay-opacity":"","overlay-gradient":""},"tablet":{"background-color":"var(--ast-global-color-5)","background-image":"","background-repeat":"repeat","background-position":"center center","background-size":"auto","background-attachment":"scroll","background-type":"","background-media":"","overlay-type":"","overlay-color":"","overlay-opacity":"","overlay-gradient":""},"mobile":{"background-color":"var(--ast-global-color-5)","background-image":"","background-repeat":"repeat","background-position":"center center","background-size":"auto","background-attachment":"scroll","background-type":"","background-media":"","overlay-type":"","overlay-color":"","overlay-opacity":"","overlay-gradient":""}}},"pwb-brand":[332],"product_brand":[],"product_cat":[351,878,333,410],"product_tag":[],"class_list":{"0":"post-3520","1":"product","2":"type-product","3":"status-publish","4":"has-post-thumbnail","6":"pwb-brand-victron","7":"product_cat-accesorios","8":"product_cat-cables-victron","9":"product_cat-inversores","10":"product_cat-material-electrico","11":"desktop-align-left","12":"tablet-align-left","13":"mobile-align-left","14":"ast-product-gallery-layout-horizontal-slider","15":"ast-product-gallery-with-no-image","16":"ast-product-tabs-layout-horizontal","18":"first","19":"instock","20":"taxable","21":"shipping-taxable","22":"purchasable","23":"product-type-simple"},"wcpa_form_fields":null,"brands":[{"id":332,"name":"Victron Energy","slug":"victron"}],"_links":{"self":[{"href":"https:\/\/fvcomponentes.com\/fr\/wp-json\/wp\/v2\/product\/3520","targetHints":{"allow":["GET"]}}],"collection":[{"href":"https:\/\/fvcomponentes.com\/fr\/wp-json\/wp\/v2\/product"}],"about":[{"href":"https:\/\/fvcomponentes.com\/fr\/wp-json\/wp\/v2\/types\/product"}],"replies":[{"embeddable":true,"href":"https:\/\/fvcomponentes.com\/fr\/wp-json\/wp\/v2\/comments?post=3520"}],"wp:featuredmedia":[{"embeddable":true,"href":"https:\/\/fvcomponentes.com\/fr\/wp-json\/wp\/v2\/media\/3521"}],"wp:attachment":[{"href":"https:\/\/fvcomponentes.com\/fr\/wp-json\/wp\/v2\/media?parent=3520"}],"wp:term":[{"taxonomy":"pwb-brand","embeddable":true,"href":"https:\/\/fvcomponentes.com\/fr\/wp-json\/wp\/v2\/pwb-brand?post=3520"},{"taxonomy":"product_brand","embeddable":true,"href":"https:\/\/fvcomponentes.com\/fr\/wp-json\/wp\/v2\/product_brand?post=3520"},{"taxonomy":"product_cat","embeddable":true,"href":"https:\/\/fvcomponentes.com\/fr\/wp-json\/wp\/v2\/product_cat?post=3520"},{"taxonomy":"product_tag","embeddable":true,"href":"https:\/\/fvcomponentes.com\/fr\/wp-json\/wp\/v2\/product_tag?post=3520"}],"curies":[{"name":"wp","href":"https:\/\/api.w.org\/{rel}","templated":true}]}}